{"id":5464,"date":"2025-10-10T10:14:57","date_gmt":"2025-10-10T08:14:57","guid":{"rendered":"https:\/\/salondulivrejeunesse.fr\/?page_id=5464"},"modified":"2025-11-04T15:45:57","modified_gmt":"2025-11-04T14:45:57","slug":"nathaniel-hlimi","status":"publish","type":"page","link":"https:\/\/salondulivrejeunesse.fr\/index.php\/nathaniel-hlimi\/","title":{"rendered":"Nathaniel H&rsquo;Limi, illustrateur"},"content":{"rendered":"\n<div style=\"height:29px\" aria-hidden=\"true\" class=\"wp-block-spacer\"><\/div>\n\n\n\n<div class=\"wp-block-media-text alignwide is-stacked-on-mobile\" style=\"grid-template-columns:21% auto\"><figure class=\"wp-block-media-text__media\"><img fetchpriority=\"high\" decoding=\"async\" width=\"1024\" height=\"1024\" src=\"https:\/\/salondulivrejeunesse.fr\/wp-content\/uploads\/2025\/10\/Nathaniel_Hlimi-1024x1024.png\" alt=\"\" class=\"wp-image-5465 size-full\" srcset=\"https:\/\/salondulivrejeunesse.fr\/wp-content\/uploads\/2025\/10\/Nathaniel_Hlimi-1024x1024.png 1024w, https:\/\/salondulivrejeunesse.fr\/wp-content\/uploads\/2025\/10\/Nathaniel_Hlimi-300x300.png 300w, https:\/\/salondulivrejeunesse.fr\/wp-content\/uploads\/2025\/10\/Nathaniel_Hlimi-150x150.png 150w, https:\/\/salondulivrejeunesse.fr\/wp-content\/uploads\/2025\/10\/Nathaniel_Hlimi-768x768.png 768w, https:\/\/salondulivrejeunesse.fr\/wp-content\/uploads\/2025\/10\/Nathaniel_Hlimi.png 1080w\" sizes=\"(max-width: 1024px) 100vw, 1024px\" \/><\/figure><div class=\"wp-block-media-text__content\">\n<p>Nathaniel H\u2019Limi est n\u00e9 en 1984 \u00e0 Paris. Apr\u00e8s un dipl\u00f4me de Communication Visuelle, il int\u00e8gre les Beaux-Arts o\u00f9 il exp\u00e9rimente \u00e0 travers le dessin, l\u2019animation et la photographie des mani\u00e8res de raconter des histoires en image.Il commence sa carri\u00e8re en r\u00e9alisant des clips et des films de commande avant de partir voyager pour parfaire son vocabulaire graphique.Il co-r\u00e9alise avec Cl\u00e9mence Madeleine-Perdrillat \u201cLa vie de Ch\u00e2teau\u201c, un unitaire TV couronn\u00e9 d\u2019une vingtaine de prix internationaux et d\u2019une cinquantaine de s\u00e9lection en festival. L\u2019aventure se poursuit avec l\u2019adaptation en s\u00e9rie (6&#215;26\u00b4) r\u00e9compens\u00e9e du prix du jury de la meilleure s\u00e9rie d\u2019animation au festival d\u2019animation d\u2019Annecy en 2024.<\/p>\n\n\n\n<p>En parall\u00e8le de son travail de r\u00e9alisateur, Nathaniel \u00e9crit et illustre des albums jeunesse : Jean-Chat voit dans le noir et La vie de Ch\u00e2teau (6 tomes) &#8211; Ecole des Loisirs, Un nouveau monde &amp; Terrible &#8211; La Martini\u00e8re, La Travers\u00e9e de Jim &#8211; Robert Laffont.Il r\u00e9pond r\u00e9guli\u00e8rement \u00e0 des commandes pour des revues comme Dada ou Long-Court ou des marques : Herm\u00e8s, Leboncoin, Pernod Ricard.Nathaniel se produit sur sc\u00e8ne pour le spectacle dessin\u00e9 Jean-Chat voit dans le noir avec ses comparses Sabine Zovighian et Gr\u00e9goire Terrier.<\/p>\n\n\n\n<p>Son site Internet :<a href=\"https:\/\/www.instagram.com\/nathaniel_hlimi\/\"> https:\/\/www.instagram.com\/nathaniel_hlimi\/<\/a><\/p>\n<\/div><\/div>\n\n\n\n<div style=\"height:51px\" aria-hidden=\"true\" class=\"wp-block-spacer\"><\/div>\n\n\n\n<p>Rencontrer Nathaniel H\u2019Limi :<\/p>\n\n\n\n<ul class=\"wp-block-list\">\n<li><a href=\"https:\/\/salondulivrejeunesse.fr\/index.php\/spectacles\/\">Spectacle<\/a> au salon, Samedi 15 novembre \u00e0 16h00 et dimanche 16 novembre \u00e0 10h30.<\/li>\n\n\n\n<li>En d\u00e9dicaces dans la librairie, le samedi, de 17h00 \u00e0 18h00 et le dimanche, de 11h30 \u00e0 12h30, de 14h00 \u00e0 16h00.<\/li>\n\n\n\n<li>Le cin\u00e9ma Le Club de Foug\u00e8res programme <a href=\"https:\/\/www.premiere.fr\/Cinema\/News-Cinema\/La-Vie-de-chateau-Mon-enfance-a-Versailles-une-pure-merveille--critique\" target=\"_blank\" rel=\"noreferrer noopener\">\u00ab\u00a0La vie de ch\u00e2teau &#8211; Mon enfance \u00e0 Versailles\u00a0\u00bb <\/a>le vendredi 14 novembre \u00e0 18h15, en pr\u00e9sence de Nathaniel H&rsquo;Limi.<\/li>\n<\/ul>\n\n\n\n<div style=\"height:36px\" aria-hidden=\"true\" class=\"wp-block-spacer\"><\/div>\n\n\n\n<h2 class=\"wp-block-heading\">Spectacle<\/h2>\n\n\n\n<figure class=\"wp-block-gallery has-nested-images columns-default is-cropped columns-3 wp-block-gallery-1 is-layout-flex wp-block-gallery-is-layout-flex\">\n<figure class=\"wp-block-image size-full\"><img decoding=\"async\" width=\"428\" height=\"392\" data-id=\"5750\" src=\"https:\/\/salondulivrejeunesse.fr\/wp-content\/uploads\/2025\/10\/jean_chat_dans_le_noir-1.png\" alt=\"\" class=\"wp-image-5750\" srcset=\"https:\/\/salondulivrejeunesse.fr\/wp-content\/uploads\/2025\/10\/jean_chat_dans_le_noir-1.png 428w, https:\/\/salondulivrejeunesse.fr\/wp-content\/uploads\/2025\/10\/jean_chat_dans_le_noir-1-300x275.png 300w\" sizes=\"(max-width: 428px) 100vw, 428px\" \/><\/figure>\n<\/figure>\n\n\n\n<div style=\"height:20px\" aria-hidden=\"true\" class=\"wp-block-spacer\"><\/div>\n","protected":false},"excerpt":{"rendered":"<p>Nathaniel H\u2019Limi est n\u00e9 en 1984 \u00e0 Paris. Apr\u00e8s un dipl\u00f4me de Communication Visuelle, il int\u00e8gre les Beaux-Arts o\u00f9 il exp\u00e9rimente \u00e0 travers le dessin, l\u2019animation et la photographie des mani\u00e8res de raconter des histoires en image.Il commence sa carri\u00e8re en r\u00e9alisant des clips et des films de commande avant [&hellip;]<\/p>\n","protected":false},"author":2,"featured_media":0,"parent":0,"menu_order":0,"comment_status":"closed","ping_status":"closed","template":"","meta":{"footnotes":""},"wf_page_folders":[11],"class_list":["post-5464","page","type-page","status-publish","hentry"],"yoast_head":"<!-- This site is optimized with the Yoast SEO plugin v26.1.1 - https:\/\/yoast.com\/wordpress\/plugins\/seo\/ -->\n<title>Nathaniel H&#039;Limi, illustrateur - Salon du livre jeunesse de Foug\u00e8res Agglom\u00e9ration<\/title>\n<meta name=\"robots\" content=\"index, follow, max-snippet:-1, max-image-preview:large, max-video-preview:-1\" \/>\n<link rel=\"canonical\" href=\"https:\/\/salondulivrejeunesse.fr\/index.php\/nathaniel-hlimi\/\" \/>\n<meta property=\"og:locale\" content=\"fr_FR\" \/>\n<meta property=\"og:type\" content=\"article\" \/>\n<meta property=\"og:title\" content=\"Nathaniel H&#039;Limi, illustrateur - Salon du livre jeunesse de Foug\u00e8res Agglom\u00e9ration\" \/>\n<meta property=\"og:description\" content=\"Nathaniel H\u2019Limi est n\u00e9 en 1984 \u00e0 Paris. Apr\u00e8s un dipl\u00f4me de Communication Visuelle, il int\u00e8gre les Beaux-Arts o\u00f9 il exp\u00e9rimente \u00e0 travers le dessin, l\u2019animation et la photographie des mani\u00e8res de raconter des histoires en image.Il commence sa carri\u00e8re en r\u00e9alisant des clips et des films de commande avant [&hellip;]\" \/>\n<meta property=\"og:url\" content=\"https:\/\/salondulivrejeunesse.fr\/index.php\/nathaniel-hlimi\/\" \/>\n<meta property=\"og:site_name\" content=\"Salon du livre jeunesse de Foug\u00e8res Agglom\u00e9ration\" \/>\n<meta property=\"article:publisher\" content=\"https:\/\/www.facebook.com\/salondulivrefougeresagglo\/?epa=SEARCH_BOX\" \/>\n<meta property=\"article:modified_time\" content=\"2025-11-04T14:45:57+00:00\" \/>\n<meta property=\"og:image\" content=\"https:\/\/salondulivrejeunesse.fr\/wp-content\/uploads\/2025\/10\/Nathaniel_Hlimi-1024x1024.png\" \/>\n\t<meta property=\"og:image:width\" content=\"1024\" \/>\n\t<meta property=\"og:image:height\" content=\"1024\" \/>\n\t<meta property=\"og:image:type\" content=\"image\/png\" \/>\n<meta name=\"twitter:card\" content=\"summary_large_image\" \/>\n<meta name=\"twitter:label1\" content=\"Dur\u00e9e de lecture estim\u00e9e\" \/>\n\t<meta name=\"twitter:data1\" content=\"2 minutes\" \/>\n<script type=\"application\/ld+json\" class=\"yoast-schema-graph\">{\"@context\":\"https:\/\/schema.org\",\"@graph\":[{\"@type\":\"WebPage\",\"@id\":\"https:\/\/salondulivrejeunesse.fr\/index.php\/nathaniel-hlimi\/\",\"url\":\"https:\/\/salondulivrejeunesse.fr\/index.php\/nathaniel-hlimi\/\",\"name\":\"Nathaniel H'Limi, illustrateur - Salon du livre jeunesse de Foug\u00e8res Agglom\u00e9ration\",\"isPartOf\":{\"@id\":\"https:\/\/salondulivrejeunesse.fr\/#website\"},\"primaryImageOfPage\":{\"@id\":\"https:\/\/salondulivrejeunesse.fr\/index.php\/nathaniel-hlimi\/#primaryimage\"},\"image\":{\"@id\":\"https:\/\/salondulivrejeunesse.fr\/index.php\/nathaniel-hlimi\/#primaryimage\"},\"thumbnailUrl\":\"https:\/\/salondulivrejeunesse.fr\/wp-content\/uploads\/2025\/10\/Nathaniel_Hlimi-1024x1024.png\",\"datePublished\":\"2025-10-10T08:14:57+00:00\",\"dateModified\":\"2025-11-04T14:45:57+00:00\",\"breadcrumb\":{\"@id\":\"https:\/\/salondulivrejeunesse.fr\/index.php\/nathaniel-hlimi\/#breadcrumb\"},\"inLanguage\":\"fr-FR\",\"potentialAction\":[{\"@type\":\"ReadAction\",\"target\":[\"https:\/\/salondulivrejeunesse.fr\/index.php\/nathaniel-hlimi\/\"]}]},{\"@type\":\"ImageObject\",\"inLanguage\":\"fr-FR\",\"@id\":\"https:\/\/salondulivrejeunesse.fr\/index.php\/nathaniel-hlimi\/#primaryimage\",\"url\":\"https:\/\/salondulivrejeunesse.fr\/wp-content\/uploads\/2025\/10\/Nathaniel_Hlimi.png\",\"contentUrl\":\"https:\/\/salondulivrejeunesse.fr\/wp-content\/uploads\/2025\/10\/Nathaniel_Hlimi.png\",\"width\":1080,\"height\":1080},{\"@type\":\"BreadcrumbList\",\"@id\":\"https:\/\/salondulivrejeunesse.fr\/index.php\/nathaniel-hlimi\/#breadcrumb\",\"itemListElement\":[{\"@type\":\"ListItem\",\"position\":1,\"name\":\"Accueil\",\"item\":\"https:\/\/salondulivrejeunesse.fr\/\"},{\"@type\":\"ListItem\",\"position\":2,\"name\":\"Nathaniel H&rsquo;Limi, illustrateur\"}]},{\"@type\":\"WebSite\",\"@id\":\"https:\/\/salondulivrejeunesse.fr\/#website\",\"url\":\"https:\/\/salondulivrejeunesse.fr\/\",\"name\":\"Salon du livre jeunesse de Foug\u00e8res Agglom\u00e9ration\",\"description\":\"\",\"publisher\":{\"@id\":\"https:\/\/salondulivrejeunesse.fr\/#organization\"},\"potentialAction\":[{\"@type\":\"SearchAction\",\"target\":{\"@type\":\"EntryPoint\",\"urlTemplate\":\"https:\/\/salondulivrejeunesse.fr\/?s={search_term_string}\"},\"query-input\":{\"@type\":\"PropertyValueSpecification\",\"valueRequired\":true,\"valueName\":\"search_term_string\"}}],\"inLanguage\":\"fr-FR\"},{\"@type\":\"Organization\",\"@id\":\"https:\/\/salondulivrejeunesse.fr\/#organization\",\"name\":\"Foug\u00e8res Agglom\u00e9ration\",\"url\":\"https:\/\/salondulivrejeunesse.fr\/\",\"logo\":{\"@type\":\"ImageObject\",\"inLanguage\":\"fr-FR\",\"@id\":\"https:\/\/salondulivrejeunesse.fr\/#\/schema\/logo\/image\/\",\"url\":\"https:\/\/salondulivrejeunesse.fr\/wp-content\/uploads\/2020\/06\/20190101_FA_Logo_1_Coul_Bleu-scaled.jpg\",\"contentUrl\":\"https:\/\/salondulivrejeunesse.fr\/wp-content\/uploads\/2020\/06\/20190101_FA_Logo_1_Coul_Bleu-scaled.jpg\",\"width\":2560,\"height\":937,\"caption\":\"Foug\u00e8res Agglom\u00e9ration\"},\"image\":{\"@id\":\"https:\/\/salondulivrejeunesse.fr\/#\/schema\/logo\/image\/\"},\"sameAs\":[\"https:\/\/www.facebook.com\/salondulivrefougeresagglo\/?epa=SEARCH_BOX\"]}]}<\/script>\n<!-- \/ Yoast SEO plugin. -->","yoast_head_json":{"title":"Nathaniel H'Limi, illustrateur - Salon du livre jeunesse de Foug\u00e8res Agglom\u00e9ration","robots":{"index":"index","follow":"follow","max-snippet":"max-snippet:-1","max-image-preview":"max-image-preview:large","max-video-preview":"max-video-preview:-1"},"canonical":"https:\/\/salondulivrejeunesse.fr\/index.php\/nathaniel-hlimi\/","og_locale":"fr_FR","og_type":"article","og_title":"Nathaniel H'Limi, illustrateur - Salon du livre jeunesse de Foug\u00e8res Agglom\u00e9ration","og_description":"Nathaniel H\u2019Limi est n\u00e9 en 1984 \u00e0 Paris. Apr\u00e8s un dipl\u00f4me de Communication Visuelle, il int\u00e8gre les Beaux-Arts o\u00f9 il exp\u00e9rimente \u00e0 travers le dessin, l\u2019animation et la photographie des mani\u00e8res de raconter des histoires en image.Il commence sa carri\u00e8re en r\u00e9alisant des clips et des films de commande avant [&hellip;]","og_url":"https:\/\/salondulivrejeunesse.fr\/index.php\/nathaniel-hlimi\/","og_site_name":"Salon du livre jeunesse de Foug\u00e8res Agglom\u00e9ration","article_publisher":"https:\/\/www.facebook.com\/salondulivrefougeresagglo\/?epa=SEARCH_BOX","article_modified_time":"2025-11-04T14:45:57+00:00","og_image":[{"width":1024,"height":1024,"url":"https:\/\/salondulivrejeunesse.fr\/wp-content\/uploads\/2025\/10\/Nathaniel_Hlimi-1024x1024.png","type":"image\/png"}],"twitter_card":"summary_large_image","twitter_misc":{"Dur\u00e9e de lecture estim\u00e9e":"2 minutes"},"schema":{"@context":"https:\/\/schema.org","@graph":[{"@type":"WebPage","@id":"https:\/\/salondulivrejeunesse.fr\/index.php\/nathaniel-hlimi\/","url":"https:\/\/salondulivrejeunesse.fr\/index.php\/nathaniel-hlimi\/","name":"Nathaniel H'Limi, illustrateur - Salon du livre jeunesse de Foug\u00e8res Agglom\u00e9ration","isPartOf":{"@id":"https:\/\/salondulivrejeunesse.fr\/#website"},"primaryImageOfPage":{"@id":"https:\/\/salondulivrejeunesse.fr\/index.php\/nathaniel-hlimi\/#primaryimage"},"image":{"@id":"https:\/\/salondulivrejeunesse.fr\/index.php\/nathaniel-hlimi\/#primaryimage"},"thumbnailUrl":"https:\/\/salondulivrejeunesse.fr\/wp-content\/uploads\/2025\/10\/Nathaniel_Hlimi-1024x1024.png","datePublished":"2025-10-10T08:14:57+00:00","dateModified":"2025-11-04T14:45:57+00:00","breadcrumb":{"@id":"https:\/\/salondulivrejeunesse.fr\/index.php\/nathaniel-hlimi\/#breadcrumb"},"inLanguage":"fr-FR","potentialAction":[{"@type":"ReadAction","target":["https:\/\/salondulivrejeunesse.fr\/index.php\/nathaniel-hlimi\/"]}]},{"@type":"ImageObject","inLanguage":"fr-FR","@id":"https:\/\/salondulivrejeunesse.fr\/index.php\/nathaniel-hlimi\/#primaryimage","url":"https:\/\/salondulivrejeunesse.fr\/wp-content\/uploads\/2025\/10\/Nathaniel_Hlimi.png","contentUrl":"https:\/\/salondulivrejeunesse.fr\/wp-content\/uploads\/2025\/10\/Nathaniel_Hlimi.png","width":1080,"height":1080},{"@type":"BreadcrumbList","@id":"https:\/\/salondulivrejeunesse.fr\/index.php\/nathaniel-hlimi\/#breadcrumb","itemListElement":[{"@type":"ListItem","position":1,"name":"Accueil","item":"https:\/\/salondulivrejeunesse.fr\/"},{"@type":"ListItem","position":2,"name":"Nathaniel H&rsquo;Limi, illustrateur"}]},{"@type":"WebSite","@id":"https:\/\/salondulivrejeunesse.fr\/#website","url":"https:\/\/salondulivrejeunesse.fr\/","name":"Salon du livre jeunesse de Foug\u00e8res Agglom\u00e9ration","description":"","publisher":{"@id":"https:\/\/salondulivrejeunesse.fr\/#organization"},"potentialAction":[{"@type":"SearchAction","target":{"@type":"EntryPoint","urlTemplate":"https:\/\/salondulivrejeunesse.fr\/?s={search_term_string}"},"query-input":{"@type":"PropertyValueSpecification","valueRequired":true,"valueName":"search_term_string"}}],"inLanguage":"fr-FR"},{"@type":"Organization","@id":"https:\/\/salondulivrejeunesse.fr\/#organization","name":"Foug\u00e8res Agglom\u00e9ration","url":"https:\/\/salondulivrejeunesse.fr\/","logo":{"@type":"ImageObject","inLanguage":"fr-FR","@id":"https:\/\/salondulivrejeunesse.fr\/#\/schema\/logo\/image\/","url":"https:\/\/salondulivrejeunesse.fr\/wp-content\/uploads\/2020\/06\/20190101_FA_Logo_1_Coul_Bleu-scaled.jpg","contentUrl":"https:\/\/salondulivrejeunesse.fr\/wp-content\/uploads\/2020\/06\/20190101_FA_Logo_1_Coul_Bleu-scaled.jpg","width":2560,"height":937,"caption":"Foug\u00e8res Agglom\u00e9ration"},"image":{"@id":"https:\/\/salondulivrejeunesse.fr\/#\/schema\/logo\/image\/"},"sameAs":["https:\/\/www.facebook.com\/salondulivrefougeresagglo\/?epa=SEARCH_BOX"]}]}},"jetpack_sharing_enabled":true,"_links":{"self":[{"href":"https:\/\/salondulivrejeunesse.fr\/index.php\/wp-json\/wp\/v2\/pages\/5464","targetHints":{"allow":["GET"]}}],"collection":[{"href":"https:\/\/salondulivrejeunesse.fr\/index.php\/wp-json\/wp\/v2\/pages"}],"about":[{"href":"https:\/\/salondulivrejeunesse.fr\/index.php\/wp-json\/wp\/v2\/types\/page"}],"author":[{"embeddable":true,"href":"https:\/\/salondulivrejeunesse.fr\/index.php\/wp-json\/wp\/v2\/users\/2"}],"replies":[{"embeddable":true,"href":"https:\/\/salondulivrejeunesse.fr\/index.php\/wp-json\/wp\/v2\/comments?post=5464"}],"version-history":[{"count":6,"href":"https:\/\/salondulivrejeunesse.fr\/index.php\/wp-json\/wp\/v2\/pages\/5464\/revisions"}],"predecessor-version":[{"id":5914,"href":"https:\/\/salondulivrejeunesse.fr\/index.php\/wp-json\/wp\/v2\/pages\/5464\/revisions\/5914"}],"wp:attachment":[{"href":"https:\/\/salondulivrejeunesse.fr\/index.php\/wp-json\/wp\/v2\/media?parent=5464"}],"wp:term":[{"taxonomy":"wf_page_folders","embeddable":true,"href":"https:\/\/salondulivrejeunesse.fr\/index.php\/wp-json\/wp\/v2\/wf_page_folders?post=5464"}],"curies":[{"name":"wp","href":"https:\/\/api.w.org\/{rel}","templated":true}]}}