{"id":5132,"date":"2025-10-10T09:58:26","date_gmt":"2025-10-10T07:58:26","guid":{"rendered":"https:\/\/salondulivrejeunesse.fr\/?page_id=5132"},"modified":"2025-10-10T09:58:26","modified_gmt":"2025-10-10T07:58:26","slug":"liuna-virardi","status":"publish","type":"page","link":"https:\/\/salondulivrejeunesse.fr\/index.php\/liuna-virardi\/","title":{"rendered":"Liuna Virardi, autrice-illustratrice"},"content":{"rendered":"\n<div style=\"height:29px\" aria-hidden=\"true\" class=\"wp-block-spacer\"><\/div>\n\n\n\n<div class=\"wp-block-media-text alignwide is-stacked-on-mobile\" style=\"grid-template-columns:21% auto\"><figure class=\"wp-block-media-text__media\"><img fetchpriority=\"high\" decoding=\"async\" width=\"1024\" height=\"1024\" src=\"https:\/\/salondulivrejeunesse.fr\/wp-content\/uploads\/2025\/09\/liuna_virardi-1024x1024.png\" alt=\"\" class=\"wp-image-5281 size-full\" srcset=\"https:\/\/salondulivrejeunesse.fr\/wp-content\/uploads\/2025\/09\/liuna_virardi-1024x1024.png 1024w, https:\/\/salondulivrejeunesse.fr\/wp-content\/uploads\/2025\/09\/liuna_virardi-300x300.png 300w, https:\/\/salondulivrejeunesse.fr\/wp-content\/uploads\/2025\/09\/liuna_virardi-150x150.png 150w, https:\/\/salondulivrejeunesse.fr\/wp-content\/uploads\/2025\/09\/liuna_virardi-768x768.png 768w, https:\/\/salondulivrejeunesse.fr\/wp-content\/uploads\/2025\/09\/liuna_virardi.png 1080w\" sizes=\"(max-width: 1024px) 100vw, 1024px\" \/><\/figure><div class=\"wp-block-media-text__content\">\n<p>N\u00e9e \u00e0 Bologne en 1983, Liuna Virardi a \u00e9tudi\u00e9 le design graphique et la communication visuelle \u00e0 l\u2019ISIA d\u2019Urbino, et l\u2019illustration \u00e0 l\u2019\u00c9cole Massana, \u00e0 Barcelone.<\/p>\n\n\n\n<p>Elle est aujourd\u2019hui auteure-illustratrice \u00e0 Toulouse. Ses recherches d\u2019un \u00e9quilibre entre couleur et formes font aussi la part belle au blanc du papier. Son travail a \u00e9t\u00e9 expos\u00e9 en 2014 \u00e0 la foire de Bologne.<\/p>\n\n\n\n<p>Son site Internet :<a href=\"https:\/\/cargocollective.com\/agnesernoult\" target=\"_blank\" rel=\"noreferrer noopener\"> <\/a><a href=\"https:\/\/liunavirardi.com\/\">https:\/\/liunavirardi.com<\/a><\/p>\n<\/div><\/div>\n\n\n\n<div style=\"height:51px\" aria-hidden=\"true\" class=\"wp-block-spacer\"><\/div>\n\n\n\n<p>Rencontrer Liuna Virardi :<\/p>\n\n\n\n<ul class=\"wp-block-list\">\n<li><a href=\"https:\/\/salondulivrejeunesse.fr\/index.php\/rencontres\">Atelier-rencontre <\/a>\u00e0 la m\u00e9diath\u00e8que de Javen\u00e9, samedi 15 novembre, de 10h00 \u00e0 11h30.<\/li>\n\n\n\n<li>En d\u00e9dicaces dans la librairie, le samedi, de 14h00 \u00e0 18h00, et le dimanche, de 10h00 \u00e0 12h00.<\/li>\n<\/ul>\n\n\n\n<div style=\"height:36px\" aria-hidden=\"true\" class=\"wp-block-spacer\"><\/div>\n\n\n\n<h2 class=\"wp-block-heading\">Ses livres<\/h2>\n\n\n\n<figure class=\"wp-block-gallery has-nested-images columns-default is-cropped columns-3 wp-block-gallery-1 is-layout-flex wp-block-gallery-is-layout-flex\">\n<figure class=\"wp-block-image size-full\"><img decoding=\"async\" width=\"762\" height=\"1000\" data-id=\"5133\" src=\"https:\/\/salondulivrejeunesse.fr\/wp-content\/uploads\/2025\/05\/51r96QB650L._AC_UF10001000_QL80_.jpg\" alt=\"\" class=\"wp-image-5133\" srcset=\"https:\/\/salondulivrejeunesse.fr\/wp-content\/uploads\/2025\/05\/51r96QB650L._AC_UF10001000_QL80_.jpg 762w, https:\/\/salondulivrejeunesse.fr\/wp-content\/uploads\/2025\/05\/51r96QB650L._AC_UF10001000_QL80_-229x300.jpg 229w\" sizes=\"(max-width: 762px) 100vw, 762px\" \/><\/figure>\n\n\n\n<figure class=\"wp-block-image size-full\"><img decoding=\"async\" width=\"1160\" height=\"1500\" data-id=\"5134\" src=\"https:\/\/salondulivrejeunesse.fr\/wp-content\/uploads\/2025\/05\/LA_COLLINE_DP150-1-7a9yctsyohzpw7majblv8h3c3yofrsbutjgd4b4lbnz.jpg\" alt=\"\" class=\"wp-image-5134\" srcset=\"https:\/\/salondulivrejeunesse.fr\/wp-content\/uploads\/2025\/05\/LA_COLLINE_DP150-1-7a9yctsyohzpw7majblv8h3c3yofrsbutjgd4b4lbnz.jpg 1160w, https:\/\/salondulivrejeunesse.fr\/wp-content\/uploads\/2025\/05\/LA_COLLINE_DP150-1-7a9yctsyohzpw7majblv8h3c3yofrsbutjgd4b4lbnz-232x300.jpg 232w, https:\/\/salondulivrejeunesse.fr\/wp-content\/uploads\/2025\/05\/LA_COLLINE_DP150-1-7a9yctsyohzpw7majblv8h3c3yofrsbutjgd4b4lbnz-792x1024.jpg 792w, https:\/\/salondulivrejeunesse.fr\/wp-content\/uploads\/2025\/05\/LA_COLLINE_DP150-1-7a9yctsyohzpw7majblv8h3c3yofrsbutjgd4b4lbnz-768x993.jpg 768w\" sizes=\"(max-width: 1160px) 100vw, 1160px\" \/><\/figure>\n\n\n\n<figure class=\"wp-block-image size-full\"><img loading=\"lazy\" decoding=\"async\" width=\"150\" height=\"199\" data-id=\"5135\" src=\"https:\/\/salondulivrejeunesse.fr\/wp-content\/uploads\/2025\/05\/9782492476198_1_m.jpg\" alt=\"\" class=\"wp-image-5135\"\/><\/figure>\n<\/figure>\n\n\n\n<div style=\"height:20px\" aria-hidden=\"true\" class=\"wp-block-spacer\"><\/div>\n","protected":false},"excerpt":{"rendered":"<p>N\u00e9e \u00e0 Bologne en 1983, Liuna Virardi a \u00e9tudi\u00e9 le design graphique et la communication visuelle \u00e0 l\u2019ISIA d\u2019Urbino, et l\u2019illustration \u00e0 l\u2019\u00c9cole Massana, \u00e0 Barcelone. Elle est aujourd\u2019hui auteure-illustratrice \u00e0 Toulouse. Ses recherches d\u2019un \u00e9quilibre entre couleur et formes font aussi la part belle au blanc du papier. Son [&hellip;]<\/p>\n","protected":false},"author":1,"featured_media":0,"parent":0,"menu_order":0,"comment_status":"closed","ping_status":"closed","template":"","meta":{"footnotes":""},"wf_page_folders":[11],"class_list":["post-5132","page","type-page","status-publish","hentry"],"yoast_head":"<!-- This site is optimized with the Yoast SEO plugin v26.1.1 - https:\/\/yoast.com\/wordpress\/plugins\/seo\/ -->\n<title>Liuna Virardi, autrice-illustratrice - Salon du livre jeunesse de Foug\u00e8res Agglom\u00e9ration<\/title>\n<meta name=\"robots\" content=\"index, follow, max-snippet:-1, max-image-preview:large, max-video-preview:-1\" \/>\n<link rel=\"canonical\" href=\"https:\/\/salondulivrejeunesse.fr\/index.php\/liuna-virardi\/\" \/>\n<meta property=\"og:locale\" content=\"fr_FR\" \/>\n<meta property=\"og:type\" content=\"article\" \/>\n<meta property=\"og:title\" content=\"Liuna Virardi, autrice-illustratrice - Salon du livre jeunesse de Foug\u00e8res Agglom\u00e9ration\" \/>\n<meta property=\"og:description\" content=\"N\u00e9e \u00e0 Bologne en 1983, Liuna Virardi a \u00e9tudi\u00e9 le design graphique et la communication visuelle \u00e0 l\u2019ISIA d\u2019Urbino, et l\u2019illustration \u00e0 l\u2019\u00c9cole Massana, \u00e0 Barcelone. Elle est aujourd\u2019hui auteure-illustratrice \u00e0 Toulouse. Ses recherches d\u2019un \u00e9quilibre entre couleur et formes font aussi la part belle au blanc du papier. Son [&hellip;]\" \/>\n<meta property=\"og:url\" content=\"https:\/\/salondulivrejeunesse.fr\/index.php\/liuna-virardi\/\" \/>\n<meta property=\"og:site_name\" content=\"Salon du livre jeunesse de Foug\u00e8res Agglom\u00e9ration\" \/>\n<meta property=\"article:publisher\" content=\"https:\/\/www.facebook.com\/salondulivrefougeresagglo\/?epa=SEARCH_BOX\" \/>\n<meta property=\"og:image\" content=\"https:\/\/salondulivrejeunesse.fr\/wp-content\/uploads\/2025\/09\/liuna_virardi-1024x1024.png\" \/>\n\t<meta property=\"og:image:width\" content=\"1024\" \/>\n\t<meta property=\"og:image:height\" content=\"1024\" \/>\n\t<meta property=\"og:image:type\" content=\"image\/png\" \/>\n<meta name=\"twitter:card\" content=\"summary_large_image\" \/>\n<meta name=\"twitter:label1\" content=\"Dur\u00e9e de lecture estim\u00e9e\" \/>\n\t<meta name=\"twitter:data1\" content=\"2 minutes\" \/>\n<script type=\"application\/ld+json\" class=\"yoast-schema-graph\">{\"@context\":\"https:\/\/schema.org\",\"@graph\":[{\"@type\":\"WebPage\",\"@id\":\"https:\/\/salondulivrejeunesse.fr\/index.php\/liuna-virardi\/\",\"url\":\"https:\/\/salondulivrejeunesse.fr\/index.php\/liuna-virardi\/\",\"name\":\"Liuna Virardi, autrice-illustratrice - Salon du livre jeunesse de Foug\u00e8res Agglom\u00e9ration\",\"isPartOf\":{\"@id\":\"https:\/\/salondulivrejeunesse.fr\/#website\"},\"primaryImageOfPage\":{\"@id\":\"https:\/\/salondulivrejeunesse.fr\/index.php\/liuna-virardi\/#primaryimage\"},\"image\":{\"@id\":\"https:\/\/salondulivrejeunesse.fr\/index.php\/liuna-virardi\/#primaryimage\"},\"thumbnailUrl\":\"https:\/\/salondulivrejeunesse.fr\/wp-content\/uploads\/2025\/09\/liuna_virardi-1024x1024.png\",\"datePublished\":\"2025-10-10T07:58:26+00:00\",\"breadcrumb\":{\"@id\":\"https:\/\/salondulivrejeunesse.fr\/index.php\/liuna-virardi\/#breadcrumb\"},\"inLanguage\":\"fr-FR\",\"potentialAction\":[{\"@type\":\"ReadAction\",\"target\":[\"https:\/\/salondulivrejeunesse.fr\/index.php\/liuna-virardi\/\"]}]},{\"@type\":\"ImageObject\",\"inLanguage\":\"fr-FR\",\"@id\":\"https:\/\/salondulivrejeunesse.fr\/index.php\/liuna-virardi\/#primaryimage\",\"url\":\"https:\/\/salondulivrejeunesse.fr\/wp-content\/uploads\/2025\/09\/liuna_virardi.png\",\"contentUrl\":\"https:\/\/salondulivrejeunesse.fr\/wp-content\/uploads\/2025\/09\/liuna_virardi.png\",\"width\":1080,\"height\":1080},{\"@type\":\"BreadcrumbList\",\"@id\":\"https:\/\/salondulivrejeunesse.fr\/index.php\/liuna-virardi\/#breadcrumb\",\"itemListElement\":[{\"@type\":\"ListItem\",\"position\":1,\"name\":\"Accueil\",\"item\":\"https:\/\/salondulivrejeunesse.fr\/\"},{\"@type\":\"ListItem\",\"position\":2,\"name\":\"Liuna Virardi, autrice-illustratrice\"}]},{\"@type\":\"WebSite\",\"@id\":\"https:\/\/salondulivrejeunesse.fr\/#website\",\"url\":\"https:\/\/salondulivrejeunesse.fr\/\",\"name\":\"Salon du livre jeunesse de Foug\u00e8res Agglom\u00e9ration\",\"description\":\"\",\"publisher\":{\"@id\":\"https:\/\/salondulivrejeunesse.fr\/#organization\"},\"potentialAction\":[{\"@type\":\"SearchAction\",\"target\":{\"@type\":\"EntryPoint\",\"urlTemplate\":\"https:\/\/salondulivrejeunesse.fr\/?s={search_term_string}\"},\"query-input\":{\"@type\":\"PropertyValueSpecification\",\"valueRequired\":true,\"valueName\":\"search_term_string\"}}],\"inLanguage\":\"fr-FR\"},{\"@type\":\"Organization\",\"@id\":\"https:\/\/salondulivrejeunesse.fr\/#organization\",\"name\":\"Foug\u00e8res Agglom\u00e9ration\",\"url\":\"https:\/\/salondulivrejeunesse.fr\/\",\"logo\":{\"@type\":\"ImageObject\",\"inLanguage\":\"fr-FR\",\"@id\":\"https:\/\/salondulivrejeunesse.fr\/#\/schema\/logo\/image\/\",\"url\":\"https:\/\/salondulivrejeunesse.fr\/wp-content\/uploads\/2020\/06\/20190101_FA_Logo_1_Coul_Bleu-scaled.jpg\",\"contentUrl\":\"https:\/\/salondulivrejeunesse.fr\/wp-content\/uploads\/2020\/06\/20190101_FA_Logo_1_Coul_Bleu-scaled.jpg\",\"width\":2560,\"height\":937,\"caption\":\"Foug\u00e8res Agglom\u00e9ration\"},\"image\":{\"@id\":\"https:\/\/salondulivrejeunesse.fr\/#\/schema\/logo\/image\/\"},\"sameAs\":[\"https:\/\/www.facebook.com\/salondulivrefougeresagglo\/?epa=SEARCH_BOX\"]}]}<\/script>\n<!-- \/ Yoast SEO plugin. -->","yoast_head_json":{"title":"Liuna Virardi, autrice-illustratrice - Salon du livre jeunesse de Foug\u00e8res Agglom\u00e9ration","robots":{"index":"index","follow":"follow","max-snippet":"max-snippet:-1","max-image-preview":"max-image-preview:large","max-video-preview":"max-video-preview:-1"},"canonical":"https:\/\/salondulivrejeunesse.fr\/index.php\/liuna-virardi\/","og_locale":"fr_FR","og_type":"article","og_title":"Liuna Virardi, autrice-illustratrice - Salon du livre jeunesse de Foug\u00e8res Agglom\u00e9ration","og_description":"N\u00e9e \u00e0 Bologne en 1983, Liuna Virardi a \u00e9tudi\u00e9 le design graphique et la communication visuelle \u00e0 l\u2019ISIA d\u2019Urbino, et l\u2019illustration \u00e0 l\u2019\u00c9cole Massana, \u00e0 Barcelone. Elle est aujourd\u2019hui auteure-illustratrice \u00e0 Toulouse. Ses recherches d\u2019un \u00e9quilibre entre couleur et formes font aussi la part belle au blanc du papier. Son [&hellip;]","og_url":"https:\/\/salondulivrejeunesse.fr\/index.php\/liuna-virardi\/","og_site_name":"Salon du livre jeunesse de Foug\u00e8res Agglom\u00e9ration","article_publisher":"https:\/\/www.facebook.com\/salondulivrefougeresagglo\/?epa=SEARCH_BOX","og_image":[{"width":1024,"height":1024,"url":"https:\/\/salondulivrejeunesse.fr\/wp-content\/uploads\/2025\/09\/liuna_virardi-1024x1024.png","type":"image\/png"}],"twitter_card":"summary_large_image","twitter_misc":{"Dur\u00e9e de lecture estim\u00e9e":"2 minutes"},"schema":{"@context":"https:\/\/schema.org","@graph":[{"@type":"WebPage","@id":"https:\/\/salondulivrejeunesse.fr\/index.php\/liuna-virardi\/","url":"https:\/\/salondulivrejeunesse.fr\/index.php\/liuna-virardi\/","name":"Liuna Virardi, autrice-illustratrice - Salon du livre jeunesse de Foug\u00e8res Agglom\u00e9ration","isPartOf":{"@id":"https:\/\/salondulivrejeunesse.fr\/#website"},"primaryImageOfPage":{"@id":"https:\/\/salondulivrejeunesse.fr\/index.php\/liuna-virardi\/#primaryimage"},"image":{"@id":"https:\/\/salondulivrejeunesse.fr\/index.php\/liuna-virardi\/#primaryimage"},"thumbnailUrl":"https:\/\/salondulivrejeunesse.fr\/wp-content\/uploads\/2025\/09\/liuna_virardi-1024x1024.png","datePublished":"2025-10-10T07:58:26+00:00","breadcrumb":{"@id":"https:\/\/salondulivrejeunesse.fr\/index.php\/liuna-virardi\/#breadcrumb"},"inLanguage":"fr-FR","potentialAction":[{"@type":"ReadAction","target":["https:\/\/salondulivrejeunesse.fr\/index.php\/liuna-virardi\/"]}]},{"@type":"ImageObject","inLanguage":"fr-FR","@id":"https:\/\/salondulivrejeunesse.fr\/index.php\/liuna-virardi\/#primaryimage","url":"https:\/\/salondulivrejeunesse.fr\/wp-content\/uploads\/2025\/09\/liuna_virardi.png","contentUrl":"https:\/\/salondulivrejeunesse.fr\/wp-content\/uploads\/2025\/09\/liuna_virardi.png","width":1080,"height":1080},{"@type":"BreadcrumbList","@id":"https:\/\/salondulivrejeunesse.fr\/index.php\/liuna-virardi\/#breadcrumb","itemListElement":[{"@type":"ListItem","position":1,"name":"Accueil","item":"https:\/\/salondulivrejeunesse.fr\/"},{"@type":"ListItem","position":2,"name":"Liuna Virardi, autrice-illustratrice"}]},{"@type":"WebSite","@id":"https:\/\/salondulivrejeunesse.fr\/#website","url":"https:\/\/salondulivrejeunesse.fr\/","name":"Salon du livre jeunesse de Foug\u00e8res Agglom\u00e9ration","description":"","publisher":{"@id":"https:\/\/salondulivrejeunesse.fr\/#organization"},"potentialAction":[{"@type":"SearchAction","target":{"@type":"EntryPoint","urlTemplate":"https:\/\/salondulivrejeunesse.fr\/?s={search_term_string}"},"query-input":{"@type":"PropertyValueSpecification","valueRequired":true,"valueName":"search_term_string"}}],"inLanguage":"fr-FR"},{"@type":"Organization","@id":"https:\/\/salondulivrejeunesse.fr\/#organization","name":"Foug\u00e8res Agglom\u00e9ration","url":"https:\/\/salondulivrejeunesse.fr\/","logo":{"@type":"ImageObject","inLanguage":"fr-FR","@id":"https:\/\/salondulivrejeunesse.fr\/#\/schema\/logo\/image\/","url":"https:\/\/salondulivrejeunesse.fr\/wp-content\/uploads\/2020\/06\/20190101_FA_Logo_1_Coul_Bleu-scaled.jpg","contentUrl":"https:\/\/salondulivrejeunesse.fr\/wp-content\/uploads\/2020\/06\/20190101_FA_Logo_1_Coul_Bleu-scaled.jpg","width":2560,"height":937,"caption":"Foug\u00e8res Agglom\u00e9ration"},"image":{"@id":"https:\/\/salondulivrejeunesse.fr\/#\/schema\/logo\/image\/"},"sameAs":["https:\/\/www.facebook.com\/salondulivrefougeresagglo\/?epa=SEARCH_BOX"]}]}},"jetpack_sharing_enabled":true,"_links":{"self":[{"href":"https:\/\/salondulivrejeunesse.fr\/index.php\/wp-json\/wp\/v2\/pages\/5132","targetHints":{"allow":["GET"]}}],"collection":[{"href":"https:\/\/salondulivrejeunesse.fr\/index.php\/wp-json\/wp\/v2\/pages"}],"about":[{"href":"https:\/\/salondulivrejeunesse.fr\/index.php\/wp-json\/wp\/v2\/types\/page"}],"author":[{"embeddable":true,"href":"https:\/\/salondulivrejeunesse.fr\/index.php\/wp-json\/wp\/v2\/users\/1"}],"replies":[{"embeddable":true,"href":"https:\/\/salondulivrejeunesse.fr\/index.php\/wp-json\/wp\/v2\/comments?post=5132"}],"version-history":[{"count":5,"href":"https:\/\/salondulivrejeunesse.fr\/index.php\/wp-json\/wp\/v2\/pages\/5132\/revisions"}],"predecessor-version":[{"id":5380,"href":"https:\/\/salondulivrejeunesse.fr\/index.php\/wp-json\/wp\/v2\/pages\/5132\/revisions\/5380"}],"wp:attachment":[{"href":"https:\/\/salondulivrejeunesse.fr\/index.php\/wp-json\/wp\/v2\/media?parent=5132"}],"wp:term":[{"taxonomy":"wf_page_folders","embeddable":true,"href":"https:\/\/salondulivrejeunesse.fr\/index.php\/wp-json\/wp\/v2\/wf_page_folders?post=5132"}],"curies":[{"name":"wp","href":"https:\/\/api.w.org\/{rel}","templated":true}]}}