{"id":5070,"date":"2025-10-10T10:14:58","date_gmt":"2025-10-10T08:14:58","guid":{"rendered":"https:\/\/salondulivrejeunesse.fr\/?page_id=5070"},"modified":"2025-10-10T10:14:58","modified_gmt":"2025-10-10T08:14:58","slug":"philippe-lechermeier","status":"publish","type":"page","link":"https:\/\/salondulivrejeunesse.fr\/index.php\/philippe-lechermeier\/","title":{"rendered":"Philippe Lechermeier, auteur"},"content":{"rendered":"\n<div style=\"height:29px\" aria-hidden=\"true\" class=\"wp-block-spacer\"><\/div>\n\n\n\n<div class=\"wp-block-media-text alignwide is-stacked-on-mobile\" style=\"grid-template-columns:21% auto\"><figure class=\"wp-block-media-text__media\"><img fetchpriority=\"high\" decoding=\"async\" width=\"1024\" height=\"1024\" src=\"https:\/\/salondulivrejeunesse.fr\/wp-content\/uploads\/2025\/09\/philippe_lechermeier-1024x1024.png\" alt=\"\" class=\"wp-image-5290 size-full\" srcset=\"https:\/\/salondulivrejeunesse.fr\/wp-content\/uploads\/2025\/09\/philippe_lechermeier-1024x1024.png 1024w, https:\/\/salondulivrejeunesse.fr\/wp-content\/uploads\/2025\/09\/philippe_lechermeier-300x300.png 300w, https:\/\/salondulivrejeunesse.fr\/wp-content\/uploads\/2025\/09\/philippe_lechermeier-150x150.png 150w, https:\/\/salondulivrejeunesse.fr\/wp-content\/uploads\/2025\/09\/philippe_lechermeier-768x768.png 768w, https:\/\/salondulivrejeunesse.fr\/wp-content\/uploads\/2025\/09\/philippe_lechermeier.png 1080w\" sizes=\"(max-width: 1024px) 100vw, 1024px\" \/><\/figure><div class=\"wp-block-media-text__content\">\n<p>Philippe Lechermeier est l\u2019auteur de nombreux livres \u00e0 succ\u00e8s. Son \u00e9criture se caract\u00e9rise par sa cr\u00e9ativit\u00e9 mais aussi par sa capacit\u00e9 \u00e0 \u00e9merveiller un public de tous \u00e2ges. Traduit dans plus de vingt-cinq pays, son \u0153uvre a \u00e9t\u00e9 r\u00e9compens\u00e9e par de nombreux prix et certains de ses titres comme Princesses oubli\u00e9es ou inconnues, Graines de Cabanes ou Lettres \u00e0 plumes et \u00e0 poils sont devenus des classiques de la litt\u00e9rature jeunesse. Apr\u00e8s voir plong\u00e9 ses lecteurs dans un grand r\u00e9cit d\u2019aventure plein de po\u00e9sie et de rebondissements avec sa trilogie Maldoror (P\u00e9pite de la meilleure fiction junior 2022 au SLPJ de Montreuil) son nouveau roman, Helter Skelter, nous fait traverser les USA dans un road-trip dystopique et puissant.<\/p>\n\n\n\n<p>Son site Internet :<a href=\"https:\/\/www.philippelechermeier.fr\/\" target=\"_blank\" rel=\"noreferrer noopener\"> https:\/\/www.philippelechermeier.fr\/<\/a><\/p>\n<\/div><\/div>\n\n\n\n<div style=\"height:51px\" aria-hidden=\"true\" class=\"wp-block-spacer\"><\/div>\n\n\n\n<p>Rencontrer Philippe Lechermeier :<\/p>\n\n\n\n<ul class=\"wp-block-list\">\n<li><a href=\"https:\/\/salondulivrejeunesse.fr\/index.php\/ateliers\">Atelier <\/a>sur le Salon, samedi 15 novembre, \u00e0 15h30.<\/li>\n\n\n\n<li>En d\u00e9dicaces dans la librairie, le samedi, de 10h00 \u00e0 12h00, 14h00 \u00e0 15h15 et de 16h45 \u00e0 18h00, et le dimanche, de 10h00 \u00e0 12h00.<\/li>\n<\/ul>\n\n\n\n<div style=\"height:36px\" aria-hidden=\"true\" class=\"wp-block-spacer\"><\/div>\n\n\n\n<h2 class=\"wp-block-heading\">Ses livres<\/h2>\n\n\n\n<figure class=\"wp-block-gallery has-nested-images columns-default is-cropped columns-3 wp-block-gallery-1 is-layout-flex wp-block-gallery-is-layout-flex\">\n<figure class=\"wp-block-image size-large\"><img decoding=\"async\" width=\"692\" height=\"1024\" data-id=\"5075\" src=\"https:\/\/salondulivrejeunesse.fr\/wp-content\/uploads\/2025\/05\/71m1ChfooBL-692x1024.jpg\" alt=\"\" class=\"wp-image-5075\" srcset=\"https:\/\/salondulivrejeunesse.fr\/wp-content\/uploads\/2025\/05\/71m1ChfooBL-692x1024.jpg 692w, https:\/\/salondulivrejeunesse.fr\/wp-content\/uploads\/2025\/05\/71m1ChfooBL-203x300.jpg 203w, https:\/\/salondulivrejeunesse.fr\/wp-content\/uploads\/2025\/05\/71m1ChfooBL-768x1137.jpg 768w, https:\/\/salondulivrejeunesse.fr\/wp-content\/uploads\/2025\/05\/71m1ChfooBL.jpg 898w\" sizes=\"(max-width: 692px) 100vw, 692px\" \/><\/figure>\n\n\n\n<figure class=\"wp-block-image size-full\"><img decoding=\"async\" width=\"653\" height=\"1000\" data-id=\"5074\" src=\"https:\/\/salondulivrejeunesse.fr\/wp-content\/uploads\/2025\/05\/41js5dYB1OL._AC_UF10001000_QL80_.jpg\" alt=\"\" class=\"wp-image-5074\" srcset=\"https:\/\/salondulivrejeunesse.fr\/wp-content\/uploads\/2025\/05\/41js5dYB1OL._AC_UF10001000_QL80_.jpg 653w, https:\/\/salondulivrejeunesse.fr\/wp-content\/uploads\/2025\/05\/41js5dYB1OL._AC_UF10001000_QL80_-196x300.jpg 196w\" sizes=\"(max-width: 653px) 100vw, 653px\" \/><\/figure>\n\n\n\n<figure class=\"wp-block-image size-full\"><img loading=\"lazy\" decoding=\"async\" width=\"340\" height=\"340\" data-id=\"5073\" src=\"https:\/\/salondulivrejeunesse.fr\/wp-content\/uploads\/2025\/05\/Princees.jpg\" alt=\"\" class=\"wp-image-5073\" srcset=\"https:\/\/salondulivrejeunesse.fr\/wp-content\/uploads\/2025\/05\/Princees.jpg 340w, https:\/\/salondulivrejeunesse.fr\/wp-content\/uploads\/2025\/05\/Princees-300x300.jpg 300w, https:\/\/salondulivrejeunesse.fr\/wp-content\/uploads\/2025\/05\/Princees-150x150.jpg 150w\" sizes=\"(max-width: 340px) 100vw, 340px\" \/><\/figure>\n<\/figure>\n\n\n\n<div style=\"height:20px\" aria-hidden=\"true\" class=\"wp-block-spacer\"><\/div>\n\n\n\n<p><\/p>\n","protected":false},"excerpt":{"rendered":"<p>Philippe Lechermeier est l\u2019auteur de nombreux livres \u00e0 succ\u00e8s. Son \u00e9criture se caract\u00e9rise par sa cr\u00e9ativit\u00e9 mais aussi par sa capacit\u00e9 \u00e0 \u00e9merveiller un public de tous \u00e2ges. Traduit dans plus de vingt-cinq pays, son \u0153uvre a \u00e9t\u00e9 r\u00e9compens\u00e9e par de nombreux prix et certains de ses titres comme Princesses [&hellip;]<\/p>\n","protected":false},"author":1,"featured_media":0,"parent":0,"menu_order":0,"comment_status":"closed","ping_status":"closed","template":"","meta":{"footnotes":""},"wf_page_folders":[11],"class_list":["post-5070","page","type-page","status-publish","hentry"],"yoast_head":"<!-- This site is optimized with the Yoast SEO plugin v26.1.1 - https:\/\/yoast.com\/wordpress\/plugins\/seo\/ -->\n<title>Philippe Lechermeier, auteur - Salon du livre jeunesse de Foug\u00e8res Agglom\u00e9ration<\/title>\n<meta name=\"robots\" content=\"index, follow, max-snippet:-1, max-image-preview:large, max-video-preview:-1\" \/>\n<link rel=\"canonical\" href=\"https:\/\/salondulivrejeunesse.fr\/index.php\/philippe-lechermeier\/\" \/>\n<meta property=\"og:locale\" content=\"fr_FR\" \/>\n<meta property=\"og:type\" content=\"article\" \/>\n<meta property=\"og:title\" content=\"Philippe Lechermeier, auteur - Salon du livre jeunesse de Foug\u00e8res Agglom\u00e9ration\" \/>\n<meta property=\"og:description\" content=\"Philippe Lechermeier est l\u2019auteur de nombreux livres \u00e0 succ\u00e8s. Son \u00e9criture se caract\u00e9rise par sa cr\u00e9ativit\u00e9 mais aussi par sa capacit\u00e9 \u00e0 \u00e9merveiller un public de tous \u00e2ges. Traduit dans plus de vingt-cinq pays, son \u0153uvre a \u00e9t\u00e9 r\u00e9compens\u00e9e par de nombreux prix et certains de ses titres comme Princesses [&hellip;]\" \/>\n<meta property=\"og:url\" content=\"https:\/\/salondulivrejeunesse.fr\/index.php\/philippe-lechermeier\/\" \/>\n<meta property=\"og:site_name\" content=\"Salon du livre jeunesse de Foug\u00e8res Agglom\u00e9ration\" \/>\n<meta property=\"article:publisher\" content=\"https:\/\/www.facebook.com\/salondulivrefougeresagglo\/?epa=SEARCH_BOX\" \/>\n<meta property=\"og:image\" content=\"https:\/\/salondulivrejeunesse.fr\/wp-content\/uploads\/2025\/09\/philippe_lechermeier.png\" \/>\n\t<meta property=\"og:image:width\" content=\"1080\" \/>\n\t<meta property=\"og:image:height\" content=\"1080\" \/>\n\t<meta property=\"og:image:type\" content=\"image\/png\" \/>\n<meta name=\"twitter:card\" content=\"summary_large_image\" \/>\n<meta name=\"twitter:label1\" content=\"Dur\u00e9e de lecture estim\u00e9e\" \/>\n\t<meta name=\"twitter:data1\" content=\"2 minutes\" \/>\n<script type=\"application\/ld+json\" class=\"yoast-schema-graph\">{\"@context\":\"https:\/\/schema.org\",\"@graph\":[{\"@type\":\"WebPage\",\"@id\":\"https:\/\/salondulivrejeunesse.fr\/index.php\/philippe-lechermeier\/\",\"url\":\"https:\/\/salondulivrejeunesse.fr\/index.php\/philippe-lechermeier\/\",\"name\":\"Philippe Lechermeier, auteur - Salon du livre jeunesse de Foug\u00e8res Agglom\u00e9ration\",\"isPartOf\":{\"@id\":\"https:\/\/salondulivrejeunesse.fr\/#website\"},\"primaryImageOfPage\":{\"@id\":\"https:\/\/salondulivrejeunesse.fr\/index.php\/philippe-lechermeier\/#primaryimage\"},\"image\":{\"@id\":\"https:\/\/salondulivrejeunesse.fr\/index.php\/philippe-lechermeier\/#primaryimage\"},\"thumbnailUrl\":\"https:\/\/salondulivrejeunesse.fr\/wp-content\/uploads\/2025\/09\/philippe_lechermeier-1024x1024.png\",\"datePublished\":\"2025-10-10T08:14:58+00:00\",\"breadcrumb\":{\"@id\":\"https:\/\/salondulivrejeunesse.fr\/index.php\/philippe-lechermeier\/#breadcrumb\"},\"inLanguage\":\"fr-FR\",\"potentialAction\":[{\"@type\":\"ReadAction\",\"target\":[\"https:\/\/salondulivrejeunesse.fr\/index.php\/philippe-lechermeier\/\"]}]},{\"@type\":\"ImageObject\",\"inLanguage\":\"fr-FR\",\"@id\":\"https:\/\/salondulivrejeunesse.fr\/index.php\/philippe-lechermeier\/#primaryimage\",\"url\":\"https:\/\/salondulivrejeunesse.fr\/wp-content\/uploads\/2025\/09\/philippe_lechermeier.png\",\"contentUrl\":\"https:\/\/salondulivrejeunesse.fr\/wp-content\/uploads\/2025\/09\/philippe_lechermeier.png\",\"width\":1080,\"height\":1080},{\"@type\":\"BreadcrumbList\",\"@id\":\"https:\/\/salondulivrejeunesse.fr\/index.php\/philippe-lechermeier\/#breadcrumb\",\"itemListElement\":[{\"@type\":\"ListItem\",\"position\":1,\"name\":\"Accueil\",\"item\":\"https:\/\/salondulivrejeunesse.fr\/\"},{\"@type\":\"ListItem\",\"position\":2,\"name\":\"Philippe Lechermeier, auteur\"}]},{\"@type\":\"WebSite\",\"@id\":\"https:\/\/salondulivrejeunesse.fr\/#website\",\"url\":\"https:\/\/salondulivrejeunesse.fr\/\",\"name\":\"Salon du livre jeunesse de Foug\u00e8res Agglom\u00e9ration\",\"description\":\"\",\"publisher\":{\"@id\":\"https:\/\/salondulivrejeunesse.fr\/#organization\"},\"potentialAction\":[{\"@type\":\"SearchAction\",\"target\":{\"@type\":\"EntryPoint\",\"urlTemplate\":\"https:\/\/salondulivrejeunesse.fr\/?s={search_term_string}\"},\"query-input\":{\"@type\":\"PropertyValueSpecification\",\"valueRequired\":true,\"valueName\":\"search_term_string\"}}],\"inLanguage\":\"fr-FR\"},{\"@type\":\"Organization\",\"@id\":\"https:\/\/salondulivrejeunesse.fr\/#organization\",\"name\":\"Foug\u00e8res Agglom\u00e9ration\",\"url\":\"https:\/\/salondulivrejeunesse.fr\/\",\"logo\":{\"@type\":\"ImageObject\",\"inLanguage\":\"fr-FR\",\"@id\":\"https:\/\/salondulivrejeunesse.fr\/#\/schema\/logo\/image\/\",\"url\":\"https:\/\/salondulivrejeunesse.fr\/wp-content\/uploads\/2020\/06\/20190101_FA_Logo_1_Coul_Bleu-scaled.jpg\",\"contentUrl\":\"https:\/\/salondulivrejeunesse.fr\/wp-content\/uploads\/2020\/06\/20190101_FA_Logo_1_Coul_Bleu-scaled.jpg\",\"width\":2560,\"height\":937,\"caption\":\"Foug\u00e8res Agglom\u00e9ration\"},\"image\":{\"@id\":\"https:\/\/salondulivrejeunesse.fr\/#\/schema\/logo\/image\/\"},\"sameAs\":[\"https:\/\/www.facebook.com\/salondulivrefougeresagglo\/?epa=SEARCH_BOX\"]}]}<\/script>\n<!-- \/ Yoast SEO plugin. -->","yoast_head_json":{"title":"Philippe Lechermeier, auteur - Salon du livre jeunesse de Foug\u00e8res Agglom\u00e9ration","robots":{"index":"index","follow":"follow","max-snippet":"max-snippet:-1","max-image-preview":"max-image-preview:large","max-video-preview":"max-video-preview:-1"},"canonical":"https:\/\/salondulivrejeunesse.fr\/index.php\/philippe-lechermeier\/","og_locale":"fr_FR","og_type":"article","og_title":"Philippe Lechermeier, auteur - Salon du livre jeunesse de Foug\u00e8res Agglom\u00e9ration","og_description":"Philippe Lechermeier est l\u2019auteur de nombreux livres \u00e0 succ\u00e8s. Son \u00e9criture se caract\u00e9rise par sa cr\u00e9ativit\u00e9 mais aussi par sa capacit\u00e9 \u00e0 \u00e9merveiller un public de tous \u00e2ges. Traduit dans plus de vingt-cinq pays, son \u0153uvre a \u00e9t\u00e9 r\u00e9compens\u00e9e par de nombreux prix et certains de ses titres comme Princesses [&hellip;]","og_url":"https:\/\/salondulivrejeunesse.fr\/index.php\/philippe-lechermeier\/","og_site_name":"Salon du livre jeunesse de Foug\u00e8res Agglom\u00e9ration","article_publisher":"https:\/\/www.facebook.com\/salondulivrefougeresagglo\/?epa=SEARCH_BOX","og_image":[{"width":1080,"height":1080,"url":"https:\/\/salondulivrejeunesse.fr\/wp-content\/uploads\/2025\/09\/philippe_lechermeier.png","type":"image\/png"}],"twitter_card":"summary_large_image","twitter_misc":{"Dur\u00e9e de lecture estim\u00e9e":"2 minutes"},"schema":{"@context":"https:\/\/schema.org","@graph":[{"@type":"WebPage","@id":"https:\/\/salondulivrejeunesse.fr\/index.php\/philippe-lechermeier\/","url":"https:\/\/salondulivrejeunesse.fr\/index.php\/philippe-lechermeier\/","name":"Philippe Lechermeier, auteur - Salon du livre jeunesse de Foug\u00e8res Agglom\u00e9ration","isPartOf":{"@id":"https:\/\/salondulivrejeunesse.fr\/#website"},"primaryImageOfPage":{"@id":"https:\/\/salondulivrejeunesse.fr\/index.php\/philippe-lechermeier\/#primaryimage"},"image":{"@id":"https:\/\/salondulivrejeunesse.fr\/index.php\/philippe-lechermeier\/#primaryimage"},"thumbnailUrl":"https:\/\/salondulivrejeunesse.fr\/wp-content\/uploads\/2025\/09\/philippe_lechermeier-1024x1024.png","datePublished":"2025-10-10T08:14:58+00:00","breadcrumb":{"@id":"https:\/\/salondulivrejeunesse.fr\/index.php\/philippe-lechermeier\/#breadcrumb"},"inLanguage":"fr-FR","potentialAction":[{"@type":"ReadAction","target":["https:\/\/salondulivrejeunesse.fr\/index.php\/philippe-lechermeier\/"]}]},{"@type":"ImageObject","inLanguage":"fr-FR","@id":"https:\/\/salondulivrejeunesse.fr\/index.php\/philippe-lechermeier\/#primaryimage","url":"https:\/\/salondulivrejeunesse.fr\/wp-content\/uploads\/2025\/09\/philippe_lechermeier.png","contentUrl":"https:\/\/salondulivrejeunesse.fr\/wp-content\/uploads\/2025\/09\/philippe_lechermeier.png","width":1080,"height":1080},{"@type":"BreadcrumbList","@id":"https:\/\/salondulivrejeunesse.fr\/index.php\/philippe-lechermeier\/#breadcrumb","itemListElement":[{"@type":"ListItem","position":1,"name":"Accueil","item":"https:\/\/salondulivrejeunesse.fr\/"},{"@type":"ListItem","position":2,"name":"Philippe Lechermeier, auteur"}]},{"@type":"WebSite","@id":"https:\/\/salondulivrejeunesse.fr\/#website","url":"https:\/\/salondulivrejeunesse.fr\/","name":"Salon du livre jeunesse de Foug\u00e8res Agglom\u00e9ration","description":"","publisher":{"@id":"https:\/\/salondulivrejeunesse.fr\/#organization"},"potentialAction":[{"@type":"SearchAction","target":{"@type":"EntryPoint","urlTemplate":"https:\/\/salondulivrejeunesse.fr\/?s={search_term_string}"},"query-input":{"@type":"PropertyValueSpecification","valueRequired":true,"valueName":"search_term_string"}}],"inLanguage":"fr-FR"},{"@type":"Organization","@id":"https:\/\/salondulivrejeunesse.fr\/#organization","name":"Foug\u00e8res Agglom\u00e9ration","url":"https:\/\/salondulivrejeunesse.fr\/","logo":{"@type":"ImageObject","inLanguage":"fr-FR","@id":"https:\/\/salondulivrejeunesse.fr\/#\/schema\/logo\/image\/","url":"https:\/\/salondulivrejeunesse.fr\/wp-content\/uploads\/2020\/06\/20190101_FA_Logo_1_Coul_Bleu-scaled.jpg","contentUrl":"https:\/\/salondulivrejeunesse.fr\/wp-content\/uploads\/2020\/06\/20190101_FA_Logo_1_Coul_Bleu-scaled.jpg","width":2560,"height":937,"caption":"Foug\u00e8res Agglom\u00e9ration"},"image":{"@id":"https:\/\/salondulivrejeunesse.fr\/#\/schema\/logo\/image\/"},"sameAs":["https:\/\/www.facebook.com\/salondulivrefougeresagglo\/?epa=SEARCH_BOX"]}]}},"jetpack_sharing_enabled":true,"_links":{"self":[{"href":"https:\/\/salondulivrejeunesse.fr\/index.php\/wp-json\/wp\/v2\/pages\/5070","targetHints":{"allow":["GET"]}}],"collection":[{"href":"https:\/\/salondulivrejeunesse.fr\/index.php\/wp-json\/wp\/v2\/pages"}],"about":[{"href":"https:\/\/salondulivrejeunesse.fr\/index.php\/wp-json\/wp\/v2\/types\/page"}],"author":[{"embeddable":true,"href":"https:\/\/salondulivrejeunesse.fr\/index.php\/wp-json\/wp\/v2\/users\/1"}],"replies":[{"embeddable":true,"href":"https:\/\/salondulivrejeunesse.fr\/index.php\/wp-json\/wp\/v2\/comments?post=5070"}],"version-history":[{"count":5,"href":"https:\/\/salondulivrejeunesse.fr\/index.php\/wp-json\/wp\/v2\/pages\/5070\/revisions"}],"predecessor-version":[{"id":5616,"href":"https:\/\/salondulivrejeunesse.fr\/index.php\/wp-json\/wp\/v2\/pages\/5070\/revisions\/5616"}],"wp:attachment":[{"href":"https:\/\/salondulivrejeunesse.fr\/index.php\/wp-json\/wp\/v2\/media?parent=5070"}],"wp:term":[{"taxonomy":"wf_page_folders","embeddable":true,"href":"https:\/\/salondulivrejeunesse.fr\/index.php\/wp-json\/wp\/v2\/wf_page_folders?post=5070"}],"curies":[{"name":"wp","href":"https:\/\/api.w.org\/{rel}","templated":true}]}}