{"id":5062,"date":"2025-10-10T10:14:57","date_gmt":"2025-10-10T08:14:57","guid":{"rendered":"https:\/\/salondulivrejeunesse.fr\/?page_id=5062"},"modified":"2025-10-10T10:26:05","modified_gmt":"2025-10-10T08:26:05","slug":"morgane-le-cuff","status":"publish","type":"page","link":"https:\/\/salondulivrejeunesse.fr\/index.php\/morgane-le-cuff\/","title":{"rendered":"Morgane Le Cuff, autrice"},"content":{"rendered":"\n<div style=\"height:29px\" aria-hidden=\"true\" class=\"wp-block-spacer\"><\/div>\n\n\n\n<div class=\"wp-block-media-text alignwide is-stacked-on-mobile\" style=\"grid-template-columns:21% auto\"><figure class=\"wp-block-media-text__media\"><img fetchpriority=\"high\" decoding=\"async\" width=\"1024\" height=\"1024\" src=\"https:\/\/salondulivrejeunesse.fr\/wp-content\/uploads\/2025\/10\/Morgane_Le_cuff-1024x1024.png\" alt=\"\" class=\"wp-image-5592 size-full\" srcset=\"https:\/\/salondulivrejeunesse.fr\/wp-content\/uploads\/2025\/10\/Morgane_Le_cuff-1024x1024.png 1024w, https:\/\/salondulivrejeunesse.fr\/wp-content\/uploads\/2025\/10\/Morgane_Le_cuff-300x300.png 300w, https:\/\/salondulivrejeunesse.fr\/wp-content\/uploads\/2025\/10\/Morgane_Le_cuff-150x150.png 150w, https:\/\/salondulivrejeunesse.fr\/wp-content\/uploads\/2025\/10\/Morgane_Le_cuff-768x768.png 768w, https:\/\/salondulivrejeunesse.fr\/wp-content\/uploads\/2025\/10\/Morgane_Le_cuff.png 1080w\" sizes=\"(max-width: 1024px) 100vw, 1024px\" \/><\/figure><div class=\"wp-block-media-text__content\">\n<p>Issue de la r\u00e9gion rennaise, Morgane Le Cuff est harpiste, chanteuse et conteuse. Elle grandit avec dans les oreilles la langue gallaise du c\u00f4t\u00e9 de ses grands-parents maternels et le breton c\u00f4t\u00e9 paternel. Bien s\u00fbr elle adore chanter, danser, raconter des histoires et se donner en spectacle d\u00e8s qu\u2019elle peut\u2026<\/p>\n\n\n\n<p>Adolescente, elle se forme \u00e0 la harpe aupr\u00e8s de professeurs comme Evelyne Gaspard, H\u00e9l\u00e8ne Breschand, Janet Harbison, Dominig Bouchaud et Marie Wambergue. C\u2019est lors de ses \u00e9tudes de musiques traditionnelles au conservatoire de Rennes et au Pont Sup\u00e9rieur qu\u2019elle r\u00e9alise deux voyages Erasmus en Galice et en Asturies (Espagne) o\u00f9 elle apprend les percussions traditionnelles (<em>pandereta<\/em>) et adapte le r\u00e9pertoire musical de ces r\u00e9gions \u00e0 la harpe. Un \u00e9change se cr\u00e9e sur le long terme, Morgane suit des collecteurs dans leur recherche, accompagne plusieurs groupes de musiques traditionnelles tel que <em>Muyeres<\/em>&nbsp;et fait venir des formations pour des festivals en France. Un recueil sortira d\u2019apr\u00e8s ses exp\u00e9riences appel\u00e9 \u00ab&nbsp;R\u00e9cits de voyage entre les cordes&nbsp;\u00bb, avec 31 partitions pour harpe r\u00e9alis\u00e9es \u00e0 partir de collectages de musiques orales, et un cd accompagnant le tout.<\/p>\n\n\n\n<p>En 2025, elle \u00e9crit le conte \u00ab&nbsp;L&rsquo;Araign\u00e9e \u00e0 Plumes&nbsp;\u00bb (Editions L&rsquo;\u0152uf), illustr\u00e9 par H\u00e9l\u00e8ne Coudray, adapt\u00e9 de son spectacle Une chouette m&rsquo;a dit.<\/p>\n\n\n\n<p>Son site internet :<a href=\" https:\/\/morganelecuff.net\/\"> https:\/\/morganelecuff.net\/<\/a><\/p>\n<\/div><\/div>\n\n\n\n<div style=\"height:20px\" aria-hidden=\"true\" class=\"wp-block-spacer\"><\/div>\n\n\n\n<p>Rencontrer Morgane Le Cuff :<\/p>\n\n\n\n<ul class=\"wp-block-list\">\n<li><a href=\"https:\/\/salondulivrejeunesse.fr\/index.php\/spectacles\/\">Spectacle<\/a> au salon, Samedi 15 novembre \u00e0 10h30 et dimanche 16 novembre \u00e0 14h30.<\/li>\n\n\n\n<li>En d\u00e9dicaces dans la librairie, le samedi, de 14h00 \u00e0 16h00, et le dimanche, de 10h00 \u00e0 12h00.<\/li>\n<\/ul>\n\n\n\n<div style=\"height:12px\" aria-hidden=\"true\" class=\"wp-block-spacer\"><\/div>\n\n\n\n<h2 class=\"wp-block-heading\">Spectacle<\/h2>\n\n\n\n<figure class=\"wp-block-gallery has-nested-images columns-default is-cropped columns-3 wp-block-gallery-1 is-layout-flex wp-block-gallery-is-layout-flex\">\n<figure class=\"wp-block-image size-full is-style-default\"><img decoding=\"async\" width=\"443\" height=\"563\" data-id=\"5594\" src=\"https:\/\/salondulivrejeunesse.fr\/wp-content\/uploads\/2025\/10\/Cette_nuit_une_chouette_m_a_dit-2.png\" alt=\"\" class=\"wp-image-5594\" srcset=\"https:\/\/salondulivrejeunesse.fr\/wp-content\/uploads\/2025\/10\/Cette_nuit_une_chouette_m_a_dit-2.png 443w, https:\/\/salondulivrejeunesse.fr\/wp-content\/uploads\/2025\/10\/Cette_nuit_une_chouette_m_a_dit-2-236x300.png 236w\" sizes=\"(max-width: 443px) 100vw, 443px\" \/><\/figure>\n<\/figure>\n\n\n\n<div style=\"height:20px\" aria-hidden=\"true\" class=\"wp-block-spacer\"><\/div>\n\n\n\n<p><\/p>\n","protected":false},"excerpt":{"rendered":"<p>Issue de la r\u00e9gion rennaise, Morgane Le Cuff est harpiste, chanteuse et conteuse. Elle grandit avec dans les oreilles la langue gallaise du c\u00f4t\u00e9 de ses grands-parents maternels et le breton c\u00f4t\u00e9 paternel. Bien s\u00fbr elle adore chanter, danser, raconter des histoires et se donner en spectacle d\u00e8s qu\u2019elle peut\u2026 [&hellip;]<\/p>\n","protected":false},"author":1,"featured_media":0,"parent":0,"menu_order":0,"comment_status":"closed","ping_status":"closed","template":"","meta":{"footnotes":""},"wf_page_folders":[11],"class_list":["post-5062","page","type-page","status-publish","hentry"],"yoast_head":"<!-- This site is optimized with the Yoast SEO plugin v26.1.1 - https:\/\/yoast.com\/wordpress\/plugins\/seo\/ -->\n<title>Morgane Le Cuff, autrice - Salon du livre jeunesse de Foug\u00e8res Agglom\u00e9ration<\/title>\n<meta name=\"robots\" content=\"index, follow, max-snippet:-1, max-image-preview:large, max-video-preview:-1\" \/>\n<link rel=\"canonical\" href=\"https:\/\/salondulivrejeunesse.fr\/index.php\/morgane-le-cuff\/\" \/>\n<meta property=\"og:locale\" content=\"fr_FR\" \/>\n<meta property=\"og:type\" content=\"article\" \/>\n<meta property=\"og:title\" content=\"Morgane Le Cuff, autrice - Salon du livre jeunesse de Foug\u00e8res Agglom\u00e9ration\" \/>\n<meta property=\"og:description\" content=\"Issue de la r\u00e9gion rennaise, Morgane Le Cuff est harpiste, chanteuse et conteuse. Elle grandit avec dans les oreilles la langue gallaise du c\u00f4t\u00e9 de ses grands-parents maternels et le breton c\u00f4t\u00e9 paternel. Bien s\u00fbr elle adore chanter, danser, raconter des histoires et se donner en spectacle d\u00e8s qu\u2019elle peut\u2026 [&hellip;]\" \/>\n<meta property=\"og:url\" content=\"https:\/\/salondulivrejeunesse.fr\/index.php\/morgane-le-cuff\/\" \/>\n<meta property=\"og:site_name\" content=\"Salon du livre jeunesse de Foug\u00e8res Agglom\u00e9ration\" \/>\n<meta property=\"article:publisher\" content=\"https:\/\/www.facebook.com\/salondulivrefougeresagglo\/?epa=SEARCH_BOX\" \/>\n<meta property=\"article:modified_time\" content=\"2025-10-10T08:26:05+00:00\" \/>\n<meta property=\"og:image\" content=\"https:\/\/salondulivrejeunesse.fr\/wp-content\/uploads\/2025\/10\/Morgane_Le_cuff.png\" \/>\n\t<meta property=\"og:image:width\" content=\"1080\" \/>\n\t<meta property=\"og:image:height\" content=\"1080\" \/>\n\t<meta property=\"og:image:type\" content=\"image\/png\" \/>\n<meta name=\"twitter:card\" content=\"summary_large_image\" \/>\n<meta name=\"twitter:label1\" content=\"Dur\u00e9e de lecture estim\u00e9e\" \/>\n\t<meta name=\"twitter:data1\" content=\"2 minutes\" \/>\n<script type=\"application\/ld+json\" class=\"yoast-schema-graph\">{\"@context\":\"https:\/\/schema.org\",\"@graph\":[{\"@type\":\"WebPage\",\"@id\":\"https:\/\/salondulivrejeunesse.fr\/index.php\/morgane-le-cuff\/\",\"url\":\"https:\/\/salondulivrejeunesse.fr\/index.php\/morgane-le-cuff\/\",\"name\":\"Morgane Le Cuff, autrice - Salon du livre jeunesse de Foug\u00e8res Agglom\u00e9ration\",\"isPartOf\":{\"@id\":\"https:\/\/salondulivrejeunesse.fr\/#website\"},\"primaryImageOfPage\":{\"@id\":\"https:\/\/salondulivrejeunesse.fr\/index.php\/morgane-le-cuff\/#primaryimage\"},\"image\":{\"@id\":\"https:\/\/salondulivrejeunesse.fr\/index.php\/morgane-le-cuff\/#primaryimage\"},\"thumbnailUrl\":\"https:\/\/salondulivrejeunesse.fr\/wp-content\/uploads\/2025\/10\/Morgane_Le_cuff-1024x1024.png\",\"datePublished\":\"2025-10-10T08:14:57+00:00\",\"dateModified\":\"2025-10-10T08:26:05+00:00\",\"breadcrumb\":{\"@id\":\"https:\/\/salondulivrejeunesse.fr\/index.php\/morgane-le-cuff\/#breadcrumb\"},\"inLanguage\":\"fr-FR\",\"potentialAction\":[{\"@type\":\"ReadAction\",\"target\":[\"https:\/\/salondulivrejeunesse.fr\/index.php\/morgane-le-cuff\/\"]}]},{\"@type\":\"ImageObject\",\"inLanguage\":\"fr-FR\",\"@id\":\"https:\/\/salondulivrejeunesse.fr\/index.php\/morgane-le-cuff\/#primaryimage\",\"url\":\"https:\/\/salondulivrejeunesse.fr\/wp-content\/uploads\/2025\/10\/Morgane_Le_cuff.png\",\"contentUrl\":\"https:\/\/salondulivrejeunesse.fr\/wp-content\/uploads\/2025\/10\/Morgane_Le_cuff.png\",\"width\":1080,\"height\":1080},{\"@type\":\"BreadcrumbList\",\"@id\":\"https:\/\/salondulivrejeunesse.fr\/index.php\/morgane-le-cuff\/#breadcrumb\",\"itemListElement\":[{\"@type\":\"ListItem\",\"position\":1,\"name\":\"Accueil\",\"item\":\"https:\/\/salondulivrejeunesse.fr\/\"},{\"@type\":\"ListItem\",\"position\":2,\"name\":\"Morgane Le Cuff, autrice\"}]},{\"@type\":\"WebSite\",\"@id\":\"https:\/\/salondulivrejeunesse.fr\/#website\",\"url\":\"https:\/\/salondulivrejeunesse.fr\/\",\"name\":\"Salon du livre jeunesse de Foug\u00e8res Agglom\u00e9ration\",\"description\":\"\",\"publisher\":{\"@id\":\"https:\/\/salondulivrejeunesse.fr\/#organization\"},\"potentialAction\":[{\"@type\":\"SearchAction\",\"target\":{\"@type\":\"EntryPoint\",\"urlTemplate\":\"https:\/\/salondulivrejeunesse.fr\/?s={search_term_string}\"},\"query-input\":{\"@type\":\"PropertyValueSpecification\",\"valueRequired\":true,\"valueName\":\"search_term_string\"}}],\"inLanguage\":\"fr-FR\"},{\"@type\":\"Organization\",\"@id\":\"https:\/\/salondulivrejeunesse.fr\/#organization\",\"name\":\"Foug\u00e8res Agglom\u00e9ration\",\"url\":\"https:\/\/salondulivrejeunesse.fr\/\",\"logo\":{\"@type\":\"ImageObject\",\"inLanguage\":\"fr-FR\",\"@id\":\"https:\/\/salondulivrejeunesse.fr\/#\/schema\/logo\/image\/\",\"url\":\"https:\/\/salondulivrejeunesse.fr\/wp-content\/uploads\/2020\/06\/20190101_FA_Logo_1_Coul_Bleu-scaled.jpg\",\"contentUrl\":\"https:\/\/salondulivrejeunesse.fr\/wp-content\/uploads\/2020\/06\/20190101_FA_Logo_1_Coul_Bleu-scaled.jpg\",\"width\":2560,\"height\":937,\"caption\":\"Foug\u00e8res Agglom\u00e9ration\"},\"image\":{\"@id\":\"https:\/\/salondulivrejeunesse.fr\/#\/schema\/logo\/image\/\"},\"sameAs\":[\"https:\/\/www.facebook.com\/salondulivrefougeresagglo\/?epa=SEARCH_BOX\"]}]}<\/script>\n<!-- \/ Yoast SEO plugin. -->","yoast_head_json":{"title":"Morgane Le Cuff, autrice - Salon du livre jeunesse de Foug\u00e8res Agglom\u00e9ration","robots":{"index":"index","follow":"follow","max-snippet":"max-snippet:-1","max-image-preview":"max-image-preview:large","max-video-preview":"max-video-preview:-1"},"canonical":"https:\/\/salondulivrejeunesse.fr\/index.php\/morgane-le-cuff\/","og_locale":"fr_FR","og_type":"article","og_title":"Morgane Le Cuff, autrice - Salon du livre jeunesse de Foug\u00e8res Agglom\u00e9ration","og_description":"Issue de la r\u00e9gion rennaise, Morgane Le Cuff est harpiste, chanteuse et conteuse. Elle grandit avec dans les oreilles la langue gallaise du c\u00f4t\u00e9 de ses grands-parents maternels et le breton c\u00f4t\u00e9 paternel. Bien s\u00fbr elle adore chanter, danser, raconter des histoires et se donner en spectacle d\u00e8s qu\u2019elle peut\u2026 [&hellip;]","og_url":"https:\/\/salondulivrejeunesse.fr\/index.php\/morgane-le-cuff\/","og_site_name":"Salon du livre jeunesse de Foug\u00e8res Agglom\u00e9ration","article_publisher":"https:\/\/www.facebook.com\/salondulivrefougeresagglo\/?epa=SEARCH_BOX","article_modified_time":"2025-10-10T08:26:05+00:00","og_image":[{"width":1080,"height":1080,"url":"https:\/\/salondulivrejeunesse.fr\/wp-content\/uploads\/2025\/10\/Morgane_Le_cuff.png","type":"image\/png"}],"twitter_card":"summary_large_image","twitter_misc":{"Dur\u00e9e de lecture estim\u00e9e":"2 minutes"},"schema":{"@context":"https:\/\/schema.org","@graph":[{"@type":"WebPage","@id":"https:\/\/salondulivrejeunesse.fr\/index.php\/morgane-le-cuff\/","url":"https:\/\/salondulivrejeunesse.fr\/index.php\/morgane-le-cuff\/","name":"Morgane Le Cuff, autrice - Salon du livre jeunesse de Foug\u00e8res Agglom\u00e9ration","isPartOf":{"@id":"https:\/\/salondulivrejeunesse.fr\/#website"},"primaryImageOfPage":{"@id":"https:\/\/salondulivrejeunesse.fr\/index.php\/morgane-le-cuff\/#primaryimage"},"image":{"@id":"https:\/\/salondulivrejeunesse.fr\/index.php\/morgane-le-cuff\/#primaryimage"},"thumbnailUrl":"https:\/\/salondulivrejeunesse.fr\/wp-content\/uploads\/2025\/10\/Morgane_Le_cuff-1024x1024.png","datePublished":"2025-10-10T08:14:57+00:00","dateModified":"2025-10-10T08:26:05+00:00","breadcrumb":{"@id":"https:\/\/salondulivrejeunesse.fr\/index.php\/morgane-le-cuff\/#breadcrumb"},"inLanguage":"fr-FR","potentialAction":[{"@type":"ReadAction","target":["https:\/\/salondulivrejeunesse.fr\/index.php\/morgane-le-cuff\/"]}]},{"@type":"ImageObject","inLanguage":"fr-FR","@id":"https:\/\/salondulivrejeunesse.fr\/index.php\/morgane-le-cuff\/#primaryimage","url":"https:\/\/salondulivrejeunesse.fr\/wp-content\/uploads\/2025\/10\/Morgane_Le_cuff.png","contentUrl":"https:\/\/salondulivrejeunesse.fr\/wp-content\/uploads\/2025\/10\/Morgane_Le_cuff.png","width":1080,"height":1080},{"@type":"BreadcrumbList","@id":"https:\/\/salondulivrejeunesse.fr\/index.php\/morgane-le-cuff\/#breadcrumb","itemListElement":[{"@type":"ListItem","position":1,"name":"Accueil","item":"https:\/\/salondulivrejeunesse.fr\/"},{"@type":"ListItem","position":2,"name":"Morgane Le Cuff, autrice"}]},{"@type":"WebSite","@id":"https:\/\/salondulivrejeunesse.fr\/#website","url":"https:\/\/salondulivrejeunesse.fr\/","name":"Salon du livre jeunesse de Foug\u00e8res Agglom\u00e9ration","description":"","publisher":{"@id":"https:\/\/salondulivrejeunesse.fr\/#organization"},"potentialAction":[{"@type":"SearchAction","target":{"@type":"EntryPoint","urlTemplate":"https:\/\/salondulivrejeunesse.fr\/?s={search_term_string}"},"query-input":{"@type":"PropertyValueSpecification","valueRequired":true,"valueName":"search_term_string"}}],"inLanguage":"fr-FR"},{"@type":"Organization","@id":"https:\/\/salondulivrejeunesse.fr\/#organization","name":"Foug\u00e8res Agglom\u00e9ration","url":"https:\/\/salondulivrejeunesse.fr\/","logo":{"@type":"ImageObject","inLanguage":"fr-FR","@id":"https:\/\/salondulivrejeunesse.fr\/#\/schema\/logo\/image\/","url":"https:\/\/salondulivrejeunesse.fr\/wp-content\/uploads\/2020\/06\/20190101_FA_Logo_1_Coul_Bleu-scaled.jpg","contentUrl":"https:\/\/salondulivrejeunesse.fr\/wp-content\/uploads\/2020\/06\/20190101_FA_Logo_1_Coul_Bleu-scaled.jpg","width":2560,"height":937,"caption":"Foug\u00e8res Agglom\u00e9ration"},"image":{"@id":"https:\/\/salondulivrejeunesse.fr\/#\/schema\/logo\/image\/"},"sameAs":["https:\/\/www.facebook.com\/salondulivrefougeresagglo\/?epa=SEARCH_BOX"]}]}},"jetpack_sharing_enabled":true,"_links":{"self":[{"href":"https:\/\/salondulivrejeunesse.fr\/index.php\/wp-json\/wp\/v2\/pages\/5062","targetHints":{"allow":["GET"]}}],"collection":[{"href":"https:\/\/salondulivrejeunesse.fr\/index.php\/wp-json\/wp\/v2\/pages"}],"about":[{"href":"https:\/\/salondulivrejeunesse.fr\/index.php\/wp-json\/wp\/v2\/types\/page"}],"author":[{"embeddable":true,"href":"https:\/\/salondulivrejeunesse.fr\/index.php\/wp-json\/wp\/v2\/users\/1"}],"replies":[{"embeddable":true,"href":"https:\/\/salondulivrejeunesse.fr\/index.php\/wp-json\/wp\/v2\/comments?post=5062"}],"version-history":[{"count":9,"href":"https:\/\/salondulivrejeunesse.fr\/index.php\/wp-json\/wp\/v2\/pages\/5062\/revisions"}],"predecessor-version":[{"id":5790,"href":"https:\/\/salondulivrejeunesse.fr\/index.php\/wp-json\/wp\/v2\/pages\/5062\/revisions\/5790"}],"wp:attachment":[{"href":"https:\/\/salondulivrejeunesse.fr\/index.php\/wp-json\/wp\/v2\/media?parent=5062"}],"wp:term":[{"taxonomy":"wf_page_folders","embeddable":true,"href":"https:\/\/salondulivrejeunesse.fr\/index.php\/wp-json\/wp\/v2\/wf_page_folders?post=5062"}],"curies":[{"name":"wp","href":"https:\/\/api.w.org\/{rel}","templated":true}]}}