{"id":5057,"date":"2025-10-10T09:58:26","date_gmt":"2025-10-10T07:58:26","guid":{"rendered":"https:\/\/salondulivrejeunesse.fr\/?page_id=5057"},"modified":"2025-10-21T14:32:02","modified_gmt":"2025-10-21T12:32:02","slug":"laura-hedon","status":"publish","type":"page","link":"https:\/\/salondulivrejeunesse.fr\/index.php\/laura-hedon\/","title":{"rendered":"Laura Hedon, autrice-illustratrice"},"content":{"rendered":"\n<div style=\"height:29px\" aria-hidden=\"true\" class=\"wp-block-spacer\"><\/div>\n\n\n\n<div class=\"wp-block-media-text alignwide is-stacked-on-mobile\" style=\"grid-template-columns:21% auto\"><figure class=\"wp-block-media-text__media\"><img fetchpriority=\"high\" decoding=\"async\" width=\"1024\" height=\"1024\" src=\"https:\/\/salondulivrejeunesse.fr\/wp-content\/uploads\/2025\/09\/laura_hedon-1024x1024.png\" alt=\"\" class=\"wp-image-5280 size-full\" srcset=\"https:\/\/salondulivrejeunesse.fr\/wp-content\/uploads\/2025\/09\/laura_hedon-1024x1024.png 1024w, https:\/\/salondulivrejeunesse.fr\/wp-content\/uploads\/2025\/09\/laura_hedon-300x300.png 300w, https:\/\/salondulivrejeunesse.fr\/wp-content\/uploads\/2025\/09\/laura_hedon-150x150.png 150w, https:\/\/salondulivrejeunesse.fr\/wp-content\/uploads\/2025\/09\/laura_hedon-768x768.png 768w, https:\/\/salondulivrejeunesse.fr\/wp-content\/uploads\/2025\/09\/laura_hedon.png 1080w\" sizes=\"(max-width: 1024px) 100vw, 1024px\" \/><\/figure><div class=\"wp-block-media-text__content\">\n<p>Apr\u00e8s des \u00e9tudes en biologie, Laura s\u2019engage dans le milieu de la litt\u00e9rature jeunesse avec cette envie de partager son amour du monde vivant \u00e0 travers des histoires illustr\u00e9es. Elle aime travailler ses illustrations de mani\u00e8re traditionnelle, en m\u00e9langeant les techniques de l&rsquo;aquarelle avec la gouache, le crayon, le pastel ou encore le collage. Dans ses histoires, elle aborde des th\u00e8mes comme la solidarit\u00e9, le rapport de l\u2019homme \u00e0 la nature, le rapport aux autres et \u00e0 soi\u2026 en y m\u00ealant une grande part d\u2019imaginaire.<\/p>\n\n\n\n<p>Son site Internet :<a href=\"https:\/\/www.laurahedon.com\/\" target=\"_blank\" rel=\"noreferrer noopener\"> https:\/\/www.laurahedon.com\/<\/a><\/p>\n<\/div><\/div>\n\n\n\n<div style=\"height:35px\" aria-hidden=\"true\" class=\"wp-block-spacer\"><\/div>\n\n\n\n<p>Rencontrer Laura H\u00e9don :<\/p>\n\n\n\n<ul class=\"wp-block-list\">\n<li><a href=\"https:\/\/salondulivrejeunesse.fr\/index.php\/ateliers\">Atelier <\/a>sur le Salon, samedi 15 novembre, \u00e0 10h00.<\/li>\n\n\n\n<li><a href=\"https:\/\/salondulivrejeunesse.fr\/index.php\/expositions\">Exposition <\/a>dans les m\u00e9diath\u00e8ques de L\u00e9cousse et St Georges de Reintembault, du 23 septembre au 15 octobre.<\/li>\n\n\n\n<li><a href=\"https:\/\/salondulivrejeunesse.fr\/index.php\/expositions\">Exposition <\/a>\u00e0 la m\u00e9diath\u00e8que de Romagn\u00e9, du 16 octobre au 5 novembre.<\/li>\n\n\n\n<li><a href=\"https:\/\/salondulivrejeunesse.fr\/index.php\/expositions\">Exposition <\/a>au Salon, du 14 au 16 novembre<\/li>\n\n\n\n<li>En d\u00e9dicaces dans la librairie, le samedi, de 11h15 \u00e0 12h00, de 14h00 \u00e0 18h00, et le dimanche, de 10h00 \u00e0 12h00, 14h \u00e0 16h30.<\/li>\n<\/ul>\n\n\n\n<div style=\"height:36px\" aria-hidden=\"true\" class=\"wp-block-spacer\"><\/div>\n\n\n\n<h2 class=\"wp-block-heading\">Ses livres<\/h2>\n\n\n\n<figure class=\"wp-block-gallery has-nested-images columns-default is-cropped columns-3 wp-block-gallery-1 is-layout-flex wp-block-gallery-is-layout-flex\">\n<figure class=\"wp-block-image size-full\"><img decoding=\"async\" width=\"373\" height=\"500\" data-id=\"5058\" src=\"https:\/\/salondulivrejeunesse.fr\/wp-content\/uploads\/2025\/05\/couv_unikarb_500_9782371761780.jpg\" alt=\"\" class=\"wp-image-5058\" srcset=\"https:\/\/salondulivrejeunesse.fr\/wp-content\/uploads\/2025\/05\/couv_unikarb_500_9782371761780.jpg 373w, https:\/\/salondulivrejeunesse.fr\/wp-content\/uploads\/2025\/05\/couv_unikarb_500_9782371761780-224x300.jpg 224w\" sizes=\"(max-width: 373px) 100vw, 373px\" \/><\/figure>\n\n\n\n<figure class=\"wp-block-image size-full\"><img decoding=\"async\" width=\"400\" height=\"358\" data-id=\"5059\" src=\"https:\/\/salondulivrejeunesse.fr\/wp-content\/uploads\/2025\/05\/Ton-Reve-a-toi.jpg\" alt=\"\" class=\"wp-image-5059\" srcset=\"https:\/\/salondulivrejeunesse.fr\/wp-content\/uploads\/2025\/05\/Ton-Reve-a-toi.jpg 400w, https:\/\/salondulivrejeunesse.fr\/wp-content\/uploads\/2025\/05\/Ton-Reve-a-toi-300x269.jpg 300w\" sizes=\"(max-width: 400px) 100vw, 400px\" \/><\/figure>\n\n\n\n<figure class=\"wp-block-image size-large\"><img loading=\"lazy\" decoding=\"async\" width=\"906\" height=\"1024\" data-id=\"5060\" src=\"https:\/\/salondulivrejeunesse.fr\/wp-content\/uploads\/2025\/05\/papillon-lune-906x1024.jpg\" alt=\"\" class=\"wp-image-5060\" srcset=\"https:\/\/salondulivrejeunesse.fr\/wp-content\/uploads\/2025\/05\/papillon-lune-906x1024.jpg 906w, https:\/\/salondulivrejeunesse.fr\/wp-content\/uploads\/2025\/05\/papillon-lune-265x300.jpg 265w, https:\/\/salondulivrejeunesse.fr\/wp-content\/uploads\/2025\/05\/papillon-lune-768x868.jpg 768w, https:\/\/salondulivrejeunesse.fr\/wp-content\/uploads\/2025\/05\/papillon-lune.jpg 1000w\" sizes=\"(max-width: 906px) 100vw, 906px\" \/><\/figure>\n<\/figure>\n\n\n\n<div style=\"height:20px\" aria-hidden=\"true\" class=\"wp-block-spacer\"><\/div>\n","protected":false},"excerpt":{"rendered":"<p>Apr\u00e8s des \u00e9tudes en biologie, Laura s\u2019engage dans le milieu de la litt\u00e9rature jeunesse avec cette envie de partager son amour du monde vivant \u00e0 travers des histoires illustr\u00e9es. Elle aime travailler ses illustrations de mani\u00e8re traditionnelle, en m\u00e9langeant les techniques de l&rsquo;aquarelle avec la gouache, le crayon, le pastel [&hellip;]<\/p>\n","protected":false},"author":1,"featured_media":0,"parent":0,"menu_order":0,"comment_status":"closed","ping_status":"closed","template":"","meta":{"footnotes":""},"wf_page_folders":[11],"class_list":["post-5057","page","type-page","status-publish","hentry"],"yoast_head":"<!-- This site is optimized with the Yoast SEO plugin v26.1.1 - https:\/\/yoast.com\/wordpress\/plugins\/seo\/ -->\n<title>Laura Hedon, autrice-illustratrice - Salon du livre jeunesse de Foug\u00e8res Agglom\u00e9ration<\/title>\n<meta name=\"robots\" content=\"index, follow, max-snippet:-1, max-image-preview:large, max-video-preview:-1\" \/>\n<link rel=\"canonical\" href=\"https:\/\/salondulivrejeunesse.fr\/index.php\/laura-hedon\/\" \/>\n<meta property=\"og:locale\" content=\"fr_FR\" \/>\n<meta property=\"og:type\" content=\"article\" \/>\n<meta property=\"og:title\" content=\"Laura Hedon, autrice-illustratrice - Salon du livre jeunesse de Foug\u00e8res Agglom\u00e9ration\" \/>\n<meta property=\"og:description\" content=\"Apr\u00e8s des \u00e9tudes en biologie, Laura s\u2019engage dans le milieu de la litt\u00e9rature jeunesse avec cette envie de partager son amour du monde vivant \u00e0 travers des histoires illustr\u00e9es. Elle aime travailler ses illustrations de mani\u00e8re traditionnelle, en m\u00e9langeant les techniques de l&rsquo;aquarelle avec la gouache, le crayon, le pastel [&hellip;]\" \/>\n<meta property=\"og:url\" content=\"https:\/\/salondulivrejeunesse.fr\/index.php\/laura-hedon\/\" \/>\n<meta property=\"og:site_name\" content=\"Salon du livre jeunesse de Foug\u00e8res Agglom\u00e9ration\" \/>\n<meta property=\"article:publisher\" content=\"https:\/\/www.facebook.com\/salondulivrefougeresagglo\/?epa=SEARCH_BOX\" \/>\n<meta property=\"article:modified_time\" content=\"2025-10-21T12:32:02+00:00\" \/>\n<meta property=\"og:image\" content=\"https:\/\/salondulivrejeunesse.fr\/wp-content\/uploads\/2025\/09\/laura_hedon.png\" \/>\n\t<meta property=\"og:image:width\" content=\"1080\" \/>\n\t<meta property=\"og:image:height\" content=\"1080\" \/>\n\t<meta property=\"og:image:type\" content=\"image\/png\" \/>\n<meta name=\"twitter:card\" content=\"summary_large_image\" \/>\n<meta name=\"twitter:label1\" content=\"Dur\u00e9e de lecture estim\u00e9e\" \/>\n\t<meta name=\"twitter:data1\" content=\"2 minutes\" \/>\n<script type=\"application\/ld+json\" class=\"yoast-schema-graph\">{\"@context\":\"https:\/\/schema.org\",\"@graph\":[{\"@type\":\"WebPage\",\"@id\":\"https:\/\/salondulivrejeunesse.fr\/index.php\/laura-hedon\/\",\"url\":\"https:\/\/salondulivrejeunesse.fr\/index.php\/laura-hedon\/\",\"name\":\"Laura Hedon, autrice-illustratrice - Salon du livre jeunesse de Foug\u00e8res Agglom\u00e9ration\",\"isPartOf\":{\"@id\":\"https:\/\/salondulivrejeunesse.fr\/#website\"},\"primaryImageOfPage\":{\"@id\":\"https:\/\/salondulivrejeunesse.fr\/index.php\/laura-hedon\/#primaryimage\"},\"image\":{\"@id\":\"https:\/\/salondulivrejeunesse.fr\/index.php\/laura-hedon\/#primaryimage\"},\"thumbnailUrl\":\"https:\/\/salondulivrejeunesse.fr\/wp-content\/uploads\/2025\/09\/laura_hedon-1024x1024.png\",\"datePublished\":\"2025-10-10T07:58:26+00:00\",\"dateModified\":\"2025-10-21T12:32:02+00:00\",\"breadcrumb\":{\"@id\":\"https:\/\/salondulivrejeunesse.fr\/index.php\/laura-hedon\/#breadcrumb\"},\"inLanguage\":\"fr-FR\",\"potentialAction\":[{\"@type\":\"ReadAction\",\"target\":[\"https:\/\/salondulivrejeunesse.fr\/index.php\/laura-hedon\/\"]}]},{\"@type\":\"ImageObject\",\"inLanguage\":\"fr-FR\",\"@id\":\"https:\/\/salondulivrejeunesse.fr\/index.php\/laura-hedon\/#primaryimage\",\"url\":\"https:\/\/salondulivrejeunesse.fr\/wp-content\/uploads\/2025\/09\/laura_hedon.png\",\"contentUrl\":\"https:\/\/salondulivrejeunesse.fr\/wp-content\/uploads\/2025\/09\/laura_hedon.png\",\"width\":1080,\"height\":1080},{\"@type\":\"BreadcrumbList\",\"@id\":\"https:\/\/salondulivrejeunesse.fr\/index.php\/laura-hedon\/#breadcrumb\",\"itemListElement\":[{\"@type\":\"ListItem\",\"position\":1,\"name\":\"Accueil\",\"item\":\"https:\/\/salondulivrejeunesse.fr\/\"},{\"@type\":\"ListItem\",\"position\":2,\"name\":\"Laura Hedon, autrice-illustratrice\"}]},{\"@type\":\"WebSite\",\"@id\":\"https:\/\/salondulivrejeunesse.fr\/#website\",\"url\":\"https:\/\/salondulivrejeunesse.fr\/\",\"name\":\"Salon du livre jeunesse de Foug\u00e8res Agglom\u00e9ration\",\"description\":\"\",\"publisher\":{\"@id\":\"https:\/\/salondulivrejeunesse.fr\/#organization\"},\"potentialAction\":[{\"@type\":\"SearchAction\",\"target\":{\"@type\":\"EntryPoint\",\"urlTemplate\":\"https:\/\/salondulivrejeunesse.fr\/?s={search_term_string}\"},\"query-input\":{\"@type\":\"PropertyValueSpecification\",\"valueRequired\":true,\"valueName\":\"search_term_string\"}}],\"inLanguage\":\"fr-FR\"},{\"@type\":\"Organization\",\"@id\":\"https:\/\/salondulivrejeunesse.fr\/#organization\",\"name\":\"Foug\u00e8res Agglom\u00e9ration\",\"url\":\"https:\/\/salondulivrejeunesse.fr\/\",\"logo\":{\"@type\":\"ImageObject\",\"inLanguage\":\"fr-FR\",\"@id\":\"https:\/\/salondulivrejeunesse.fr\/#\/schema\/logo\/image\/\",\"url\":\"https:\/\/salondulivrejeunesse.fr\/wp-content\/uploads\/2020\/06\/20190101_FA_Logo_1_Coul_Bleu-scaled.jpg\",\"contentUrl\":\"https:\/\/salondulivrejeunesse.fr\/wp-content\/uploads\/2020\/06\/20190101_FA_Logo_1_Coul_Bleu-scaled.jpg\",\"width\":2560,\"height\":937,\"caption\":\"Foug\u00e8res Agglom\u00e9ration\"},\"image\":{\"@id\":\"https:\/\/salondulivrejeunesse.fr\/#\/schema\/logo\/image\/\"},\"sameAs\":[\"https:\/\/www.facebook.com\/salondulivrefougeresagglo\/?epa=SEARCH_BOX\"]}]}<\/script>\n<!-- \/ Yoast SEO plugin. -->","yoast_head_json":{"title":"Laura Hedon, autrice-illustratrice - Salon du livre jeunesse de Foug\u00e8res Agglom\u00e9ration","robots":{"index":"index","follow":"follow","max-snippet":"max-snippet:-1","max-image-preview":"max-image-preview:large","max-video-preview":"max-video-preview:-1"},"canonical":"https:\/\/salondulivrejeunesse.fr\/index.php\/laura-hedon\/","og_locale":"fr_FR","og_type":"article","og_title":"Laura Hedon, autrice-illustratrice - Salon du livre jeunesse de Foug\u00e8res Agglom\u00e9ration","og_description":"Apr\u00e8s des \u00e9tudes en biologie, Laura s\u2019engage dans le milieu de la litt\u00e9rature jeunesse avec cette envie de partager son amour du monde vivant \u00e0 travers des histoires illustr\u00e9es. Elle aime travailler ses illustrations de mani\u00e8re traditionnelle, en m\u00e9langeant les techniques de l&rsquo;aquarelle avec la gouache, le crayon, le pastel [&hellip;]","og_url":"https:\/\/salondulivrejeunesse.fr\/index.php\/laura-hedon\/","og_site_name":"Salon du livre jeunesse de Foug\u00e8res Agglom\u00e9ration","article_publisher":"https:\/\/www.facebook.com\/salondulivrefougeresagglo\/?epa=SEARCH_BOX","article_modified_time":"2025-10-21T12:32:02+00:00","og_image":[{"width":1080,"height":1080,"url":"https:\/\/salondulivrejeunesse.fr\/wp-content\/uploads\/2025\/09\/laura_hedon.png","type":"image\/png"}],"twitter_card":"summary_large_image","twitter_misc":{"Dur\u00e9e de lecture estim\u00e9e":"2 minutes"},"schema":{"@context":"https:\/\/schema.org","@graph":[{"@type":"WebPage","@id":"https:\/\/salondulivrejeunesse.fr\/index.php\/laura-hedon\/","url":"https:\/\/salondulivrejeunesse.fr\/index.php\/laura-hedon\/","name":"Laura Hedon, autrice-illustratrice - Salon du livre jeunesse de Foug\u00e8res Agglom\u00e9ration","isPartOf":{"@id":"https:\/\/salondulivrejeunesse.fr\/#website"},"primaryImageOfPage":{"@id":"https:\/\/salondulivrejeunesse.fr\/index.php\/laura-hedon\/#primaryimage"},"image":{"@id":"https:\/\/salondulivrejeunesse.fr\/index.php\/laura-hedon\/#primaryimage"},"thumbnailUrl":"https:\/\/salondulivrejeunesse.fr\/wp-content\/uploads\/2025\/09\/laura_hedon-1024x1024.png","datePublished":"2025-10-10T07:58:26+00:00","dateModified":"2025-10-21T12:32:02+00:00","breadcrumb":{"@id":"https:\/\/salondulivrejeunesse.fr\/index.php\/laura-hedon\/#breadcrumb"},"inLanguage":"fr-FR","potentialAction":[{"@type":"ReadAction","target":["https:\/\/salondulivrejeunesse.fr\/index.php\/laura-hedon\/"]}]},{"@type":"ImageObject","inLanguage":"fr-FR","@id":"https:\/\/salondulivrejeunesse.fr\/index.php\/laura-hedon\/#primaryimage","url":"https:\/\/salondulivrejeunesse.fr\/wp-content\/uploads\/2025\/09\/laura_hedon.png","contentUrl":"https:\/\/salondulivrejeunesse.fr\/wp-content\/uploads\/2025\/09\/laura_hedon.png","width":1080,"height":1080},{"@type":"BreadcrumbList","@id":"https:\/\/salondulivrejeunesse.fr\/index.php\/laura-hedon\/#breadcrumb","itemListElement":[{"@type":"ListItem","position":1,"name":"Accueil","item":"https:\/\/salondulivrejeunesse.fr\/"},{"@type":"ListItem","position":2,"name":"Laura Hedon, autrice-illustratrice"}]},{"@type":"WebSite","@id":"https:\/\/salondulivrejeunesse.fr\/#website","url":"https:\/\/salondulivrejeunesse.fr\/","name":"Salon du livre jeunesse de Foug\u00e8res Agglom\u00e9ration","description":"","publisher":{"@id":"https:\/\/salondulivrejeunesse.fr\/#organization"},"potentialAction":[{"@type":"SearchAction","target":{"@type":"EntryPoint","urlTemplate":"https:\/\/salondulivrejeunesse.fr\/?s={search_term_string}"},"query-input":{"@type":"PropertyValueSpecification","valueRequired":true,"valueName":"search_term_string"}}],"inLanguage":"fr-FR"},{"@type":"Organization","@id":"https:\/\/salondulivrejeunesse.fr\/#organization","name":"Foug\u00e8res Agglom\u00e9ration","url":"https:\/\/salondulivrejeunesse.fr\/","logo":{"@type":"ImageObject","inLanguage":"fr-FR","@id":"https:\/\/salondulivrejeunesse.fr\/#\/schema\/logo\/image\/","url":"https:\/\/salondulivrejeunesse.fr\/wp-content\/uploads\/2020\/06\/20190101_FA_Logo_1_Coul_Bleu-scaled.jpg","contentUrl":"https:\/\/salondulivrejeunesse.fr\/wp-content\/uploads\/2020\/06\/20190101_FA_Logo_1_Coul_Bleu-scaled.jpg","width":2560,"height":937,"caption":"Foug\u00e8res Agglom\u00e9ration"},"image":{"@id":"https:\/\/salondulivrejeunesse.fr\/#\/schema\/logo\/image\/"},"sameAs":["https:\/\/www.facebook.com\/salondulivrefougeresagglo\/?epa=SEARCH_BOX"]}]}},"jetpack_sharing_enabled":true,"_links":{"self":[{"href":"https:\/\/salondulivrejeunesse.fr\/index.php\/wp-json\/wp\/v2\/pages\/5057","targetHints":{"allow":["GET"]}}],"collection":[{"href":"https:\/\/salondulivrejeunesse.fr\/index.php\/wp-json\/wp\/v2\/pages"}],"about":[{"href":"https:\/\/salondulivrejeunesse.fr\/index.php\/wp-json\/wp\/v2\/types\/page"}],"author":[{"embeddable":true,"href":"https:\/\/salondulivrejeunesse.fr\/index.php\/wp-json\/wp\/v2\/users\/1"}],"replies":[{"embeddable":true,"href":"https:\/\/salondulivrejeunesse.fr\/index.php\/wp-json\/wp\/v2\/comments?post=5057"}],"version-history":[{"count":10,"href":"https:\/\/salondulivrejeunesse.fr\/index.php\/wp-json\/wp\/v2\/pages\/5057\/revisions"}],"predecessor-version":[{"id":5899,"href":"https:\/\/salondulivrejeunesse.fr\/index.php\/wp-json\/wp\/v2\/pages\/5057\/revisions\/5899"}],"wp:attachment":[{"href":"https:\/\/salondulivrejeunesse.fr\/index.php\/wp-json\/wp\/v2\/media?parent=5057"}],"wp:term":[{"taxonomy":"wf_page_folders","embeddable":true,"href":"https:\/\/salondulivrejeunesse.fr\/index.php\/wp-json\/wp\/v2\/wf_page_folders?post=5057"}],"curies":[{"name":"wp","href":"https:\/\/api.w.org\/{rel}","templated":true}]}}