{"id":5031,"date":"2025-10-10T10:14:58","date_gmt":"2025-10-10T08:14:58","guid":{"rendered":"https:\/\/salondulivrejeunesse.fr\/?page_id=5031"},"modified":"2025-10-10T10:14:58","modified_gmt":"2025-10-10T08:14:58","slug":"violaine-costa","status":"publish","type":"page","link":"https:\/\/salondulivrejeunesse.fr\/index.php\/violaine-costa\/","title":{"rendered":"Violaine Costa, autrice-illustratrice"},"content":{"rendered":"\n<div style=\"height:29px\" aria-hidden=\"true\" class=\"wp-block-spacer\"><\/div>\n\n\n\n<div class=\"wp-block-media-text alignwide is-stacked-on-mobile\" style=\"grid-template-columns:21% auto\"><figure class=\"wp-block-media-text__media\"><img fetchpriority=\"high\" decoding=\"async\" width=\"1024\" height=\"1024\" src=\"https:\/\/salondulivrejeunesse.fr\/wp-content\/uploads\/2025\/09\/violaine_costa-1024x1024.png\" alt=\"\" class=\"wp-image-5294 size-full\" srcset=\"https:\/\/salondulivrejeunesse.fr\/wp-content\/uploads\/2025\/09\/violaine_costa-1024x1024.png 1024w, https:\/\/salondulivrejeunesse.fr\/wp-content\/uploads\/2025\/09\/violaine_costa-300x300.png 300w, https:\/\/salondulivrejeunesse.fr\/wp-content\/uploads\/2025\/09\/violaine_costa-150x150.png 150w, https:\/\/salondulivrejeunesse.fr\/wp-content\/uploads\/2025\/09\/violaine_costa-768x768.png 768w, https:\/\/salondulivrejeunesse.fr\/wp-content\/uploads\/2025\/09\/violaine_costa.png 1080w\" sizes=\"(max-width: 1024px) 100vw, 1024px\" \/><\/figure><div class=\"wp-block-media-text__content\">\n<p>Violaine Costa est autrice et illustratrice jeunesse bas\u00e9e en France. Elle imagine des mondes po\u00e9tiques et sensibles, peupl\u00e9s d\u2019animaux doux, d\u2019enfants r\u00eaveurs et d\u2019\u00e9motions discr\u00e8tes. Publi\u00e9 dans plus de 50 ouvrages en France et \u00e0 l\u2019international, son travail c\u00e9l\u00e8bre le pouvoir de l\u2019imaginaire et l\u2019\u00e9motion de la narration. Elle commence souvent ses illustrations au crayon avant d\u2019ajouter la couleur sur Photoshop ou \u00e0 la main. Son but : cr\u00e9er des images tendres, intemporelles et \u00e9vocatrices.&nbsp;<\/p>\n\n\n\n<p>Son site Internet :<a href=\"https:\/\/www.violainecosta.net\/\"> https:\/\/www.violainecosta.net\/<\/a><\/p>\n<\/div><\/div>\n\n\n\n<div style=\"height:51px\" aria-hidden=\"true\" class=\"wp-block-spacer\"><\/div>\n\n\n\n<p>Rencontrer Violaine Costa :<\/p>\n\n\n\n<ul class=\"wp-block-list\">\n<li><a href=\"https:\/\/salondulivrejeunesse.fr\/index.php\/rencontres\">Atelier-rencontre <\/a>\u00e0 la m\u00e9diath\u00e8que de St Marc sur Couesnon, samedi 15 novembre, de 10h00 \u00e0 11h30.<\/li>\n\n\n\n<li>En d\u00e9dicaces dans la librairie, le samedi, de 14h00 \u00e0 18h, et le dimanche, de 10h00 \u00e0 12h00.<\/li>\n<\/ul>\n\n\n\n<div style=\"height:36px\" aria-hidden=\"true\" class=\"wp-block-spacer\"><\/div>\n\n\n\n<h2 class=\"wp-block-heading\">Ses livres<\/h2>\n\n\n\n<figure class=\"wp-block-gallery has-nested-images columns-default is-cropped columns-3 wp-block-gallery-1 is-layout-flex wp-block-gallery-is-layout-flex\">\n<figure class=\"wp-block-image size-large\"><img decoding=\"async\" width=\"780\" height=\"1024\" data-id=\"5032\" src=\"https:\/\/salondulivrejeunesse.fr\/wp-content\/uploads\/2025\/05\/VIOLAINE-COSTA-GLENAT-CV1-MAM_ZELLE_PISTACHE-scaled-1-780x1024.jpg\" alt=\"\" class=\"wp-image-5032\" srcset=\"https:\/\/salondulivrejeunesse.fr\/wp-content\/uploads\/2025\/05\/VIOLAINE-COSTA-GLENAT-CV1-MAM_ZELLE_PISTACHE-scaled-1-780x1024.jpg 780w, https:\/\/salondulivrejeunesse.fr\/wp-content\/uploads\/2025\/05\/VIOLAINE-COSTA-GLENAT-CV1-MAM_ZELLE_PISTACHE-scaled-1-229x300.jpg 229w, https:\/\/salondulivrejeunesse.fr\/wp-content\/uploads\/2025\/05\/VIOLAINE-COSTA-GLENAT-CV1-MAM_ZELLE_PISTACHE-scaled-1-768x1008.jpg 768w, https:\/\/salondulivrejeunesse.fr\/wp-content\/uploads\/2025\/05\/VIOLAINE-COSTA-GLENAT-CV1-MAM_ZELLE_PISTACHE-scaled-1-1170x1536.jpg 1170w, https:\/\/salondulivrejeunesse.fr\/wp-content\/uploads\/2025\/05\/VIOLAINE-COSTA-GLENAT-CV1-MAM_ZELLE_PISTACHE-scaled-1-1560x2048.jpg 1560w, https:\/\/salondulivrejeunesse.fr\/wp-content\/uploads\/2025\/05\/VIOLAINE-COSTA-GLENAT-CV1-MAM_ZELLE_PISTACHE-scaled-1.jpg 1950w\" sizes=\"(max-width: 780px) 100vw, 780px\" \/><\/figure>\n\n\n\n<figure class=\"wp-block-image size-full\"><img decoding=\"async\" width=\"429\" height=\"429\" data-id=\"5033\" src=\"https:\/\/salondulivrejeunesse.fr\/wp-content\/uploads\/2025\/05\/violaine-costa-illustration-couvertures-saint-nicolas-et-peere-fouettard-livre-pour-enfants-aux-editions-pere-fouettard.jpg\" alt=\"\" class=\"wp-image-5033\" srcset=\"https:\/\/salondulivrejeunesse.fr\/wp-content\/uploads\/2025\/05\/violaine-costa-illustration-couvertures-saint-nicolas-et-peere-fouettard-livre-pour-enfants-aux-editions-pere-fouettard.jpg 429w, https:\/\/salondulivrejeunesse.fr\/wp-content\/uploads\/2025\/05\/violaine-costa-illustration-couvertures-saint-nicolas-et-peere-fouettard-livre-pour-enfants-aux-editions-pere-fouettard-300x300.jpg 300w, https:\/\/salondulivrejeunesse.fr\/wp-content\/uploads\/2025\/05\/violaine-costa-illustration-couvertures-saint-nicolas-et-peere-fouettard-livre-pour-enfants-aux-editions-pere-fouettard-150x150.jpg 150w\" sizes=\"(max-width: 429px) 100vw, 429px\" \/><\/figure>\n\n\n\n<figure class=\"wp-block-image size-full\"><img loading=\"lazy\" decoding=\"async\" width=\"788\" height=\"1000\" data-id=\"5034\" src=\"https:\/\/salondulivrejeunesse.fr\/wp-content\/uploads\/2025\/05\/71j1opaAz5L._AC_UF10001000_QL80_.jpg\" alt=\"\" class=\"wp-image-5034\" srcset=\"https:\/\/salondulivrejeunesse.fr\/wp-content\/uploads\/2025\/05\/71j1opaAz5L._AC_UF10001000_QL80_.jpg 788w, https:\/\/salondulivrejeunesse.fr\/wp-content\/uploads\/2025\/05\/71j1opaAz5L._AC_UF10001000_QL80_-236x300.jpg 236w, https:\/\/salondulivrejeunesse.fr\/wp-content\/uploads\/2025\/05\/71j1opaAz5L._AC_UF10001000_QL80_-768x975.jpg 768w\" sizes=\"(max-width: 788px) 100vw, 788px\" \/><\/figure>\n<\/figure>\n\n\n\n<div style=\"height:20px\" aria-hidden=\"true\" class=\"wp-block-spacer\"><\/div>\n","protected":false},"excerpt":{"rendered":"<p>Violaine Costa est autrice et illustratrice jeunesse bas\u00e9e en France. Elle imagine des mondes po\u00e9tiques et sensibles, peupl\u00e9s d\u2019animaux doux, d\u2019enfants r\u00eaveurs et d\u2019\u00e9motions discr\u00e8tes. Publi\u00e9 dans plus de 50 ouvrages en France et \u00e0 l\u2019international, son travail c\u00e9l\u00e8bre le pouvoir de l\u2019imaginaire et l\u2019\u00e9motion de la narration. Elle commence [&hellip;]<\/p>\n","protected":false},"author":1,"featured_media":0,"parent":0,"menu_order":0,"comment_status":"closed","ping_status":"closed","template":"","meta":{"footnotes":""},"wf_page_folders":[11],"class_list":["post-5031","page","type-page","status-publish","hentry"],"yoast_head":"<!-- This site is optimized with the Yoast SEO plugin v26.1.1 - https:\/\/yoast.com\/wordpress\/plugins\/seo\/ -->\n<title>Violaine Costa, autrice-illustratrice - Salon du livre jeunesse de Foug\u00e8res Agglom\u00e9ration<\/title>\n<meta name=\"robots\" content=\"index, follow, max-snippet:-1, max-image-preview:large, max-video-preview:-1\" \/>\n<link rel=\"canonical\" href=\"https:\/\/salondulivrejeunesse.fr\/index.php\/violaine-costa\/\" \/>\n<meta property=\"og:locale\" content=\"fr_FR\" \/>\n<meta property=\"og:type\" content=\"article\" \/>\n<meta property=\"og:title\" content=\"Violaine Costa, autrice-illustratrice - Salon du livre jeunesse de Foug\u00e8res Agglom\u00e9ration\" \/>\n<meta property=\"og:description\" content=\"Violaine Costa est autrice et illustratrice jeunesse bas\u00e9e en France. Elle imagine des mondes po\u00e9tiques et sensibles, peupl\u00e9s d\u2019animaux doux, d\u2019enfants r\u00eaveurs et d\u2019\u00e9motions discr\u00e8tes. Publi\u00e9 dans plus de 50 ouvrages en France et \u00e0 l\u2019international, son travail c\u00e9l\u00e8bre le pouvoir de l\u2019imaginaire et l\u2019\u00e9motion de la narration. Elle commence [&hellip;]\" \/>\n<meta property=\"og:url\" content=\"https:\/\/salondulivrejeunesse.fr\/index.php\/violaine-costa\/\" \/>\n<meta property=\"og:site_name\" content=\"Salon du livre jeunesse de Foug\u00e8res Agglom\u00e9ration\" \/>\n<meta property=\"article:publisher\" content=\"https:\/\/www.facebook.com\/salondulivrefougeresagglo\/?epa=SEARCH_BOX\" \/>\n<meta property=\"og:image\" content=\"https:\/\/salondulivrejeunesse.fr\/wp-content\/uploads\/2025\/09\/violaine_costa.png\" \/>\n\t<meta property=\"og:image:width\" content=\"1080\" \/>\n\t<meta property=\"og:image:height\" content=\"1080\" \/>\n\t<meta property=\"og:image:type\" content=\"image\/png\" \/>\n<meta name=\"twitter:card\" content=\"summary_large_image\" \/>\n<meta name=\"twitter:label1\" content=\"Dur\u00e9e de lecture estim\u00e9e\" \/>\n\t<meta name=\"twitter:data1\" content=\"2 minutes\" \/>\n<script type=\"application\/ld+json\" class=\"yoast-schema-graph\">{\"@context\":\"https:\/\/schema.org\",\"@graph\":[{\"@type\":\"WebPage\",\"@id\":\"https:\/\/salondulivrejeunesse.fr\/index.php\/violaine-costa\/\",\"url\":\"https:\/\/salondulivrejeunesse.fr\/index.php\/violaine-costa\/\",\"name\":\"Violaine Costa, autrice-illustratrice - Salon du livre jeunesse de Foug\u00e8res Agglom\u00e9ration\",\"isPartOf\":{\"@id\":\"https:\/\/salondulivrejeunesse.fr\/#website\"},\"primaryImageOfPage\":{\"@id\":\"https:\/\/salondulivrejeunesse.fr\/index.php\/violaine-costa\/#primaryimage\"},\"image\":{\"@id\":\"https:\/\/salondulivrejeunesse.fr\/index.php\/violaine-costa\/#primaryimage\"},\"thumbnailUrl\":\"https:\/\/salondulivrejeunesse.fr\/wp-content\/uploads\/2025\/09\/violaine_costa-1024x1024.png\",\"datePublished\":\"2025-10-10T08:14:58+00:00\",\"breadcrumb\":{\"@id\":\"https:\/\/salondulivrejeunesse.fr\/index.php\/violaine-costa\/#breadcrumb\"},\"inLanguage\":\"fr-FR\",\"potentialAction\":[{\"@type\":\"ReadAction\",\"target\":[\"https:\/\/salondulivrejeunesse.fr\/index.php\/violaine-costa\/\"]}]},{\"@type\":\"ImageObject\",\"inLanguage\":\"fr-FR\",\"@id\":\"https:\/\/salondulivrejeunesse.fr\/index.php\/violaine-costa\/#primaryimage\",\"url\":\"https:\/\/salondulivrejeunesse.fr\/wp-content\/uploads\/2025\/09\/violaine_costa.png\",\"contentUrl\":\"https:\/\/salondulivrejeunesse.fr\/wp-content\/uploads\/2025\/09\/violaine_costa.png\",\"width\":1080,\"height\":1080},{\"@type\":\"BreadcrumbList\",\"@id\":\"https:\/\/salondulivrejeunesse.fr\/index.php\/violaine-costa\/#breadcrumb\",\"itemListElement\":[{\"@type\":\"ListItem\",\"position\":1,\"name\":\"Accueil\",\"item\":\"https:\/\/salondulivrejeunesse.fr\/\"},{\"@type\":\"ListItem\",\"position\":2,\"name\":\"Violaine Costa, autrice-illustratrice\"}]},{\"@type\":\"WebSite\",\"@id\":\"https:\/\/salondulivrejeunesse.fr\/#website\",\"url\":\"https:\/\/salondulivrejeunesse.fr\/\",\"name\":\"Salon du livre jeunesse de Foug\u00e8res Agglom\u00e9ration\",\"description\":\"\",\"publisher\":{\"@id\":\"https:\/\/salondulivrejeunesse.fr\/#organization\"},\"potentialAction\":[{\"@type\":\"SearchAction\",\"target\":{\"@type\":\"EntryPoint\",\"urlTemplate\":\"https:\/\/salondulivrejeunesse.fr\/?s={search_term_string}\"},\"query-input\":{\"@type\":\"PropertyValueSpecification\",\"valueRequired\":true,\"valueName\":\"search_term_string\"}}],\"inLanguage\":\"fr-FR\"},{\"@type\":\"Organization\",\"@id\":\"https:\/\/salondulivrejeunesse.fr\/#organization\",\"name\":\"Foug\u00e8res Agglom\u00e9ration\",\"url\":\"https:\/\/salondulivrejeunesse.fr\/\",\"logo\":{\"@type\":\"ImageObject\",\"inLanguage\":\"fr-FR\",\"@id\":\"https:\/\/salondulivrejeunesse.fr\/#\/schema\/logo\/image\/\",\"url\":\"https:\/\/salondulivrejeunesse.fr\/wp-content\/uploads\/2020\/06\/20190101_FA_Logo_1_Coul_Bleu-scaled.jpg\",\"contentUrl\":\"https:\/\/salondulivrejeunesse.fr\/wp-content\/uploads\/2020\/06\/20190101_FA_Logo_1_Coul_Bleu-scaled.jpg\",\"width\":2560,\"height\":937,\"caption\":\"Foug\u00e8res Agglom\u00e9ration\"},\"image\":{\"@id\":\"https:\/\/salondulivrejeunesse.fr\/#\/schema\/logo\/image\/\"},\"sameAs\":[\"https:\/\/www.facebook.com\/salondulivrefougeresagglo\/?epa=SEARCH_BOX\"]}]}<\/script>\n<!-- \/ Yoast SEO plugin. -->","yoast_head_json":{"title":"Violaine Costa, autrice-illustratrice - Salon du livre jeunesse de Foug\u00e8res Agglom\u00e9ration","robots":{"index":"index","follow":"follow","max-snippet":"max-snippet:-1","max-image-preview":"max-image-preview:large","max-video-preview":"max-video-preview:-1"},"canonical":"https:\/\/salondulivrejeunesse.fr\/index.php\/violaine-costa\/","og_locale":"fr_FR","og_type":"article","og_title":"Violaine Costa, autrice-illustratrice - Salon du livre jeunesse de Foug\u00e8res Agglom\u00e9ration","og_description":"Violaine Costa est autrice et illustratrice jeunesse bas\u00e9e en France. Elle imagine des mondes po\u00e9tiques et sensibles, peupl\u00e9s d\u2019animaux doux, d\u2019enfants r\u00eaveurs et d\u2019\u00e9motions discr\u00e8tes. Publi\u00e9 dans plus de 50 ouvrages en France et \u00e0 l\u2019international, son travail c\u00e9l\u00e8bre le pouvoir de l\u2019imaginaire et l\u2019\u00e9motion de la narration. Elle commence [&hellip;]","og_url":"https:\/\/salondulivrejeunesse.fr\/index.php\/violaine-costa\/","og_site_name":"Salon du livre jeunesse de Foug\u00e8res Agglom\u00e9ration","article_publisher":"https:\/\/www.facebook.com\/salondulivrefougeresagglo\/?epa=SEARCH_BOX","og_image":[{"width":1080,"height":1080,"url":"https:\/\/salondulivrejeunesse.fr\/wp-content\/uploads\/2025\/09\/violaine_costa.png","type":"image\/png"}],"twitter_card":"summary_large_image","twitter_misc":{"Dur\u00e9e de lecture estim\u00e9e":"2 minutes"},"schema":{"@context":"https:\/\/schema.org","@graph":[{"@type":"WebPage","@id":"https:\/\/salondulivrejeunesse.fr\/index.php\/violaine-costa\/","url":"https:\/\/salondulivrejeunesse.fr\/index.php\/violaine-costa\/","name":"Violaine Costa, autrice-illustratrice - Salon du livre jeunesse de Foug\u00e8res Agglom\u00e9ration","isPartOf":{"@id":"https:\/\/salondulivrejeunesse.fr\/#website"},"primaryImageOfPage":{"@id":"https:\/\/salondulivrejeunesse.fr\/index.php\/violaine-costa\/#primaryimage"},"image":{"@id":"https:\/\/salondulivrejeunesse.fr\/index.php\/violaine-costa\/#primaryimage"},"thumbnailUrl":"https:\/\/salondulivrejeunesse.fr\/wp-content\/uploads\/2025\/09\/violaine_costa-1024x1024.png","datePublished":"2025-10-10T08:14:58+00:00","breadcrumb":{"@id":"https:\/\/salondulivrejeunesse.fr\/index.php\/violaine-costa\/#breadcrumb"},"inLanguage":"fr-FR","potentialAction":[{"@type":"ReadAction","target":["https:\/\/salondulivrejeunesse.fr\/index.php\/violaine-costa\/"]}]},{"@type":"ImageObject","inLanguage":"fr-FR","@id":"https:\/\/salondulivrejeunesse.fr\/index.php\/violaine-costa\/#primaryimage","url":"https:\/\/salondulivrejeunesse.fr\/wp-content\/uploads\/2025\/09\/violaine_costa.png","contentUrl":"https:\/\/salondulivrejeunesse.fr\/wp-content\/uploads\/2025\/09\/violaine_costa.png","width":1080,"height":1080},{"@type":"BreadcrumbList","@id":"https:\/\/salondulivrejeunesse.fr\/index.php\/violaine-costa\/#breadcrumb","itemListElement":[{"@type":"ListItem","position":1,"name":"Accueil","item":"https:\/\/salondulivrejeunesse.fr\/"},{"@type":"ListItem","position":2,"name":"Violaine Costa, autrice-illustratrice"}]},{"@type":"WebSite","@id":"https:\/\/salondulivrejeunesse.fr\/#website","url":"https:\/\/salondulivrejeunesse.fr\/","name":"Salon du livre jeunesse de Foug\u00e8res Agglom\u00e9ration","description":"","publisher":{"@id":"https:\/\/salondulivrejeunesse.fr\/#organization"},"potentialAction":[{"@type":"SearchAction","target":{"@type":"EntryPoint","urlTemplate":"https:\/\/salondulivrejeunesse.fr\/?s={search_term_string}"},"query-input":{"@type":"PropertyValueSpecification","valueRequired":true,"valueName":"search_term_string"}}],"inLanguage":"fr-FR"},{"@type":"Organization","@id":"https:\/\/salondulivrejeunesse.fr\/#organization","name":"Foug\u00e8res Agglom\u00e9ration","url":"https:\/\/salondulivrejeunesse.fr\/","logo":{"@type":"ImageObject","inLanguage":"fr-FR","@id":"https:\/\/salondulivrejeunesse.fr\/#\/schema\/logo\/image\/","url":"https:\/\/salondulivrejeunesse.fr\/wp-content\/uploads\/2020\/06\/20190101_FA_Logo_1_Coul_Bleu-scaled.jpg","contentUrl":"https:\/\/salondulivrejeunesse.fr\/wp-content\/uploads\/2020\/06\/20190101_FA_Logo_1_Coul_Bleu-scaled.jpg","width":2560,"height":937,"caption":"Foug\u00e8res Agglom\u00e9ration"},"image":{"@id":"https:\/\/salondulivrejeunesse.fr\/#\/schema\/logo\/image\/"},"sameAs":["https:\/\/www.facebook.com\/salondulivrefougeresagglo\/?epa=SEARCH_BOX"]}]}},"jetpack_sharing_enabled":true,"_links":{"self":[{"href":"https:\/\/salondulivrejeunesse.fr\/index.php\/wp-json\/wp\/v2\/pages\/5031","targetHints":{"allow":["GET"]}}],"collection":[{"href":"https:\/\/salondulivrejeunesse.fr\/index.php\/wp-json\/wp\/v2\/pages"}],"about":[{"href":"https:\/\/salondulivrejeunesse.fr\/index.php\/wp-json\/wp\/v2\/types\/page"}],"author":[{"embeddable":true,"href":"https:\/\/salondulivrejeunesse.fr\/index.php\/wp-json\/wp\/v2\/users\/1"}],"replies":[{"embeddable":true,"href":"https:\/\/salondulivrejeunesse.fr\/index.php\/wp-json\/wp\/v2\/comments?post=5031"}],"version-history":[{"count":6,"href":"https:\/\/salondulivrejeunesse.fr\/index.php\/wp-json\/wp\/v2\/pages\/5031\/revisions"}],"predecessor-version":[{"id":5409,"href":"https:\/\/salondulivrejeunesse.fr\/index.php\/wp-json\/wp\/v2\/pages\/5031\/revisions\/5409"}],"wp:attachment":[{"href":"https:\/\/salondulivrejeunesse.fr\/index.php\/wp-json\/wp\/v2\/media?parent=5031"}],"wp:term":[{"taxonomy":"wf_page_folders","embeddable":true,"href":"https:\/\/salondulivrejeunesse.fr\/index.php\/wp-json\/wp\/v2\/wf_page_folders?post=5031"}],"curies":[{"name":"wp","href":"https:\/\/api.w.org\/{rel}","templated":true}]}}