{"id":5021,"date":"2025-10-10T09:58:26","date_gmt":"2025-10-10T07:58:26","guid":{"rendered":"https:\/\/salondulivrejeunesse.fr\/?page_id=5021"},"modified":"2025-10-10T09:58:26","modified_gmt":"2025-10-10T07:58:26","slug":"anne-cortey","status":"publish","type":"page","link":"https:\/\/salondulivrejeunesse.fr\/index.php\/anne-cortey\/","title":{"rendered":"Anne Cortey, autrice"},"content":{"rendered":"\n<div style=\"height:29px\" aria-hidden=\"true\" class=\"wp-block-spacer\"><\/div>\n\n\n\n<div class=\"wp-block-media-text alignwide is-stacked-on-mobile\" style=\"grid-template-columns:21% auto\"><figure class=\"wp-block-media-text__media\"><img fetchpriority=\"high\" decoding=\"async\" width=\"1024\" height=\"1024\" src=\"https:\/\/salondulivrejeunesse.fr\/wp-content\/uploads\/2025\/09\/Auteurices_photos-1024x1024.png\" alt=\"\" class=\"wp-image-5268 size-full\" srcset=\"https:\/\/salondulivrejeunesse.fr\/wp-content\/uploads\/2025\/09\/Auteurices_photos-1024x1024.png 1024w, https:\/\/salondulivrejeunesse.fr\/wp-content\/uploads\/2025\/09\/Auteurices_photos-300x300.png 300w, https:\/\/salondulivrejeunesse.fr\/wp-content\/uploads\/2025\/09\/Auteurices_photos-150x150.png 150w, https:\/\/salondulivrejeunesse.fr\/wp-content\/uploads\/2025\/09\/Auteurices_photos-768x768.png 768w, https:\/\/salondulivrejeunesse.fr\/wp-content\/uploads\/2025\/09\/Auteurices_photos.png 1080w\" sizes=\"(max-width: 1024px) 100vw, 1024px\" \/><\/figure><div class=\"wp-block-media-text__content\">\n<p>Enfant, Anne Cortey d\u00e9cide qu\u2019elle passera toute sa vie au milieu des livres. Elle a d\u2019abord cru qu\u2019elle serait biblioth\u00e9caire, puis libraire et finalement, prise de d\u00e9mangeaisons d\u2019\u00e9criture, elle devint autrice. &nbsp;<br>Elle est l\u2019autrice de plusieurs albums et romans pour la jeunesse, dont <em>Les \u00e9bouriff\u00e9s<\/em>, <em>Les nuits de Mona<\/em>, Pom Pom pomme Amos,&nbsp; <em>Nonna et Marta<\/em>, ou encore <em>Les d\u00e9saccord\u00e9s<\/em> et <em>Harlem<\/em>.&nbsp;<\/p>\n\n\n\n<p>Son site internet : <a href=\"https:\/\/www.instagram.com\/annecortey\/?hl=fr\">https:\/\/www.instagram.com\/annecortey\/?hl=fr<\/a><\/p>\n<\/div><\/div>\n\n\n\n<div style=\"height:8px\" aria-hidden=\"true\" class=\"wp-block-spacer\"><\/div>\n\n\n\n<p>Rencontrer Anne Cortey :<\/p>\n\n\n\n<ul class=\"wp-block-list\">\n<li>En d\u00e9dicaces dans la librairie, le samedi, de 10h00 \u00e0 12h00, de 14h00 \u00e0 18h, et le dimanche, de 10h00 \u00e0 12h00.<\/li>\n<\/ul>\n\n\n\n<div style=\"height:25px\" aria-hidden=\"true\" class=\"wp-block-spacer\"><\/div>\n\n\n\n<h2 class=\"wp-block-heading\">Ses livres<\/h2>\n\n\n\n<figure class=\"wp-block-gallery has-nested-images columns-default is-cropped columns-3 wp-block-gallery-1 is-layout-flex wp-block-gallery-is-layout-flex\">\n<figure class=\"wp-block-image size-full\"><img decoding=\"async\" width=\"657\" height=\"1000\" data-id=\"5022\" src=\"https:\/\/salondulivrejeunesse.fr\/wp-content\/uploads\/2025\/05\/71xdZP5KLkL._AC_UF10001000_QL80_.jpg\" alt=\"\" class=\"wp-image-5022\" srcset=\"https:\/\/salondulivrejeunesse.fr\/wp-content\/uploads\/2025\/05\/71xdZP5KLkL._AC_UF10001000_QL80_.jpg 657w, https:\/\/salondulivrejeunesse.fr\/wp-content\/uploads\/2025\/05\/71xdZP5KLkL._AC_UF10001000_QL80_-197x300.jpg 197w\" sizes=\"(max-width: 657px) 100vw, 657px\" \/><\/figure>\n\n\n\n<figure class=\"wp-block-image size-full\"><img decoding=\"async\" width=\"600\" height=\"956\" data-id=\"5023\" src=\"https:\/\/salondulivrejeunesse.fr\/wp-content\/uploads\/2025\/05\/1_9782211302289_1_75.jpg\" alt=\"\" class=\"wp-image-5023\" srcset=\"https:\/\/salondulivrejeunesse.fr\/wp-content\/uploads\/2025\/05\/1_9782211302289_1_75.jpg 600w, https:\/\/salondulivrejeunesse.fr\/wp-content\/uploads\/2025\/05\/1_9782211302289_1_75-188x300.jpg 188w\" sizes=\"(max-width: 600px) 100vw, 600px\" \/><\/figure>\n\n\n\n<figure class=\"wp-block-image size-full\"><img loading=\"lazy\" decoding=\"async\" width=\"600\" height=\"911\" data-id=\"5024\" src=\"https:\/\/salondulivrejeunesse.fr\/wp-content\/uploads\/2025\/05\/9782211328135_1_75.jpg\" alt=\"\" class=\"wp-image-5024\" srcset=\"https:\/\/salondulivrejeunesse.fr\/wp-content\/uploads\/2025\/05\/9782211328135_1_75.jpg 600w, https:\/\/salondulivrejeunesse.fr\/wp-content\/uploads\/2025\/05\/9782211328135_1_75-198x300.jpg 198w\" sizes=\"(max-width: 600px) 100vw, 600px\" \/><\/figure>\n<\/figure>\n\n\n\n<div style=\"height:20px\" aria-hidden=\"true\" class=\"wp-block-spacer\"><\/div>\n\n\n\n<p><\/p>\n","protected":false},"excerpt":{"rendered":"<p>Enfant, Anne Cortey d\u00e9cide qu\u2019elle passera toute sa vie au milieu des livres. Elle a d\u2019abord cru qu\u2019elle serait biblioth\u00e9caire, puis libraire et finalement, prise de d\u00e9mangeaisons d\u2019\u00e9criture, elle devint autrice. &nbsp;Elle est l\u2019autrice de plusieurs albums et romans pour la jeunesse, dont Les \u00e9bouriff\u00e9s, Les nuits de Mona, Pom [&hellip;]<\/p>\n","protected":false},"author":1,"featured_media":0,"parent":0,"menu_order":0,"comment_status":"closed","ping_status":"closed","template":"","meta":{"footnotes":""},"wf_page_folders":[11],"class_list":["post-5021","page","type-page","status-publish","hentry"],"yoast_head":"<!-- This site is optimized with the Yoast SEO plugin v26.1.1 - https:\/\/yoast.com\/wordpress\/plugins\/seo\/ -->\n<title>Anne Cortey, autrice - Salon du livre jeunesse de Foug\u00e8res Agglom\u00e9ration<\/title>\n<meta name=\"robots\" content=\"index, follow, max-snippet:-1, max-image-preview:large, max-video-preview:-1\" \/>\n<link rel=\"canonical\" href=\"https:\/\/salondulivrejeunesse.fr\/index.php\/anne-cortey\/\" \/>\n<meta property=\"og:locale\" content=\"fr_FR\" \/>\n<meta property=\"og:type\" content=\"article\" \/>\n<meta property=\"og:title\" content=\"Anne Cortey, autrice - Salon du livre jeunesse de Foug\u00e8res Agglom\u00e9ration\" \/>\n<meta property=\"og:description\" content=\"Enfant, Anne Cortey d\u00e9cide qu\u2019elle passera toute sa vie au milieu des livres. Elle a d\u2019abord cru qu\u2019elle serait biblioth\u00e9caire, puis libraire et finalement, prise de d\u00e9mangeaisons d\u2019\u00e9criture, elle devint autrice. &nbsp;Elle est l\u2019autrice de plusieurs albums et romans pour la jeunesse, dont Les \u00e9bouriff\u00e9s, Les nuits de Mona, Pom [&hellip;]\" \/>\n<meta property=\"og:url\" content=\"https:\/\/salondulivrejeunesse.fr\/index.php\/anne-cortey\/\" \/>\n<meta property=\"og:site_name\" content=\"Salon du livre jeunesse de Foug\u00e8res Agglom\u00e9ration\" \/>\n<meta property=\"article:publisher\" content=\"https:\/\/www.facebook.com\/salondulivrefougeresagglo\/?epa=SEARCH_BOX\" \/>\n<meta property=\"og:image\" content=\"https:\/\/salondulivrejeunesse.fr\/wp-content\/uploads\/2025\/09\/Auteurices_photos.png\" \/>\n\t<meta property=\"og:image:width\" content=\"1080\" \/>\n\t<meta property=\"og:image:height\" content=\"1080\" \/>\n\t<meta property=\"og:image:type\" content=\"image\/png\" \/>\n<meta name=\"twitter:card\" content=\"summary_large_image\" \/>\n<meta name=\"twitter:label1\" content=\"Dur\u00e9e de lecture estim\u00e9e\" \/>\n\t<meta name=\"twitter:data1\" content=\"2 minutes\" \/>\n<script type=\"application\/ld+json\" class=\"yoast-schema-graph\">{\"@context\":\"https:\/\/schema.org\",\"@graph\":[{\"@type\":\"WebPage\",\"@id\":\"https:\/\/salondulivrejeunesse.fr\/index.php\/anne-cortey\/\",\"url\":\"https:\/\/salondulivrejeunesse.fr\/index.php\/anne-cortey\/\",\"name\":\"Anne Cortey, autrice - Salon du livre jeunesse de Foug\u00e8res Agglom\u00e9ration\",\"isPartOf\":{\"@id\":\"https:\/\/salondulivrejeunesse.fr\/#website\"},\"primaryImageOfPage\":{\"@id\":\"https:\/\/salondulivrejeunesse.fr\/index.php\/anne-cortey\/#primaryimage\"},\"image\":{\"@id\":\"https:\/\/salondulivrejeunesse.fr\/index.php\/anne-cortey\/#primaryimage\"},\"thumbnailUrl\":\"https:\/\/salondulivrejeunesse.fr\/wp-content\/uploads\/2025\/09\/Auteurices_photos-1024x1024.png\",\"datePublished\":\"2025-10-10T07:58:26+00:00\",\"breadcrumb\":{\"@id\":\"https:\/\/salondulivrejeunesse.fr\/index.php\/anne-cortey\/#breadcrumb\"},\"inLanguage\":\"fr-FR\",\"potentialAction\":[{\"@type\":\"ReadAction\",\"target\":[\"https:\/\/salondulivrejeunesse.fr\/index.php\/anne-cortey\/\"]}]},{\"@type\":\"ImageObject\",\"inLanguage\":\"fr-FR\",\"@id\":\"https:\/\/salondulivrejeunesse.fr\/index.php\/anne-cortey\/#primaryimage\",\"url\":\"https:\/\/salondulivrejeunesse.fr\/wp-content\/uploads\/2025\/09\/Auteurices_photos.png\",\"contentUrl\":\"https:\/\/salondulivrejeunesse.fr\/wp-content\/uploads\/2025\/09\/Auteurices_photos.png\",\"width\":1080,\"height\":1080},{\"@type\":\"BreadcrumbList\",\"@id\":\"https:\/\/salondulivrejeunesse.fr\/index.php\/anne-cortey\/#breadcrumb\",\"itemListElement\":[{\"@type\":\"ListItem\",\"position\":1,\"name\":\"Accueil\",\"item\":\"https:\/\/salondulivrejeunesse.fr\/\"},{\"@type\":\"ListItem\",\"position\":2,\"name\":\"Anne Cortey, autrice\"}]},{\"@type\":\"WebSite\",\"@id\":\"https:\/\/salondulivrejeunesse.fr\/#website\",\"url\":\"https:\/\/salondulivrejeunesse.fr\/\",\"name\":\"Salon du livre jeunesse de Foug\u00e8res Agglom\u00e9ration\",\"description\":\"\",\"publisher\":{\"@id\":\"https:\/\/salondulivrejeunesse.fr\/#organization\"},\"potentialAction\":[{\"@type\":\"SearchAction\",\"target\":{\"@type\":\"EntryPoint\",\"urlTemplate\":\"https:\/\/salondulivrejeunesse.fr\/?s={search_term_string}\"},\"query-input\":{\"@type\":\"PropertyValueSpecification\",\"valueRequired\":true,\"valueName\":\"search_term_string\"}}],\"inLanguage\":\"fr-FR\"},{\"@type\":\"Organization\",\"@id\":\"https:\/\/salondulivrejeunesse.fr\/#organization\",\"name\":\"Foug\u00e8res Agglom\u00e9ration\",\"url\":\"https:\/\/salondulivrejeunesse.fr\/\",\"logo\":{\"@type\":\"ImageObject\",\"inLanguage\":\"fr-FR\",\"@id\":\"https:\/\/salondulivrejeunesse.fr\/#\/schema\/logo\/image\/\",\"url\":\"https:\/\/salondulivrejeunesse.fr\/wp-content\/uploads\/2020\/06\/20190101_FA_Logo_1_Coul_Bleu-scaled.jpg\",\"contentUrl\":\"https:\/\/salondulivrejeunesse.fr\/wp-content\/uploads\/2020\/06\/20190101_FA_Logo_1_Coul_Bleu-scaled.jpg\",\"width\":2560,\"height\":937,\"caption\":\"Foug\u00e8res Agglom\u00e9ration\"},\"image\":{\"@id\":\"https:\/\/salondulivrejeunesse.fr\/#\/schema\/logo\/image\/\"},\"sameAs\":[\"https:\/\/www.facebook.com\/salondulivrefougeresagglo\/?epa=SEARCH_BOX\"]}]}<\/script>\n<!-- \/ Yoast SEO plugin. -->","yoast_head_json":{"title":"Anne Cortey, autrice - Salon du livre jeunesse de Foug\u00e8res Agglom\u00e9ration","robots":{"index":"index","follow":"follow","max-snippet":"max-snippet:-1","max-image-preview":"max-image-preview:large","max-video-preview":"max-video-preview:-1"},"canonical":"https:\/\/salondulivrejeunesse.fr\/index.php\/anne-cortey\/","og_locale":"fr_FR","og_type":"article","og_title":"Anne Cortey, autrice - Salon du livre jeunesse de Foug\u00e8res Agglom\u00e9ration","og_description":"Enfant, Anne Cortey d\u00e9cide qu\u2019elle passera toute sa vie au milieu des livres. Elle a d\u2019abord cru qu\u2019elle serait biblioth\u00e9caire, puis libraire et finalement, prise de d\u00e9mangeaisons d\u2019\u00e9criture, elle devint autrice. &nbsp;Elle est l\u2019autrice de plusieurs albums et romans pour la jeunesse, dont Les \u00e9bouriff\u00e9s, Les nuits de Mona, Pom [&hellip;]","og_url":"https:\/\/salondulivrejeunesse.fr\/index.php\/anne-cortey\/","og_site_name":"Salon du livre jeunesse de Foug\u00e8res Agglom\u00e9ration","article_publisher":"https:\/\/www.facebook.com\/salondulivrefougeresagglo\/?epa=SEARCH_BOX","og_image":[{"width":1080,"height":1080,"url":"https:\/\/salondulivrejeunesse.fr\/wp-content\/uploads\/2025\/09\/Auteurices_photos.png","type":"image\/png"}],"twitter_card":"summary_large_image","twitter_misc":{"Dur\u00e9e de lecture estim\u00e9e":"2 minutes"},"schema":{"@context":"https:\/\/schema.org","@graph":[{"@type":"WebPage","@id":"https:\/\/salondulivrejeunesse.fr\/index.php\/anne-cortey\/","url":"https:\/\/salondulivrejeunesse.fr\/index.php\/anne-cortey\/","name":"Anne Cortey, autrice - Salon du livre jeunesse de Foug\u00e8res Agglom\u00e9ration","isPartOf":{"@id":"https:\/\/salondulivrejeunesse.fr\/#website"},"primaryImageOfPage":{"@id":"https:\/\/salondulivrejeunesse.fr\/index.php\/anne-cortey\/#primaryimage"},"image":{"@id":"https:\/\/salondulivrejeunesse.fr\/index.php\/anne-cortey\/#primaryimage"},"thumbnailUrl":"https:\/\/salondulivrejeunesse.fr\/wp-content\/uploads\/2025\/09\/Auteurices_photos-1024x1024.png","datePublished":"2025-10-10T07:58:26+00:00","breadcrumb":{"@id":"https:\/\/salondulivrejeunesse.fr\/index.php\/anne-cortey\/#breadcrumb"},"inLanguage":"fr-FR","potentialAction":[{"@type":"ReadAction","target":["https:\/\/salondulivrejeunesse.fr\/index.php\/anne-cortey\/"]}]},{"@type":"ImageObject","inLanguage":"fr-FR","@id":"https:\/\/salondulivrejeunesse.fr\/index.php\/anne-cortey\/#primaryimage","url":"https:\/\/salondulivrejeunesse.fr\/wp-content\/uploads\/2025\/09\/Auteurices_photos.png","contentUrl":"https:\/\/salondulivrejeunesse.fr\/wp-content\/uploads\/2025\/09\/Auteurices_photos.png","width":1080,"height":1080},{"@type":"BreadcrumbList","@id":"https:\/\/salondulivrejeunesse.fr\/index.php\/anne-cortey\/#breadcrumb","itemListElement":[{"@type":"ListItem","position":1,"name":"Accueil","item":"https:\/\/salondulivrejeunesse.fr\/"},{"@type":"ListItem","position":2,"name":"Anne Cortey, autrice"}]},{"@type":"WebSite","@id":"https:\/\/salondulivrejeunesse.fr\/#website","url":"https:\/\/salondulivrejeunesse.fr\/","name":"Salon du livre jeunesse de Foug\u00e8res Agglom\u00e9ration","description":"","publisher":{"@id":"https:\/\/salondulivrejeunesse.fr\/#organization"},"potentialAction":[{"@type":"SearchAction","target":{"@type":"EntryPoint","urlTemplate":"https:\/\/salondulivrejeunesse.fr\/?s={search_term_string}"},"query-input":{"@type":"PropertyValueSpecification","valueRequired":true,"valueName":"search_term_string"}}],"inLanguage":"fr-FR"},{"@type":"Organization","@id":"https:\/\/salondulivrejeunesse.fr\/#organization","name":"Foug\u00e8res Agglom\u00e9ration","url":"https:\/\/salondulivrejeunesse.fr\/","logo":{"@type":"ImageObject","inLanguage":"fr-FR","@id":"https:\/\/salondulivrejeunesse.fr\/#\/schema\/logo\/image\/","url":"https:\/\/salondulivrejeunesse.fr\/wp-content\/uploads\/2020\/06\/20190101_FA_Logo_1_Coul_Bleu-scaled.jpg","contentUrl":"https:\/\/salondulivrejeunesse.fr\/wp-content\/uploads\/2020\/06\/20190101_FA_Logo_1_Coul_Bleu-scaled.jpg","width":2560,"height":937,"caption":"Foug\u00e8res Agglom\u00e9ration"},"image":{"@id":"https:\/\/salondulivrejeunesse.fr\/#\/schema\/logo\/image\/"},"sameAs":["https:\/\/www.facebook.com\/salondulivrefougeresagglo\/?epa=SEARCH_BOX"]}]}},"jetpack_sharing_enabled":true,"_links":{"self":[{"href":"https:\/\/salondulivrejeunesse.fr\/index.php\/wp-json\/wp\/v2\/pages\/5021","targetHints":{"allow":["GET"]}}],"collection":[{"href":"https:\/\/salondulivrejeunesse.fr\/index.php\/wp-json\/wp\/v2\/pages"}],"about":[{"href":"https:\/\/salondulivrejeunesse.fr\/index.php\/wp-json\/wp\/v2\/types\/page"}],"author":[{"embeddable":true,"href":"https:\/\/salondulivrejeunesse.fr\/index.php\/wp-json\/wp\/v2\/users\/1"}],"replies":[{"embeddable":true,"href":"https:\/\/salondulivrejeunesse.fr\/index.php\/wp-json\/wp\/v2\/comments?post=5021"}],"version-history":[{"count":7,"href":"https:\/\/salondulivrejeunesse.fr\/index.php\/wp-json\/wp\/v2\/pages\/5021\/revisions"}],"predecessor-version":[{"id":5550,"href":"https:\/\/salondulivrejeunesse.fr\/index.php\/wp-json\/wp\/v2\/pages\/5021\/revisions\/5550"}],"wp:attachment":[{"href":"https:\/\/salondulivrejeunesse.fr\/index.php\/wp-json\/wp\/v2\/media?parent=5021"}],"wp:term":[{"taxonomy":"wf_page_folders","embeddable":true,"href":"https:\/\/salondulivrejeunesse.fr\/index.php\/wp-json\/wp\/v2\/wf_page_folders?post=5021"}],"curies":[{"name":"wp","href":"https:\/\/api.w.org\/{rel}","templated":true}]}}