{"id":5014,"date":"2025-10-10T09:58:26","date_gmt":"2025-10-10T07:58:26","guid":{"rendered":"https:\/\/salondulivrejeunesse.fr\/?page_id=5014"},"modified":"2025-10-10T09:58:26","modified_gmt":"2025-10-10T07:58:26","slug":"charline-collette","status":"publish","type":"page","link":"https:\/\/salondulivrejeunesse.fr\/index.php\/charline-collette\/","title":{"rendered":"Charline Collette, autrice-illustratrice"},"content":{"rendered":"\n<div style=\"height:29px\" aria-hidden=\"true\" class=\"wp-block-spacer\"><\/div>\n\n\n\n<div class=\"wp-block-media-text alignwide is-stacked-on-mobile\" style=\"grid-template-columns:21% auto\"><figure class=\"wp-block-media-text__media\"><img fetchpriority=\"high\" decoding=\"async\" width=\"1024\" height=\"1024\" src=\"https:\/\/salondulivrejeunesse.fr\/wp-content\/uploads\/2025\/09\/charline_collette-1024x1024.png\" alt=\"Photo de Charline Colette\" class=\"wp-image-5275 size-full\" srcset=\"https:\/\/salondulivrejeunesse.fr\/wp-content\/uploads\/2025\/09\/charline_collette-1024x1024.png 1024w, https:\/\/salondulivrejeunesse.fr\/wp-content\/uploads\/2025\/09\/charline_collette-300x300.png 300w, https:\/\/salondulivrejeunesse.fr\/wp-content\/uploads\/2025\/09\/charline_collette-150x150.png 150w, https:\/\/salondulivrejeunesse.fr\/wp-content\/uploads\/2025\/09\/charline_collette-768x768.png 768w, https:\/\/salondulivrejeunesse.fr\/wp-content\/uploads\/2025\/09\/charline_collette.png 1080w\" sizes=\"(max-width: 1024px) 100vw, 1024px\" \/><\/figure><div class=\"wp-block-media-text__content\">\n<p>Apr\u00e8s une enfance dans le campagne franc-comtoise, Charline Collette a \u00e9tudi\u00e9 la gravure \u00e0 l\u2019\u00c9cole Estienne, la bande dessin\u00e9e \u00e0 l\u2019EESI d\u2019Angoul\u00eame, la peinture aux Beaux-Arts de Paris, l\u2019illustration aux Arts D\u00e9coratifs de Strasbourg puis les Sciences Politiques \u00e0 l\u2019IEP de Strasbourg. Depuis la fin de ses \u00e9tudes elle a publi\u00e9 plus d\u2019une dizaine d\u2019albums jeunesse. Ses ouvrages sont aujourd\u2019hui traduits en de nombreuses langues et sa bande dessin\u00e9e Au bois a notamment \u00e9t\u00e9 r\u00e9compens\u00e9e par le prix R\u00e9v\u00e9lation Livre Jeunesse de l\u2019ADAGP. Son dernier album, publi\u00e9 chez Albin Michel Jeunesse, Ciels, a remport\u00e9 la 36\u1d49 \u00e9dition de l\u2019op\u00e9ration \u00ab Le livre pour grandir \u00bb : ce livre sera offert \u00e0 tous les nouveaux n\u00e9s en 2026 dans le Val-de-Marne, et b\u00e9n\u00e9ficiera d\u2019une mise en musique par la Muse en Circuits ainsi que d\u2019exposition itin\u00e9rante. En parall\u00e8le au travail sur ses albums, Charline Collette r\u00e9alise \u00e9galement des illustrations pour divers commanditaires tels que le Palais de Tokyo, J.O 2024, Louis Vuitton, Revue Topo ou encore Le Monde\u2026 Son travail plastique s\u2019accompagne aussi de nombreux ateliers avec des publics et dans des lieux vari\u00e9s (cr\u00e8che, \u00e9coles, m\u00e9diath\u00e8ques\u2026) et elle a par ailleurs \u00e9t\u00e9 charg\u00e9e de cours d\u2019illustration \u00e0 la Haute \u00c9cole d\u2019Art et de Design de Gen\u00e8ve.<\/p>\n\n\n\n<p>Son site Internet :<a href=\"https:\/\/www.charline-collette.com\/\" target=\"_blank\" rel=\"noreferrer noopener\"> https:\/\/www.charline-collette.com\/<\/a><\/p>\n<\/div><\/div>\n\n\n\n<div style=\"height:22px\" aria-hidden=\"true\" class=\"wp-block-spacer\"><\/div>\n\n\n\n<p>Rencontrer Charline Collette :<\/p>\n\n\n\n<ul class=\"wp-block-list\">\n<li><a href=\"https:\/\/salondulivrejeunesse.fr\/index.php\/ateliers\">Atelier <\/a>sur le Salon, samedi 15 novembre, de 10h30.<\/li>\n\n\n\n<li>En d\u00e9dicaces dans la librairie, le samedi, de 14h00 \u00e0 18h, et le dimanche, de 10h00 \u00e0 11h00.<\/li>\n<\/ul>\n\n\n\n<div style=\"height:36px\" aria-hidden=\"true\" class=\"wp-block-spacer\"><\/div>\n\n\n\n<h2 class=\"wp-block-heading\">Ses livres<\/h2>\n\n\n\n<figure class=\"wp-block-gallery has-nested-images columns-default is-cropped columns-3 wp-block-gallery-1 is-layout-flex wp-block-gallery-is-layout-flex\">\n<figure class=\"wp-block-image size-full\"><img decoding=\"async\" width=\"1000\" height=\"1000\" data-id=\"5016\" src=\"https:\/\/salondulivrejeunesse.fr\/wp-content\/uploads\/2025\/05\/81ZrZ74yRuL._AC_UF10001000_QL80_.jpg\" alt=\"\" class=\"wp-image-5016\" srcset=\"https:\/\/salondulivrejeunesse.fr\/wp-content\/uploads\/2025\/05\/81ZrZ74yRuL._AC_UF10001000_QL80_.jpg 1000w, https:\/\/salondulivrejeunesse.fr\/wp-content\/uploads\/2025\/05\/81ZrZ74yRuL._AC_UF10001000_QL80_-300x300.jpg 300w, https:\/\/salondulivrejeunesse.fr\/wp-content\/uploads\/2025\/05\/81ZrZ74yRuL._AC_UF10001000_QL80_-150x150.jpg 150w, https:\/\/salondulivrejeunesse.fr\/wp-content\/uploads\/2025\/05\/81ZrZ74yRuL._AC_UF10001000_QL80_-768x768.jpg 768w\" sizes=\"(max-width: 1000px) 100vw, 1000px\" \/><\/figure>\n\n\n\n<figure class=\"wp-block-image size-full\"><img decoding=\"async\" width=\"346\" height=\"432\" data-id=\"5017\" src=\"https:\/\/salondulivrejeunesse.fr\/wp-content\/uploads\/2025\/05\/9782203222281.jpg\" alt=\"\" class=\"wp-image-5017\" srcset=\"https:\/\/salondulivrejeunesse.fr\/wp-content\/uploads\/2025\/05\/9782203222281.jpg 346w, https:\/\/salondulivrejeunesse.fr\/wp-content\/uploads\/2025\/05\/9782203222281-240x300.jpg 240w\" sizes=\"(max-width: 346px) 100vw, 346px\" \/><\/figure>\n\n\n\n<figure class=\"wp-block-image size-large\"><img loading=\"lazy\" decoding=\"async\" width=\"839\" height=\"1024\" data-id=\"5018\" src=\"https:\/\/salondulivrejeunesse.fr\/wp-content\/uploads\/2025\/05\/61shc5xsNrL-839x1024.jpg\" alt=\"\" class=\"wp-image-5018\" srcset=\"https:\/\/salondulivrejeunesse.fr\/wp-content\/uploads\/2025\/05\/61shc5xsNrL-839x1024.jpg 839w, https:\/\/salondulivrejeunesse.fr\/wp-content\/uploads\/2025\/05\/61shc5xsNrL-246x300.jpg 246w, https:\/\/salondulivrejeunesse.fr\/wp-content\/uploads\/2025\/05\/61shc5xsNrL-768x937.jpg 768w, https:\/\/salondulivrejeunesse.fr\/wp-content\/uploads\/2025\/05\/61shc5xsNrL.jpg 1000w\" sizes=\"(max-width: 839px) 100vw, 839px\" \/><\/figure>\n<\/figure>\n\n\n\n<div style=\"height:20px\" aria-hidden=\"true\" class=\"wp-block-spacer\"><\/div>\n","protected":false},"excerpt":{"rendered":"<p>Apr\u00e8s une enfance dans le campagne franc-comtoise, Charline Collette a \u00e9tudi\u00e9 la gravure \u00e0 l\u2019\u00c9cole Estienne, la bande dessin\u00e9e \u00e0 l\u2019EESI d\u2019Angoul\u00eame, la peinture aux Beaux-Arts de Paris, l\u2019illustration aux Arts D\u00e9coratifs de Strasbourg puis les Sciences Politiques \u00e0 l\u2019IEP de Strasbourg. Depuis la fin de ses \u00e9tudes elle a [&hellip;]<\/p>\n","protected":false},"author":1,"featured_media":0,"parent":0,"menu_order":0,"comment_status":"closed","ping_status":"closed","template":"","meta":{"footnotes":""},"wf_page_folders":[11],"class_list":["post-5014","page","type-page","status-publish","hentry"],"yoast_head":"<!-- This site is optimized with the Yoast SEO plugin v26.1.1 - https:\/\/yoast.com\/wordpress\/plugins\/seo\/ -->\n<title>Charline Collette, autrice-illustratrice - Salon du livre jeunesse de Foug\u00e8res Agglom\u00e9ration<\/title>\n<meta name=\"robots\" content=\"index, follow, max-snippet:-1, max-image-preview:large, max-video-preview:-1\" \/>\n<link rel=\"canonical\" href=\"https:\/\/salondulivrejeunesse.fr\/index.php\/charline-collette\/\" \/>\n<meta property=\"og:locale\" content=\"fr_FR\" \/>\n<meta property=\"og:type\" content=\"article\" \/>\n<meta property=\"og:title\" content=\"Charline Collette, autrice-illustratrice - Salon du livre jeunesse de Foug\u00e8res Agglom\u00e9ration\" \/>\n<meta property=\"og:description\" content=\"Apr\u00e8s une enfance dans le campagne franc-comtoise, Charline Collette a \u00e9tudi\u00e9 la gravure \u00e0 l\u2019\u00c9cole Estienne, la bande dessin\u00e9e \u00e0 l\u2019EESI d\u2019Angoul\u00eame, la peinture aux Beaux-Arts de Paris, l\u2019illustration aux Arts D\u00e9coratifs de Strasbourg puis les Sciences Politiques \u00e0 l\u2019IEP de Strasbourg. Depuis la fin de ses \u00e9tudes elle a [&hellip;]\" \/>\n<meta property=\"og:url\" content=\"https:\/\/salondulivrejeunesse.fr\/index.php\/charline-collette\/\" \/>\n<meta property=\"og:site_name\" content=\"Salon du livre jeunesse de Foug\u00e8res Agglom\u00e9ration\" \/>\n<meta property=\"article:publisher\" content=\"https:\/\/www.facebook.com\/salondulivrefougeresagglo\/?epa=SEARCH_BOX\" \/>\n<meta property=\"og:image\" content=\"https:\/\/salondulivrejeunesse.fr\/wp-content\/uploads\/2025\/09\/charline_collette.png\" \/>\n\t<meta property=\"og:image:width\" content=\"1080\" \/>\n\t<meta property=\"og:image:height\" content=\"1080\" \/>\n\t<meta property=\"og:image:type\" content=\"image\/png\" \/>\n<meta name=\"twitter:card\" content=\"summary_large_image\" \/>\n<meta name=\"twitter:label1\" content=\"Dur\u00e9e de lecture estim\u00e9e\" \/>\n\t<meta name=\"twitter:data1\" content=\"3 minutes\" \/>\n<script type=\"application\/ld+json\" class=\"yoast-schema-graph\">{\"@context\":\"https:\/\/schema.org\",\"@graph\":[{\"@type\":\"WebPage\",\"@id\":\"https:\/\/salondulivrejeunesse.fr\/index.php\/charline-collette\/\",\"url\":\"https:\/\/salondulivrejeunesse.fr\/index.php\/charline-collette\/\",\"name\":\"Charline Collette, autrice-illustratrice - Salon du livre jeunesse de Foug\u00e8res Agglom\u00e9ration\",\"isPartOf\":{\"@id\":\"https:\/\/salondulivrejeunesse.fr\/#website\"},\"primaryImageOfPage\":{\"@id\":\"https:\/\/salondulivrejeunesse.fr\/index.php\/charline-collette\/#primaryimage\"},\"image\":{\"@id\":\"https:\/\/salondulivrejeunesse.fr\/index.php\/charline-collette\/#primaryimage\"},\"thumbnailUrl\":\"https:\/\/salondulivrejeunesse.fr\/wp-content\/uploads\/2025\/09\/charline_collette-1024x1024.png\",\"datePublished\":\"2025-10-10T07:58:26+00:00\",\"breadcrumb\":{\"@id\":\"https:\/\/salondulivrejeunesse.fr\/index.php\/charline-collette\/#breadcrumb\"},\"inLanguage\":\"fr-FR\",\"potentialAction\":[{\"@type\":\"ReadAction\",\"target\":[\"https:\/\/salondulivrejeunesse.fr\/index.php\/charline-collette\/\"]}]},{\"@type\":\"ImageObject\",\"inLanguage\":\"fr-FR\",\"@id\":\"https:\/\/salondulivrejeunesse.fr\/index.php\/charline-collette\/#primaryimage\",\"url\":\"https:\/\/salondulivrejeunesse.fr\/wp-content\/uploads\/2025\/09\/charline_collette.png\",\"contentUrl\":\"https:\/\/salondulivrejeunesse.fr\/wp-content\/uploads\/2025\/09\/charline_collette.png\",\"width\":1080,\"height\":1080},{\"@type\":\"BreadcrumbList\",\"@id\":\"https:\/\/salondulivrejeunesse.fr\/index.php\/charline-collette\/#breadcrumb\",\"itemListElement\":[{\"@type\":\"ListItem\",\"position\":1,\"name\":\"Accueil\",\"item\":\"https:\/\/salondulivrejeunesse.fr\/\"},{\"@type\":\"ListItem\",\"position\":2,\"name\":\"Charline Collette, autrice-illustratrice\"}]},{\"@type\":\"WebSite\",\"@id\":\"https:\/\/salondulivrejeunesse.fr\/#website\",\"url\":\"https:\/\/salondulivrejeunesse.fr\/\",\"name\":\"Salon du livre jeunesse de Foug\u00e8res Agglom\u00e9ration\",\"description\":\"\",\"publisher\":{\"@id\":\"https:\/\/salondulivrejeunesse.fr\/#organization\"},\"potentialAction\":[{\"@type\":\"SearchAction\",\"target\":{\"@type\":\"EntryPoint\",\"urlTemplate\":\"https:\/\/salondulivrejeunesse.fr\/?s={search_term_string}\"},\"query-input\":{\"@type\":\"PropertyValueSpecification\",\"valueRequired\":true,\"valueName\":\"search_term_string\"}}],\"inLanguage\":\"fr-FR\"},{\"@type\":\"Organization\",\"@id\":\"https:\/\/salondulivrejeunesse.fr\/#organization\",\"name\":\"Foug\u00e8res Agglom\u00e9ration\",\"url\":\"https:\/\/salondulivrejeunesse.fr\/\",\"logo\":{\"@type\":\"ImageObject\",\"inLanguage\":\"fr-FR\",\"@id\":\"https:\/\/salondulivrejeunesse.fr\/#\/schema\/logo\/image\/\",\"url\":\"https:\/\/salondulivrejeunesse.fr\/wp-content\/uploads\/2020\/06\/20190101_FA_Logo_1_Coul_Bleu-scaled.jpg\",\"contentUrl\":\"https:\/\/salondulivrejeunesse.fr\/wp-content\/uploads\/2020\/06\/20190101_FA_Logo_1_Coul_Bleu-scaled.jpg\",\"width\":2560,\"height\":937,\"caption\":\"Foug\u00e8res Agglom\u00e9ration\"},\"image\":{\"@id\":\"https:\/\/salondulivrejeunesse.fr\/#\/schema\/logo\/image\/\"},\"sameAs\":[\"https:\/\/www.facebook.com\/salondulivrefougeresagglo\/?epa=SEARCH_BOX\"]}]}<\/script>\n<!-- \/ Yoast SEO plugin. -->","yoast_head_json":{"title":"Charline Collette, autrice-illustratrice - Salon du livre jeunesse de Foug\u00e8res Agglom\u00e9ration","robots":{"index":"index","follow":"follow","max-snippet":"max-snippet:-1","max-image-preview":"max-image-preview:large","max-video-preview":"max-video-preview:-1"},"canonical":"https:\/\/salondulivrejeunesse.fr\/index.php\/charline-collette\/","og_locale":"fr_FR","og_type":"article","og_title":"Charline Collette, autrice-illustratrice - Salon du livre jeunesse de Foug\u00e8res Agglom\u00e9ration","og_description":"Apr\u00e8s une enfance dans le campagne franc-comtoise, Charline Collette a \u00e9tudi\u00e9 la gravure \u00e0 l\u2019\u00c9cole Estienne, la bande dessin\u00e9e \u00e0 l\u2019EESI d\u2019Angoul\u00eame, la peinture aux Beaux-Arts de Paris, l\u2019illustration aux Arts D\u00e9coratifs de Strasbourg puis les Sciences Politiques \u00e0 l\u2019IEP de Strasbourg. Depuis la fin de ses \u00e9tudes elle a [&hellip;]","og_url":"https:\/\/salondulivrejeunesse.fr\/index.php\/charline-collette\/","og_site_name":"Salon du livre jeunesse de Foug\u00e8res Agglom\u00e9ration","article_publisher":"https:\/\/www.facebook.com\/salondulivrefougeresagglo\/?epa=SEARCH_BOX","og_image":[{"width":1080,"height":1080,"url":"https:\/\/salondulivrejeunesse.fr\/wp-content\/uploads\/2025\/09\/charline_collette.png","type":"image\/png"}],"twitter_card":"summary_large_image","twitter_misc":{"Dur\u00e9e de lecture estim\u00e9e":"3 minutes"},"schema":{"@context":"https:\/\/schema.org","@graph":[{"@type":"WebPage","@id":"https:\/\/salondulivrejeunesse.fr\/index.php\/charline-collette\/","url":"https:\/\/salondulivrejeunesse.fr\/index.php\/charline-collette\/","name":"Charline Collette, autrice-illustratrice - Salon du livre jeunesse de Foug\u00e8res Agglom\u00e9ration","isPartOf":{"@id":"https:\/\/salondulivrejeunesse.fr\/#website"},"primaryImageOfPage":{"@id":"https:\/\/salondulivrejeunesse.fr\/index.php\/charline-collette\/#primaryimage"},"image":{"@id":"https:\/\/salondulivrejeunesse.fr\/index.php\/charline-collette\/#primaryimage"},"thumbnailUrl":"https:\/\/salondulivrejeunesse.fr\/wp-content\/uploads\/2025\/09\/charline_collette-1024x1024.png","datePublished":"2025-10-10T07:58:26+00:00","breadcrumb":{"@id":"https:\/\/salondulivrejeunesse.fr\/index.php\/charline-collette\/#breadcrumb"},"inLanguage":"fr-FR","potentialAction":[{"@type":"ReadAction","target":["https:\/\/salondulivrejeunesse.fr\/index.php\/charline-collette\/"]}]},{"@type":"ImageObject","inLanguage":"fr-FR","@id":"https:\/\/salondulivrejeunesse.fr\/index.php\/charline-collette\/#primaryimage","url":"https:\/\/salondulivrejeunesse.fr\/wp-content\/uploads\/2025\/09\/charline_collette.png","contentUrl":"https:\/\/salondulivrejeunesse.fr\/wp-content\/uploads\/2025\/09\/charline_collette.png","width":1080,"height":1080},{"@type":"BreadcrumbList","@id":"https:\/\/salondulivrejeunesse.fr\/index.php\/charline-collette\/#breadcrumb","itemListElement":[{"@type":"ListItem","position":1,"name":"Accueil","item":"https:\/\/salondulivrejeunesse.fr\/"},{"@type":"ListItem","position":2,"name":"Charline Collette, autrice-illustratrice"}]},{"@type":"WebSite","@id":"https:\/\/salondulivrejeunesse.fr\/#website","url":"https:\/\/salondulivrejeunesse.fr\/","name":"Salon du livre jeunesse de Foug\u00e8res Agglom\u00e9ration","description":"","publisher":{"@id":"https:\/\/salondulivrejeunesse.fr\/#organization"},"potentialAction":[{"@type":"SearchAction","target":{"@type":"EntryPoint","urlTemplate":"https:\/\/salondulivrejeunesse.fr\/?s={search_term_string}"},"query-input":{"@type":"PropertyValueSpecification","valueRequired":true,"valueName":"search_term_string"}}],"inLanguage":"fr-FR"},{"@type":"Organization","@id":"https:\/\/salondulivrejeunesse.fr\/#organization","name":"Foug\u00e8res Agglom\u00e9ration","url":"https:\/\/salondulivrejeunesse.fr\/","logo":{"@type":"ImageObject","inLanguage":"fr-FR","@id":"https:\/\/salondulivrejeunesse.fr\/#\/schema\/logo\/image\/","url":"https:\/\/salondulivrejeunesse.fr\/wp-content\/uploads\/2020\/06\/20190101_FA_Logo_1_Coul_Bleu-scaled.jpg","contentUrl":"https:\/\/salondulivrejeunesse.fr\/wp-content\/uploads\/2020\/06\/20190101_FA_Logo_1_Coul_Bleu-scaled.jpg","width":2560,"height":937,"caption":"Foug\u00e8res Agglom\u00e9ration"},"image":{"@id":"https:\/\/salondulivrejeunesse.fr\/#\/schema\/logo\/image\/"},"sameAs":["https:\/\/www.facebook.com\/salondulivrefougeresagglo\/?epa=SEARCH_BOX"]}]}},"jetpack_sharing_enabled":true,"_links":{"self":[{"href":"https:\/\/salondulivrejeunesse.fr\/index.php\/wp-json\/wp\/v2\/pages\/5014","targetHints":{"allow":["GET"]}}],"collection":[{"href":"https:\/\/salondulivrejeunesse.fr\/index.php\/wp-json\/wp\/v2\/pages"}],"about":[{"href":"https:\/\/salondulivrejeunesse.fr\/index.php\/wp-json\/wp\/v2\/types\/page"}],"author":[{"embeddable":true,"href":"https:\/\/salondulivrejeunesse.fr\/index.php\/wp-json\/wp\/v2\/users\/1"}],"replies":[{"embeddable":true,"href":"https:\/\/salondulivrejeunesse.fr\/index.php\/wp-json\/wp\/v2\/comments?post=5014"}],"version-history":[{"count":10,"href":"https:\/\/salondulivrejeunesse.fr\/index.php\/wp-json\/wp\/v2\/pages\/5014\/revisions"}],"predecessor-version":[{"id":5558,"href":"https:\/\/salondulivrejeunesse.fr\/index.php\/wp-json\/wp\/v2\/pages\/5014\/revisions\/5558"}],"wp:attachment":[{"href":"https:\/\/salondulivrejeunesse.fr\/index.php\/wp-json\/wp\/v2\/media?parent=5014"}],"wp:term":[{"taxonomy":"wf_page_folders","embeddable":true,"href":"https:\/\/salondulivrejeunesse.fr\/index.php\/wp-json\/wp\/v2\/wf_page_folders?post=5014"}],"curies":[{"name":"wp","href":"https:\/\/api.w.org\/{rel}","templated":true}]}}