{"id":4991,"date":"2025-10-10T10:14:58","date_gmt":"2025-10-10T08:14:58","guid":{"rendered":"https:\/\/salondulivrejeunesse.fr\/?page_id=4991"},"modified":"2025-10-11T10:18:20","modified_gmt":"2025-10-11T08:18:20","slug":"sandrine-beau","status":"publish","type":"page","link":"https:\/\/salondulivrejeunesse.fr\/index.php\/sandrine-beau\/","title":{"rendered":"Sandrine Beau, autrice"},"content":{"rendered":"\n<div style=\"height:29px\" aria-hidden=\"true\" class=\"wp-block-spacer\"><\/div>\n\n\n\n<div class=\"wp-block-media-text alignwide is-stacked-on-mobile\" style=\"grid-template-columns:21% auto\"><figure class=\"wp-block-media-text__media\"><img fetchpriority=\"high\" decoding=\"async\" width=\"1024\" height=\"1024\" src=\"https:\/\/salondulivrejeunesse.fr\/wp-content\/uploads\/2025\/09\/sandrine_beau-1024x1024.png\" alt=\"\" class=\"wp-image-5292 size-full\" srcset=\"https:\/\/salondulivrejeunesse.fr\/wp-content\/uploads\/2025\/09\/sandrine_beau-1024x1024.png 1024w, https:\/\/salondulivrejeunesse.fr\/wp-content\/uploads\/2025\/09\/sandrine_beau-300x300.png 300w, https:\/\/salondulivrejeunesse.fr\/wp-content\/uploads\/2025\/09\/sandrine_beau-150x150.png 150w, https:\/\/salondulivrejeunesse.fr\/wp-content\/uploads\/2025\/09\/sandrine_beau-768x768.png 768w, https:\/\/salondulivrejeunesse.fr\/wp-content\/uploads\/2025\/09\/sandrine_beau.png 1080w\" sizes=\"(max-width: 1024px) 100vw, 1024px\" \/><\/figure><div class=\"wp-block-media-text__content\">\n<p>Sandrine BEAU aime les cerises, caresser son chat, photographier les gens chers \u00e0 son coeur devant de jolies portes, et \u00e9crire des histoires pour les petits et les grands. Elle aime aussi partager les coulisses de son m\u00e9tier dans des expos, et lire ses livres \u00e0 voix haute dans des spectacles. <\/p>\n\n\n\n<p>Elle a publi\u00e9 plus d\u2019une centaine d\u2019ouvrages et a re\u00e7u une quarantaine de prix litt\u00e9raires dont le Prix des Incorruptibles en 2021 et le Prix Chronos 2021 en Suisse, pour son polar \u00ab Peur dans la neige \u00bb (Mijade Editions), le Prix des Incorruptibles en 2018 pour son roman \u00ab Le gar\u00e7on qui parlait avec les mains \u00bb (Alice Jeunesse), le Prix Chronos 2015 en France et le Prix Chronos 2016 en Suisse, pour son polar \u00ab Toute seule dans la nuit \u00bb (Alice Jeunesse). <\/p>\n\n\n\n<p>Plusieurs de ses livres ont \u00e9t\u00e9 traduits au Egypte, en Chine, en Bolivie, en Cor\u00e9e, en Italie, en Gr\u00e8ce, en Turquie, en Pologne et en Espagne. Ses histoires sont publi\u00e9es chez Bayard \u00e9ditions, Casterman jeunesse, Mijade Editions, Alice Jeunesse, Poulpe Fictions, Talents Hauts, Milan Editions, \u2026<\/p>\n\n\n\n<p>Sandrine Beau a collabor\u00e9 avec <a href=\"https:\/\/salondulivrejeunesse.fr\/index.php\/maureen-poignonec\">Maur\u00e8en Poignonec<\/a>, qui sera \u00e9galement pr\u00e9sente au Salon du livre.<\/p>\n\n\n\n<p>Son Facebook :<a href=\"https:\/\/www.instagram.com\/sandrine_beau_ecrivaine\/\" target=\"_blank\" rel=\"noreferrer noopener\">https:\/\/www.instagram.com\/sandrine_beau_ecrivaine\/<\/a><\/p>\n<\/div><\/div>\n\n\n\n<div style=\"height:51px\" aria-hidden=\"true\" class=\"wp-block-spacer\"><\/div>\n\n\n\n<p>Rencontrer Sandrine Beau :<\/p>\n\n\n\n<ul class=\"wp-block-list\">\n<li>En d\u00e9dicaces dans la librairie, le samedi, de 10h00 \u00e0 12h00, de 14h00 \u00e0 17h00.<\/li>\n<\/ul>\n\n\n\n<div style=\"height:36px\" aria-hidden=\"true\" class=\"wp-block-spacer\"><\/div>\n\n\n\n<h2 class=\"wp-block-heading\">Ses livres<\/h2>\n\n\n\n<figure class=\"wp-block-gallery has-nested-images columns-default is-cropped columns-3 wp-block-gallery-1 is-layout-flex wp-block-gallery-is-layout-flex\">\n<figure class=\"wp-block-image size-full\"><img decoding=\"async\" width=\"329\" height=\"500\" data-id=\"4992\" src=\"https:\/\/salondulivrejeunesse.fr\/wp-content\/uploads\/2025\/05\/9782874263941-475x500-1.jpg\" alt=\"\" class=\"wp-image-4992\" srcset=\"https:\/\/salondulivrejeunesse.fr\/wp-content\/uploads\/2025\/05\/9782874263941-475x500-1.jpg 329w, https:\/\/salondulivrejeunesse.fr\/wp-content\/uploads\/2025\/05\/9782874263941-475x500-1-197x300.jpg 197w\" sizes=\"(max-width: 329px) 100vw, 329px\" \/><\/figure>\n\n\n\n<figure class=\"wp-block-image size-large\"><img decoding=\"async\" width=\"691\" height=\"1024\" data-id=\"4993\" src=\"https:\/\/salondulivrejeunesse.fr\/wp-content\/uploads\/2025\/05\/71W7la4yRFL-691x1024.jpg\" alt=\"\" class=\"wp-image-4993\" srcset=\"https:\/\/salondulivrejeunesse.fr\/wp-content\/uploads\/2025\/05\/71W7la4yRFL-691x1024.jpg 691w, https:\/\/salondulivrejeunesse.fr\/wp-content\/uploads\/2025\/05\/71W7la4yRFL-202x300.jpg 202w, https:\/\/salondulivrejeunesse.fr\/wp-content\/uploads\/2025\/05\/71W7la4yRFL-768x1138.jpg 768w, https:\/\/salondulivrejeunesse.fr\/wp-content\/uploads\/2025\/05\/71W7la4yRFL-1036x1536.jpg 1036w, https:\/\/salondulivrejeunesse.fr\/wp-content\/uploads\/2025\/05\/71W7la4yRFL-1382x2048.jpg 1382w, https:\/\/salondulivrejeunesse.fr\/wp-content\/uploads\/2025\/05\/71W7la4yRFL.jpg 1400w\" sizes=\"(max-width: 691px) 100vw, 691px\" \/><\/figure>\n\n\n\n<figure class=\"wp-block-image size-full\"><img loading=\"lazy\" decoding=\"async\" width=\"179\" height=\"281\" data-id=\"4994\" src=\"https:\/\/salondulivrejeunesse.fr\/wp-content\/uploads\/2025\/05\/images.jpg\" alt=\"\" class=\"wp-image-4994\"\/><\/figure>\n<\/figure>\n\n\n\n<div style=\"height:20px\" aria-hidden=\"true\" class=\"wp-block-spacer\"><\/div>\n","protected":false},"excerpt":{"rendered":"<p>Sandrine BEAU aime les cerises, caresser son chat, photographier les gens chers \u00e0 son coeur devant de jolies portes, et \u00e9crire des histoires pour les petits et les grands. Elle aime aussi partager les coulisses de son m\u00e9tier dans des expos, et lire ses livres \u00e0 voix haute dans des [&hellip;]<\/p>\n","protected":false},"author":1,"featured_media":0,"parent":0,"menu_order":0,"comment_status":"closed","ping_status":"closed","template":"","meta":{"footnotes":""},"wf_page_folders":[11],"class_list":["post-4991","page","type-page","status-publish","hentry"],"yoast_head":"<!-- This site is optimized with the Yoast SEO plugin v26.1.1 - https:\/\/yoast.com\/wordpress\/plugins\/seo\/ -->\n<title>Sandrine Beau, autrice - Salon du livre jeunesse de Foug\u00e8res Agglom\u00e9ration<\/title>\n<meta name=\"robots\" content=\"index, follow, max-snippet:-1, max-image-preview:large, max-video-preview:-1\" \/>\n<link rel=\"canonical\" href=\"https:\/\/salondulivrejeunesse.fr\/index.php\/sandrine-beau\/\" \/>\n<meta property=\"og:locale\" content=\"fr_FR\" \/>\n<meta property=\"og:type\" content=\"article\" \/>\n<meta property=\"og:title\" content=\"Sandrine Beau, autrice - Salon du livre jeunesse de Foug\u00e8res Agglom\u00e9ration\" \/>\n<meta property=\"og:description\" content=\"Sandrine BEAU aime les cerises, caresser son chat, photographier les gens chers \u00e0 son coeur devant de jolies portes, et \u00e9crire des histoires pour les petits et les grands. Elle aime aussi partager les coulisses de son m\u00e9tier dans des expos, et lire ses livres \u00e0 voix haute dans des [&hellip;]\" \/>\n<meta property=\"og:url\" content=\"https:\/\/salondulivrejeunesse.fr\/index.php\/sandrine-beau\/\" \/>\n<meta property=\"og:site_name\" content=\"Salon du livre jeunesse de Foug\u00e8res Agglom\u00e9ration\" \/>\n<meta property=\"article:publisher\" content=\"https:\/\/www.facebook.com\/salondulivrefougeresagglo\/?epa=SEARCH_BOX\" \/>\n<meta property=\"article:modified_time\" content=\"2025-10-11T08:18:20+00:00\" \/>\n<meta property=\"og:image\" content=\"https:\/\/salondulivrejeunesse.fr\/wp-content\/uploads\/2025\/09\/sandrine_beau-1024x1024.png\" \/>\n\t<meta property=\"og:image:width\" content=\"1024\" \/>\n\t<meta property=\"og:image:height\" content=\"1024\" \/>\n\t<meta property=\"og:image:type\" content=\"image\/png\" \/>\n<meta name=\"twitter:card\" content=\"summary_large_image\" \/>\n<meta name=\"twitter:label1\" content=\"Dur\u00e9e de lecture estim\u00e9e\" \/>\n\t<meta name=\"twitter:data1\" content=\"2 minutes\" \/>\n<script type=\"application\/ld+json\" class=\"yoast-schema-graph\">{\"@context\":\"https:\/\/schema.org\",\"@graph\":[{\"@type\":\"WebPage\",\"@id\":\"https:\/\/salondulivrejeunesse.fr\/index.php\/sandrine-beau\/\",\"url\":\"https:\/\/salondulivrejeunesse.fr\/index.php\/sandrine-beau\/\",\"name\":\"Sandrine Beau, autrice - Salon du livre jeunesse de Foug\u00e8res Agglom\u00e9ration\",\"isPartOf\":{\"@id\":\"https:\/\/salondulivrejeunesse.fr\/#website\"},\"primaryImageOfPage\":{\"@id\":\"https:\/\/salondulivrejeunesse.fr\/index.php\/sandrine-beau\/#primaryimage\"},\"image\":{\"@id\":\"https:\/\/salondulivrejeunesse.fr\/index.php\/sandrine-beau\/#primaryimage\"},\"thumbnailUrl\":\"https:\/\/salondulivrejeunesse.fr\/wp-content\/uploads\/2025\/09\/sandrine_beau-1024x1024.png\",\"datePublished\":\"2025-10-10T08:14:58+00:00\",\"dateModified\":\"2025-10-11T08:18:20+00:00\",\"breadcrumb\":{\"@id\":\"https:\/\/salondulivrejeunesse.fr\/index.php\/sandrine-beau\/#breadcrumb\"},\"inLanguage\":\"fr-FR\",\"potentialAction\":[{\"@type\":\"ReadAction\",\"target\":[\"https:\/\/salondulivrejeunesse.fr\/index.php\/sandrine-beau\/\"]}]},{\"@type\":\"ImageObject\",\"inLanguage\":\"fr-FR\",\"@id\":\"https:\/\/salondulivrejeunesse.fr\/index.php\/sandrine-beau\/#primaryimage\",\"url\":\"https:\/\/salondulivrejeunesse.fr\/wp-content\/uploads\/2025\/09\/sandrine_beau.png\",\"contentUrl\":\"https:\/\/salondulivrejeunesse.fr\/wp-content\/uploads\/2025\/09\/sandrine_beau.png\",\"width\":1080,\"height\":1080},{\"@type\":\"BreadcrumbList\",\"@id\":\"https:\/\/salondulivrejeunesse.fr\/index.php\/sandrine-beau\/#breadcrumb\",\"itemListElement\":[{\"@type\":\"ListItem\",\"position\":1,\"name\":\"Accueil\",\"item\":\"https:\/\/salondulivrejeunesse.fr\/\"},{\"@type\":\"ListItem\",\"position\":2,\"name\":\"Sandrine Beau, autrice\"}]},{\"@type\":\"WebSite\",\"@id\":\"https:\/\/salondulivrejeunesse.fr\/#website\",\"url\":\"https:\/\/salondulivrejeunesse.fr\/\",\"name\":\"Salon du livre jeunesse de Foug\u00e8res Agglom\u00e9ration\",\"description\":\"\",\"publisher\":{\"@id\":\"https:\/\/salondulivrejeunesse.fr\/#organization\"},\"potentialAction\":[{\"@type\":\"SearchAction\",\"target\":{\"@type\":\"EntryPoint\",\"urlTemplate\":\"https:\/\/salondulivrejeunesse.fr\/?s={search_term_string}\"},\"query-input\":{\"@type\":\"PropertyValueSpecification\",\"valueRequired\":true,\"valueName\":\"search_term_string\"}}],\"inLanguage\":\"fr-FR\"},{\"@type\":\"Organization\",\"@id\":\"https:\/\/salondulivrejeunesse.fr\/#organization\",\"name\":\"Foug\u00e8res Agglom\u00e9ration\",\"url\":\"https:\/\/salondulivrejeunesse.fr\/\",\"logo\":{\"@type\":\"ImageObject\",\"inLanguage\":\"fr-FR\",\"@id\":\"https:\/\/salondulivrejeunesse.fr\/#\/schema\/logo\/image\/\",\"url\":\"https:\/\/salondulivrejeunesse.fr\/wp-content\/uploads\/2020\/06\/20190101_FA_Logo_1_Coul_Bleu-scaled.jpg\",\"contentUrl\":\"https:\/\/salondulivrejeunesse.fr\/wp-content\/uploads\/2020\/06\/20190101_FA_Logo_1_Coul_Bleu-scaled.jpg\",\"width\":2560,\"height\":937,\"caption\":\"Foug\u00e8res Agglom\u00e9ration\"},\"image\":{\"@id\":\"https:\/\/salondulivrejeunesse.fr\/#\/schema\/logo\/image\/\"},\"sameAs\":[\"https:\/\/www.facebook.com\/salondulivrefougeresagglo\/?epa=SEARCH_BOX\"]}]}<\/script>\n<!-- \/ Yoast SEO plugin. -->","yoast_head_json":{"title":"Sandrine Beau, autrice - Salon du livre jeunesse de Foug\u00e8res Agglom\u00e9ration","robots":{"index":"index","follow":"follow","max-snippet":"max-snippet:-1","max-image-preview":"max-image-preview:large","max-video-preview":"max-video-preview:-1"},"canonical":"https:\/\/salondulivrejeunesse.fr\/index.php\/sandrine-beau\/","og_locale":"fr_FR","og_type":"article","og_title":"Sandrine Beau, autrice - Salon du livre jeunesse de Foug\u00e8res Agglom\u00e9ration","og_description":"Sandrine BEAU aime les cerises, caresser son chat, photographier les gens chers \u00e0 son coeur devant de jolies portes, et \u00e9crire des histoires pour les petits et les grands. Elle aime aussi partager les coulisses de son m\u00e9tier dans des expos, et lire ses livres \u00e0 voix haute dans des [&hellip;]","og_url":"https:\/\/salondulivrejeunesse.fr\/index.php\/sandrine-beau\/","og_site_name":"Salon du livre jeunesse de Foug\u00e8res Agglom\u00e9ration","article_publisher":"https:\/\/www.facebook.com\/salondulivrefougeresagglo\/?epa=SEARCH_BOX","article_modified_time":"2025-10-11T08:18:20+00:00","og_image":[{"width":1024,"height":1024,"url":"https:\/\/salondulivrejeunesse.fr\/wp-content\/uploads\/2025\/09\/sandrine_beau-1024x1024.png","type":"image\/png"}],"twitter_card":"summary_large_image","twitter_misc":{"Dur\u00e9e de lecture estim\u00e9e":"2 minutes"},"schema":{"@context":"https:\/\/schema.org","@graph":[{"@type":"WebPage","@id":"https:\/\/salondulivrejeunesse.fr\/index.php\/sandrine-beau\/","url":"https:\/\/salondulivrejeunesse.fr\/index.php\/sandrine-beau\/","name":"Sandrine Beau, autrice - Salon du livre jeunesse de Foug\u00e8res Agglom\u00e9ration","isPartOf":{"@id":"https:\/\/salondulivrejeunesse.fr\/#website"},"primaryImageOfPage":{"@id":"https:\/\/salondulivrejeunesse.fr\/index.php\/sandrine-beau\/#primaryimage"},"image":{"@id":"https:\/\/salondulivrejeunesse.fr\/index.php\/sandrine-beau\/#primaryimage"},"thumbnailUrl":"https:\/\/salondulivrejeunesse.fr\/wp-content\/uploads\/2025\/09\/sandrine_beau-1024x1024.png","datePublished":"2025-10-10T08:14:58+00:00","dateModified":"2025-10-11T08:18:20+00:00","breadcrumb":{"@id":"https:\/\/salondulivrejeunesse.fr\/index.php\/sandrine-beau\/#breadcrumb"},"inLanguage":"fr-FR","potentialAction":[{"@type":"ReadAction","target":["https:\/\/salondulivrejeunesse.fr\/index.php\/sandrine-beau\/"]}]},{"@type":"ImageObject","inLanguage":"fr-FR","@id":"https:\/\/salondulivrejeunesse.fr\/index.php\/sandrine-beau\/#primaryimage","url":"https:\/\/salondulivrejeunesse.fr\/wp-content\/uploads\/2025\/09\/sandrine_beau.png","contentUrl":"https:\/\/salondulivrejeunesse.fr\/wp-content\/uploads\/2025\/09\/sandrine_beau.png","width":1080,"height":1080},{"@type":"BreadcrumbList","@id":"https:\/\/salondulivrejeunesse.fr\/index.php\/sandrine-beau\/#breadcrumb","itemListElement":[{"@type":"ListItem","position":1,"name":"Accueil","item":"https:\/\/salondulivrejeunesse.fr\/"},{"@type":"ListItem","position":2,"name":"Sandrine Beau, autrice"}]},{"@type":"WebSite","@id":"https:\/\/salondulivrejeunesse.fr\/#website","url":"https:\/\/salondulivrejeunesse.fr\/","name":"Salon du livre jeunesse de Foug\u00e8res Agglom\u00e9ration","description":"","publisher":{"@id":"https:\/\/salondulivrejeunesse.fr\/#organization"},"potentialAction":[{"@type":"SearchAction","target":{"@type":"EntryPoint","urlTemplate":"https:\/\/salondulivrejeunesse.fr\/?s={search_term_string}"},"query-input":{"@type":"PropertyValueSpecification","valueRequired":true,"valueName":"search_term_string"}}],"inLanguage":"fr-FR"},{"@type":"Organization","@id":"https:\/\/salondulivrejeunesse.fr\/#organization","name":"Foug\u00e8res Agglom\u00e9ration","url":"https:\/\/salondulivrejeunesse.fr\/","logo":{"@type":"ImageObject","inLanguage":"fr-FR","@id":"https:\/\/salondulivrejeunesse.fr\/#\/schema\/logo\/image\/","url":"https:\/\/salondulivrejeunesse.fr\/wp-content\/uploads\/2020\/06\/20190101_FA_Logo_1_Coul_Bleu-scaled.jpg","contentUrl":"https:\/\/salondulivrejeunesse.fr\/wp-content\/uploads\/2020\/06\/20190101_FA_Logo_1_Coul_Bleu-scaled.jpg","width":2560,"height":937,"caption":"Foug\u00e8res Agglom\u00e9ration"},"image":{"@id":"https:\/\/salondulivrejeunesse.fr\/#\/schema\/logo\/image\/"},"sameAs":["https:\/\/www.facebook.com\/salondulivrefougeresagglo\/?epa=SEARCH_BOX"]}]}},"jetpack_sharing_enabled":true,"_links":{"self":[{"href":"https:\/\/salondulivrejeunesse.fr\/index.php\/wp-json\/wp\/v2\/pages\/4991","targetHints":{"allow":["GET"]}}],"collection":[{"href":"https:\/\/salondulivrejeunesse.fr\/index.php\/wp-json\/wp\/v2\/pages"}],"about":[{"href":"https:\/\/salondulivrejeunesse.fr\/index.php\/wp-json\/wp\/v2\/types\/page"}],"author":[{"embeddable":true,"href":"https:\/\/salondulivrejeunesse.fr\/index.php\/wp-json\/wp\/v2\/users\/1"}],"replies":[{"embeddable":true,"href":"https:\/\/salondulivrejeunesse.fr\/index.php\/wp-json\/wp\/v2\/comments?post=4991"}],"version-history":[{"count":9,"href":"https:\/\/salondulivrejeunesse.fr\/index.php\/wp-json\/wp\/v2\/pages\/4991\/revisions"}],"predecessor-version":[{"id":5839,"href":"https:\/\/salondulivrejeunesse.fr\/index.php\/wp-json\/wp\/v2\/pages\/4991\/revisions\/5839"}],"wp:attachment":[{"href":"https:\/\/salondulivrejeunesse.fr\/index.php\/wp-json\/wp\/v2\/media?parent=4991"}],"wp:term":[{"taxonomy":"wf_page_folders","embeddable":true,"href":"https:\/\/salondulivrejeunesse.fr\/index.php\/wp-json\/wp\/v2\/wf_page_folders?post=4991"}],"curies":[{"name":"wp","href":"https:\/\/api.w.org\/{rel}","templated":true}]}}