{"id":4980,"date":"2025-10-10T09:58:26","date_gmt":"2025-10-10T07:58:26","guid":{"rendered":"https:\/\/salondulivrejeunesse.fr\/?page_id=4980"},"modified":"2025-10-10T09:58:26","modified_gmt":"2025-10-10T07:58:26","slug":"julien-arnal","status":"publish","type":"page","link":"https:\/\/salondulivrejeunesse.fr\/index.php\/julien-arnal\/","title":{"rendered":"Julien Arnal, illustrateur"},"content":{"rendered":"\n<div style=\"height:29px\" aria-hidden=\"true\" class=\"wp-block-spacer\"><\/div>\n\n\n\n<div class=\"wp-block-media-text alignwide is-stacked-on-mobile\" style=\"grid-template-columns:21% auto\"><figure class=\"wp-block-media-text__media\"><img fetchpriority=\"high\" decoding=\"async\" width=\"1024\" height=\"1024\" src=\"https:\/\/salondulivrejeunesse.fr\/wp-content\/uploads\/2025\/09\/julien_arnal-1024x1024.png\" alt=\"\" class=\"wp-image-5279 size-full\" srcset=\"https:\/\/salondulivrejeunesse.fr\/wp-content\/uploads\/2025\/09\/julien_arnal-1024x1024.png 1024w, https:\/\/salondulivrejeunesse.fr\/wp-content\/uploads\/2025\/09\/julien_arnal-300x300.png 300w, https:\/\/salondulivrejeunesse.fr\/wp-content\/uploads\/2025\/09\/julien_arnal-150x150.png 150w, https:\/\/salondulivrejeunesse.fr\/wp-content\/uploads\/2025\/09\/julien_arnal-768x768.png 768w, https:\/\/salondulivrejeunesse.fr\/wp-content\/uploads\/2025\/09\/julien_arnal.png 1080w\" sizes=\"(max-width: 1024px) 100vw, 1024px\" \/><\/figure><div class=\"wp-block-media-text__content\">\n<p>Illustrateur et animateur 2D, n\u00e9 dans les paysages du Massif central entre monts et plaines, Julien Arnal a pass\u00e9 son enfance \u00e0 explorer les \u00e9tendues naturelles et les recoins isol\u00e9s de ces tr\u00e8s anciennes montagnes qui ont nourri sa pratique et influenc\u00e9 son univers graphique. \u00c0 travers ses illustrations et ses animations, il tend \u00e0 rendre hommage \u00e0 la po\u00e9sie de ces espaces sauvages. Ses albums sont publi\u00e9s chez Gl\u00e9nat Jeunesse, Little Urban, Gallimard Jeunesse ou encore chez Delcourt.&nbsp;<\/p>\n\n\n\n<p>Julien Arnal a collabor\u00e9 avec <a href=\"https:\/\/salondulivrejeunesse.fr\/index.php\/sandra-leguen\">Sandra Le Guen<\/a>, qui sera \u00e9galement pr\u00e9sente au Salon du livre.<\/p>\n\n\n\n<p>Son Instagram <a href=\"https:\/\/www.instagram.com\/julien.arnal\/\" target=\"_blank\" rel=\"noreferrer noopener\">: https:\/\/www.instagram.com\/julien.arnal\/<\/a><\/p>\n<\/div><\/div>\n\n\n\n<div style=\"height:51px\" aria-hidden=\"true\" class=\"wp-block-spacer\"><\/div>\n\n\n\n<p>Rencontrer Julien Arnal :<\/p>\n\n\n\n<ul class=\"wp-block-list\">\n<li><a href=\"https:\/\/salondulivrejeunesse.fr\/index.php\/rencontres\">Atelier-rencontre <\/a>\u00e0 la m\u00e9diath\u00e8que de Luitr\u00e9-Dompierre, samedi 15 novembre, de 10h00 \u00e0 11h30.<\/li>\n\n\n\n<li><a href=\"https:\/\/salondulivrejeunesse.fr\/index.php\/expositions\">Exposition <\/a>au Salon, du 14 au 16 novembre.<\/li>\n\n\n\n<li>En d\u00e9dicaces dans la librairie, le samedi, de 14h00 \u00e0 18h00, et le dimanche, de 10h00 \u00e0 12h00.<\/li>\n<\/ul>\n\n\n\n<div style=\"height:36px\" aria-hidden=\"true\" class=\"wp-block-spacer\"><\/div>\n\n\n\n<h2 class=\"wp-block-heading\">Ses livres<\/h2>\n\n\n\n<figure class=\"wp-block-gallery has-nested-images columns-default is-cropped columns-3 wp-block-gallery-1 is-layout-flex wp-block-gallery-is-layout-flex\">\n<figure class=\"wp-block-image size-full\"><img decoding=\"async\" width=\"600\" height=\"675\" data-id=\"4982\" src=\"https:\/\/salondulivrejeunesse.fr\/wp-content\/uploads\/2025\/05\/9782017876151_1_75.jpg\" alt=\"\" class=\"wp-image-4982\" srcset=\"https:\/\/salondulivrejeunesse.fr\/wp-content\/uploads\/2025\/05\/9782017876151_1_75.jpg 600w, https:\/\/salondulivrejeunesse.fr\/wp-content\/uploads\/2025\/05\/9782017876151_1_75-267x300.jpg 267w\" sizes=\"(max-width: 600px) 100vw, 600px\" \/><\/figure>\n\n\n\n<figure class=\"wp-block-image size-full\"><img decoding=\"async\" width=\"803\" height=\"600\" data-id=\"4983\" src=\"https:\/\/salondulivrejeunesse.fr\/wp-content\/uploads\/2025\/05\/9782344053249_1_75.jpg\" alt=\"\" class=\"wp-image-4983\" srcset=\"https:\/\/salondulivrejeunesse.fr\/wp-content\/uploads\/2025\/05\/9782344053249_1_75.jpg 803w, https:\/\/salondulivrejeunesse.fr\/wp-content\/uploads\/2025\/05\/9782344053249_1_75-300x224.jpg 300w, https:\/\/salondulivrejeunesse.fr\/wp-content\/uploads\/2025\/05\/9782344053249_1_75-768x574.jpg 768w\" sizes=\"(max-width: 803px) 100vw, 803px\" \/><\/figure>\n\n\n\n<figure class=\"wp-block-image size-full\"><img loading=\"lazy\" decoding=\"async\" width=\"800\" height=\"967\" data-id=\"4984\" src=\"https:\/\/salondulivrejeunesse.fr\/wp-content\/uploads\/2025\/05\/9782221258842.jpg\" alt=\"\" class=\"wp-image-4984\" srcset=\"https:\/\/salondulivrejeunesse.fr\/wp-content\/uploads\/2025\/05\/9782221258842.jpg 800w, https:\/\/salondulivrejeunesse.fr\/wp-content\/uploads\/2025\/05\/9782221258842-248x300.jpg 248w, https:\/\/salondulivrejeunesse.fr\/wp-content\/uploads\/2025\/05\/9782221258842-768x928.jpg 768w\" sizes=\"(max-width: 800px) 100vw, 800px\" \/><\/figure>\n<\/figure>\n\n\n\n<div style=\"height:20px\" aria-hidden=\"true\" class=\"wp-block-spacer\"><\/div>\n","protected":false},"excerpt":{"rendered":"<p>Illustrateur et animateur 2D, n\u00e9 dans les paysages du Massif central entre monts et plaines, Julien Arnal a pass\u00e9 son enfance \u00e0 explorer les \u00e9tendues naturelles et les recoins isol\u00e9s de ces tr\u00e8s anciennes montagnes qui ont nourri sa pratique et influenc\u00e9 son univers graphique. \u00c0 travers ses illustrations et [&hellip;]<\/p>\n","protected":false},"author":1,"featured_media":0,"parent":0,"menu_order":0,"comment_status":"closed","ping_status":"closed","template":"","meta":{"footnotes":""},"wf_page_folders":[11],"class_list":["post-4980","page","type-page","status-publish","hentry"],"yoast_head":"<!-- This site is optimized with the Yoast SEO plugin v26.1.1 - https:\/\/yoast.com\/wordpress\/plugins\/seo\/ -->\n<title>Julien Arnal, illustrateur - Salon du livre jeunesse de Foug\u00e8res Agglom\u00e9ration<\/title>\n<meta name=\"robots\" content=\"index, follow, max-snippet:-1, max-image-preview:large, max-video-preview:-1\" \/>\n<link rel=\"canonical\" href=\"https:\/\/salondulivrejeunesse.fr\/index.php\/julien-arnal\/\" \/>\n<meta property=\"og:locale\" content=\"fr_FR\" \/>\n<meta property=\"og:type\" content=\"article\" \/>\n<meta property=\"og:title\" content=\"Julien Arnal, illustrateur - Salon du livre jeunesse de Foug\u00e8res Agglom\u00e9ration\" \/>\n<meta property=\"og:description\" content=\"Illustrateur et animateur 2D, n\u00e9 dans les paysages du Massif central entre monts et plaines, Julien Arnal a pass\u00e9 son enfance \u00e0 explorer les \u00e9tendues naturelles et les recoins isol\u00e9s de ces tr\u00e8s anciennes montagnes qui ont nourri sa pratique et influenc\u00e9 son univers graphique. \u00c0 travers ses illustrations et [&hellip;]\" \/>\n<meta property=\"og:url\" content=\"https:\/\/salondulivrejeunesse.fr\/index.php\/julien-arnal\/\" \/>\n<meta property=\"og:site_name\" content=\"Salon du livre jeunesse de Foug\u00e8res Agglom\u00e9ration\" \/>\n<meta property=\"article:publisher\" content=\"https:\/\/www.facebook.com\/salondulivrefougeresagglo\/?epa=SEARCH_BOX\" \/>\n<meta property=\"og:image\" content=\"https:\/\/salondulivrejeunesse.fr\/wp-content\/uploads\/2025\/09\/julien_arnal.png\" \/>\n\t<meta property=\"og:image:width\" content=\"1080\" \/>\n\t<meta property=\"og:image:height\" content=\"1080\" \/>\n\t<meta property=\"og:image:type\" content=\"image\/png\" \/>\n<meta name=\"twitter:card\" content=\"summary_large_image\" \/>\n<meta name=\"twitter:label1\" content=\"Dur\u00e9e de lecture estim\u00e9e\" \/>\n\t<meta name=\"twitter:data1\" content=\"2 minutes\" \/>\n<script type=\"application\/ld+json\" class=\"yoast-schema-graph\">{\"@context\":\"https:\/\/schema.org\",\"@graph\":[{\"@type\":\"WebPage\",\"@id\":\"https:\/\/salondulivrejeunesse.fr\/index.php\/julien-arnal\/\",\"url\":\"https:\/\/salondulivrejeunesse.fr\/index.php\/julien-arnal\/\",\"name\":\"Julien Arnal, illustrateur - Salon du livre jeunesse de Foug\u00e8res Agglom\u00e9ration\",\"isPartOf\":{\"@id\":\"https:\/\/salondulivrejeunesse.fr\/#website\"},\"primaryImageOfPage\":{\"@id\":\"https:\/\/salondulivrejeunesse.fr\/index.php\/julien-arnal\/#primaryimage\"},\"image\":{\"@id\":\"https:\/\/salondulivrejeunesse.fr\/index.php\/julien-arnal\/#primaryimage\"},\"thumbnailUrl\":\"https:\/\/salondulivrejeunesse.fr\/wp-content\/uploads\/2025\/09\/julien_arnal-1024x1024.png\",\"datePublished\":\"2025-10-10T07:58:26+00:00\",\"breadcrumb\":{\"@id\":\"https:\/\/salondulivrejeunesse.fr\/index.php\/julien-arnal\/#breadcrumb\"},\"inLanguage\":\"fr-FR\",\"potentialAction\":[{\"@type\":\"ReadAction\",\"target\":[\"https:\/\/salondulivrejeunesse.fr\/index.php\/julien-arnal\/\"]}]},{\"@type\":\"ImageObject\",\"inLanguage\":\"fr-FR\",\"@id\":\"https:\/\/salondulivrejeunesse.fr\/index.php\/julien-arnal\/#primaryimage\",\"url\":\"https:\/\/salondulivrejeunesse.fr\/wp-content\/uploads\/2025\/09\/julien_arnal.png\",\"contentUrl\":\"https:\/\/salondulivrejeunesse.fr\/wp-content\/uploads\/2025\/09\/julien_arnal.png\",\"width\":1080,\"height\":1080},{\"@type\":\"BreadcrumbList\",\"@id\":\"https:\/\/salondulivrejeunesse.fr\/index.php\/julien-arnal\/#breadcrumb\",\"itemListElement\":[{\"@type\":\"ListItem\",\"position\":1,\"name\":\"Accueil\",\"item\":\"https:\/\/salondulivrejeunesse.fr\/\"},{\"@type\":\"ListItem\",\"position\":2,\"name\":\"Julien Arnal, illustrateur\"}]},{\"@type\":\"WebSite\",\"@id\":\"https:\/\/salondulivrejeunesse.fr\/#website\",\"url\":\"https:\/\/salondulivrejeunesse.fr\/\",\"name\":\"Salon du livre jeunesse de Foug\u00e8res Agglom\u00e9ration\",\"description\":\"\",\"publisher\":{\"@id\":\"https:\/\/salondulivrejeunesse.fr\/#organization\"},\"potentialAction\":[{\"@type\":\"SearchAction\",\"target\":{\"@type\":\"EntryPoint\",\"urlTemplate\":\"https:\/\/salondulivrejeunesse.fr\/?s={search_term_string}\"},\"query-input\":{\"@type\":\"PropertyValueSpecification\",\"valueRequired\":true,\"valueName\":\"search_term_string\"}}],\"inLanguage\":\"fr-FR\"},{\"@type\":\"Organization\",\"@id\":\"https:\/\/salondulivrejeunesse.fr\/#organization\",\"name\":\"Foug\u00e8res Agglom\u00e9ration\",\"url\":\"https:\/\/salondulivrejeunesse.fr\/\",\"logo\":{\"@type\":\"ImageObject\",\"inLanguage\":\"fr-FR\",\"@id\":\"https:\/\/salondulivrejeunesse.fr\/#\/schema\/logo\/image\/\",\"url\":\"https:\/\/salondulivrejeunesse.fr\/wp-content\/uploads\/2020\/06\/20190101_FA_Logo_1_Coul_Bleu-scaled.jpg\",\"contentUrl\":\"https:\/\/salondulivrejeunesse.fr\/wp-content\/uploads\/2020\/06\/20190101_FA_Logo_1_Coul_Bleu-scaled.jpg\",\"width\":2560,\"height\":937,\"caption\":\"Foug\u00e8res Agglom\u00e9ration\"},\"image\":{\"@id\":\"https:\/\/salondulivrejeunesse.fr\/#\/schema\/logo\/image\/\"},\"sameAs\":[\"https:\/\/www.facebook.com\/salondulivrefougeresagglo\/?epa=SEARCH_BOX\"]}]}<\/script>\n<!-- \/ Yoast SEO plugin. -->","yoast_head_json":{"title":"Julien Arnal, illustrateur - Salon du livre jeunesse de Foug\u00e8res Agglom\u00e9ration","robots":{"index":"index","follow":"follow","max-snippet":"max-snippet:-1","max-image-preview":"max-image-preview:large","max-video-preview":"max-video-preview:-1"},"canonical":"https:\/\/salondulivrejeunesse.fr\/index.php\/julien-arnal\/","og_locale":"fr_FR","og_type":"article","og_title":"Julien Arnal, illustrateur - Salon du livre jeunesse de Foug\u00e8res Agglom\u00e9ration","og_description":"Illustrateur et animateur 2D, n\u00e9 dans les paysages du Massif central entre monts et plaines, Julien Arnal a pass\u00e9 son enfance \u00e0 explorer les \u00e9tendues naturelles et les recoins isol\u00e9s de ces tr\u00e8s anciennes montagnes qui ont nourri sa pratique et influenc\u00e9 son univers graphique. \u00c0 travers ses illustrations et [&hellip;]","og_url":"https:\/\/salondulivrejeunesse.fr\/index.php\/julien-arnal\/","og_site_name":"Salon du livre jeunesse de Foug\u00e8res Agglom\u00e9ration","article_publisher":"https:\/\/www.facebook.com\/salondulivrefougeresagglo\/?epa=SEARCH_BOX","og_image":[{"width":1080,"height":1080,"url":"https:\/\/salondulivrejeunesse.fr\/wp-content\/uploads\/2025\/09\/julien_arnal.png","type":"image\/png"}],"twitter_card":"summary_large_image","twitter_misc":{"Dur\u00e9e de lecture estim\u00e9e":"2 minutes"},"schema":{"@context":"https:\/\/schema.org","@graph":[{"@type":"WebPage","@id":"https:\/\/salondulivrejeunesse.fr\/index.php\/julien-arnal\/","url":"https:\/\/salondulivrejeunesse.fr\/index.php\/julien-arnal\/","name":"Julien Arnal, illustrateur - Salon du livre jeunesse de Foug\u00e8res Agglom\u00e9ration","isPartOf":{"@id":"https:\/\/salondulivrejeunesse.fr\/#website"},"primaryImageOfPage":{"@id":"https:\/\/salondulivrejeunesse.fr\/index.php\/julien-arnal\/#primaryimage"},"image":{"@id":"https:\/\/salondulivrejeunesse.fr\/index.php\/julien-arnal\/#primaryimage"},"thumbnailUrl":"https:\/\/salondulivrejeunesse.fr\/wp-content\/uploads\/2025\/09\/julien_arnal-1024x1024.png","datePublished":"2025-10-10T07:58:26+00:00","breadcrumb":{"@id":"https:\/\/salondulivrejeunesse.fr\/index.php\/julien-arnal\/#breadcrumb"},"inLanguage":"fr-FR","potentialAction":[{"@type":"ReadAction","target":["https:\/\/salondulivrejeunesse.fr\/index.php\/julien-arnal\/"]}]},{"@type":"ImageObject","inLanguage":"fr-FR","@id":"https:\/\/salondulivrejeunesse.fr\/index.php\/julien-arnal\/#primaryimage","url":"https:\/\/salondulivrejeunesse.fr\/wp-content\/uploads\/2025\/09\/julien_arnal.png","contentUrl":"https:\/\/salondulivrejeunesse.fr\/wp-content\/uploads\/2025\/09\/julien_arnal.png","width":1080,"height":1080},{"@type":"BreadcrumbList","@id":"https:\/\/salondulivrejeunesse.fr\/index.php\/julien-arnal\/#breadcrumb","itemListElement":[{"@type":"ListItem","position":1,"name":"Accueil","item":"https:\/\/salondulivrejeunesse.fr\/"},{"@type":"ListItem","position":2,"name":"Julien Arnal, illustrateur"}]},{"@type":"WebSite","@id":"https:\/\/salondulivrejeunesse.fr\/#website","url":"https:\/\/salondulivrejeunesse.fr\/","name":"Salon du livre jeunesse de Foug\u00e8res Agglom\u00e9ration","description":"","publisher":{"@id":"https:\/\/salondulivrejeunesse.fr\/#organization"},"potentialAction":[{"@type":"SearchAction","target":{"@type":"EntryPoint","urlTemplate":"https:\/\/salondulivrejeunesse.fr\/?s={search_term_string}"},"query-input":{"@type":"PropertyValueSpecification","valueRequired":true,"valueName":"search_term_string"}}],"inLanguage":"fr-FR"},{"@type":"Organization","@id":"https:\/\/salondulivrejeunesse.fr\/#organization","name":"Foug\u00e8res Agglom\u00e9ration","url":"https:\/\/salondulivrejeunesse.fr\/","logo":{"@type":"ImageObject","inLanguage":"fr-FR","@id":"https:\/\/salondulivrejeunesse.fr\/#\/schema\/logo\/image\/","url":"https:\/\/salondulivrejeunesse.fr\/wp-content\/uploads\/2020\/06\/20190101_FA_Logo_1_Coul_Bleu-scaled.jpg","contentUrl":"https:\/\/salondulivrejeunesse.fr\/wp-content\/uploads\/2020\/06\/20190101_FA_Logo_1_Coul_Bleu-scaled.jpg","width":2560,"height":937,"caption":"Foug\u00e8res Agglom\u00e9ration"},"image":{"@id":"https:\/\/salondulivrejeunesse.fr\/#\/schema\/logo\/image\/"},"sameAs":["https:\/\/www.facebook.com\/salondulivrefougeresagglo\/?epa=SEARCH_BOX"]}]}},"jetpack_sharing_enabled":true,"_links":{"self":[{"href":"https:\/\/salondulivrejeunesse.fr\/index.php\/wp-json\/wp\/v2\/pages\/4980","targetHints":{"allow":["GET"]}}],"collection":[{"href":"https:\/\/salondulivrejeunesse.fr\/index.php\/wp-json\/wp\/v2\/pages"}],"about":[{"href":"https:\/\/salondulivrejeunesse.fr\/index.php\/wp-json\/wp\/v2\/types\/page"}],"author":[{"embeddable":true,"href":"https:\/\/salondulivrejeunesse.fr\/index.php\/wp-json\/wp\/v2\/users\/1"}],"replies":[{"embeddable":true,"href":"https:\/\/salondulivrejeunesse.fr\/index.php\/wp-json\/wp\/v2\/comments?post=4980"}],"version-history":[{"count":9,"href":"https:\/\/salondulivrejeunesse.fr\/index.php\/wp-json\/wp\/v2\/pages\/4980\/revisions"}],"predecessor-version":[{"id":5630,"href":"https:\/\/salondulivrejeunesse.fr\/index.php\/wp-json\/wp\/v2\/pages\/4980\/revisions\/5630"}],"wp:attachment":[{"href":"https:\/\/salondulivrejeunesse.fr\/index.php\/wp-json\/wp\/v2\/media?parent=4980"}],"wp:term":[{"taxonomy":"wf_page_folders","embeddable":true,"href":"https:\/\/salondulivrejeunesse.fr\/index.php\/wp-json\/wp\/v2\/wf_page_folders?post=4980"}],"curies":[{"name":"wp","href":"https:\/\/api.w.org\/{rel}","templated":true}]}}