{"id":3639,"date":"2025-10-10T10:14:57","date_gmt":"2025-10-10T08:14:57","guid":{"rendered":"https:\/\/salondulivrejeunesse.fr\/?page_id=3639"},"modified":"2025-10-10T10:14:57","modified_gmt":"2025-10-10T08:14:57","slug":"maureen-poignonec","status":"publish","type":"page","link":"https:\/\/salondulivrejeunesse.fr\/index.php\/maureen-poignonec\/","title":{"rendered":"Maur\u00e8en Poignonec, illustratrice"},"content":{"rendered":"\n<div style=\"height:29px\" aria-hidden=\"true\" class=\"wp-block-spacer\"><\/div>\n\n\n\n<div class=\"wp-block-media-text alignwide is-stacked-on-mobile\" style=\"grid-template-columns:21% auto\"><figure class=\"wp-block-media-text__media\"><img fetchpriority=\"high\" decoding=\"async\" width=\"1024\" height=\"1024\" src=\"https:\/\/salondulivrejeunesse.fr\/wp-content\/uploads\/2025\/09\/maureen_poignonec-1024x1024.png\" alt=\"\" class=\"wp-image-5287 size-full\" srcset=\"https:\/\/salondulivrejeunesse.fr\/wp-content\/uploads\/2025\/09\/maureen_poignonec-1024x1024.png 1024w, https:\/\/salondulivrejeunesse.fr\/wp-content\/uploads\/2025\/09\/maureen_poignonec-300x300.png 300w, https:\/\/salondulivrejeunesse.fr\/wp-content\/uploads\/2025\/09\/maureen_poignonec-150x150.png 150w, https:\/\/salondulivrejeunesse.fr\/wp-content\/uploads\/2025\/09\/maureen_poignonec-768x768.png 768w, https:\/\/salondulivrejeunesse.fr\/wp-content\/uploads\/2025\/09\/maureen_poignonec.png 1080w\" sizes=\"(max-width: 1024px) 100vw, 1024px\" \/><\/figure><div class=\"wp-block-media-text__content\">\n<p>N\u00e9e en 1992 d\u2019une m\u00e8re italienne et d\u2019un p\u00e8re breton, Maur\u00e8en Poignonec est une illustratrice sp\u00e9cialis\u00e9e dans l\u2019\u00e9dition et la presse jeunesse. Apr\u00e8s des \u00e9tudes \u00e0 la FCIL Illustration du lyc\u00e9e des Arts Graphiques Corvisart, elle publie en 2015 son premier album Dix petites souris cherchent une maison (Gautier-Languereau) avec Pog \u00e0 l\u2019\u00e9criture. La m\u00eame ann\u00e9e, elle est nomm\u00e9e parmi les 10 premiers jeunes talents du Festival international de la bande dessin\u00e9e d\u2019Angoul\u00eame. Depuis 2020, elle s\u2019engage aussi pour la justice sociale et climatique, aupr\u00e8s du mouvement Action Justice Climat Paris.<\/p>\n\n\n\n<p>Maur\u00e8en Poignonec a collabor\u00e9 avec <a href=\"https:\/\/salondulivrejeunesse.fr\/index.php\/sandrine-beau\">Sandrine Beau<\/a>, <a href=\"https:\/\/salondulivrejeunesse.fr\/index.php\/nadine-bruncosme\">Nadine Brun-Cosme<\/a>, <a href=\"https:\/\/salondulivrejeunesse.fr\/index.php\/claire-renaud\">Claire Renaud<\/a> et <a href=\"https:\/\/salondulivrejeunesse.fr\/index.php\/sandra-leguen\">Sandra Le Guen<\/a>, qui seront \u00e9galement pr\u00e9sentes au Salon du livre.<\/p>\n\n\n\n<p>Son site Internet :<a href=\"https:\/\/mai.ultra-book.com\/\" target=\"_blank\" rel=\"noreferrer noopener\"> <\/a><a href=\"https:\/\/maureenpoignonec.ultra-book.com\/\">https:\/\/maureenpoignonec.ultra-book.com\/<\/a><\/p>\n<\/div><\/div>\n\n\n\n<div style=\"height:13px\" aria-hidden=\"true\" class=\"wp-block-spacer\"><\/div>\n\n\n\n<p>Rencontrer Maur\u00e8en Poignonec : <\/p>\n\n\n\n<ul class=\"wp-block-list\">\n<li><a href=\"https:\/\/salondulivrejeunesse.fr\/index.php\/rencontres\">Atelier-rencontre <\/a>\u00e0 la m\u00e9diath\u00e8que de Saint Marc Le Blanc, samedi 15 novembre, de 10h00 \u00e0 11h30.<\/li>\n\n\n\n<li><a href=\"https:\/\/salondulivrejeunesse.fr\/index.php\/expositions\">Exposition <\/a>\u00e0 la m\u00e9diath\u00e8que de Saint Marc le blanc et d&rsquo;Antrain Val Couesnon, du 28 octobre au 3 d\u00e9cembre.<\/li>\n\n\n\n<li>En d\u00e9dicaces dans la librairie, le samedi, de 14h00 \u00e0 18h00 et le dimanche, de 10h00 \u00e0 12h00, 14h00 \u00e0 18h00.<\/li>\n<\/ul>\n\n\n\n<div style=\"height:14px\" aria-hidden=\"true\" class=\"wp-block-spacer\"><\/div>\n\n\n\n<h2 class=\"wp-block-heading\">Ses livres<\/h2>\n\n\n\n<figure class=\"wp-block-gallery has-nested-images columns-default is-cropped columns-3 wp-block-gallery-1 is-layout-flex wp-block-gallery-is-layout-flex\">\n<figure class=\"wp-block-image size-large\"><a href=\"https:\/\/www.editions-kaleidoscope.com\/livre\/jy-arriverai-jamais\/\"><img decoding=\"async\" width=\"690\" height=\"1024\" data-id=\"3645\" src=\"https:\/\/salondulivrejeunesse.fr\/wp-content\/uploads\/2023\/06\/Screenshot-2023-06-05-at-15-02-19-Jy-arriverai-jamais-Kaleidoscope-Lire-rire-et-grandir-Des-albums-pour-accompagner-la-petite-enfance-690x1024.png\" alt=\"\" class=\"wp-image-3645\" srcset=\"https:\/\/salondulivrejeunesse.fr\/wp-content\/uploads\/2023\/06\/Screenshot-2023-06-05-at-15-02-19-Jy-arriverai-jamais-Kaleidoscope-Lire-rire-et-grandir-Des-albums-pour-accompagner-la-petite-enfance-690x1024.png 690w, https:\/\/salondulivrejeunesse.fr\/wp-content\/uploads\/2023\/06\/Screenshot-2023-06-05-at-15-02-19-Jy-arriverai-jamais-Kaleidoscope-Lire-rire-et-grandir-Des-albums-pour-accompagner-la-petite-enfance-202x300.png 202w, https:\/\/salondulivrejeunesse.fr\/wp-content\/uploads\/2023\/06\/Screenshot-2023-06-05-at-15-02-19-Jy-arriverai-jamais-Kaleidoscope-Lire-rire-et-grandir-Des-albums-pour-accompagner-la-petite-enfance.png 742w\" sizes=\"(max-width: 690px) 100vw, 690px\" \/><\/a><\/figure>\n\n\n\n<figure class=\"wp-block-image size-large\"><a href=\"https:\/\/www.little-urban.fr\/tortue-express\/\"><img decoding=\"async\" width=\"385\" height=\"430\" data-id=\"3643\" src=\"https:\/\/salondulivrejeunesse.fr\/wp-content\/uploads\/2023\/06\/tortue-express-1.jpg\" alt=\"\" class=\"wp-image-3643\" srcset=\"https:\/\/salondulivrejeunesse.fr\/wp-content\/uploads\/2023\/06\/tortue-express-1.jpg 385w, https:\/\/salondulivrejeunesse.fr\/wp-content\/uploads\/2023\/06\/tortue-express-1-269x300.jpg 269w\" sizes=\"(max-width: 385px) 100vw, 385px\" \/><\/a><\/figure>\n\n\n\n<figure class=\"wp-block-image size-large\"><a href=\"http:\/\/www.talentshauts.fr\/8-12-ans\/286-tout-pour-devenir-une-sorciere-9782362662584.html?search_query=tout+pour+devenir&amp;results=8\"><img loading=\"lazy\" decoding=\"async\" width=\"458\" height=\"458\" data-id=\"3644\" src=\"https:\/\/salondulivrejeunesse.fr\/wp-content\/uploads\/2023\/06\/tout-pour-devenir-une-sorciere-1.jpg\" alt=\"\" class=\"wp-image-3644\" srcset=\"https:\/\/salondulivrejeunesse.fr\/wp-content\/uploads\/2023\/06\/tout-pour-devenir-une-sorciere-1.jpg 458w, https:\/\/salondulivrejeunesse.fr\/wp-content\/uploads\/2023\/06\/tout-pour-devenir-une-sorciere-1-300x300.jpg 300w, https:\/\/salondulivrejeunesse.fr\/wp-content\/uploads\/2023\/06\/tout-pour-devenir-une-sorciere-1-150x150.jpg 150w\" sizes=\"(max-width: 458px) 100vw, 458px\" \/><\/a><\/figure>\n<\/figure>\n\n\n\n<div style=\"height:20px\" aria-hidden=\"true\" class=\"wp-block-spacer\"><\/div>\n\n\n\n<p><\/p>\n","protected":false},"excerpt":{"rendered":"<p>N\u00e9e en 1992 d\u2019une m\u00e8re italienne et d\u2019un p\u00e8re breton, Maur\u00e8en Poignonec est une illustratrice sp\u00e9cialis\u00e9e dans l\u2019\u00e9dition et la presse jeunesse. Apr\u00e8s des \u00e9tudes \u00e0 la FCIL Illustration du lyc\u00e9e des Arts Graphiques Corvisart, elle publie en 2015 son premier album Dix petites souris cherchent une maison (Gautier-Languereau) avec [&hellip;]<\/p>\n","protected":false},"author":1,"featured_media":0,"parent":0,"menu_order":0,"comment_status":"closed","ping_status":"closed","template":"","meta":{"footnotes":""},"wf_page_folders":[11],"class_list":["post-3639","page","type-page","status-publish","hentry"],"yoast_head":"<!-- This site is optimized with the Yoast SEO plugin v26.1.1 - https:\/\/yoast.com\/wordpress\/plugins\/seo\/ -->\n<title>Maur\u00e8en Poignonec, illustratrice - Salon du livre jeunesse de Foug\u00e8res Agglom\u00e9ration<\/title>\n<meta name=\"robots\" content=\"index, follow, max-snippet:-1, max-image-preview:large, max-video-preview:-1\" \/>\n<link rel=\"canonical\" href=\"https:\/\/salondulivrejeunesse.fr\/index.php\/maureen-poignonec\/\" \/>\n<meta property=\"og:locale\" content=\"fr_FR\" \/>\n<meta property=\"og:type\" content=\"article\" \/>\n<meta property=\"og:title\" content=\"Maur\u00e8en Poignonec, illustratrice - Salon du livre jeunesse de Foug\u00e8res Agglom\u00e9ration\" \/>\n<meta property=\"og:description\" content=\"N\u00e9e en 1992 d\u2019une m\u00e8re italienne et d\u2019un p\u00e8re breton, Maur\u00e8en Poignonec est une illustratrice sp\u00e9cialis\u00e9e dans l\u2019\u00e9dition et la presse jeunesse. Apr\u00e8s des \u00e9tudes \u00e0 la FCIL Illustration du lyc\u00e9e des Arts Graphiques Corvisart, elle publie en 2015 son premier album Dix petites souris cherchent une maison (Gautier-Languereau) avec [&hellip;]\" \/>\n<meta property=\"og:url\" content=\"https:\/\/salondulivrejeunesse.fr\/index.php\/maureen-poignonec\/\" \/>\n<meta property=\"og:site_name\" content=\"Salon du livre jeunesse de Foug\u00e8res Agglom\u00e9ration\" \/>\n<meta property=\"article:publisher\" content=\"https:\/\/www.facebook.com\/salondulivrefougeresagglo\/?epa=SEARCH_BOX\" \/>\n<meta property=\"og:image\" content=\"https:\/\/salondulivrejeunesse.fr\/wp-content\/uploads\/2025\/09\/maureen_poignonec.png\" \/>\n\t<meta property=\"og:image:width\" content=\"1080\" \/>\n\t<meta property=\"og:image:height\" content=\"1080\" \/>\n\t<meta property=\"og:image:type\" content=\"image\/png\" \/>\n<meta name=\"twitter:card\" content=\"summary_large_image\" \/>\n<meta name=\"twitter:label1\" content=\"Dur\u00e9e de lecture estim\u00e9e\" \/>\n\t<meta name=\"twitter:data1\" content=\"2 minutes\" \/>\n<script type=\"application\/ld+json\" class=\"yoast-schema-graph\">{\"@context\":\"https:\/\/schema.org\",\"@graph\":[{\"@type\":\"WebPage\",\"@id\":\"https:\/\/salondulivrejeunesse.fr\/index.php\/maureen-poignonec\/\",\"url\":\"https:\/\/salondulivrejeunesse.fr\/index.php\/maureen-poignonec\/\",\"name\":\"Maur\u00e8en Poignonec, illustratrice - Salon du livre jeunesse de Foug\u00e8res Agglom\u00e9ration\",\"isPartOf\":{\"@id\":\"https:\/\/salondulivrejeunesse.fr\/#website\"},\"primaryImageOfPage\":{\"@id\":\"https:\/\/salondulivrejeunesse.fr\/index.php\/maureen-poignonec\/#primaryimage\"},\"image\":{\"@id\":\"https:\/\/salondulivrejeunesse.fr\/index.php\/maureen-poignonec\/#primaryimage\"},\"thumbnailUrl\":\"https:\/\/salondulivrejeunesse.fr\/wp-content\/uploads\/2025\/09\/maureen_poignonec-1024x1024.png\",\"datePublished\":\"2025-10-10T08:14:57+00:00\",\"breadcrumb\":{\"@id\":\"https:\/\/salondulivrejeunesse.fr\/index.php\/maureen-poignonec\/#breadcrumb\"},\"inLanguage\":\"fr-FR\",\"potentialAction\":[{\"@type\":\"ReadAction\",\"target\":[\"https:\/\/salondulivrejeunesse.fr\/index.php\/maureen-poignonec\/\"]}]},{\"@type\":\"ImageObject\",\"inLanguage\":\"fr-FR\",\"@id\":\"https:\/\/salondulivrejeunesse.fr\/index.php\/maureen-poignonec\/#primaryimage\",\"url\":\"https:\/\/salondulivrejeunesse.fr\/wp-content\/uploads\/2025\/09\/maureen_poignonec.png\",\"contentUrl\":\"https:\/\/salondulivrejeunesse.fr\/wp-content\/uploads\/2025\/09\/maureen_poignonec.png\",\"width\":1080,\"height\":1080},{\"@type\":\"BreadcrumbList\",\"@id\":\"https:\/\/salondulivrejeunesse.fr\/index.php\/maureen-poignonec\/#breadcrumb\",\"itemListElement\":[{\"@type\":\"ListItem\",\"position\":1,\"name\":\"Accueil\",\"item\":\"https:\/\/salondulivrejeunesse.fr\/\"},{\"@type\":\"ListItem\",\"position\":2,\"name\":\"Maur\u00e8en Poignonec, illustratrice\"}]},{\"@type\":\"WebSite\",\"@id\":\"https:\/\/salondulivrejeunesse.fr\/#website\",\"url\":\"https:\/\/salondulivrejeunesse.fr\/\",\"name\":\"Salon du livre jeunesse de Foug\u00e8res Agglom\u00e9ration\",\"description\":\"\",\"publisher\":{\"@id\":\"https:\/\/salondulivrejeunesse.fr\/#organization\"},\"potentialAction\":[{\"@type\":\"SearchAction\",\"target\":{\"@type\":\"EntryPoint\",\"urlTemplate\":\"https:\/\/salondulivrejeunesse.fr\/?s={search_term_string}\"},\"query-input\":{\"@type\":\"PropertyValueSpecification\",\"valueRequired\":true,\"valueName\":\"search_term_string\"}}],\"inLanguage\":\"fr-FR\"},{\"@type\":\"Organization\",\"@id\":\"https:\/\/salondulivrejeunesse.fr\/#organization\",\"name\":\"Foug\u00e8res Agglom\u00e9ration\",\"url\":\"https:\/\/salondulivrejeunesse.fr\/\",\"logo\":{\"@type\":\"ImageObject\",\"inLanguage\":\"fr-FR\",\"@id\":\"https:\/\/salondulivrejeunesse.fr\/#\/schema\/logo\/image\/\",\"url\":\"https:\/\/salondulivrejeunesse.fr\/wp-content\/uploads\/2020\/06\/20190101_FA_Logo_1_Coul_Bleu-scaled.jpg\",\"contentUrl\":\"https:\/\/salondulivrejeunesse.fr\/wp-content\/uploads\/2020\/06\/20190101_FA_Logo_1_Coul_Bleu-scaled.jpg\",\"width\":2560,\"height\":937,\"caption\":\"Foug\u00e8res Agglom\u00e9ration\"},\"image\":{\"@id\":\"https:\/\/salondulivrejeunesse.fr\/#\/schema\/logo\/image\/\"},\"sameAs\":[\"https:\/\/www.facebook.com\/salondulivrefougeresagglo\/?epa=SEARCH_BOX\"]}]}<\/script>\n<!-- \/ Yoast SEO plugin. -->","yoast_head_json":{"title":"Maur\u00e8en Poignonec, illustratrice - Salon du livre jeunesse de Foug\u00e8res Agglom\u00e9ration","robots":{"index":"index","follow":"follow","max-snippet":"max-snippet:-1","max-image-preview":"max-image-preview:large","max-video-preview":"max-video-preview:-1"},"canonical":"https:\/\/salondulivrejeunesse.fr\/index.php\/maureen-poignonec\/","og_locale":"fr_FR","og_type":"article","og_title":"Maur\u00e8en Poignonec, illustratrice - Salon du livre jeunesse de Foug\u00e8res Agglom\u00e9ration","og_description":"N\u00e9e en 1992 d\u2019une m\u00e8re italienne et d\u2019un p\u00e8re breton, Maur\u00e8en Poignonec est une illustratrice sp\u00e9cialis\u00e9e dans l\u2019\u00e9dition et la presse jeunesse. Apr\u00e8s des \u00e9tudes \u00e0 la FCIL Illustration du lyc\u00e9e des Arts Graphiques Corvisart, elle publie en 2015 son premier album Dix petites souris cherchent une maison (Gautier-Languereau) avec [&hellip;]","og_url":"https:\/\/salondulivrejeunesse.fr\/index.php\/maureen-poignonec\/","og_site_name":"Salon du livre jeunesse de Foug\u00e8res Agglom\u00e9ration","article_publisher":"https:\/\/www.facebook.com\/salondulivrefougeresagglo\/?epa=SEARCH_BOX","og_image":[{"width":1080,"height":1080,"url":"https:\/\/salondulivrejeunesse.fr\/wp-content\/uploads\/2025\/09\/maureen_poignonec.png","type":"image\/png"}],"twitter_card":"summary_large_image","twitter_misc":{"Dur\u00e9e de lecture estim\u00e9e":"2 minutes"},"schema":{"@context":"https:\/\/schema.org","@graph":[{"@type":"WebPage","@id":"https:\/\/salondulivrejeunesse.fr\/index.php\/maureen-poignonec\/","url":"https:\/\/salondulivrejeunesse.fr\/index.php\/maureen-poignonec\/","name":"Maur\u00e8en Poignonec, illustratrice - Salon du livre jeunesse de Foug\u00e8res Agglom\u00e9ration","isPartOf":{"@id":"https:\/\/salondulivrejeunesse.fr\/#website"},"primaryImageOfPage":{"@id":"https:\/\/salondulivrejeunesse.fr\/index.php\/maureen-poignonec\/#primaryimage"},"image":{"@id":"https:\/\/salondulivrejeunesse.fr\/index.php\/maureen-poignonec\/#primaryimage"},"thumbnailUrl":"https:\/\/salondulivrejeunesse.fr\/wp-content\/uploads\/2025\/09\/maureen_poignonec-1024x1024.png","datePublished":"2025-10-10T08:14:57+00:00","breadcrumb":{"@id":"https:\/\/salondulivrejeunesse.fr\/index.php\/maureen-poignonec\/#breadcrumb"},"inLanguage":"fr-FR","potentialAction":[{"@type":"ReadAction","target":["https:\/\/salondulivrejeunesse.fr\/index.php\/maureen-poignonec\/"]}]},{"@type":"ImageObject","inLanguage":"fr-FR","@id":"https:\/\/salondulivrejeunesse.fr\/index.php\/maureen-poignonec\/#primaryimage","url":"https:\/\/salondulivrejeunesse.fr\/wp-content\/uploads\/2025\/09\/maureen_poignonec.png","contentUrl":"https:\/\/salondulivrejeunesse.fr\/wp-content\/uploads\/2025\/09\/maureen_poignonec.png","width":1080,"height":1080},{"@type":"BreadcrumbList","@id":"https:\/\/salondulivrejeunesse.fr\/index.php\/maureen-poignonec\/#breadcrumb","itemListElement":[{"@type":"ListItem","position":1,"name":"Accueil","item":"https:\/\/salondulivrejeunesse.fr\/"},{"@type":"ListItem","position":2,"name":"Maur\u00e8en Poignonec, illustratrice"}]},{"@type":"WebSite","@id":"https:\/\/salondulivrejeunesse.fr\/#website","url":"https:\/\/salondulivrejeunesse.fr\/","name":"Salon du livre jeunesse de Foug\u00e8res Agglom\u00e9ration","description":"","publisher":{"@id":"https:\/\/salondulivrejeunesse.fr\/#organization"},"potentialAction":[{"@type":"SearchAction","target":{"@type":"EntryPoint","urlTemplate":"https:\/\/salondulivrejeunesse.fr\/?s={search_term_string}"},"query-input":{"@type":"PropertyValueSpecification","valueRequired":true,"valueName":"search_term_string"}}],"inLanguage":"fr-FR"},{"@type":"Organization","@id":"https:\/\/salondulivrejeunesse.fr\/#organization","name":"Foug\u00e8res Agglom\u00e9ration","url":"https:\/\/salondulivrejeunesse.fr\/","logo":{"@type":"ImageObject","inLanguage":"fr-FR","@id":"https:\/\/salondulivrejeunesse.fr\/#\/schema\/logo\/image\/","url":"https:\/\/salondulivrejeunesse.fr\/wp-content\/uploads\/2020\/06\/20190101_FA_Logo_1_Coul_Bleu-scaled.jpg","contentUrl":"https:\/\/salondulivrejeunesse.fr\/wp-content\/uploads\/2020\/06\/20190101_FA_Logo_1_Coul_Bleu-scaled.jpg","width":2560,"height":937,"caption":"Foug\u00e8res Agglom\u00e9ration"},"image":{"@id":"https:\/\/salondulivrejeunesse.fr\/#\/schema\/logo\/image\/"},"sameAs":["https:\/\/www.facebook.com\/salondulivrefougeresagglo\/?epa=SEARCH_BOX"]}]}},"jetpack_sharing_enabled":true,"_links":{"self":[{"href":"https:\/\/salondulivrejeunesse.fr\/index.php\/wp-json\/wp\/v2\/pages\/3639","targetHints":{"allow":["GET"]}}],"collection":[{"href":"https:\/\/salondulivrejeunesse.fr\/index.php\/wp-json\/wp\/v2\/pages"}],"about":[{"href":"https:\/\/salondulivrejeunesse.fr\/index.php\/wp-json\/wp\/v2\/types\/page"}],"author":[{"embeddable":true,"href":"https:\/\/salondulivrejeunesse.fr\/index.php\/wp-json\/wp\/v2\/users\/1"}],"replies":[{"embeddable":true,"href":"https:\/\/salondulivrejeunesse.fr\/index.php\/wp-json\/wp\/v2\/comments?post=3639"}],"version-history":[{"count":19,"href":"https:\/\/salondulivrejeunesse.fr\/index.php\/wp-json\/wp\/v2\/pages\/3639\/revisions"}],"predecessor-version":[{"id":5634,"href":"https:\/\/salondulivrejeunesse.fr\/index.php\/wp-json\/wp\/v2\/pages\/3639\/revisions\/5634"}],"wp:attachment":[{"href":"https:\/\/salondulivrejeunesse.fr\/index.php\/wp-json\/wp\/v2\/media?parent=3639"}],"wp:term":[{"taxonomy":"wf_page_folders","embeddable":true,"href":"https:\/\/salondulivrejeunesse.fr\/index.php\/wp-json\/wp\/v2\/wf_page_folders?post=3639"}],"curies":[{"name":"wp","href":"https:\/\/api.w.org\/{rel}","templated":true}]}}