{"id":3607,"date":"2025-10-10T10:14:58","date_gmt":"2025-10-10T08:14:58","guid":{"rendered":"https:\/\/salondulivrejeunesse.fr\/?page_id=3607"},"modified":"2025-10-10T10:14:58","modified_gmt":"2025-10-10T08:14:58","slug":"sandra-leguen","status":"publish","type":"page","link":"https:\/\/salondulivrejeunesse.fr\/index.php\/sandra-leguen\/","title":{"rendered":"Sandra Le Guen, autrice"},"content":{"rendered":"\n<div style=\"height:29px\" aria-hidden=\"true\" class=\"wp-block-spacer\"><\/div>\n\n\n\n<div class=\"wp-block-media-text alignwide is-stacked-on-mobile\" style=\"grid-template-columns:21% auto\"><figure class=\"wp-block-media-text__media\"><img fetchpriority=\"high\" decoding=\"async\" width=\"400\" height=\"400\" src=\"https:\/\/salondulivrejeunesse.fr\/wp-content\/uploads\/2023\/09\/LeGuen_Sandra_CreditCelestinLGT2.jpg\" alt=\"\" class=\"wp-image-3920 size-full\" srcset=\"https:\/\/salondulivrejeunesse.fr\/wp-content\/uploads\/2023\/09\/LeGuen_Sandra_CreditCelestinLGT2.jpg 400w, https:\/\/salondulivrejeunesse.fr\/wp-content\/uploads\/2023\/09\/LeGuen_Sandra_CreditCelestinLGT2-300x300.jpg 300w, https:\/\/salondulivrejeunesse.fr\/wp-content\/uploads\/2023\/09\/LeGuen_Sandra_CreditCelestinLGT2-150x150.jpg 150w\" sizes=\"(max-width: 400px) 100vw, 400px\" \/><\/figure><div class=\"wp-block-media-text__content\">\n<p class=\"has-text-align-justify\">Plus journaliste mais toujours bretonne, Sandra Le Guen est n\u00e9e \u00e0 Rennes en 1977. Dipl\u00f4m\u00e9e d\u2019une ma\u00eetrise de Lettres Modernes, mention Tr\u00e8s Bl\u00e9 noir et beurre sal\u00e9, elle tombe dans l\u2019univers du livre toute petite, en tant que lectrice, d\u2019abord. Elle voue une passion sans borne aux chaussettes (aucun rapport avec sa plume). Plus grande, \u00e0 un m\u00e8tre soixante-quatre \u00e0 peu pr\u00e8s, elle devient chroniqueuse de livres jeunesse, ce qui la conduit \u00e0 \u00e9crire des histoires, presque par hasard. <\/p>\n\n\n\n<p class=\"has-text-align-justify\">Avec une cinquantaine de titres dans sa bibliographie, elle navigue entre humour et po\u00e9sie, sur des sujets du quotidien des enfants. Optimiste, sensible, dr\u00f4le (parfois) et mine de rien, engag\u00e9e, elle est publi\u00e9e chez Little Urban, Casterman, Tourbillon, Bayard, Sarbacane, Frimousse, Maison Eliza, Kilowatt, La poule qui pond, Mango Jeunesse, Lunii (la bo\u00eete \u00e0 histoires)\u2026 Elle anime r\u00e9guli\u00e8rement des rencontres, des ateliers cr\u00e9atifs et des ateliers d\u2019\u00e9criture dans les classes et dans les m\u00e9diath\u00e8ques. Depuis 2022, elle intervient aupr\u00e8s des \u00e9tudiants du Master M\u00e9tiers du livre et de l\u2019\u00e9dition de l\u2019Universit\u00e9 de Rennes 2.<\/p>\n\n\n\n<p>Sandra Le Guen a collabor\u00e9 avec <a href=\"https:\/\/salondulivrejeunesse.fr\/index.php\/julien-arnal\">Julien Arnal<\/a>, <a href=\"https:\/\/salondulivrejeunesse.fr\/index.php\/heloise-solt\">H\u00e9lo\u00efse Solt <\/a>et <a href=\"https:\/\/salondulivrejeunesse.fr\/index.php\/maureen-poignonec\">Maur\u00e8en Poignonec<\/a>, qui seront \u00e9galement pr\u00e9sents au Salon du livre.<\/p>\n\n\n\n<p>Son site Internet : <a href=\"https:\/\/sandraleguen.blogspot.com\/\" target=\"_blank\" rel=\"noreferrer noopener\">sandraleguen.blogspot.co<\/a><a href=\"http:\/\/www.benjaminlacombe.com\/\" target=\"_blank\" rel=\"noreferrer noopener\">m<\/a><\/p>\n<\/div><\/div>\n\n\n\n<div style=\"height:51px\" aria-hidden=\"true\" class=\"wp-block-spacer\"><\/div>\n\n\n\n<p>Rencontrer Sandra Le Guen : <\/p>\n\n\n\n<ul class=\"wp-block-list\">\n<li><a href=\"https:\/\/salondulivrejeunesse.fr\/index.php\/rencontres\">Atelier-rencontre <\/a>\u00e0 la m\u00e9diath\u00e8que de Saint Marc le Blanc, le samedi 15 novembre de 10h00 \u00e0 11h30.<\/li>\n\n\n\n<li><a href=\"https:\/\/salondulivrejeunesse.fr\/index.php\/expositions\">Exposition <\/a>au Salon, du 14 au 16 novembre.<\/li>\n\n\n\n<li>En d\u00e9dicaces dans la librairie, le samedi, de 14h00 \u00e0 18h00 et le dimanche, de 10h00 \u00e0 12h00 et de 14h00 \u00e0 18h00.<\/li>\n<\/ul>\n\n\n\n<div style=\"height:36px\" aria-hidden=\"true\" class=\"wp-block-spacer\"><\/div>\n\n\n\n<h2 class=\"wp-block-heading\">Ses livres<\/h2>\n\n\n\n<figure class=\"wp-block-gallery has-nested-images columns-default is-cropped columns-3 wp-block-gallery-1 is-layout-flex wp-block-gallery-is-layout-flex\">\n<figure class=\"wp-block-image size-large\"><a href=\"https:\/\/www.casterman.com\/Jeunesse\/Catalogue\/barnabe-et-sa-tetine\/9782203207868\"><img decoding=\"async\" width=\"346\" height=\"406\" data-id=\"3612\" src=\"https:\/\/salondulivrejeunesse.fr\/wp-content\/uploads\/2023\/06\/9782203207868.jpg\" alt=\"\" class=\"wp-image-3612\" srcset=\"https:\/\/salondulivrejeunesse.fr\/wp-content\/uploads\/2023\/06\/9782203207868.jpg 346w, https:\/\/salondulivrejeunesse.fr\/wp-content\/uploads\/2023\/06\/9782203207868-256x300.jpg 256w\" sizes=\"(max-width: 346px) 100vw, 346px\" \/><\/a><\/figure>\n\n\n\n<figure class=\"wp-block-image size-large\"><a href=\"https:\/\/www.little-urban.fr\/hibou-chou\/\"><img decoding=\"async\" width=\"385\" height=\"431\" data-id=\"3611\" src=\"https:\/\/salondulivrejeunesse.fr\/wp-content\/uploads\/2023\/06\/hibou-chou.jpg\" alt=\"\" class=\"wp-image-3611\" srcset=\"https:\/\/salondulivrejeunesse.fr\/wp-content\/uploads\/2023\/06\/hibou-chou.jpg 385w, https:\/\/salondulivrejeunesse.fr\/wp-content\/uploads\/2023\/06\/hibou-chou-268x300.jpg 268w\" sizes=\"(max-width: 385px) 100vw, 385px\" \/><\/a><\/figure>\n\n\n\n<figure class=\"wp-block-image size-full\"><img loading=\"lazy\" decoding=\"async\" width=\"600\" height=\"834\" data-id=\"5068\" src=\"https:\/\/salondulivrejeunesse.fr\/wp-content\/uploads\/2025\/05\/revolte_couv.webp\" alt=\"\" class=\"wp-image-5068\" srcset=\"https:\/\/salondulivrejeunesse.fr\/wp-content\/uploads\/2025\/05\/revolte_couv.webp 600w, https:\/\/salondulivrejeunesse.fr\/wp-content\/uploads\/2025\/05\/revolte_couv-216x300.webp 216w\" sizes=\"(max-width: 600px) 100vw, 600px\" \/><\/figure>\n<\/figure>\n\n\n\n<div style=\"height:20px\" aria-hidden=\"true\" class=\"wp-block-spacer\"><\/div>\n\n\n\n<p><\/p>\n","protected":false},"excerpt":{"rendered":"<p>Plus journaliste mais toujours bretonne, Sandra Le Guen est n\u00e9e \u00e0 Rennes en 1977. Dipl\u00f4m\u00e9e d\u2019une ma\u00eetrise de Lettres Modernes, mention Tr\u00e8s Bl\u00e9 noir et beurre sal\u00e9, elle tombe dans l\u2019univers du livre toute petite, en tant que lectrice, d\u2019abord. Elle voue une passion sans borne aux chaussettes (aucun rapport [&hellip;]<\/p>\n","protected":false},"author":1,"featured_media":0,"parent":0,"menu_order":0,"comment_status":"closed","ping_status":"closed","template":"","meta":{"footnotes":""},"wf_page_folders":[11],"class_list":["post-3607","page","type-page","status-publish","hentry"],"yoast_head":"<!-- This site is optimized with the Yoast SEO plugin v26.1.1 - https:\/\/yoast.com\/wordpress\/plugins\/seo\/ -->\n<title>Sandra Le Guen, autrice - Salon du livre jeunesse de Foug\u00e8res Agglom\u00e9ration<\/title>\n<meta name=\"robots\" content=\"index, follow, max-snippet:-1, max-image-preview:large, max-video-preview:-1\" \/>\n<link rel=\"canonical\" href=\"https:\/\/salondulivrejeunesse.fr\/index.php\/sandra-leguen\/\" \/>\n<meta property=\"og:locale\" content=\"fr_FR\" \/>\n<meta property=\"og:type\" content=\"article\" \/>\n<meta property=\"og:title\" content=\"Sandra Le Guen, autrice - Salon du livre jeunesse de Foug\u00e8res Agglom\u00e9ration\" \/>\n<meta property=\"og:description\" content=\"Plus journaliste mais toujours bretonne, Sandra Le Guen est n\u00e9e \u00e0 Rennes en 1977. Dipl\u00f4m\u00e9e d\u2019une ma\u00eetrise de Lettres Modernes, mention Tr\u00e8s Bl\u00e9 noir et beurre sal\u00e9, elle tombe dans l\u2019univers du livre toute petite, en tant que lectrice, d\u2019abord. Elle voue une passion sans borne aux chaussettes (aucun rapport [&hellip;]\" \/>\n<meta property=\"og:url\" content=\"https:\/\/salondulivrejeunesse.fr\/index.php\/sandra-leguen\/\" \/>\n<meta property=\"og:site_name\" content=\"Salon du livre jeunesse de Foug\u00e8res Agglom\u00e9ration\" \/>\n<meta property=\"article:publisher\" content=\"https:\/\/www.facebook.com\/salondulivrefougeresagglo\/?epa=SEARCH_BOX\" \/>\n<meta property=\"og:image\" content=\"https:\/\/salondulivrejeunesse.fr\/wp-content\/uploads\/2023\/09\/LeGuen_Sandra_CreditCelestinLGT2.jpg\" \/>\n\t<meta property=\"og:image:width\" content=\"400\" \/>\n\t<meta property=\"og:image:height\" content=\"400\" \/>\n\t<meta property=\"og:image:type\" content=\"image\/jpeg\" \/>\n<meta name=\"twitter:card\" content=\"summary_large_image\" \/>\n<meta name=\"twitter:label1\" content=\"Dur\u00e9e de lecture estim\u00e9e\" \/>\n\t<meta name=\"twitter:data1\" content=\"3 minutes\" \/>\n<script type=\"application\/ld+json\" class=\"yoast-schema-graph\">{\"@context\":\"https:\/\/schema.org\",\"@graph\":[{\"@type\":\"WebPage\",\"@id\":\"https:\/\/salondulivrejeunesse.fr\/index.php\/sandra-leguen\/\",\"url\":\"https:\/\/salondulivrejeunesse.fr\/index.php\/sandra-leguen\/\",\"name\":\"Sandra Le Guen, autrice - Salon du livre jeunesse de Foug\u00e8res Agglom\u00e9ration\",\"isPartOf\":{\"@id\":\"https:\/\/salondulivrejeunesse.fr\/#website\"},\"primaryImageOfPage\":{\"@id\":\"https:\/\/salondulivrejeunesse.fr\/index.php\/sandra-leguen\/#primaryimage\"},\"image\":{\"@id\":\"https:\/\/salondulivrejeunesse.fr\/index.php\/sandra-leguen\/#primaryimage\"},\"thumbnailUrl\":\"https:\/\/salondulivrejeunesse.fr\/wp-content\/uploads\/2023\/09\/LeGuen_Sandra_CreditCelestinLGT2.jpg\",\"datePublished\":\"2025-10-10T08:14:58+00:00\",\"breadcrumb\":{\"@id\":\"https:\/\/salondulivrejeunesse.fr\/index.php\/sandra-leguen\/#breadcrumb\"},\"inLanguage\":\"fr-FR\",\"potentialAction\":[{\"@type\":\"ReadAction\",\"target\":[\"https:\/\/salondulivrejeunesse.fr\/index.php\/sandra-leguen\/\"]}]},{\"@type\":\"ImageObject\",\"inLanguage\":\"fr-FR\",\"@id\":\"https:\/\/salondulivrejeunesse.fr\/index.php\/sandra-leguen\/#primaryimage\",\"url\":\"https:\/\/salondulivrejeunesse.fr\/wp-content\/uploads\/2023\/09\/LeGuen_Sandra_CreditCelestinLGT2.jpg\",\"contentUrl\":\"https:\/\/salondulivrejeunesse.fr\/wp-content\/uploads\/2023\/09\/LeGuen_Sandra_CreditCelestinLGT2.jpg\",\"width\":400,\"height\":400},{\"@type\":\"BreadcrumbList\",\"@id\":\"https:\/\/salondulivrejeunesse.fr\/index.php\/sandra-leguen\/#breadcrumb\",\"itemListElement\":[{\"@type\":\"ListItem\",\"position\":1,\"name\":\"Accueil\",\"item\":\"https:\/\/salondulivrejeunesse.fr\/\"},{\"@type\":\"ListItem\",\"position\":2,\"name\":\"Sandra Le Guen, autrice\"}]},{\"@type\":\"WebSite\",\"@id\":\"https:\/\/salondulivrejeunesse.fr\/#website\",\"url\":\"https:\/\/salondulivrejeunesse.fr\/\",\"name\":\"Salon du livre jeunesse de Foug\u00e8res Agglom\u00e9ration\",\"description\":\"\",\"publisher\":{\"@id\":\"https:\/\/salondulivrejeunesse.fr\/#organization\"},\"potentialAction\":[{\"@type\":\"SearchAction\",\"target\":{\"@type\":\"EntryPoint\",\"urlTemplate\":\"https:\/\/salondulivrejeunesse.fr\/?s={search_term_string}\"},\"query-input\":{\"@type\":\"PropertyValueSpecification\",\"valueRequired\":true,\"valueName\":\"search_term_string\"}}],\"inLanguage\":\"fr-FR\"},{\"@type\":\"Organization\",\"@id\":\"https:\/\/salondulivrejeunesse.fr\/#organization\",\"name\":\"Foug\u00e8res Agglom\u00e9ration\",\"url\":\"https:\/\/salondulivrejeunesse.fr\/\",\"logo\":{\"@type\":\"ImageObject\",\"inLanguage\":\"fr-FR\",\"@id\":\"https:\/\/salondulivrejeunesse.fr\/#\/schema\/logo\/image\/\",\"url\":\"https:\/\/salondulivrejeunesse.fr\/wp-content\/uploads\/2020\/06\/20190101_FA_Logo_1_Coul_Bleu-scaled.jpg\",\"contentUrl\":\"https:\/\/salondulivrejeunesse.fr\/wp-content\/uploads\/2020\/06\/20190101_FA_Logo_1_Coul_Bleu-scaled.jpg\",\"width\":2560,\"height\":937,\"caption\":\"Foug\u00e8res Agglom\u00e9ration\"},\"image\":{\"@id\":\"https:\/\/salondulivrejeunesse.fr\/#\/schema\/logo\/image\/\"},\"sameAs\":[\"https:\/\/www.facebook.com\/salondulivrefougeresagglo\/?epa=SEARCH_BOX\"]}]}<\/script>\n<!-- \/ Yoast SEO plugin. -->","yoast_head_json":{"title":"Sandra Le Guen, autrice - Salon du livre jeunesse de Foug\u00e8res Agglom\u00e9ration","robots":{"index":"index","follow":"follow","max-snippet":"max-snippet:-1","max-image-preview":"max-image-preview:large","max-video-preview":"max-video-preview:-1"},"canonical":"https:\/\/salondulivrejeunesse.fr\/index.php\/sandra-leguen\/","og_locale":"fr_FR","og_type":"article","og_title":"Sandra Le Guen, autrice - Salon du livre jeunesse de Foug\u00e8res Agglom\u00e9ration","og_description":"Plus journaliste mais toujours bretonne, Sandra Le Guen est n\u00e9e \u00e0 Rennes en 1977. Dipl\u00f4m\u00e9e d\u2019une ma\u00eetrise de Lettres Modernes, mention Tr\u00e8s Bl\u00e9 noir et beurre sal\u00e9, elle tombe dans l\u2019univers du livre toute petite, en tant que lectrice, d\u2019abord. Elle voue une passion sans borne aux chaussettes (aucun rapport [&hellip;]","og_url":"https:\/\/salondulivrejeunesse.fr\/index.php\/sandra-leguen\/","og_site_name":"Salon du livre jeunesse de Foug\u00e8res Agglom\u00e9ration","article_publisher":"https:\/\/www.facebook.com\/salondulivrefougeresagglo\/?epa=SEARCH_BOX","og_image":[{"width":400,"height":400,"url":"https:\/\/salondulivrejeunesse.fr\/wp-content\/uploads\/2023\/09\/LeGuen_Sandra_CreditCelestinLGT2.jpg","type":"image\/jpeg"}],"twitter_card":"summary_large_image","twitter_misc":{"Dur\u00e9e de lecture estim\u00e9e":"3 minutes"},"schema":{"@context":"https:\/\/schema.org","@graph":[{"@type":"WebPage","@id":"https:\/\/salondulivrejeunesse.fr\/index.php\/sandra-leguen\/","url":"https:\/\/salondulivrejeunesse.fr\/index.php\/sandra-leguen\/","name":"Sandra Le Guen, autrice - Salon du livre jeunesse de Foug\u00e8res Agglom\u00e9ration","isPartOf":{"@id":"https:\/\/salondulivrejeunesse.fr\/#website"},"primaryImageOfPage":{"@id":"https:\/\/salondulivrejeunesse.fr\/index.php\/sandra-leguen\/#primaryimage"},"image":{"@id":"https:\/\/salondulivrejeunesse.fr\/index.php\/sandra-leguen\/#primaryimage"},"thumbnailUrl":"https:\/\/salondulivrejeunesse.fr\/wp-content\/uploads\/2023\/09\/LeGuen_Sandra_CreditCelestinLGT2.jpg","datePublished":"2025-10-10T08:14:58+00:00","breadcrumb":{"@id":"https:\/\/salondulivrejeunesse.fr\/index.php\/sandra-leguen\/#breadcrumb"},"inLanguage":"fr-FR","potentialAction":[{"@type":"ReadAction","target":["https:\/\/salondulivrejeunesse.fr\/index.php\/sandra-leguen\/"]}]},{"@type":"ImageObject","inLanguage":"fr-FR","@id":"https:\/\/salondulivrejeunesse.fr\/index.php\/sandra-leguen\/#primaryimage","url":"https:\/\/salondulivrejeunesse.fr\/wp-content\/uploads\/2023\/09\/LeGuen_Sandra_CreditCelestinLGT2.jpg","contentUrl":"https:\/\/salondulivrejeunesse.fr\/wp-content\/uploads\/2023\/09\/LeGuen_Sandra_CreditCelestinLGT2.jpg","width":400,"height":400},{"@type":"BreadcrumbList","@id":"https:\/\/salondulivrejeunesse.fr\/index.php\/sandra-leguen\/#breadcrumb","itemListElement":[{"@type":"ListItem","position":1,"name":"Accueil","item":"https:\/\/salondulivrejeunesse.fr\/"},{"@type":"ListItem","position":2,"name":"Sandra Le Guen, autrice"}]},{"@type":"WebSite","@id":"https:\/\/salondulivrejeunesse.fr\/#website","url":"https:\/\/salondulivrejeunesse.fr\/","name":"Salon du livre jeunesse de Foug\u00e8res Agglom\u00e9ration","description":"","publisher":{"@id":"https:\/\/salondulivrejeunesse.fr\/#organization"},"potentialAction":[{"@type":"SearchAction","target":{"@type":"EntryPoint","urlTemplate":"https:\/\/salondulivrejeunesse.fr\/?s={search_term_string}"},"query-input":{"@type":"PropertyValueSpecification","valueRequired":true,"valueName":"search_term_string"}}],"inLanguage":"fr-FR"},{"@type":"Organization","@id":"https:\/\/salondulivrejeunesse.fr\/#organization","name":"Foug\u00e8res Agglom\u00e9ration","url":"https:\/\/salondulivrejeunesse.fr\/","logo":{"@type":"ImageObject","inLanguage":"fr-FR","@id":"https:\/\/salondulivrejeunesse.fr\/#\/schema\/logo\/image\/","url":"https:\/\/salondulivrejeunesse.fr\/wp-content\/uploads\/2020\/06\/20190101_FA_Logo_1_Coul_Bleu-scaled.jpg","contentUrl":"https:\/\/salondulivrejeunesse.fr\/wp-content\/uploads\/2020\/06\/20190101_FA_Logo_1_Coul_Bleu-scaled.jpg","width":2560,"height":937,"caption":"Foug\u00e8res Agglom\u00e9ration"},"image":{"@id":"https:\/\/salondulivrejeunesse.fr\/#\/schema\/logo\/image\/"},"sameAs":["https:\/\/www.facebook.com\/salondulivrefougeresagglo\/?epa=SEARCH_BOX"]}]}},"jetpack_sharing_enabled":true,"_links":{"self":[{"href":"https:\/\/salondulivrejeunesse.fr\/index.php\/wp-json\/wp\/v2\/pages\/3607","targetHints":{"allow":["GET"]}}],"collection":[{"href":"https:\/\/salondulivrejeunesse.fr\/index.php\/wp-json\/wp\/v2\/pages"}],"about":[{"href":"https:\/\/salondulivrejeunesse.fr\/index.php\/wp-json\/wp\/v2\/types\/page"}],"author":[{"embeddable":true,"href":"https:\/\/salondulivrejeunesse.fr\/index.php\/wp-json\/wp\/v2\/users\/1"}],"replies":[{"embeddable":true,"href":"https:\/\/salondulivrejeunesse.fr\/index.php\/wp-json\/wp\/v2\/comments?post=3607"}],"version-history":[{"count":17,"href":"https:\/\/salondulivrejeunesse.fr\/index.php\/wp-json\/wp\/v2\/pages\/3607\/revisions"}],"predecessor-version":[{"id":5666,"href":"https:\/\/salondulivrejeunesse.fr\/index.php\/wp-json\/wp\/v2\/pages\/3607\/revisions\/5666"}],"wp:attachment":[{"href":"https:\/\/salondulivrejeunesse.fr\/index.php\/wp-json\/wp\/v2\/media?parent=3607"}],"wp:term":[{"taxonomy":"wf_page_folders","embeddable":true,"href":"https:\/\/salondulivrejeunesse.fr\/index.php\/wp-json\/wp\/v2\/wf_page_folders?post=3607"}],"curies":[{"name":"wp","href":"https:\/\/api.w.org\/{rel}","templated":true}]}}