{"id":3,"date":"2020-06-04T09:54:16","date_gmt":"2020-06-04T07:54:16","guid":{"rendered":"http:\/\/salondulivrejeunesse.fr\/?page_id=3"},"modified":"2025-02-26T10:15:33","modified_gmt":"2025-02-26T09:15:33","slug":"mentions-legales","status":"publish","type":"page","link":"https:\/\/salondulivrejeunesse.fr\/index.php\/mentions-legales\/","title":{"rendered":"Mentions l\u00e9gales"},"content":{"rendered":"<div class=\"panel-heading\">\n<h2 id=\"title-359\"><span> Responsabilit\u00e9 \u00e9ditoriale du site <\/span><\/h2>\n<\/div>\n<div class=\"panel-body\">\n<div id=\"carousel-E2AC23B7982F31D85263ECA8A6078C05\" class=\"ermes-frame-html\">\n<div class=\"rsItem\">\n<p><span class=\"forecolor\">R\u00e9seau des m\u00e9diath\u00e8ques de Foug\u00e8res Agglom\u00e9ration<\/span><br \/><span class=\"forecolor\">Parc d&rsquo;activit\u00e9s de l&rsquo;Aumaillerie<\/span><br \/><span class=\"forecolor\">1 Rue Louis Lumi\u00e8re<\/span><br \/><span class=\"forecolor\">35133 LA SELLE EN LUITRE<\/span><span class=\"forecolor\"><\/span><\/p>\n<p><span class=\"forecolor\">Directeur de la publication : la directrice du r\u00e9seau de lecture publique de Foug\u00e8res Agglom\u00e9ration<\/span><\/p>\n<\/div>\n<\/div>\n<\/div>\n<h1>Protection de la propri\u00e9t\u00e9 intellectuelle<\/h1>\n<p>Tous les contenus pr\u00e9sents sur ce site sont couverts par le Code de la propri\u00e9t\u00e9 intellectuelle et artistique (sauf mention contraire).<\/p>\n<p>Toute reproduction, repr\u00e9sentation, utilisation ou modification, dans le cadre d&rsquo;une activit\u00e9 publique, par quelque proc\u00e9d\u00e9 que ce soit et sur quelque support que ce soit, de tout ou partie du site, de tout ou partie des diff\u00e9rentes \u0153uvres qui le composent, sans avoir obtenu d&rsquo;autorisation pr\u00e9alable est strictement interdite (sauf mention contraire).<\/p>\n<p>Les reproductions, les transmissions, les modifications, les r\u00e9utilisations, sur un support papier ou informatique, dudit site et des \u0153uvres qui y sont reproduites ne sont autoris\u00e9es que pour un usage personnel et priv\u00e9 ou dans le cadre d&rsquo;activit\u00e9 de recherche ou d&rsquo;enseignement conforme aux dispositions de l&rsquo;article L 122-5 du Code de la Propri\u00e9t\u00e9 intellectuelle, et sous r\u00e9serve du respect des conditions suivantes :<br \/>&#8211; Gratuit\u00e9 de la diffusion,<br \/>&#8211; Respect de l&rsquo;int\u00e9grit\u00e9 des documents reproduits : pas de modification ni alt\u00e9ration d&rsquo;aucune sorte,<br \/>&#8211; Indication claire de la source et l&rsquo;auteur du site et\/ou de ces \u0153uvres multim\u00e9dias sous la forme \u00ab ce document provient du site mediatheques.fougeres-agglo.bzh \u00bb.<\/p>\n<p>En aucun cas ces reproductions ne sauraient porter pr\u00e9judice aux droits des tiers. Les reproductions, les transmissions, les modifications, les r\u00e9utilisations \u00e0 des fins publicitaires, commerciales ou d&rsquo;information, de tout ou partie du site, sont totalement interdites.<\/p>\n<p>Toute personne ne respectant pas les dispositions l\u00e9gales applicables se rend coupable du d\u00e9lit de contrefa\u00e7on et est passible des sanctions p\u00e9nales pr\u00e9vues par la loi.<\/p>\n<h1>Objectif et qualit\u00e9 des contenus<\/h1>\n<p>Ce site a pour objectif d&rsquo;informer le grand public, les professionnels et les m\u00e9dias, Les contributeurs s&rsquo;efforcent de fournir une information de qualit\u00e9 et v\u00e9rifi\u00e9e. La m\u00e9diath\u00e8que d\u00e9cline toute responsabilit\u00e9 en cas d&rsquo;erreur ou d&rsquo;omission. Si toutefois une information semble inexacte ou contient une erreur typographique, vous pouvez le signaler via le formulaire du site www.mediatheques.fougeres-agglo.bzh. <\/p>\n<h1>Liens hypertextes<\/h1>\n<p>Les liens pointant vers la page d&rsquo;accueil ou l&rsquo;une des pages du site mediatheques.fougeres-agglo.bzh peuvent \u00eatre \u00e9tablis sans autorisation pr\u00e9alable. Dans ce cas la mention explicite du lien vers le site sera faite pour informer l&rsquo;internaute de la teneur du lien. \u00c0 des fins de r\u00e9ciprocit\u00e9, nous vous remercions de bien vouloir nous indiquer vos liens. Les liens hypertexte pr\u00e9sents sur le site aiguillant les utilisateurs vers d&rsquo;autres sites internet ne sauraient engager la responsabilit\u00e9 du r\u00e9seau des m\u00e9diath\u00e8ques de Le port quant au contenu de ces sites.<\/p>\n<h1>Informatique et libert\u00e9s<\/h1>\n<p>Dans la cadre du renforcement de la protection des donn\u00e9es personnelles (RGPD), nous vous rappelons que nous traitons des donn\u00e9es personnelles vous concernant : Identifiants, nom, pr\u00e9nom, date de naissance, num\u00e9ros de t\u00e9l\u00e9phone, adresse mail et postale, ainsi que l&rsquo;historique des pr\u00eats de documents sur 4 mois.<\/p>\n<p>Les informations recueillies vous concernant font l&rsquo;objet d&rsquo;un traitement destin\u00e9 uniquement aux \u00e9tablissements des m\u00e9diath\u00e8ques de Foug\u00e8res Agglom\u00e9ration pour la gestion des usagers. La dur\u00e9e de conservation des donn\u00e9es est de 1 an apr\u00e8s la fin de l&rsquo;abonnement. Les destinataires des donn\u00e9es sont les services des m\u00e9diath\u00e8ques de Foug\u00e8res Agglom\u00e9ration et ses partenaires de services num\u00e9riques. Conform\u00e9ment aux articles 38, 39 et 40 de la loi du 6 janvier 1978 modifi\u00e9e, vous b\u00e9n\u00e9ficiez d&rsquo;un droit d&rsquo;acc\u00e8s, de rectification et d&rsquo;effacement de celles-ci. Droit d&rsquo;acc\u00e8s, de modification et de suppression des informations personnelles. Toute personne abonn\u00e9e \u00e0 la lettre d&rsquo;information ou utilisant les services en ligne du site peut avoir acc\u00e8s aux informations personnelles la concernant et en demander la modification ou la suppression en nous contactant via le formulaire du site www.mediatheques.fougeres-agglo.bzh. Vous avez la possibilit\u00e9 de contacter notre d\u00e9l\u00e9gu\u00e9 \u00e0 la protection des donn\u00e9es, pour toute information concernant vos donn\u00e9es personnelles en contactant le si\u00e8ge de Foug\u00e8res Agglom\u00e9ration ou d&rsquo;introduire une r\u00e9clamation aupr\u00e8s de la CNIL.<\/p>\n\n\n<p><\/p>\n","protected":false},"excerpt":{"rendered":"<p>Responsabilit\u00e9 \u00e9ditoriale du site R\u00e9seau des m\u00e9diath\u00e8ques de Foug\u00e8res Agglom\u00e9rationParc d&rsquo;activit\u00e9s de l&rsquo;Aumaillerie1 Rue Louis Lumi\u00e8re35133 LA SELLE EN LUITRE Directeur de la publication : la directrice du r\u00e9seau de lecture publique de Foug\u00e8res Agglom\u00e9ration Protection de la propri\u00e9t\u00e9 intellectuelle Tous les contenus pr\u00e9sents sur ce site sont couverts par [&hellip;]<\/p>\n","protected":false},"author":1,"featured_media":0,"parent":0,"menu_order":0,"comment_status":"closed","ping_status":"open","template":"","meta":{"footnotes":""},"wf_page_folders":[9],"class_list":["post-3","page","type-page","status-publish","hentry"],"yoast_head":"<!-- This site is optimized with the Yoast SEO plugin v26.1.1 - https:\/\/yoast.com\/wordpress\/plugins\/seo\/ -->\n<title>Mentions l\u00e9gales - Salon du livre jeunesse de Foug\u00e8res Agglom\u00e9ration<\/title>\n<meta name=\"robots\" content=\"index, follow, max-snippet:-1, max-image-preview:large, max-video-preview:-1\" \/>\n<link rel=\"canonical\" href=\"https:\/\/salondulivrejeunesse.fr\/index.php\/mentions-legales\/\" \/>\n<meta property=\"og:locale\" content=\"fr_FR\" \/>\n<meta property=\"og:type\" content=\"article\" \/>\n<meta property=\"og:title\" content=\"Mentions l\u00e9gales - Salon du livre jeunesse de Foug\u00e8res Agglom\u00e9ration\" \/>\n<meta property=\"og:description\" content=\"Responsabilit\u00e9 \u00e9ditoriale du site R\u00e9seau des m\u00e9diath\u00e8ques de Foug\u00e8res Agglom\u00e9rationParc d&rsquo;activit\u00e9s de l&rsquo;Aumaillerie1 Rue Louis Lumi\u00e8re35133 LA SELLE EN LUITRE Directeur de la publication : la directrice du r\u00e9seau de lecture publique de Foug\u00e8res Agglom\u00e9ration Protection de la propri\u00e9t\u00e9 intellectuelle Tous les contenus pr\u00e9sents sur ce site sont couverts par [&hellip;]\" \/>\n<meta property=\"og:url\" content=\"https:\/\/salondulivrejeunesse.fr\/index.php\/mentions-legales\/\" \/>\n<meta property=\"og:site_name\" content=\"Salon du livre jeunesse de Foug\u00e8res Agglom\u00e9ration\" \/>\n<meta property=\"article:publisher\" content=\"https:\/\/www.facebook.com\/salondulivrefougeresagglo\/?epa=SEARCH_BOX\" \/>\n<meta property=\"article:modified_time\" content=\"2025-02-26T09:15:33+00:00\" \/>\n<meta name=\"twitter:card\" content=\"summary_large_image\" \/>\n<meta name=\"twitter:label1\" content=\"Dur\u00e9e de lecture estim\u00e9e\" \/>\n\t<meta name=\"twitter:data1\" content=\"4 minutes\" \/>\n<script type=\"application\/ld+json\" class=\"yoast-schema-graph\">{\"@context\":\"https:\/\/schema.org\",\"@graph\":[{\"@type\":\"WebPage\",\"@id\":\"https:\/\/salondulivrejeunesse.fr\/index.php\/mentions-legales\/\",\"url\":\"https:\/\/salondulivrejeunesse.fr\/index.php\/mentions-legales\/\",\"name\":\"Mentions l\u00e9gales - Salon du livre jeunesse de Foug\u00e8res Agglom\u00e9ration\",\"isPartOf\":{\"@id\":\"https:\/\/salondulivrejeunesse.fr\/#website\"},\"datePublished\":\"2020-06-04T07:54:16+00:00\",\"dateModified\":\"2025-02-26T09:15:33+00:00\",\"breadcrumb\":{\"@id\":\"https:\/\/salondulivrejeunesse.fr\/index.php\/mentions-legales\/#breadcrumb\"},\"inLanguage\":\"fr-FR\",\"potentialAction\":[{\"@type\":\"ReadAction\",\"target\":[\"https:\/\/salondulivrejeunesse.fr\/index.php\/mentions-legales\/\"]}]},{\"@type\":\"BreadcrumbList\",\"@id\":\"https:\/\/salondulivrejeunesse.fr\/index.php\/mentions-legales\/#breadcrumb\",\"itemListElement\":[{\"@type\":\"ListItem\",\"position\":1,\"name\":\"Accueil\",\"item\":\"https:\/\/salondulivrejeunesse.fr\/\"},{\"@type\":\"ListItem\",\"position\":2,\"name\":\"Mentions l\u00e9gales\"}]},{\"@type\":\"WebSite\",\"@id\":\"https:\/\/salondulivrejeunesse.fr\/#website\",\"url\":\"https:\/\/salondulivrejeunesse.fr\/\",\"name\":\"Salon du livre jeunesse de Foug\u00e8res Agglom\u00e9ration\",\"description\":\"\",\"publisher\":{\"@id\":\"https:\/\/salondulivrejeunesse.fr\/#organization\"},\"potentialAction\":[{\"@type\":\"SearchAction\",\"target\":{\"@type\":\"EntryPoint\",\"urlTemplate\":\"https:\/\/salondulivrejeunesse.fr\/?s={search_term_string}\"},\"query-input\":{\"@type\":\"PropertyValueSpecification\",\"valueRequired\":true,\"valueName\":\"search_term_string\"}}],\"inLanguage\":\"fr-FR\"},{\"@type\":\"Organization\",\"@id\":\"https:\/\/salondulivrejeunesse.fr\/#organization\",\"name\":\"Foug\u00e8res Agglom\u00e9ration\",\"url\":\"https:\/\/salondulivrejeunesse.fr\/\",\"logo\":{\"@type\":\"ImageObject\",\"inLanguage\":\"fr-FR\",\"@id\":\"https:\/\/salondulivrejeunesse.fr\/#\/schema\/logo\/image\/\",\"url\":\"https:\/\/salondulivrejeunesse.fr\/wp-content\/uploads\/2020\/06\/20190101_FA_Logo_1_Coul_Bleu-scaled.jpg\",\"contentUrl\":\"https:\/\/salondulivrejeunesse.fr\/wp-content\/uploads\/2020\/06\/20190101_FA_Logo_1_Coul_Bleu-scaled.jpg\",\"width\":2560,\"height\":937,\"caption\":\"Foug\u00e8res Agglom\u00e9ration\"},\"image\":{\"@id\":\"https:\/\/salondulivrejeunesse.fr\/#\/schema\/logo\/image\/\"},\"sameAs\":[\"https:\/\/www.facebook.com\/salondulivrefougeresagglo\/?epa=SEARCH_BOX\"]}]}<\/script>\n<!-- \/ Yoast SEO plugin. -->","yoast_head_json":{"title":"Mentions l\u00e9gales - Salon du livre jeunesse de Foug\u00e8res Agglom\u00e9ration","robots":{"index":"index","follow":"follow","max-snippet":"max-snippet:-1","max-image-preview":"max-image-preview:large","max-video-preview":"max-video-preview:-1"},"canonical":"https:\/\/salondulivrejeunesse.fr\/index.php\/mentions-legales\/","og_locale":"fr_FR","og_type":"article","og_title":"Mentions l\u00e9gales - Salon du livre jeunesse de Foug\u00e8res Agglom\u00e9ration","og_description":"Responsabilit\u00e9 \u00e9ditoriale du site R\u00e9seau des m\u00e9diath\u00e8ques de Foug\u00e8res Agglom\u00e9rationParc d&rsquo;activit\u00e9s de l&rsquo;Aumaillerie1 Rue Louis Lumi\u00e8re35133 LA SELLE EN LUITRE Directeur de la publication : la directrice du r\u00e9seau de lecture publique de Foug\u00e8res Agglom\u00e9ration Protection de la propri\u00e9t\u00e9 intellectuelle Tous les contenus pr\u00e9sents sur ce site sont couverts par [&hellip;]","og_url":"https:\/\/salondulivrejeunesse.fr\/index.php\/mentions-legales\/","og_site_name":"Salon du livre jeunesse de Foug\u00e8res Agglom\u00e9ration","article_publisher":"https:\/\/www.facebook.com\/salondulivrefougeresagglo\/?epa=SEARCH_BOX","article_modified_time":"2025-02-26T09:15:33+00:00","twitter_card":"summary_large_image","twitter_misc":{"Dur\u00e9e de lecture estim\u00e9e":"4 minutes"},"schema":{"@context":"https:\/\/schema.org","@graph":[{"@type":"WebPage","@id":"https:\/\/salondulivrejeunesse.fr\/index.php\/mentions-legales\/","url":"https:\/\/salondulivrejeunesse.fr\/index.php\/mentions-legales\/","name":"Mentions l\u00e9gales - Salon du livre jeunesse de Foug\u00e8res Agglom\u00e9ration","isPartOf":{"@id":"https:\/\/salondulivrejeunesse.fr\/#website"},"datePublished":"2020-06-04T07:54:16+00:00","dateModified":"2025-02-26T09:15:33+00:00","breadcrumb":{"@id":"https:\/\/salondulivrejeunesse.fr\/index.php\/mentions-legales\/#breadcrumb"},"inLanguage":"fr-FR","potentialAction":[{"@type":"ReadAction","target":["https:\/\/salondulivrejeunesse.fr\/index.php\/mentions-legales\/"]}]},{"@type":"BreadcrumbList","@id":"https:\/\/salondulivrejeunesse.fr\/index.php\/mentions-legales\/#breadcrumb","itemListElement":[{"@type":"ListItem","position":1,"name":"Accueil","item":"https:\/\/salondulivrejeunesse.fr\/"},{"@type":"ListItem","position":2,"name":"Mentions l\u00e9gales"}]},{"@type":"WebSite","@id":"https:\/\/salondulivrejeunesse.fr\/#website","url":"https:\/\/salondulivrejeunesse.fr\/","name":"Salon du livre jeunesse de Foug\u00e8res Agglom\u00e9ration","description":"","publisher":{"@id":"https:\/\/salondulivrejeunesse.fr\/#organization"},"potentialAction":[{"@type":"SearchAction","target":{"@type":"EntryPoint","urlTemplate":"https:\/\/salondulivrejeunesse.fr\/?s={search_term_string}"},"query-input":{"@type":"PropertyValueSpecification","valueRequired":true,"valueName":"search_term_string"}}],"inLanguage":"fr-FR"},{"@type":"Organization","@id":"https:\/\/salondulivrejeunesse.fr\/#organization","name":"Foug\u00e8res Agglom\u00e9ration","url":"https:\/\/salondulivrejeunesse.fr\/","logo":{"@type":"ImageObject","inLanguage":"fr-FR","@id":"https:\/\/salondulivrejeunesse.fr\/#\/schema\/logo\/image\/","url":"https:\/\/salondulivrejeunesse.fr\/wp-content\/uploads\/2020\/06\/20190101_FA_Logo_1_Coul_Bleu-scaled.jpg","contentUrl":"https:\/\/salondulivrejeunesse.fr\/wp-content\/uploads\/2020\/06\/20190101_FA_Logo_1_Coul_Bleu-scaled.jpg","width":2560,"height":937,"caption":"Foug\u00e8res Agglom\u00e9ration"},"image":{"@id":"https:\/\/salondulivrejeunesse.fr\/#\/schema\/logo\/image\/"},"sameAs":["https:\/\/www.facebook.com\/salondulivrefougeresagglo\/?epa=SEARCH_BOX"]}]}},"jetpack_sharing_enabled":true,"_links":{"self":[{"href":"https:\/\/salondulivrejeunesse.fr\/index.php\/wp-json\/wp\/v2\/pages\/3","targetHints":{"allow":["GET"]}}],"collection":[{"href":"https:\/\/salondulivrejeunesse.fr\/index.php\/wp-json\/wp\/v2\/pages"}],"about":[{"href":"https:\/\/salondulivrejeunesse.fr\/index.php\/wp-json\/wp\/v2\/types\/page"}],"author":[{"embeddable":true,"href":"https:\/\/salondulivrejeunesse.fr\/index.php\/wp-json\/wp\/v2\/users\/1"}],"replies":[{"embeddable":true,"href":"https:\/\/salondulivrejeunesse.fr\/index.php\/wp-json\/wp\/v2\/comments?post=3"}],"version-history":[{"count":6,"href":"https:\/\/salondulivrejeunesse.fr\/index.php\/wp-json\/wp\/v2\/pages\/3\/revisions"}],"predecessor-version":[{"id":4971,"href":"https:\/\/salondulivrejeunesse.fr\/index.php\/wp-json\/wp\/v2\/pages\/3\/revisions\/4971"}],"wp:attachment":[{"href":"https:\/\/salondulivrejeunesse.fr\/index.php\/wp-json\/wp\/v2\/media?parent=3"}],"wp:term":[{"taxonomy":"wf_page_folders","embeddable":true,"href":"https:\/\/salondulivrejeunesse.fr\/index.php\/wp-json\/wp\/v2\/wf_page_folders?post=3"}],"curies":[{"name":"wp","href":"https:\/\/api.w.org\/{rel}","templated":true}]}}