{"id":282,"date":"2025-10-10T09:58:26","date_gmt":"2025-10-10T07:58:26","guid":{"rendered":"http:\/\/salondulivrejeunesse.fr\/?page_id=282"},"modified":"2025-10-10T09:58:26","modified_gmt":"2025-10-10T07:58:26","slug":"marc-baron","status":"publish","type":"page","link":"https:\/\/salondulivrejeunesse.fr\/index.php\/marc-baron\/","title":{"rendered":"Marc Baron, auteur"},"content":{"rendered":"\n<div style=\"height:29px\" aria-hidden=\"true\" class=\"wp-block-spacer\"><\/div>\n\n\n\n<div class=\"wp-block-media-text alignwide is-stacked-on-mobile\" style=\"grid-template-columns:21% auto\"><figure class=\"wp-block-media-text__media\"><img fetchpriority=\"high\" decoding=\"async\" width=\"600\" height=\"600\" src=\"https:\/\/salondulivrejeunesse.fr\/wp-content\/uploads\/2020\/06\/baron_photo_2-rotated.jpg\" alt=\"Marc Baron\" class=\"wp-image-283 size-full\" srcset=\"https:\/\/salondulivrejeunesse.fr\/wp-content\/uploads\/2020\/06\/baron_photo_2-rotated.jpg 600w, https:\/\/salondulivrejeunesse.fr\/wp-content\/uploads\/2020\/06\/baron_photo_2-300x300.jpg 300w, https:\/\/salondulivrejeunesse.fr\/wp-content\/uploads\/2020\/06\/baron_photo_2-150x150.jpg 150w\" sizes=\"(max-width: 600px) 100vw, 600px\" \/><\/figure><div class=\"wp-block-media-text__content\">\n<p class=\"has-text-align-justify\">Cr\u00e9ateur du Salon du livre jeunesse de Foug\u00e8res, Marc Baron est po\u00e8te et auteur. Apr\u00e8s six ann\u00e9es d&rsquo;\u00e9tude de th\u00e9ologie, de philosophie et de musique, en France, \u00e0 Fribourg et \u00e0 Londres, il fut un temps professeur de fran\u00e7ais et de sport au Mali, professeur de piano, pianiste de cabaret, organiste.<\/p>\n\n\n\n<div style=\"height:42px\" aria-hidden=\"true\" class=\"wp-block-spacer\"><\/div>\n<\/div><\/div>\n\n\n\n<div style=\"height:71px\" aria-hidden=\"true\" class=\"wp-block-spacer\"><\/div>\n\n\n\n<p>Rencontrer Marc Baron : <\/p>\n\n\n\n<ul class=\"wp-block-list\">\n<li>En d\u00e9dicaces dans la librairie, le samedi, de 10h00 \u00e0 12h00 et de 14h00 \u00e0 18h00 et le dimanche, de 10h00 \u00e0 12h00 et de 14h00 \u00e0 18h00.<\/li>\n<\/ul>\n\n\n\n<div style=\"height:71px\" aria-hidden=\"true\" class=\"wp-block-spacer\"><\/div>\n\n\n\n<h2 class=\"wp-block-heading\">Ses livres<\/h2>\n\n\n\n<figure class=\"wp-block-gallery columns-3 is-cropped wp-block-gallery-1 is-layout-flex wp-block-gallery-is-layout-flex\"><ul class=\"blocks-gallery-grid\"><li class=\"blocks-gallery-item\"><figure><a href=https:\/\/www.pluiedetoiles.com\/publications.php><img decoding=\"async\" width=\"410\" height=\"667\" src=\"https:\/\/salondulivrejeunesse.fr\/wp-content\/uploads\/2020\/06\/IMG4967e3a695afd-tant-de-neige-sur-mon-pays.jpg\" alt=\"\" data-id=\"445\" data-full-url=\"https:\/\/salondulivrejeunesse.fr\/wp-content\/uploads\/2020\/06\/IMG4967e3a695afd-tant-de-neige-sur-mon-pays.jpg\" data-link=\"https:\/\/salondulivrejeunesse.fr\/index.php\/marc-baron\/img4967e3a695afd-tant-de-neige-sur-mon-pays\/\" class=\"wp-image-445\" srcset=\"https:\/\/salondulivrejeunesse.fr\/wp-content\/uploads\/2020\/06\/IMG4967e3a695afd-tant-de-neige-sur-mon-pays.jpg 410w, https:\/\/salondulivrejeunesse.fr\/wp-content\/uploads\/2020\/06\/IMG4967e3a695afd-tant-de-neige-sur-mon-pays-184x300.jpg 184w\" sizes=\"(max-width: 410px) 100vw, 410px\" \/><\/figure><\/li><li class=\"blocks-gallery-item\"><figure><a href=https:\/\/www.pluiedetoiles.com\/publications.php><img decoding=\"async\" width=\"400\" height=\"701\" src=\"https:\/\/salondulivrejeunesse.fr\/wp-content\/uploads\/2020\/06\/9782913056169.jpg\" alt=\"\" data-id=\"446\" data-full-url=\"https:\/\/salondulivrejeunesse.fr\/wp-content\/uploads\/2020\/06\/9782913056169.jpg\" data-link=\"https:\/\/salondulivrejeunesse.fr\/index.php\/marc-baron\/attachment\/9782913056169\/\" class=\"wp-image-446\" srcset=\"https:\/\/salondulivrejeunesse.fr\/wp-content\/uploads\/2020\/06\/9782913056169.jpg 400w, https:\/\/salondulivrejeunesse.fr\/wp-content\/uploads\/2020\/06\/9782913056169-171x300.jpg 171w\" sizes=\"(max-width: 400px) 100vw, 400px\" \/><\/figure><\/li><li class=\"blocks-gallery-item\"><figure><img loading=\"lazy\" decoding=\"async\" width=\"682\" height=\"1024\" src=\"https:\/\/salondulivrejeunesse.fr\/wp-content\/uploads\/2020\/06\/9791090597334_1_75-682x1024.jpg\" alt=\"\" data-id=\"447\" data-full-url=\"https:\/\/salondulivrejeunesse.fr\/wp-content\/uploads\/2020\/06\/9791090597334_1_75.jpg\" data-link=\"https:\/\/salondulivrejeunesse.fr\/index.php\/marc-baron\/9791090597334_1_75\/\" class=\"wp-image-447\" srcset=\"https:\/\/salondulivrejeunesse.fr\/wp-content\/uploads\/2020\/06\/9791090597334_1_75-682x1024.jpg 682w, https:\/\/salondulivrejeunesse.fr\/wp-content\/uploads\/2020\/06\/9791090597334_1_75-200x300.jpg 200w, https:\/\/salondulivrejeunesse.fr\/wp-content\/uploads\/2020\/06\/9791090597334_1_75-768x1154.jpg 768w, https:\/\/salondulivrejeunesse.fr\/wp-content\/uploads\/2020\/06\/9791090597334_1_75.jpg 1000w\" sizes=\"(max-width: 682px) 100vw, 682px\" \/><\/figure><\/li><\/ul><\/figure>\n","protected":false},"excerpt":{"rendered":"<p>Rencontrer Marc Baron : Ses livres<\/p>\n","protected":false},"author":1,"featured_media":0,"parent":0,"menu_order":0,"comment_status":"closed","ping_status":"closed","template":"","meta":{"footnotes":""},"wf_page_folders":[11],"class_list":["post-282","page","type-page","status-publish","hentry"],"yoast_head":"<!-- This site is optimized with the Yoast SEO plugin v26.1.1 - https:\/\/yoast.com\/wordpress\/plugins\/seo\/ -->\n<title>Marc Baron, auteur - Salon du livre jeunesse de Foug\u00e8res Agglom\u00e9ration<\/title>\n<meta name=\"robots\" content=\"index, follow, max-snippet:-1, max-image-preview:large, max-video-preview:-1\" \/>\n<link rel=\"canonical\" href=\"https:\/\/salondulivrejeunesse.fr\/index.php\/marc-baron\/\" \/>\n<meta property=\"og:locale\" content=\"fr_FR\" \/>\n<meta property=\"og:type\" content=\"article\" \/>\n<meta property=\"og:title\" content=\"Marc Baron, auteur - Salon du livre jeunesse de Foug\u00e8res Agglom\u00e9ration\" \/>\n<meta property=\"og:description\" content=\"Rencontrer Marc Baron : Ses livres\" \/>\n<meta property=\"og:url\" content=\"https:\/\/salondulivrejeunesse.fr\/index.php\/marc-baron\/\" \/>\n<meta property=\"og:site_name\" content=\"Salon du livre jeunesse de Foug\u00e8res Agglom\u00e9ration\" \/>\n<meta property=\"article:publisher\" content=\"https:\/\/www.facebook.com\/salondulivrefougeresagglo\/?epa=SEARCH_BOX\" \/>\n<meta property=\"og:image\" content=\"https:\/\/salondulivrejeunesse.fr\/wp-content\/uploads\/2020\/06\/baron_photo_2-rotated.jpg\" \/>\n\t<meta property=\"og:image:width\" content=\"600\" \/>\n\t<meta property=\"og:image:height\" content=\"600\" \/>\n\t<meta property=\"og:image:type\" content=\"image\/jpeg\" \/>\n<meta name=\"twitter:card\" content=\"summary_large_image\" \/>\n<meta name=\"twitter:label1\" content=\"Dur\u00e9e de lecture estim\u00e9e\" \/>\n\t<meta name=\"twitter:data1\" content=\"2 minutes\" \/>\n<script type=\"application\/ld+json\" class=\"yoast-schema-graph\">{\"@context\":\"https:\/\/schema.org\",\"@graph\":[{\"@type\":\"WebPage\",\"@id\":\"https:\/\/salondulivrejeunesse.fr\/index.php\/marc-baron\/\",\"url\":\"https:\/\/salondulivrejeunesse.fr\/index.php\/marc-baron\/\",\"name\":\"Marc Baron, auteur - Salon du livre jeunesse de Foug\u00e8res Agglom\u00e9ration\",\"isPartOf\":{\"@id\":\"https:\/\/salondulivrejeunesse.fr\/#website\"},\"primaryImageOfPage\":{\"@id\":\"https:\/\/salondulivrejeunesse.fr\/index.php\/marc-baron\/#primaryimage\"},\"image\":{\"@id\":\"https:\/\/salondulivrejeunesse.fr\/index.php\/marc-baron\/#primaryimage\"},\"thumbnailUrl\":\"https:\/\/salondulivrejeunesse.fr\/wp-content\/uploads\/2020\/06\/baron_photo_2-rotated.jpg\",\"datePublished\":\"2025-10-10T07:58:26+00:00\",\"breadcrumb\":{\"@id\":\"https:\/\/salondulivrejeunesse.fr\/index.php\/marc-baron\/#breadcrumb\"},\"inLanguage\":\"fr-FR\",\"potentialAction\":[{\"@type\":\"ReadAction\",\"target\":[\"https:\/\/salondulivrejeunesse.fr\/index.php\/marc-baron\/\"]}]},{\"@type\":\"ImageObject\",\"inLanguage\":\"fr-FR\",\"@id\":\"https:\/\/salondulivrejeunesse.fr\/index.php\/marc-baron\/#primaryimage\",\"url\":\"https:\/\/salondulivrejeunesse.fr\/wp-content\/uploads\/2020\/06\/baron_photo_2-rotated.jpg\",\"contentUrl\":\"https:\/\/salondulivrejeunesse.fr\/wp-content\/uploads\/2020\/06\/baron_photo_2-rotated.jpg\",\"width\":600,\"height\":600,\"caption\":\"Marc Baron\"},{\"@type\":\"BreadcrumbList\",\"@id\":\"https:\/\/salondulivrejeunesse.fr\/index.php\/marc-baron\/#breadcrumb\",\"itemListElement\":[{\"@type\":\"ListItem\",\"position\":1,\"name\":\"Accueil\",\"item\":\"https:\/\/salondulivrejeunesse.fr\/\"},{\"@type\":\"ListItem\",\"position\":2,\"name\":\"Marc Baron, auteur\"}]},{\"@type\":\"WebSite\",\"@id\":\"https:\/\/salondulivrejeunesse.fr\/#website\",\"url\":\"https:\/\/salondulivrejeunesse.fr\/\",\"name\":\"Salon du livre jeunesse de Foug\u00e8res Agglom\u00e9ration\",\"description\":\"\",\"publisher\":{\"@id\":\"https:\/\/salondulivrejeunesse.fr\/#organization\"},\"potentialAction\":[{\"@type\":\"SearchAction\",\"target\":{\"@type\":\"EntryPoint\",\"urlTemplate\":\"https:\/\/salondulivrejeunesse.fr\/?s={search_term_string}\"},\"query-input\":{\"@type\":\"PropertyValueSpecification\",\"valueRequired\":true,\"valueName\":\"search_term_string\"}}],\"inLanguage\":\"fr-FR\"},{\"@type\":\"Organization\",\"@id\":\"https:\/\/salondulivrejeunesse.fr\/#organization\",\"name\":\"Foug\u00e8res Agglom\u00e9ration\",\"url\":\"https:\/\/salondulivrejeunesse.fr\/\",\"logo\":{\"@type\":\"ImageObject\",\"inLanguage\":\"fr-FR\",\"@id\":\"https:\/\/salondulivrejeunesse.fr\/#\/schema\/logo\/image\/\",\"url\":\"https:\/\/salondulivrejeunesse.fr\/wp-content\/uploads\/2020\/06\/20190101_FA_Logo_1_Coul_Bleu-scaled.jpg\",\"contentUrl\":\"https:\/\/salondulivrejeunesse.fr\/wp-content\/uploads\/2020\/06\/20190101_FA_Logo_1_Coul_Bleu-scaled.jpg\",\"width\":2560,\"height\":937,\"caption\":\"Foug\u00e8res Agglom\u00e9ration\"},\"image\":{\"@id\":\"https:\/\/salondulivrejeunesse.fr\/#\/schema\/logo\/image\/\"},\"sameAs\":[\"https:\/\/www.facebook.com\/salondulivrefougeresagglo\/?epa=SEARCH_BOX\"]}]}<\/script>\n<!-- \/ Yoast SEO plugin. -->","yoast_head_json":{"title":"Marc Baron, auteur - Salon du livre jeunesse de Foug\u00e8res Agglom\u00e9ration","robots":{"index":"index","follow":"follow","max-snippet":"max-snippet:-1","max-image-preview":"max-image-preview:large","max-video-preview":"max-video-preview:-1"},"canonical":"https:\/\/salondulivrejeunesse.fr\/index.php\/marc-baron\/","og_locale":"fr_FR","og_type":"article","og_title":"Marc Baron, auteur - Salon du livre jeunesse de Foug\u00e8res Agglom\u00e9ration","og_description":"Rencontrer Marc Baron : Ses livres","og_url":"https:\/\/salondulivrejeunesse.fr\/index.php\/marc-baron\/","og_site_name":"Salon du livre jeunesse de Foug\u00e8res Agglom\u00e9ration","article_publisher":"https:\/\/www.facebook.com\/salondulivrefougeresagglo\/?epa=SEARCH_BOX","og_image":[{"width":600,"height":600,"url":"https:\/\/salondulivrejeunesse.fr\/wp-content\/uploads\/2020\/06\/baron_photo_2-rotated.jpg","type":"image\/jpeg"}],"twitter_card":"summary_large_image","twitter_misc":{"Dur\u00e9e de lecture estim\u00e9e":"2 minutes"},"schema":{"@context":"https:\/\/schema.org","@graph":[{"@type":"WebPage","@id":"https:\/\/salondulivrejeunesse.fr\/index.php\/marc-baron\/","url":"https:\/\/salondulivrejeunesse.fr\/index.php\/marc-baron\/","name":"Marc Baron, auteur - Salon du livre jeunesse de Foug\u00e8res Agglom\u00e9ration","isPartOf":{"@id":"https:\/\/salondulivrejeunesse.fr\/#website"},"primaryImageOfPage":{"@id":"https:\/\/salondulivrejeunesse.fr\/index.php\/marc-baron\/#primaryimage"},"image":{"@id":"https:\/\/salondulivrejeunesse.fr\/index.php\/marc-baron\/#primaryimage"},"thumbnailUrl":"https:\/\/salondulivrejeunesse.fr\/wp-content\/uploads\/2020\/06\/baron_photo_2-rotated.jpg","datePublished":"2025-10-10T07:58:26+00:00","breadcrumb":{"@id":"https:\/\/salondulivrejeunesse.fr\/index.php\/marc-baron\/#breadcrumb"},"inLanguage":"fr-FR","potentialAction":[{"@type":"ReadAction","target":["https:\/\/salondulivrejeunesse.fr\/index.php\/marc-baron\/"]}]},{"@type":"ImageObject","inLanguage":"fr-FR","@id":"https:\/\/salondulivrejeunesse.fr\/index.php\/marc-baron\/#primaryimage","url":"https:\/\/salondulivrejeunesse.fr\/wp-content\/uploads\/2020\/06\/baron_photo_2-rotated.jpg","contentUrl":"https:\/\/salondulivrejeunesse.fr\/wp-content\/uploads\/2020\/06\/baron_photo_2-rotated.jpg","width":600,"height":600,"caption":"Marc Baron"},{"@type":"BreadcrumbList","@id":"https:\/\/salondulivrejeunesse.fr\/index.php\/marc-baron\/#breadcrumb","itemListElement":[{"@type":"ListItem","position":1,"name":"Accueil","item":"https:\/\/salondulivrejeunesse.fr\/"},{"@type":"ListItem","position":2,"name":"Marc Baron, auteur"}]},{"@type":"WebSite","@id":"https:\/\/salondulivrejeunesse.fr\/#website","url":"https:\/\/salondulivrejeunesse.fr\/","name":"Salon du livre jeunesse de Foug\u00e8res Agglom\u00e9ration","description":"","publisher":{"@id":"https:\/\/salondulivrejeunesse.fr\/#organization"},"potentialAction":[{"@type":"SearchAction","target":{"@type":"EntryPoint","urlTemplate":"https:\/\/salondulivrejeunesse.fr\/?s={search_term_string}"},"query-input":{"@type":"PropertyValueSpecification","valueRequired":true,"valueName":"search_term_string"}}],"inLanguage":"fr-FR"},{"@type":"Organization","@id":"https:\/\/salondulivrejeunesse.fr\/#organization","name":"Foug\u00e8res Agglom\u00e9ration","url":"https:\/\/salondulivrejeunesse.fr\/","logo":{"@type":"ImageObject","inLanguage":"fr-FR","@id":"https:\/\/salondulivrejeunesse.fr\/#\/schema\/logo\/image\/","url":"https:\/\/salondulivrejeunesse.fr\/wp-content\/uploads\/2020\/06\/20190101_FA_Logo_1_Coul_Bleu-scaled.jpg","contentUrl":"https:\/\/salondulivrejeunesse.fr\/wp-content\/uploads\/2020\/06\/20190101_FA_Logo_1_Coul_Bleu-scaled.jpg","width":2560,"height":937,"caption":"Foug\u00e8res Agglom\u00e9ration"},"image":{"@id":"https:\/\/salondulivrejeunesse.fr\/#\/schema\/logo\/image\/"},"sameAs":["https:\/\/www.facebook.com\/salondulivrefougeresagglo\/?epa=SEARCH_BOX"]}]}},"jetpack_sharing_enabled":true,"_links":{"self":[{"href":"https:\/\/salondulivrejeunesse.fr\/index.php\/wp-json\/wp\/v2\/pages\/282","targetHints":{"allow":["GET"]}}],"collection":[{"href":"https:\/\/salondulivrejeunesse.fr\/index.php\/wp-json\/wp\/v2\/pages"}],"about":[{"href":"https:\/\/salondulivrejeunesse.fr\/index.php\/wp-json\/wp\/v2\/types\/page"}],"author":[{"embeddable":true,"href":"https:\/\/salondulivrejeunesse.fr\/index.php\/wp-json\/wp\/v2\/users\/1"}],"replies":[{"embeddable":true,"href":"https:\/\/salondulivrejeunesse.fr\/index.php\/wp-json\/wp\/v2\/comments?post=282"}],"version-history":[{"count":20,"href":"https:\/\/salondulivrejeunesse.fr\/index.php\/wp-json\/wp\/v2\/pages\/282\/revisions"}],"predecessor-version":[{"id":4586,"href":"https:\/\/salondulivrejeunesse.fr\/index.php\/wp-json\/wp\/v2\/pages\/282\/revisions\/4586"}],"wp:attachment":[{"href":"https:\/\/salondulivrejeunesse.fr\/index.php\/wp-json\/wp\/v2\/media?parent=282"}],"wp:term":[{"taxonomy":"wf_page_folders","embeddable":true,"href":"https:\/\/salondulivrejeunesse.fr\/index.php\/wp-json\/wp\/v2\/wf_page_folders?post=282"}],"curies":[{"name":"wp","href":"https:\/\/api.w.org\/{rel}","templated":true}]}}