{"id":25,"date":"2023-05-30T09:39:36","date_gmt":"2023-05-30T07:39:36","guid":{"rendered":"http:\/\/salondulivrejeunesse.fr\/?page_id=25"},"modified":"2025-06-03T14:19:24","modified_gmt":"2025-06-03T12:19:24","slug":"rencontres-scolaires","status":"publish","type":"page","link":"https:\/\/salondulivrejeunesse.fr\/index.php\/rencontres-scolaires\/","title":{"rendered":"Rencontres scolaires"},"content":{"rendered":"\n<h2 class=\"wp-block-heading\">Inscriptions aux rencontres scolaires<\/h2>\n\n\n\n<p>Les rencontres scolaires auront lieu le jeudi 13 et le vendredi 14 novembre 2025. Les rencontres concernent les \u00e9l\u00e8ves de la maternelle au lyc\u00e9e, ainsi que les \u00e9tablissements d&rsquo;enseignement sp\u00e9cialis\u00e9s.<\/p>\n\n\n\n<p>Ces moments sont pour les \u00e9l\u00e8ves et leurs enseignants une chance in\u00e9dite de toucher du doigt la cr\u00e9ation d&rsquo;un livre, de s&rsquo;en impr\u00e9gner, pour ensuite imaginer cr\u00e9er eux-m\u00eames.<\/p>\n\n\n\n<p>Vous avez jusqu&rsquo;au <strong>samedi 21 juin<\/strong> inclus pour inscrire votre classe, en ligne uniquement. Lors de votre inscription, nous vous remercions de respecter les niveaux de classes indiqu\u00e9s par les auteurs.rices et les illustrateurs.rices. Nous vous remercions \u00e9galement de remplir un formulaire par classe.<\/p>\n\n\n\n<p>Les rencontres sont attribu\u00e9es prioritairement aux \u00e9tablissements scolaires situ\u00e9s dans les communes de Foug\u00e8res Agglom\u00e9ration : Beauc\u00e9, Bill\u00e9, Combourtill\u00e9, Foug\u00e8res, Javen\u00e9, La Bazouge-du-D\u00e9sert, La Chapelle-Fleurign\u00e9, La Chapelle-Saint-Aubert, Laignelet, Land\u00e9an, La Selle-en-Luitr\u00e9, L\u00e9cousse, Le Ferr\u00e9, Le Loroux, Louvign\u00e9-du-D\u00e9sert, Luitr\u00e9-Dompierre, Mell\u00e9, Monthault, Parc\u00e9, Parign\u00e9, Poilley, Rives-du-Couesnon, Romagn\u00e9, Saint-Christophe-de-Valains, Saint-Georges-de-Reintembault, Saint-Ouen-des-Alleux, Saint-Sauveur-des-Landes et Villam\u00e9e.<\/p>\n\n\n\n<p>Tarif indicatif &nbsp;: un forfait de 55 \u20ac par classe reste \u00e0 la charge des \u00e9tablissements scolaires de Foug\u00e8res Agglom\u00e9ration. Foug\u00e8res Agglom\u00e9ration prend en charge par ailleurs les 3\/4 du co\u00fbt des rencontres scolaires.<\/p>\n\n\n\n<p>Les attributions seront envoy\u00e9es uniquement par mail. Un mail pr\u00e9cisant le nom de l&rsquo;auteur.rice ou illustrateur.rice, ainsi que la date et l&rsquo;heure de la rencontre, vous sera envoy\u00e9 au plus t\u00f4t fin juin.<\/p>\n\n\n\n<p>Les livres des auteurs.rices et illustrateurs.rices sont \u00e0 votre disposition dans les m\u00e9diath\u00e8ques du r\u00e9seau de Foug\u00e8res Agglom\u00e9ration. N&rsquo;h\u00e9sitez pas \u00e0 contacter les biblioth\u00e9caires pour vous aider dans votre choix.<\/p>\n\n\n\n<p>Pour toute question concernant les rencontres scolaires, veuillez contacter Latifa Rhidane ou Tracy Garnier au 02.23.51.10.90, du mardi au vendredi, de 9h30 \u00e0 12h15 et de 13h30 \u00e0 18h, ou via le formulaire de contact sur le site <a href=\"https:\/\/salondulivrejeunesse.fr\/\">https:\/\/salondulivrejeunesse.fr\/<\/a><\/p>\n\n\n\n<h3 class=\"wp-block-heading\">Niveau maternelle<\/h3>\n\n\n\n<div data-wp-interactive=\"core\/file\" class=\"wp-block-file\"><object data-wp-bind--hidden=\"!state.hasPdfPreview\" hidden class=\"wp-block-file__embed\" data=\"https:\/\/salondulivrejeunesse.fr\/wp-content\/uploads\/2025\/06\/Presentation_auteurs_maternelle.pdf\" type=\"application\/pdf\" style=\"width:100%;height:600px\" aria-label=\"Contenu embarqu\u00e9 Presentation_auteurs_maternelle.\"><\/object><a id=\"wp-block-file--media-a291c191-14b8-4798-b748-741d29b969a2\" href=\"https:\/\/salondulivrejeunesse.fr\/wp-content\/uploads\/2025\/06\/Presentation_auteurs_maternelle.pdf\">Presentation_auteurs_maternelle<\/a><a href=\"https:\/\/salondulivrejeunesse.fr\/wp-content\/uploads\/2025\/06\/Presentation_auteurs_maternelle.pdf\" class=\"wp-block-file__button wp-element-button\" download aria-describedby=\"wp-block-file--media-a291c191-14b8-4798-b748-741d29b969a2\">T\u00e9l\u00e9charger<\/a><\/div>\n\n\n\n<h3 class=\"wp-block-heading\">Niveau primaire<\/h3>\n\n\n\n<div data-wp-interactive=\"core\/file\" class=\"wp-block-file\"><object data-wp-bind--hidden=\"!state.hasPdfPreview\" hidden class=\"wp-block-file__embed\" data=\"https:\/\/salondulivrejeunesse.fr\/wp-content\/uploads\/2025\/06\/Presentation_auteurs_primaire.pdf\" type=\"application\/pdf\" style=\"width:100%;height:600px\" aria-label=\"Contenu embarqu\u00e9 Presentation_auteurs_primaire.\"><\/object><a id=\"wp-block-file--media-57a9ccb8-b6a0-46ba-aa3c-9402affeaa93\" href=\"https:\/\/salondulivrejeunesse.fr\/wp-content\/uploads\/2025\/06\/Presentation_auteurs_primaire.pdf\">Presentation_auteurs_primaire<\/a><a href=\"https:\/\/salondulivrejeunesse.fr\/wp-content\/uploads\/2025\/06\/Presentation_auteurs_primaire.pdf\" class=\"wp-block-file__button wp-element-button\" download aria-describedby=\"wp-block-file--media-57a9ccb8-b6a0-46ba-aa3c-9402affeaa93\">T\u00e9l\u00e9charger<\/a><\/div>\n\n\n\n<h3 class=\"wp-block-heading\">Niveau coll\u00e8ge\/lyc\u00e9e<\/h3>\n\n\n\n<div data-wp-interactive=\"core\/file\" class=\"wp-block-file\"><object data-wp-bind--hidden=\"!state.hasPdfPreview\" hidden class=\"wp-block-file__embed\" data=\"https:\/\/salondulivrejeunesse.fr\/wp-content\/uploads\/2025\/06\/Presentation_auteurs_col_lyc.pdf\" type=\"application\/pdf\" style=\"width:100%;height:600px\" aria-label=\"Contenu embarqu\u00e9 Presentation_auteurs_col_lyc.\"><\/object><a id=\"wp-block-file--media-62dbb415-1056-4b18-a9f6-488dfbf79f74\" href=\"https:\/\/salondulivrejeunesse.fr\/wp-content\/uploads\/2025\/06\/Presentation_auteurs_col_lyc.pdf\">Presentation_auteurs_col_lyc<\/a><a href=\"https:\/\/salondulivrejeunesse.fr\/wp-content\/uploads\/2025\/06\/Presentation_auteurs_col_lyc.pdf\" class=\"wp-block-file__button wp-element-button\" download aria-describedby=\"wp-block-file--media-62dbb415-1056-4b18-a9f6-488dfbf79f74\">T\u00e9l\u00e9charger<\/a><\/div>\n\n\n\n<div style=\"height:65px\" aria-hidden=\"true\" class=\"wp-block-spacer\"><\/div>\n\n\n\n<h2 class=\"wp-block-heading\">Comment faire votre choix ?<\/h2>\n\n\n\n<p class=\"has-text-align-justify\">Pour vous inscrire, suivez simplement les \u00e9tapes du formulaire.<br>Nous vous remercions de respecter les niveaux de classes indiqu\u00e9s par les auteurs et les illustrateurs. Nous vous remercions \u00e9galement de remplir un formulaire par classe.<\/p>\n\n\n\n<p class=\"has-text-align-center\"><strong><a href=\"https:\/\/docs.google.com\/forms\/d\/e\/1FAIpQLSf0Z-S0k2SRdToXc7isRPbY53bRacujQ9iP40LKoCHz0RKYSg\/viewform?usp=header\" target=\"_blank\" rel=\"noreferrer noopener\">Cliquez ici pour remplir le formulaire.<\/a><\/strong><\/p>\n\n\n\n<div style=\"height:56px\" aria-hidden=\"true\" class=\"wp-block-spacer\"><\/div>\n\n\n\n<p><\/p>\n","protected":false},"excerpt":{"rendered":"<p>Inscriptions aux rencontres scolaires Les rencontres scolaires auront lieu le jeudi 13 et le vendredi 14 novembre 2025. Les rencontres concernent les \u00e9l\u00e8ves de la maternelle au lyc\u00e9e, ainsi que les \u00e9tablissements d&rsquo;enseignement sp\u00e9cialis\u00e9s. Ces moments sont pour les \u00e9l\u00e8ves et leurs enseignants une chance in\u00e9dite de toucher du doigt [&hellip;]<\/p>\n","protected":false},"author":1,"featured_media":0,"parent":0,"menu_order":1,"comment_status":"closed","ping_status":"closed","template":"","meta":{"footnotes":""},"wf_page_folders":[10],"class_list":["post-25","page","type-page","status-publish","hentry"],"yoast_head":"<!-- This site is optimized with the Yoast SEO plugin v26.1.1 - https:\/\/yoast.com\/wordpress\/plugins\/seo\/ -->\n<title>Rencontres scolaires - Salon du livre jeunesse de Foug\u00e8res Agglom\u00e9ration<\/title>\n<meta name=\"description\" content=\"Chaque ann\u00e9e, le Salon du livre jeunesse de Foug\u00e8res organise des rencontres entre les auteurs et illustrateurs invit\u00e9s et les scolaires du territoire.\" \/>\n<meta name=\"robots\" content=\"index, follow, max-snippet:-1, max-image-preview:large, max-video-preview:-1\" \/>\n<link rel=\"canonical\" href=\"https:\/\/salondulivrejeunesse.fr\/index.php\/rencontres-scolaires\/\" \/>\n<meta property=\"og:locale\" content=\"fr_FR\" \/>\n<meta property=\"og:type\" content=\"article\" \/>\n<meta property=\"og:title\" content=\"Rencontres scolaires - Salon du livre jeunesse de Foug\u00e8res Agglom\u00e9ration\" \/>\n<meta property=\"og:description\" content=\"Chaque ann\u00e9e, le Salon du livre jeunesse de Foug\u00e8res organise des rencontres entre les auteurs et illustrateurs invit\u00e9s et les scolaires du territoire.\" \/>\n<meta property=\"og:url\" content=\"https:\/\/salondulivrejeunesse.fr\/index.php\/rencontres-scolaires\/\" \/>\n<meta property=\"og:site_name\" content=\"Salon du livre jeunesse de Foug\u00e8res Agglom\u00e9ration\" \/>\n<meta property=\"article:publisher\" content=\"https:\/\/www.facebook.com\/salondulivrefougeresagglo\/?epa=SEARCH_BOX\" \/>\n<meta property=\"article:modified_time\" content=\"2025-06-03T12:19:24+00:00\" \/>\n<meta name=\"twitter:card\" content=\"summary_large_image\" \/>\n<meta name=\"twitter:label1\" content=\"Dur\u00e9e de lecture estim\u00e9e\" \/>\n\t<meta name=\"twitter:data1\" content=\"2 minutes\" \/>\n<script type=\"application\/ld+json\" class=\"yoast-schema-graph\">{\"@context\":\"https:\/\/schema.org\",\"@graph\":[{\"@type\":\"WebPage\",\"@id\":\"https:\/\/salondulivrejeunesse.fr\/index.php\/rencontres-scolaires\/\",\"url\":\"https:\/\/salondulivrejeunesse.fr\/index.php\/rencontres-scolaires\/\",\"name\":\"Rencontres scolaires - Salon du livre jeunesse de Foug\u00e8res Agglom\u00e9ration\",\"isPartOf\":{\"@id\":\"https:\/\/salondulivrejeunesse.fr\/#website\"},\"datePublished\":\"2023-05-30T07:39:36+00:00\",\"dateModified\":\"2025-06-03T12:19:24+00:00\",\"description\":\"Chaque ann\u00e9e, le Salon du livre jeunesse de Foug\u00e8res organise des rencontres entre les auteurs et illustrateurs invit\u00e9s et les scolaires du territoire.\",\"breadcrumb\":{\"@id\":\"https:\/\/salondulivrejeunesse.fr\/index.php\/rencontres-scolaires\/#breadcrumb\"},\"inLanguage\":\"fr-FR\",\"potentialAction\":[{\"@type\":\"ReadAction\",\"target\":[\"https:\/\/salondulivrejeunesse.fr\/index.php\/rencontres-scolaires\/\"]}]},{\"@type\":\"BreadcrumbList\",\"@id\":\"https:\/\/salondulivrejeunesse.fr\/index.php\/rencontres-scolaires\/#breadcrumb\",\"itemListElement\":[{\"@type\":\"ListItem\",\"position\":1,\"name\":\"Accueil\",\"item\":\"https:\/\/salondulivrejeunesse.fr\/\"},{\"@type\":\"ListItem\",\"position\":2,\"name\":\"Rencontres scolaires\"}]},{\"@type\":\"WebSite\",\"@id\":\"https:\/\/salondulivrejeunesse.fr\/#website\",\"url\":\"https:\/\/salondulivrejeunesse.fr\/\",\"name\":\"Salon du livre jeunesse de Foug\u00e8res Agglom\u00e9ration\",\"description\":\"\",\"publisher\":{\"@id\":\"https:\/\/salondulivrejeunesse.fr\/#organization\"},\"potentialAction\":[{\"@type\":\"SearchAction\",\"target\":{\"@type\":\"EntryPoint\",\"urlTemplate\":\"https:\/\/salondulivrejeunesse.fr\/?s={search_term_string}\"},\"query-input\":{\"@type\":\"PropertyValueSpecification\",\"valueRequired\":true,\"valueName\":\"search_term_string\"}}],\"inLanguage\":\"fr-FR\"},{\"@type\":\"Organization\",\"@id\":\"https:\/\/salondulivrejeunesse.fr\/#organization\",\"name\":\"Foug\u00e8res Agglom\u00e9ration\",\"url\":\"https:\/\/salondulivrejeunesse.fr\/\",\"logo\":{\"@type\":\"ImageObject\",\"inLanguage\":\"fr-FR\",\"@id\":\"https:\/\/salondulivrejeunesse.fr\/#\/schema\/logo\/image\/\",\"url\":\"https:\/\/salondulivrejeunesse.fr\/wp-content\/uploads\/2020\/06\/20190101_FA_Logo_1_Coul_Bleu-scaled.jpg\",\"contentUrl\":\"https:\/\/salondulivrejeunesse.fr\/wp-content\/uploads\/2020\/06\/20190101_FA_Logo_1_Coul_Bleu-scaled.jpg\",\"width\":2560,\"height\":937,\"caption\":\"Foug\u00e8res Agglom\u00e9ration\"},\"image\":{\"@id\":\"https:\/\/salondulivrejeunesse.fr\/#\/schema\/logo\/image\/\"},\"sameAs\":[\"https:\/\/www.facebook.com\/salondulivrefougeresagglo\/?epa=SEARCH_BOX\"]}]}<\/script>\n<!-- \/ Yoast SEO plugin. -->","yoast_head_json":{"title":"Rencontres scolaires - Salon du livre jeunesse de Foug\u00e8res Agglom\u00e9ration","description":"Chaque ann\u00e9e, le Salon du livre jeunesse de Foug\u00e8res organise des rencontres entre les auteurs et illustrateurs invit\u00e9s et les scolaires du territoire.","robots":{"index":"index","follow":"follow","max-snippet":"max-snippet:-1","max-image-preview":"max-image-preview:large","max-video-preview":"max-video-preview:-1"},"canonical":"https:\/\/salondulivrejeunesse.fr\/index.php\/rencontres-scolaires\/","og_locale":"fr_FR","og_type":"article","og_title":"Rencontres scolaires - Salon du livre jeunesse de Foug\u00e8res Agglom\u00e9ration","og_description":"Chaque ann\u00e9e, le Salon du livre jeunesse de Foug\u00e8res organise des rencontres entre les auteurs et illustrateurs invit\u00e9s et les scolaires du territoire.","og_url":"https:\/\/salondulivrejeunesse.fr\/index.php\/rencontres-scolaires\/","og_site_name":"Salon du livre jeunesse de Foug\u00e8res Agglom\u00e9ration","article_publisher":"https:\/\/www.facebook.com\/salondulivrefougeresagglo\/?epa=SEARCH_BOX","article_modified_time":"2025-06-03T12:19:24+00:00","twitter_card":"summary_large_image","twitter_misc":{"Dur\u00e9e de lecture estim\u00e9e":"2 minutes"},"schema":{"@context":"https:\/\/schema.org","@graph":[{"@type":"WebPage","@id":"https:\/\/salondulivrejeunesse.fr\/index.php\/rencontres-scolaires\/","url":"https:\/\/salondulivrejeunesse.fr\/index.php\/rencontres-scolaires\/","name":"Rencontres scolaires - Salon du livre jeunesse de Foug\u00e8res Agglom\u00e9ration","isPartOf":{"@id":"https:\/\/salondulivrejeunesse.fr\/#website"},"datePublished":"2023-05-30T07:39:36+00:00","dateModified":"2025-06-03T12:19:24+00:00","description":"Chaque ann\u00e9e, le Salon du livre jeunesse de Foug\u00e8res organise des rencontres entre les auteurs et illustrateurs invit\u00e9s et les scolaires du territoire.","breadcrumb":{"@id":"https:\/\/salondulivrejeunesse.fr\/index.php\/rencontres-scolaires\/#breadcrumb"},"inLanguage":"fr-FR","potentialAction":[{"@type":"ReadAction","target":["https:\/\/salondulivrejeunesse.fr\/index.php\/rencontres-scolaires\/"]}]},{"@type":"BreadcrumbList","@id":"https:\/\/salondulivrejeunesse.fr\/index.php\/rencontres-scolaires\/#breadcrumb","itemListElement":[{"@type":"ListItem","position":1,"name":"Accueil","item":"https:\/\/salondulivrejeunesse.fr\/"},{"@type":"ListItem","position":2,"name":"Rencontres scolaires"}]},{"@type":"WebSite","@id":"https:\/\/salondulivrejeunesse.fr\/#website","url":"https:\/\/salondulivrejeunesse.fr\/","name":"Salon du livre jeunesse de Foug\u00e8res Agglom\u00e9ration","description":"","publisher":{"@id":"https:\/\/salondulivrejeunesse.fr\/#organization"},"potentialAction":[{"@type":"SearchAction","target":{"@type":"EntryPoint","urlTemplate":"https:\/\/salondulivrejeunesse.fr\/?s={search_term_string}"},"query-input":{"@type":"PropertyValueSpecification","valueRequired":true,"valueName":"search_term_string"}}],"inLanguage":"fr-FR"},{"@type":"Organization","@id":"https:\/\/salondulivrejeunesse.fr\/#organization","name":"Foug\u00e8res Agglom\u00e9ration","url":"https:\/\/salondulivrejeunesse.fr\/","logo":{"@type":"ImageObject","inLanguage":"fr-FR","@id":"https:\/\/salondulivrejeunesse.fr\/#\/schema\/logo\/image\/","url":"https:\/\/salondulivrejeunesse.fr\/wp-content\/uploads\/2020\/06\/20190101_FA_Logo_1_Coul_Bleu-scaled.jpg","contentUrl":"https:\/\/salondulivrejeunesse.fr\/wp-content\/uploads\/2020\/06\/20190101_FA_Logo_1_Coul_Bleu-scaled.jpg","width":2560,"height":937,"caption":"Foug\u00e8res Agglom\u00e9ration"},"image":{"@id":"https:\/\/salondulivrejeunesse.fr\/#\/schema\/logo\/image\/"},"sameAs":["https:\/\/www.facebook.com\/salondulivrefougeresagglo\/?epa=SEARCH_BOX"]}]}},"jetpack_sharing_enabled":true,"_links":{"self":[{"href":"https:\/\/salondulivrejeunesse.fr\/index.php\/wp-json\/wp\/v2\/pages\/25","targetHints":{"allow":["GET"]}}],"collection":[{"href":"https:\/\/salondulivrejeunesse.fr\/index.php\/wp-json\/wp\/v2\/pages"}],"about":[{"href":"https:\/\/salondulivrejeunesse.fr\/index.php\/wp-json\/wp\/v2\/types\/page"}],"author":[{"embeddable":true,"href":"https:\/\/salondulivrejeunesse.fr\/index.php\/wp-json\/wp\/v2\/users\/1"}],"replies":[{"embeddable":true,"href":"https:\/\/salondulivrejeunesse.fr\/index.php\/wp-json\/wp\/v2\/comments?post=25"}],"version-history":[{"count":40,"href":"https:\/\/salondulivrejeunesse.fr\/index.php\/wp-json\/wp\/v2\/pages\/25\/revisions"}],"predecessor-version":[{"id":5173,"href":"https:\/\/salondulivrejeunesse.fr\/index.php\/wp-json\/wp\/v2\/pages\/25\/revisions\/5173"}],"wp:attachment":[{"href":"https:\/\/salondulivrejeunesse.fr\/index.php\/wp-json\/wp\/v2\/media?parent=25"}],"wp:term":[{"taxonomy":"wf_page_folders","embeddable":true,"href":"https:\/\/salondulivrejeunesse.fr\/index.php\/wp-json\/wp\/v2\/wf_page_folders?post=25"}],"curies":[{"name":"wp","href":"https:\/\/api.w.org\/{rel}","templated":true}]}}