{"id":176,"date":"2020-06-04T16:45:42","date_gmt":"2020-06-04T14:45:42","guid":{"rendered":"http:\/\/salondulivrejeunesse.fr\/?page_id=176"},"modified":"2025-10-16T14:33:06","modified_gmt":"2025-10-16T12:33:06","slug":"spectacles","status":"publish","type":"page","link":"https:\/\/salondulivrejeunesse.fr\/index.php\/spectacles\/","title":{"rendered":"Lectures et spectacles"},"content":{"rendered":"\n<h3 class=\"wp-block-heading\">Infos pratiques<\/h3>\n\n\n\n<p class=\"has-text-align-justify\">Les spectacles sont gratuits pour les enfants, jusqu&rsquo;\u00e0 18 ans inclus. <strong>5 \u20ac<\/strong> l\u2019entr\u00e9e adulte.<br>Les enfants de moins de 12 ans doivent obligatoirement \u00eatre accompagn\u00e9s par un adulte.<br>Les places de spectacle doivent \u00eatre prises \u00e0 l&rsquo;accueil du Salon, \u00e0 l&rsquo;Espace Aumaillerie, le jour-m\u00eame.<\/p>\n\n\n\n<div style=\"height:49px\" aria-hidden=\"true\" class=\"wp-block-spacer\"><\/div>\n\n\n\n<div class=\"wp-block-media-text alignwide is-stacked-on-mobile\" style=\"grid-template-columns:40% auto\"><figure class=\"wp-block-media-text__media\"><img fetchpriority=\"high\" decoding=\"async\" width=\"430\" height=\"546\" src=\"https:\/\/salondulivrejeunesse.fr\/wp-content\/uploads\/2025\/10\/Cette_nuit_une_chouette_m_a_dit-e1759757780845.png\" alt=\"\" class=\"wp-image-5497 size-full\"\/><\/figure><div class=\"wp-block-media-text__content\">\n<h4 class=\"wp-block-heading\">Spectacle \u00ab\u00a0Cette nuit une chouette m\u2019a dit\u00a0\u00bb<\/h4>\n\n\n\n<div class=\"wp-block-group\"><div class=\"wp-block-group__inner-container is-layout-constrained wp-block-group-is-layout-constrained\">\n<ul class=\"wp-block-list\">\n<li><a href=\"https:\/\/salondulivrejeunesse.fr\/index.php\/morgane-le-cuff\/\">Morgane Le Cuff<\/a><\/li>\n\n\n\n<li>Spectacle musical bilingue fran\u00e7ais \/ gallo<\/li>\n\n\n\n<li>\u00c0 partir de 5 ans<\/li>\n\n\n\n<li>Samedi 15 novembre \u00e0 10h30 et dimanche 16 novembre \u00e0 14h30<\/li>\n<\/ul>\n<\/div><\/div>\n\n\n\n<div style=\"height:39px\" aria-hidden=\"true\" class=\"wp-block-spacer\"><\/div>\n\n\n\n<p class=\"has-text-align-justify\">Langue de velin ourailles de chat d\u2019bou\u00e2z langa\u00efje des b\u00e9tes tu comprenras !<br>Il suffit de r\u00e9p\u00e9ter cette ritournelle avec les bons gestes pour comprendre la langue des animaux ! Mais la chouette qui me l\u2019a apprise ne se doutait pas de toutes les histoires qui en suivraient\u2026 Attendez un peu que je vous raconte. Vous rencontrerez une araign\u00e9e \u00e0 plumes, un loup affam\u00e9 et l\u2019\u00e9l\u00e9gante reine des grenouilles. Navigant entre la harpe, le conte, le chant, les percussions et le corps en mouvement, Morgane nous am\u00e8ne dans son univers chaleureux et po\u00e9tique, dame sia !<\/p>\n\n\n\n<p class=\"has-text-align-justify\"><\/p>\n<\/div><\/div>\n\n\n\n<div style=\"height:100px\" aria-hidden=\"true\" class=\"wp-block-spacer\"><\/div>\n\n\n\n<div class=\"wp-block-media-text alignwide has-media-on-the-right is-stacked-on-mobile\" style=\"grid-template-columns:auto 43%\"><div class=\"wp-block-media-text__content\">\n<h4 class=\"wp-block-heading\">Spectacle \u00ab\u00a0Jean-Chat voit dans le noir\u00a0\u00bb<\/h4>\n\n\n\n<div class=\"wp-block-group\"><div class=\"wp-block-group__inner-container is-layout-constrained wp-block-group-is-layout-constrained\">\n<ul class=\"wp-block-list\">\n<li>Sabine Zovighian \/ <a href=\"https:\/\/salondulivrejeunesse.fr\/index.php\/nathaniel-hlimi\/\">Nathaniel H\u2019Limi<\/a> \/ Gr\u00e9goire Terrier<\/li>\n\n\n\n<li>Fiction sonore et dessin\u00e9e<\/li>\n\n\n\n<li>\u00c0 partir de 3 ans<\/li>\n\n\n\n<li>Samedi 15 novembre \u00e0 16h et dimanche 16 novembre \u00e0 10h30<\/li>\n\n\n\n<li>Dur\u00e9e&nbsp;: 40 minutes<\/li>\n<\/ul>\n<\/div><\/div>\n\n\n\n<p><\/p>\n\n\n\n<p class=\"has-text-align-justify\">Un soir, Hector d\u00e9cide de partir \u00e0 la recherche de Jean-Chat, son fid\u00e8le compagnon disparu un peu plus t\u00f4t dans l\u2019apr\u00e8s-midi. Ses pas l\u2019emm\u00e8nent au d\u00e9tour d\u2019une ruelle, en haut d\u2019un arbre g\u00e9ant et jusqu\u2019au milieu d\u2019une guinguette. Cette qu\u00eate nocturne est port\u00e9e par une cr\u00e9ation sonore qui m\u00eale compositions \u00e9lectro-acoustiques et bruitages et chansons. L\u2019histoire s\u2019esquisse aussi en direct, en dialogue \u00e9troit avec les sons. Les coups de pinceaux, de calques et de crayons laissent l\u2019imaginaire les animer. \u00c0 travers leur univers bleut\u00e9 aux touches dor\u00e9es et aux ambiances feutr\u00e9es, le trio nous invite \u00e0 devenir chat, \u00e0 apprivoiser l\u2019\u00e9coute et l\u2019obscurit\u00e9.rencontrerez une araign\u00e9e \u00e0 plumes, un loup affam\u00e9 et l\u2019\u00e9l\u00e9gante reine des grenouilles. Navigant entre la harpe, le conte, le chant, les percussions et le corps en mouvement, Morgane nous am\u00e8ne dans son univers chaleureux et po\u00e9tique, dame sia !<\/p>\n\n\n\n<p class=\"has-text-align-justify\"><\/p>\n<\/div><figure class=\"wp-block-media-text__media\"><img decoding=\"async\" width=\"428\" height=\"392\" src=\"https:\/\/salondulivrejeunesse.fr\/wp-content\/uploads\/2025\/10\/jean_chat_dans_le_noir.png\" alt=\"\" class=\"wp-image-5498 size-full\" srcset=\"https:\/\/salondulivrejeunesse.fr\/wp-content\/uploads\/2025\/10\/jean_chat_dans_le_noir.png 428w, https:\/\/salondulivrejeunesse.fr\/wp-content\/uploads\/2025\/10\/jean_chat_dans_le_noir-300x275.png 300w\" sizes=\"(max-width: 428px) 100vw, 428px\" \/><\/figure><\/div>\n\n\n\n<div style=\"height:100px\" aria-hidden=\"true\" class=\"wp-block-spacer\"><\/div>\n\n\n\n<div class=\"wp-block-media-text alignwide is-stacked-on-mobile\" style=\"grid-template-columns:34% auto\"><figure class=\"wp-block-media-text__media\"><img decoding=\"async\" width=\"771\" height=\"1024\" src=\"https:\/\/salondulivrejeunesse.fr\/wp-content\/uploads\/2025\/10\/IMG_20231118_142652-771x1024.jpg\" alt=\"\" class=\"wp-image-5747 size-full\" srcset=\"https:\/\/salondulivrejeunesse.fr\/wp-content\/uploads\/2025\/10\/IMG_20231118_142652-771x1024.jpg 771w, https:\/\/salondulivrejeunesse.fr\/wp-content\/uploads\/2025\/10\/IMG_20231118_142652-226x300.jpg 226w, https:\/\/salondulivrejeunesse.fr\/wp-content\/uploads\/2025\/10\/IMG_20231118_142652-768x1020.jpg 768w, https:\/\/salondulivrejeunesse.fr\/wp-content\/uploads\/2025\/10\/IMG_20231118_142652-1157x1536.jpg 1157w, https:\/\/salondulivrejeunesse.fr\/wp-content\/uploads\/2025\/10\/IMG_20231118_142652-1542x2048.jpg 1542w, https:\/\/salondulivrejeunesse.fr\/wp-content\/uploads\/2025\/10\/IMG_20231118_142652-scaled.jpg 1928w\" sizes=\"(max-width: 771px) 100vw, 771px\" \/><\/figure><div class=\"wp-block-media-text__content\">\n<h4 class=\"wp-block-heading\">La Boum de DJ Benco<\/h4>\n\n\n\n<div class=\"wp-block-group\"><div class=\"wp-block-group__inner-container is-layout-constrained wp-block-group-is-layout-constrained\">\n<ul class=\"wp-block-list\">\n<li>Beno\u00eet Decoco<\/li>\n\n\n\n<li>Tout \u00e2ge<\/li>\n\n\n\n<li>Dimanche 16 novembre de 16h30 \u00e0 17h30<\/li>\n\n\n\n<li>Dans la petite salle de spectacle de l\u2019Espace Aumaillerie<\/li>\n<\/ul>\n<\/div><\/div>\n\n\n\n<div style=\"height:39px\" aria-hidden=\"true\" class=\"wp-block-spacer\"><\/div>\n\n\n\n<p class=\"has-text-align-justify\">Retrouvez DJ Benco pour une heure de folie musicale, \u00e7a va faire boumboum dans vos oreilles et dans vos petits coeurs. Petits ou grands, tout le monde va danser.<\/p>\n\n\n\n<p class=\"has-text-align-justify\"><\/p>\n<\/div><\/div>\n\n\n\n<div style=\"height:106px\" aria-hidden=\"true\" class=\"wp-block-spacer\"><\/div>\n\n\n\n<p><\/p>\n","protected":false},"excerpt":{"rendered":"<p>Infos pratiques Les spectacles sont gratuits pour les enfants, jusqu&rsquo;\u00e0 18 ans inclus. 5 \u20ac l\u2019entr\u00e9e adulte.Les enfants de moins de 12 ans doivent obligatoirement \u00eatre accompagn\u00e9s par un adulte.Les places de spectacle doivent \u00eatre prises \u00e0 l&rsquo;accueil du Salon, \u00e0 l&rsquo;Espace Aumaillerie, le jour-m\u00eame.<\/p>\n","protected":false},"author":1,"featured_media":0,"parent":0,"menu_order":0,"comment_status":"closed","ping_status":"closed","template":"","meta":{"footnotes":""},"wf_page_folders":[10],"class_list":["post-176","page","type-page","status-publish","hentry"],"yoast_head":"<!-- This site is optimized with the Yoast SEO plugin v26.1.1 - https:\/\/yoast.com\/wordpress\/plugins\/seo\/ -->\n<title>Lectures et spectacles - Salon du livre jeunesse de Foug\u00e8res Agglom\u00e9ration<\/title>\n<meta name=\"description\" content=\"Chaque ann\u00e9e, le Salon du livre jeunesse de Foug\u00e8res vous permet de d\u00e9couvrir deux spectacles en lien avec l&#039;univers des auteurs et illustrateurs invit\u00e9s.\" \/>\n<meta name=\"robots\" content=\"index, follow, max-snippet:-1, max-image-preview:large, max-video-preview:-1\" \/>\n<link rel=\"canonical\" href=\"https:\/\/salondulivrejeunesse.fr\/index.php\/spectacles\/\" \/>\n<meta property=\"og:locale\" content=\"fr_FR\" \/>\n<meta property=\"og:type\" content=\"article\" \/>\n<meta property=\"og:title\" content=\"Lectures et spectacles - Salon du livre jeunesse de Foug\u00e8res Agglom\u00e9ration\" \/>\n<meta property=\"og:description\" content=\"Chaque ann\u00e9e, le Salon du livre jeunesse de Foug\u00e8res vous permet de d\u00e9couvrir deux spectacles en lien avec l&#039;univers des auteurs et illustrateurs invit\u00e9s.\" \/>\n<meta property=\"og:url\" content=\"https:\/\/salondulivrejeunesse.fr\/index.php\/spectacles\/\" \/>\n<meta property=\"og:site_name\" content=\"Salon du livre jeunesse de Foug\u00e8res Agglom\u00e9ration\" \/>\n<meta property=\"article:publisher\" content=\"https:\/\/www.facebook.com\/salondulivrefougeresagglo\/?epa=SEARCH_BOX\" \/>\n<meta property=\"article:modified_time\" content=\"2025-10-16T12:33:06+00:00\" \/>\n<meta property=\"og:image\" content=\"https:\/\/salondulivrejeunesse.fr\/wp-content\/uploads\/2025\/10\/Cette_nuit_une_chouette_m_a_dit-e1759757780845.png\" \/>\n\t<meta property=\"og:image:width\" content=\"430\" \/>\n\t<meta property=\"og:image:height\" content=\"546\" \/>\n\t<meta property=\"og:image:type\" content=\"image\/png\" \/>\n<meta name=\"twitter:card\" content=\"summary_large_image\" \/>\n<meta name=\"twitter:label1\" content=\"Dur\u00e9e de lecture estim\u00e9e\" \/>\n\t<meta name=\"twitter:data1\" content=\"3 minutes\" \/>\n<script type=\"application\/ld+json\" class=\"yoast-schema-graph\">{\"@context\":\"https:\/\/schema.org\",\"@graph\":[{\"@type\":\"WebPage\",\"@id\":\"https:\/\/salondulivrejeunesse.fr\/index.php\/spectacles\/\",\"url\":\"https:\/\/salondulivrejeunesse.fr\/index.php\/spectacles\/\",\"name\":\"Lectures et spectacles - Salon du livre jeunesse de Foug\u00e8res Agglom\u00e9ration\",\"isPartOf\":{\"@id\":\"https:\/\/salondulivrejeunesse.fr\/#website\"},\"primaryImageOfPage\":{\"@id\":\"https:\/\/salondulivrejeunesse.fr\/index.php\/spectacles\/#primaryimage\"},\"image\":{\"@id\":\"https:\/\/salondulivrejeunesse.fr\/index.php\/spectacles\/#primaryimage\"},\"thumbnailUrl\":\"https:\/\/salondulivrejeunesse.fr\/wp-content\/uploads\/2025\/10\/Cette_nuit_une_chouette_m_a_dit-e1759757780845.png\",\"datePublished\":\"2020-06-04T14:45:42+00:00\",\"dateModified\":\"2025-10-16T12:33:06+00:00\",\"description\":\"Chaque ann\u00e9e, le Salon du livre jeunesse de Foug\u00e8res vous permet de d\u00e9couvrir deux spectacles en lien avec l'univers des auteurs et illustrateurs invit\u00e9s.\",\"breadcrumb\":{\"@id\":\"https:\/\/salondulivrejeunesse.fr\/index.php\/spectacles\/#breadcrumb\"},\"inLanguage\":\"fr-FR\",\"potentialAction\":[{\"@type\":\"ReadAction\",\"target\":[\"https:\/\/salondulivrejeunesse.fr\/index.php\/spectacles\/\"]}]},{\"@type\":\"ImageObject\",\"inLanguage\":\"fr-FR\",\"@id\":\"https:\/\/salondulivrejeunesse.fr\/index.php\/spectacles\/#primaryimage\",\"url\":\"https:\/\/salondulivrejeunesse.fr\/wp-content\/uploads\/2025\/10\/Cette_nuit_une_chouette_m_a_dit-e1759757780845.png\",\"contentUrl\":\"https:\/\/salondulivrejeunesse.fr\/wp-content\/uploads\/2025\/10\/Cette_nuit_une_chouette_m_a_dit-e1759757780845.png\",\"width\":430,\"height\":546},{\"@type\":\"BreadcrumbList\",\"@id\":\"https:\/\/salondulivrejeunesse.fr\/index.php\/spectacles\/#breadcrumb\",\"itemListElement\":[{\"@type\":\"ListItem\",\"position\":1,\"name\":\"Accueil\",\"item\":\"https:\/\/salondulivrejeunesse.fr\/\"},{\"@type\":\"ListItem\",\"position\":2,\"name\":\"Lectures et spectacles\"}]},{\"@type\":\"WebSite\",\"@id\":\"https:\/\/salondulivrejeunesse.fr\/#website\",\"url\":\"https:\/\/salondulivrejeunesse.fr\/\",\"name\":\"Salon du livre jeunesse de Foug\u00e8res Agglom\u00e9ration\",\"description\":\"\",\"publisher\":{\"@id\":\"https:\/\/salondulivrejeunesse.fr\/#organization\"},\"potentialAction\":[{\"@type\":\"SearchAction\",\"target\":{\"@type\":\"EntryPoint\",\"urlTemplate\":\"https:\/\/salondulivrejeunesse.fr\/?s={search_term_string}\"},\"query-input\":{\"@type\":\"PropertyValueSpecification\",\"valueRequired\":true,\"valueName\":\"search_term_string\"}}],\"inLanguage\":\"fr-FR\"},{\"@type\":\"Organization\",\"@id\":\"https:\/\/salondulivrejeunesse.fr\/#organization\",\"name\":\"Foug\u00e8res Agglom\u00e9ration\",\"url\":\"https:\/\/salondulivrejeunesse.fr\/\",\"logo\":{\"@type\":\"ImageObject\",\"inLanguage\":\"fr-FR\",\"@id\":\"https:\/\/salondulivrejeunesse.fr\/#\/schema\/logo\/image\/\",\"url\":\"https:\/\/salondulivrejeunesse.fr\/wp-content\/uploads\/2020\/06\/20190101_FA_Logo_1_Coul_Bleu-scaled.jpg\",\"contentUrl\":\"https:\/\/salondulivrejeunesse.fr\/wp-content\/uploads\/2020\/06\/20190101_FA_Logo_1_Coul_Bleu-scaled.jpg\",\"width\":2560,\"height\":937,\"caption\":\"Foug\u00e8res Agglom\u00e9ration\"},\"image\":{\"@id\":\"https:\/\/salondulivrejeunesse.fr\/#\/schema\/logo\/image\/\"},\"sameAs\":[\"https:\/\/www.facebook.com\/salondulivrefougeresagglo\/?epa=SEARCH_BOX\"]}]}<\/script>\n<!-- \/ Yoast SEO plugin. -->","yoast_head_json":{"title":"Lectures et spectacles - Salon du livre jeunesse de Foug\u00e8res Agglom\u00e9ration","description":"Chaque ann\u00e9e, le Salon du livre jeunesse de Foug\u00e8res vous permet de d\u00e9couvrir deux spectacles en lien avec l'univers des auteurs et illustrateurs invit\u00e9s.","robots":{"index":"index","follow":"follow","max-snippet":"max-snippet:-1","max-image-preview":"max-image-preview:large","max-video-preview":"max-video-preview:-1"},"canonical":"https:\/\/salondulivrejeunesse.fr\/index.php\/spectacles\/","og_locale":"fr_FR","og_type":"article","og_title":"Lectures et spectacles - Salon du livre jeunesse de Foug\u00e8res Agglom\u00e9ration","og_description":"Chaque ann\u00e9e, le Salon du livre jeunesse de Foug\u00e8res vous permet de d\u00e9couvrir deux spectacles en lien avec l'univers des auteurs et illustrateurs invit\u00e9s.","og_url":"https:\/\/salondulivrejeunesse.fr\/index.php\/spectacles\/","og_site_name":"Salon du livre jeunesse de Foug\u00e8res Agglom\u00e9ration","article_publisher":"https:\/\/www.facebook.com\/salondulivrefougeresagglo\/?epa=SEARCH_BOX","article_modified_time":"2025-10-16T12:33:06+00:00","og_image":[{"width":430,"height":546,"url":"https:\/\/salondulivrejeunesse.fr\/wp-content\/uploads\/2025\/10\/Cette_nuit_une_chouette_m_a_dit-e1759757780845.png","type":"image\/png"}],"twitter_card":"summary_large_image","twitter_misc":{"Dur\u00e9e de lecture estim\u00e9e":"3 minutes"},"schema":{"@context":"https:\/\/schema.org","@graph":[{"@type":"WebPage","@id":"https:\/\/salondulivrejeunesse.fr\/index.php\/spectacles\/","url":"https:\/\/salondulivrejeunesse.fr\/index.php\/spectacles\/","name":"Lectures et spectacles - Salon du livre jeunesse de Foug\u00e8res Agglom\u00e9ration","isPartOf":{"@id":"https:\/\/salondulivrejeunesse.fr\/#website"},"primaryImageOfPage":{"@id":"https:\/\/salondulivrejeunesse.fr\/index.php\/spectacles\/#primaryimage"},"image":{"@id":"https:\/\/salondulivrejeunesse.fr\/index.php\/spectacles\/#primaryimage"},"thumbnailUrl":"https:\/\/salondulivrejeunesse.fr\/wp-content\/uploads\/2025\/10\/Cette_nuit_une_chouette_m_a_dit-e1759757780845.png","datePublished":"2020-06-04T14:45:42+00:00","dateModified":"2025-10-16T12:33:06+00:00","description":"Chaque ann\u00e9e, le Salon du livre jeunesse de Foug\u00e8res vous permet de d\u00e9couvrir deux spectacles en lien avec l'univers des auteurs et illustrateurs invit\u00e9s.","breadcrumb":{"@id":"https:\/\/salondulivrejeunesse.fr\/index.php\/spectacles\/#breadcrumb"},"inLanguage":"fr-FR","potentialAction":[{"@type":"ReadAction","target":["https:\/\/salondulivrejeunesse.fr\/index.php\/spectacles\/"]}]},{"@type":"ImageObject","inLanguage":"fr-FR","@id":"https:\/\/salondulivrejeunesse.fr\/index.php\/spectacles\/#primaryimage","url":"https:\/\/salondulivrejeunesse.fr\/wp-content\/uploads\/2025\/10\/Cette_nuit_une_chouette_m_a_dit-e1759757780845.png","contentUrl":"https:\/\/salondulivrejeunesse.fr\/wp-content\/uploads\/2025\/10\/Cette_nuit_une_chouette_m_a_dit-e1759757780845.png","width":430,"height":546},{"@type":"BreadcrumbList","@id":"https:\/\/salondulivrejeunesse.fr\/index.php\/spectacles\/#breadcrumb","itemListElement":[{"@type":"ListItem","position":1,"name":"Accueil","item":"https:\/\/salondulivrejeunesse.fr\/"},{"@type":"ListItem","position":2,"name":"Lectures et spectacles"}]},{"@type":"WebSite","@id":"https:\/\/salondulivrejeunesse.fr\/#website","url":"https:\/\/salondulivrejeunesse.fr\/","name":"Salon du livre jeunesse de Foug\u00e8res Agglom\u00e9ration","description":"","publisher":{"@id":"https:\/\/salondulivrejeunesse.fr\/#organization"},"potentialAction":[{"@type":"SearchAction","target":{"@type":"EntryPoint","urlTemplate":"https:\/\/salondulivrejeunesse.fr\/?s={search_term_string}"},"query-input":{"@type":"PropertyValueSpecification","valueRequired":true,"valueName":"search_term_string"}}],"inLanguage":"fr-FR"},{"@type":"Organization","@id":"https:\/\/salondulivrejeunesse.fr\/#organization","name":"Foug\u00e8res Agglom\u00e9ration","url":"https:\/\/salondulivrejeunesse.fr\/","logo":{"@type":"ImageObject","inLanguage":"fr-FR","@id":"https:\/\/salondulivrejeunesse.fr\/#\/schema\/logo\/image\/","url":"https:\/\/salondulivrejeunesse.fr\/wp-content\/uploads\/2020\/06\/20190101_FA_Logo_1_Coul_Bleu-scaled.jpg","contentUrl":"https:\/\/salondulivrejeunesse.fr\/wp-content\/uploads\/2020\/06\/20190101_FA_Logo_1_Coul_Bleu-scaled.jpg","width":2560,"height":937,"caption":"Foug\u00e8res Agglom\u00e9ration"},"image":{"@id":"https:\/\/salondulivrejeunesse.fr\/#\/schema\/logo\/image\/"},"sameAs":["https:\/\/www.facebook.com\/salondulivrefougeresagglo\/?epa=SEARCH_BOX"]}]}},"jetpack_sharing_enabled":true,"_links":{"self":[{"href":"https:\/\/salondulivrejeunesse.fr\/index.php\/wp-json\/wp\/v2\/pages\/176","targetHints":{"allow":["GET"]}}],"collection":[{"href":"https:\/\/salondulivrejeunesse.fr\/index.php\/wp-json\/wp\/v2\/pages"}],"about":[{"href":"https:\/\/salondulivrejeunesse.fr\/index.php\/wp-json\/wp\/v2\/types\/page"}],"author":[{"embeddable":true,"href":"https:\/\/salondulivrejeunesse.fr\/index.php\/wp-json\/wp\/v2\/users\/1"}],"replies":[{"embeddable":true,"href":"https:\/\/salondulivrejeunesse.fr\/index.php\/wp-json\/wp\/v2\/comments?post=176"}],"version-history":[{"count":74,"href":"https:\/\/salondulivrejeunesse.fr\/index.php\/wp-json\/wp\/v2\/pages\/176\/revisions"}],"predecessor-version":[{"id":5879,"href":"https:\/\/salondulivrejeunesse.fr\/index.php\/wp-json\/wp\/v2\/pages\/176\/revisions\/5879"}],"wp:attachment":[{"href":"https:\/\/salondulivrejeunesse.fr\/index.php\/wp-json\/wp\/v2\/media?parent=176"}],"wp:term":[{"taxonomy":"wf_page_folders","embeddable":true,"href":"https:\/\/salondulivrejeunesse.fr\/index.php\/wp-json\/wp\/v2\/wf_page_folders?post=176"}],"curies":[{"name":"wp","href":"https:\/\/api.w.org\/{rel}","templated":true}]}}