{"id":170,"date":"2020-06-04T16:44:23","date_gmt":"2020-06-04T14:44:23","guid":{"rendered":"http:\/\/salondulivrejeunesse.fr\/?page_id=170"},"modified":"2025-10-21T10:38:24","modified_gmt":"2025-10-21T08:38:24","slug":"expositions","status":"publish","type":"page","link":"https:\/\/salondulivrejeunesse.fr\/index.php\/expositions\/","title":{"rendered":"Les expositions"},"content":{"rendered":"\n<p class=\"has-text-align-justify\">Cinq expositions sont propos\u00e9es au Salon du livre et dans les m\u00e9diath\u00e8ques de Foug\u00e8res Agglom\u00e9ration et de Couesnon Marches de Bretagne.<br>Entr\u00e9e libre et gratuite durant les horaires d\u2019ouverture du Salon et des m\u00e9diath\u00e8ques. Accueils des groupes sur rendez-vous.<\/p>\n\n\n\n<p>Pour vous rendre dans les <strong>m\u00e9diath\u00e8ques de Foug\u00e8res Agglom\u00e9ration<\/strong>, retrouvez toutes les informations pratiques en cliquant <a href=\"https:\/\/mediatheques.fougeres-agglo.bzh\/Default\/vos-25-mediatheques.aspx\">ici<\/a>. <\/p>\n\n\n\n<p> Pour vous rendre dans les <strong>m\u00e9diath\u00e8ques de Couesnon Marches de Bretagne<\/strong>, retrouvez toutes les informations pratiques en cliquant <a href=\"https:\/\/bibliotheques.couesnon-mdb.fr\/#\">ici<\/a>.  <\/p>\n\n\n\n<p class=\"has-text-align-justify\">Pour vous rendre au <strong>Salon du livre jeunesse<\/strong>, retrouvez toutes les informations pratiques en cliquant <a href=\"https:\/\/salondulivrejeunesse.fr\/index.php\/infos-pratiques\/\">ici<\/a>.<\/p>\n\n\n\n<div style=\"height:100px\" aria-hidden=\"true\" class=\"wp-block-spacer\"><\/div>\n\n\n\n<div class=\"wp-block-media-text alignwide is-stacked-on-mobile\"><figure class=\"wp-block-media-text__media\"><img fetchpriority=\"high\" decoding=\"async\" width=\"500\" height=\"500\" src=\"https:\/\/salondulivrejeunesse.fr\/wp-content\/uploads\/2025\/08\/couverture-titre-exposition-500x500-crop-q90.jpg\" alt=\"\" class=\"wp-image-5195 size-full\" srcset=\"https:\/\/salondulivrejeunesse.fr\/wp-content\/uploads\/2025\/08\/couverture-titre-exposition-500x500-crop-q90.jpg 500w, https:\/\/salondulivrejeunesse.fr\/wp-content\/uploads\/2025\/08\/couverture-titre-exposition-500x500-crop-q90-300x300.jpg 300w, https:\/\/salondulivrejeunesse.fr\/wp-content\/uploads\/2025\/08\/couverture-titre-exposition-500x500-crop-q90-150x150.jpg 150w\" sizes=\"(max-width: 500px) 100vw, 500px\" \/><\/figure><div class=\"wp-block-media-text__content\">\n<h3 class=\"wp-block-heading\">1, 2, 3 petits pas&#8230;Grandes \u00e9motions !<\/h3>\n\n\n\n<ul class=\"wp-block-list\">\n<li><strong>Du 23 septembre au 15 octobre, dans les m\u00e9diath\u00e8ques de L\u00e9cousse et St Georges de Reintembault<\/strong><\/li>\n\n\n\n<li><strong>Du 16 au 5 novembre, \u00e0 la m\u00e9diath\u00e8que de Romagn\u00e9<\/strong><\/li>\n\n\n\n<li><strong><strong>Du 14 au 16 novembre au Salon du livre<\/strong><\/strong><br>Par <a href=\"https:\/\/salondulivrejeunesse.fr\/index.php\/laura-hedon\">Laura Hedon<\/a><\/li>\n<\/ul>\n\n\n\n<p class=\"has-text-align-justify\">\u00c0 quatre pattes ou sur leurs petites jambes, les b\u00e9b\u00e9s sont invit\u00e9s \u00e0 d\u00e9couvrir l\u2019univers contrast\u00e9 de Laura Hedon. Se d\u00e9placer, toucher, jouer, caresser, trier\u2026 Autant d\u2019actions propos\u00e9es pour mieux appr\u00e9hender l\u2019espace et explorer diff\u00e9rentes th\u00e9matiques. C\u2019est aussi l\u2019occasion d\u2019exp\u00e9rimenter et d\u2019\u00e9changer de nouvelles et grandes \u00e9motions en compagnie de Papa, Maman, ses fr\u00e8res ou s\u0153urs, les copains de la cr\u00e8che et m\u00eame la nounou !<\/p>\n\n\n\n<p>Rencontre avec Laura H\u00e9don, au Salon, le samedi 15 novembre !<\/p>\n\n\n\n<p class=\"has-text-align-justify\">\u00a9Laura H\u00e9don<\/p>\n<\/div><\/div>\n\n\n\n<div style=\"height:39px\" aria-hidden=\"true\" class=\"wp-block-spacer\"><\/div>\n\n\n\n<div class=\"wp-block-media-text alignwide has-media-on-the-right is-stacked-on-mobile\"><div class=\"wp-block-media-text__content\">\n<h3 class=\"wp-block-heading\">Petites b\u00eates du jardin<\/h3>\n\n\n\n<ul class=\"wp-block-list\">\n<li><strong>Du 23 septembre au 15 octobre, \u00e0 la m\u00e9diath\u00e8que de St Marc sur Couesnon<\/strong><\/li>\n\n\n\n<li><strong>Du 16 au 5 novembre, \u00e0 la m\u00e9diath\u00e8que de Javen\u00e9<\/strong><\/li>\n\n\n\n<li><strong><strong><strong>Du 14 au 16 novembre au Salon du livre<\/strong><\/strong><br><\/strong>Par <a href=\"https:\/\/salondulivrejeunesse.fr\/index.php\/olivia-cosneau\">Olivia Cosneau<\/a><\/li>\n<\/ul>\n\n\n\n<p class=\"has-text-align-justify\">Coccinelle, hirondelle, papillon, h\u00e9risson\u2026Les petites b\u00eates de nos jardins s\u2019animent sous les doigts d\u2019Olivia Cosneau, pour faire d\u00e9couvrir aux tout-petits les premiers animaux sauvages qu\u2019ils rencontreront d\u00e8s leurs premiers pas dans la nature&nbsp;! Une exposition des pop-up et illustrations \u00e0 rabats de l\u2019artiste, agr\u00e9ment\u00e9e d\u2019un jardin tout en tissu, en sons et en jeux. Un espace \u00e9labor\u00e9 pour aider les b\u00e9b\u00e9s lecteurs \u00e0 apprivoiser sans crainte la nature et ses habitants.<\/p>\n\n\n\n<p>Rencontre avec Olivia Cosneau, \u00e0 la m\u00e9diath\u00e8que de Laignelet, le samedi 15 novembre, et au Salon, le dimanche 16 novembre !<\/p>\n\n\n\n<p class=\"has-text-align-justify\">\u00a9Olivia Cosneau<\/p>\n<\/div><figure class=\"wp-block-media-text__media\"><img decoding=\"async\" width=\"500\" height=\"500\" src=\"https:\/\/salondulivrejeunesse.fr\/wp-content\/uploads\/2025\/08\/couverture-ecureuilbd-500x500-crop-q90.jpg\" alt=\"\" class=\"wp-image-5196 size-full\" srcset=\"https:\/\/salondulivrejeunesse.fr\/wp-content\/uploads\/2025\/08\/couverture-ecureuilbd-500x500-crop-q90.jpg 500w, https:\/\/salondulivrejeunesse.fr\/wp-content\/uploads\/2025\/08\/couverture-ecureuilbd-500x500-crop-q90-300x300.jpg 300w, https:\/\/salondulivrejeunesse.fr\/wp-content\/uploads\/2025\/08\/couverture-ecureuilbd-500x500-crop-q90-150x150.jpg 150w\" sizes=\"(max-width: 500px) 100vw, 500px\" \/><\/figure><\/div>\n\n\n\n<div style=\"height:19px\" aria-hidden=\"true\" class=\"wp-block-spacer\"><\/div>\n\n\n\n<div class=\"wp-block-media-text alignwide is-stacked-on-mobile is-vertically-aligned-center\" style=\"grid-template-columns:42% auto\"><figure class=\"wp-block-media-text__media\"><img decoding=\"async\" width=\"561\" height=\"346\" src=\"https:\/\/salondulivrejeunesse.fr\/wp-content\/uploads\/2025\/10\/serie_peripeties.png\" alt=\"\" class=\"wp-image-5525 size-full\" srcset=\"https:\/\/salondulivrejeunesse.fr\/wp-content\/uploads\/2025\/10\/serie_peripeties.png 561w, https:\/\/salondulivrejeunesse.fr\/wp-content\/uploads\/2025\/10\/serie_peripeties-300x185.png 300w\" sizes=\"(max-width: 561px) 100vw, 561px\" \/><\/figure><div class=\"wp-block-media-text__content\">\n<h3 class=\"wp-block-heading\"><br><strong>S\u00e9rie et p\u00e9rip\u00e9ties&nbsp;!<\/strong><\/h3>\n\n\n\n<ul class=\"wp-block-list\">\n<li><strong>Du  28 octobre au 3 d\u00e9cembre dans les m\u00e9diath\u00e8ques de Saint Marc Le Blanc, et d&rsquo;Antrain Val Couesnon<\/strong><\/li>\n\n\n\n<li>Par <a href=\"https:\/\/salondulivrejeunesse.fr\/index.php\/sandra-leguen\/\">Sandra Le Guen <\/a>et <a href=\"https:\/\/salondulivrejeunesse.fr\/index.php\/maureen-poignonec\">Maur\u00e8en Poignonec<\/a><\/li>\n<\/ul>\n\n\n\n<p class=\"has-text-align-justify\"><br>Sandra et Maur\u00e8en c\u2019est au d\u00e9part un album : Taxi-Baleine. Une belle collaboration qui fait na\u00eetre une grande complicit\u00e9 et participe \u00e0 la naissance de Tortue-express, les entra\u00eenant dans la s\u00e9rie qu\u2019elles nommeront par la suite \u00ab La famille Lavande \u00bb. On y d\u00e9couvre des histoires joyeuses qui se tissent autour d\u2019une fratrie, Maj\u00e9, Juno et James, et d\u2019un animal immense, parfois Baleine, parfois Hibou ou Tortue, image d\u2019un adulte aux yeux des enfants. Compl\u00e9mentarit\u00e9, ping-pong, rebond, humour, douceur, valeurs, leur complicit\u00e9 artistique se mue vite en grande amiti\u00e9. C\u2019est ce qu\u2019elles donnent \u00e0 voir avec cette exposition autour de la famille Lavande.<\/p>\n<\/div><\/div>\n\n\n\n<div style=\"height:39px\" aria-hidden=\"true\" class=\"wp-block-spacer\"><\/div>\n\n\n\n<div class=\"wp-block-media-text alignwide has-media-on-the-right is-stacked-on-mobile\" style=\"grid-template-columns:auto 51%\"><div class=\"wp-block-media-text__content\">\n<h3 class=\"wp-block-heading\">Mouette et chouette<\/h3>\n\n\n\n<p><strong>Les 14, 15 et 16 novembre \u00e0 l&rsquo;espace Aumaillerie.<\/strong><br>Par <a href=\"htthttps:\/\/salondulivrejeunesse.fr\/index.php\/julien-arnal\">Julien Arnal<\/a> et <a href=\"https:\/\/salondulivrejeunesse.fr\/index.php\/sandra-leguen\/\">Sandra Le Guen<\/a>.<\/p>\n\n\n\n<p><br>Mouette et Chouette sont aussi diff\u00e9rentes que le jour et la nuit. Et pourtant quand elles se rencontrent, c&rsquo;est le coup de foudre ! Ensemble, elles vivent un magnifique voyage jusqu&rsquo;\u00e0 se lancer dans la plus belle des aventures&nbsp;: fonder leur propre nid douillet.<\/p>\n<\/div><figure class=\"wp-block-media-text__media\"><img loading=\"lazy\" decoding=\"async\" width=\"357\" height=\"243\" src=\"https:\/\/salondulivrejeunesse.fr\/wp-content\/uploads\/2025\/10\/mouette_chouette.png\" alt=\"\" class=\"wp-image-5524 size-full\" srcset=\"https:\/\/salondulivrejeunesse.fr\/wp-content\/uploads\/2025\/10\/mouette_chouette.png 357w, https:\/\/salondulivrejeunesse.fr\/wp-content\/uploads\/2025\/10\/mouette_chouette-300x204.png 300w\" sizes=\"(max-width: 357px) 100vw, 357px\" \/><\/figure><\/div>\n\n\n\n<div style=\"height:54px\" aria-hidden=\"true\" class=\"wp-block-spacer\"><\/div>\n\n\n\n<div class=\"wp-block-group is-nowrap is-layout-flex wp-container-core-group-is-layout-6c531013 wp-block-group-is-layout-flex\">\n<h3 class=\"wp-block-heading has-text-align-center\">Exposition des \u00e9l\u00e8ves<\/h3>\n\n\n\n<p class=\"has-text-align-center\"><\/p>\n<\/div>\n\n\n\n<ul class=\"wp-block-list\">\n<li>Exposition des \u00e9l\u00e8ves de l\u2019\u00e9cole d\u2019arts plastiques<\/li>\n\n\n\n<li>Exposition des \u00e9l\u00e8ves des \u00e9coles publiques de Foug\u00e8res Agglom\u00e9ration<\/li>\n<\/ul>\n\n\n\n<p><strong>Les 14, 15 et 16 novembre \u00e0 l&rsquo;espace Aumaillerie.<\/strong><\/p>\n\n\n\n<p><\/p>\n","protected":false},"excerpt":{"rendered":"<p>Cinq expositions sont propos\u00e9es au Salon du livre et dans les m\u00e9diath\u00e8ques de Foug\u00e8res Agglom\u00e9ration et de Couesnon Marches de Bretagne.Entr\u00e9e libre et gratuite durant les horaires d\u2019ouverture du Salon et des m\u00e9diath\u00e8ques. Accueils des groupes sur rendez-vous. Pour vous rendre dans les m\u00e9diath\u00e8ques de Foug\u00e8res Agglom\u00e9ration, retrouvez toutes les [&hellip;]<\/p>\n","protected":false},"author":1,"featured_media":0,"parent":0,"menu_order":0,"comment_status":"closed","ping_status":"closed","template":"","meta":{"footnotes":""},"wf_page_folders":[10],"class_list":["post-170","page","type-page","status-publish","hentry"],"yoast_head":"<!-- This site is optimized with the Yoast SEO plugin v26.1.1 - https:\/\/yoast.com\/wordpress\/plugins\/seo\/ -->\n<title>Les expositions - Salon du livre jeunesse de Foug\u00e8res Agglom\u00e9ration<\/title>\n<meta name=\"description\" content=\"Chaque ann\u00e9e, le Salon du livre jeunesse de Foug\u00e8res vous fait d\u00e9couvrir trois expositions en lien avec l&#039;univers des auteurs et illustrateurs invit\u00e9s.\" \/>\n<meta name=\"robots\" content=\"index, follow, max-snippet:-1, max-image-preview:large, max-video-preview:-1\" \/>\n<link rel=\"canonical\" href=\"https:\/\/salondulivrejeunesse.fr\/index.php\/expositions\/\" \/>\n<meta property=\"og:locale\" content=\"fr_FR\" \/>\n<meta property=\"og:type\" content=\"article\" \/>\n<meta property=\"og:title\" content=\"Les expositions - Salon du livre jeunesse de Foug\u00e8res Agglom\u00e9ration\" \/>\n<meta property=\"og:description\" content=\"Chaque ann\u00e9e, le Salon du livre jeunesse de Foug\u00e8res vous fait d\u00e9couvrir trois expositions en lien avec l&#039;univers des auteurs et illustrateurs invit\u00e9s.\" \/>\n<meta property=\"og:url\" content=\"https:\/\/salondulivrejeunesse.fr\/index.php\/expositions\/\" \/>\n<meta property=\"og:site_name\" content=\"Salon du livre jeunesse de Foug\u00e8res Agglom\u00e9ration\" \/>\n<meta property=\"article:publisher\" content=\"https:\/\/www.facebook.com\/salondulivrefougeresagglo\/?epa=SEARCH_BOX\" \/>\n<meta property=\"article:modified_time\" content=\"2025-10-21T08:38:24+00:00\" \/>\n<meta property=\"og:image\" content=\"https:\/\/salondulivrejeunesse.fr\/wp-content\/uploads\/2025\/08\/couverture-titre-exposition-500x500-crop-q90.jpg\" \/>\n\t<meta property=\"og:image:width\" content=\"500\" \/>\n\t<meta property=\"og:image:height\" content=\"500\" \/>\n\t<meta property=\"og:image:type\" content=\"image\/jpeg\" \/>\n<meta name=\"twitter:card\" content=\"summary_large_image\" \/>\n<meta name=\"twitter:label1\" content=\"Dur\u00e9e de lecture estim\u00e9e\" \/>\n\t<meta name=\"twitter:data1\" content=\"4 minutes\" \/>\n<script type=\"application\/ld+json\" class=\"yoast-schema-graph\">{\"@context\":\"https:\/\/schema.org\",\"@graph\":[{\"@type\":\"WebPage\",\"@id\":\"https:\/\/salondulivrejeunesse.fr\/index.php\/expositions\/\",\"url\":\"https:\/\/salondulivrejeunesse.fr\/index.php\/expositions\/\",\"name\":\"Les expositions - Salon du livre jeunesse de Foug\u00e8res Agglom\u00e9ration\",\"isPartOf\":{\"@id\":\"https:\/\/salondulivrejeunesse.fr\/#website\"},\"primaryImageOfPage\":{\"@id\":\"https:\/\/salondulivrejeunesse.fr\/index.php\/expositions\/#primaryimage\"},\"image\":{\"@id\":\"https:\/\/salondulivrejeunesse.fr\/index.php\/expositions\/#primaryimage\"},\"thumbnailUrl\":\"https:\/\/salondulivrejeunesse.fr\/wp-content\/uploads\/2025\/08\/couverture-titre-exposition-500x500-crop-q90.jpg\",\"datePublished\":\"2020-06-04T14:44:23+00:00\",\"dateModified\":\"2025-10-21T08:38:24+00:00\",\"description\":\"Chaque ann\u00e9e, le Salon du livre jeunesse de Foug\u00e8res vous fait d\u00e9couvrir trois expositions en lien avec l'univers des auteurs et illustrateurs invit\u00e9s.\",\"breadcrumb\":{\"@id\":\"https:\/\/salondulivrejeunesse.fr\/index.php\/expositions\/#breadcrumb\"},\"inLanguage\":\"fr-FR\",\"potentialAction\":[{\"@type\":\"ReadAction\",\"target\":[\"https:\/\/salondulivrejeunesse.fr\/index.php\/expositions\/\"]}]},{\"@type\":\"ImageObject\",\"inLanguage\":\"fr-FR\",\"@id\":\"https:\/\/salondulivrejeunesse.fr\/index.php\/expositions\/#primaryimage\",\"url\":\"https:\/\/salondulivrejeunesse.fr\/wp-content\/uploads\/2025\/08\/couverture-titre-exposition-500x500-crop-q90.jpg\",\"contentUrl\":\"https:\/\/salondulivrejeunesse.fr\/wp-content\/uploads\/2025\/08\/couverture-titre-exposition-500x500-crop-q90.jpg\",\"width\":500,\"height\":500},{\"@type\":\"BreadcrumbList\",\"@id\":\"https:\/\/salondulivrejeunesse.fr\/index.php\/expositions\/#breadcrumb\",\"itemListElement\":[{\"@type\":\"ListItem\",\"position\":1,\"name\":\"Accueil\",\"item\":\"https:\/\/salondulivrejeunesse.fr\/\"},{\"@type\":\"ListItem\",\"position\":2,\"name\":\"Les expositions\"}]},{\"@type\":\"WebSite\",\"@id\":\"https:\/\/salondulivrejeunesse.fr\/#website\",\"url\":\"https:\/\/salondulivrejeunesse.fr\/\",\"name\":\"Salon du livre jeunesse de Foug\u00e8res Agglom\u00e9ration\",\"description\":\"\",\"publisher\":{\"@id\":\"https:\/\/salondulivrejeunesse.fr\/#organization\"},\"potentialAction\":[{\"@type\":\"SearchAction\",\"target\":{\"@type\":\"EntryPoint\",\"urlTemplate\":\"https:\/\/salondulivrejeunesse.fr\/?s={search_term_string}\"},\"query-input\":{\"@type\":\"PropertyValueSpecification\",\"valueRequired\":true,\"valueName\":\"search_term_string\"}}],\"inLanguage\":\"fr-FR\"},{\"@type\":\"Organization\",\"@id\":\"https:\/\/salondulivrejeunesse.fr\/#organization\",\"name\":\"Foug\u00e8res Agglom\u00e9ration\",\"url\":\"https:\/\/salondulivrejeunesse.fr\/\",\"logo\":{\"@type\":\"ImageObject\",\"inLanguage\":\"fr-FR\",\"@id\":\"https:\/\/salondulivrejeunesse.fr\/#\/schema\/logo\/image\/\",\"url\":\"https:\/\/salondulivrejeunesse.fr\/wp-content\/uploads\/2020\/06\/20190101_FA_Logo_1_Coul_Bleu-scaled.jpg\",\"contentUrl\":\"https:\/\/salondulivrejeunesse.fr\/wp-content\/uploads\/2020\/06\/20190101_FA_Logo_1_Coul_Bleu-scaled.jpg\",\"width\":2560,\"height\":937,\"caption\":\"Foug\u00e8res Agglom\u00e9ration\"},\"image\":{\"@id\":\"https:\/\/salondulivrejeunesse.fr\/#\/schema\/logo\/image\/\"},\"sameAs\":[\"https:\/\/www.facebook.com\/salondulivrefougeresagglo\/?epa=SEARCH_BOX\"]}]}<\/script>\n<!-- \/ Yoast SEO plugin. -->","yoast_head_json":{"title":"Les expositions - Salon du livre jeunesse de Foug\u00e8res Agglom\u00e9ration","description":"Chaque ann\u00e9e, le Salon du livre jeunesse de Foug\u00e8res vous fait d\u00e9couvrir trois expositions en lien avec l'univers des auteurs et illustrateurs invit\u00e9s.","robots":{"index":"index","follow":"follow","max-snippet":"max-snippet:-1","max-image-preview":"max-image-preview:large","max-video-preview":"max-video-preview:-1"},"canonical":"https:\/\/salondulivrejeunesse.fr\/index.php\/expositions\/","og_locale":"fr_FR","og_type":"article","og_title":"Les expositions - Salon du livre jeunesse de Foug\u00e8res Agglom\u00e9ration","og_description":"Chaque ann\u00e9e, le Salon du livre jeunesse de Foug\u00e8res vous fait d\u00e9couvrir trois expositions en lien avec l'univers des auteurs et illustrateurs invit\u00e9s.","og_url":"https:\/\/salondulivrejeunesse.fr\/index.php\/expositions\/","og_site_name":"Salon du livre jeunesse de Foug\u00e8res Agglom\u00e9ration","article_publisher":"https:\/\/www.facebook.com\/salondulivrefougeresagglo\/?epa=SEARCH_BOX","article_modified_time":"2025-10-21T08:38:24+00:00","og_image":[{"width":500,"height":500,"url":"https:\/\/salondulivrejeunesse.fr\/wp-content\/uploads\/2025\/08\/couverture-titre-exposition-500x500-crop-q90.jpg","type":"image\/jpeg"}],"twitter_card":"summary_large_image","twitter_misc":{"Dur\u00e9e de lecture estim\u00e9e":"4 minutes"},"schema":{"@context":"https:\/\/schema.org","@graph":[{"@type":"WebPage","@id":"https:\/\/salondulivrejeunesse.fr\/index.php\/expositions\/","url":"https:\/\/salondulivrejeunesse.fr\/index.php\/expositions\/","name":"Les expositions - Salon du livre jeunesse de Foug\u00e8res Agglom\u00e9ration","isPartOf":{"@id":"https:\/\/salondulivrejeunesse.fr\/#website"},"primaryImageOfPage":{"@id":"https:\/\/salondulivrejeunesse.fr\/index.php\/expositions\/#primaryimage"},"image":{"@id":"https:\/\/salondulivrejeunesse.fr\/index.php\/expositions\/#primaryimage"},"thumbnailUrl":"https:\/\/salondulivrejeunesse.fr\/wp-content\/uploads\/2025\/08\/couverture-titre-exposition-500x500-crop-q90.jpg","datePublished":"2020-06-04T14:44:23+00:00","dateModified":"2025-10-21T08:38:24+00:00","description":"Chaque ann\u00e9e, le Salon du livre jeunesse de Foug\u00e8res vous fait d\u00e9couvrir trois expositions en lien avec l'univers des auteurs et illustrateurs invit\u00e9s.","breadcrumb":{"@id":"https:\/\/salondulivrejeunesse.fr\/index.php\/expositions\/#breadcrumb"},"inLanguage":"fr-FR","potentialAction":[{"@type":"ReadAction","target":["https:\/\/salondulivrejeunesse.fr\/index.php\/expositions\/"]}]},{"@type":"ImageObject","inLanguage":"fr-FR","@id":"https:\/\/salondulivrejeunesse.fr\/index.php\/expositions\/#primaryimage","url":"https:\/\/salondulivrejeunesse.fr\/wp-content\/uploads\/2025\/08\/couverture-titre-exposition-500x500-crop-q90.jpg","contentUrl":"https:\/\/salondulivrejeunesse.fr\/wp-content\/uploads\/2025\/08\/couverture-titre-exposition-500x500-crop-q90.jpg","width":500,"height":500},{"@type":"BreadcrumbList","@id":"https:\/\/salondulivrejeunesse.fr\/index.php\/expositions\/#breadcrumb","itemListElement":[{"@type":"ListItem","position":1,"name":"Accueil","item":"https:\/\/salondulivrejeunesse.fr\/"},{"@type":"ListItem","position":2,"name":"Les expositions"}]},{"@type":"WebSite","@id":"https:\/\/salondulivrejeunesse.fr\/#website","url":"https:\/\/salondulivrejeunesse.fr\/","name":"Salon du livre jeunesse de Foug\u00e8res Agglom\u00e9ration","description":"","publisher":{"@id":"https:\/\/salondulivrejeunesse.fr\/#organization"},"potentialAction":[{"@type":"SearchAction","target":{"@type":"EntryPoint","urlTemplate":"https:\/\/salondulivrejeunesse.fr\/?s={search_term_string}"},"query-input":{"@type":"PropertyValueSpecification","valueRequired":true,"valueName":"search_term_string"}}],"inLanguage":"fr-FR"},{"@type":"Organization","@id":"https:\/\/salondulivrejeunesse.fr\/#organization","name":"Foug\u00e8res Agglom\u00e9ration","url":"https:\/\/salondulivrejeunesse.fr\/","logo":{"@type":"ImageObject","inLanguage":"fr-FR","@id":"https:\/\/salondulivrejeunesse.fr\/#\/schema\/logo\/image\/","url":"https:\/\/salondulivrejeunesse.fr\/wp-content\/uploads\/2020\/06\/20190101_FA_Logo_1_Coul_Bleu-scaled.jpg","contentUrl":"https:\/\/salondulivrejeunesse.fr\/wp-content\/uploads\/2020\/06\/20190101_FA_Logo_1_Coul_Bleu-scaled.jpg","width":2560,"height":937,"caption":"Foug\u00e8res Agglom\u00e9ration"},"image":{"@id":"https:\/\/salondulivrejeunesse.fr\/#\/schema\/logo\/image\/"},"sameAs":["https:\/\/www.facebook.com\/salondulivrefougeresagglo\/?epa=SEARCH_BOX"]}]}},"jetpack_sharing_enabled":true,"_links":{"self":[{"href":"https:\/\/salondulivrejeunesse.fr\/index.php\/wp-json\/wp\/v2\/pages\/170","targetHints":{"allow":["GET"]}}],"collection":[{"href":"https:\/\/salondulivrejeunesse.fr\/index.php\/wp-json\/wp\/v2\/pages"}],"about":[{"href":"https:\/\/salondulivrejeunesse.fr\/index.php\/wp-json\/wp\/v2\/types\/page"}],"author":[{"embeddable":true,"href":"https:\/\/salondulivrejeunesse.fr\/index.php\/wp-json\/wp\/v2\/users\/1"}],"replies":[{"embeddable":true,"href":"https:\/\/salondulivrejeunesse.fr\/index.php\/wp-json\/wp\/v2\/comments?post=170"}],"version-history":[{"count":121,"href":"https:\/\/salondulivrejeunesse.fr\/index.php\/wp-json\/wp\/v2\/pages\/170\/revisions"}],"predecessor-version":[{"id":5891,"href":"https:\/\/salondulivrejeunesse.fr\/index.php\/wp-json\/wp\/v2\/pages\/170\/revisions\/5891"}],"wp:attachment":[{"href":"https:\/\/salondulivrejeunesse.fr\/index.php\/wp-json\/wp\/v2\/media?parent=170"}],"wp:term":[{"taxonomy":"wf_page_folders","embeddable":true,"href":"https:\/\/salondulivrejeunesse.fr\/index.php\/wp-json\/wp\/v2\/wf_page_folders?post=170"}],"curies":[{"name":"wp","href":"https:\/\/api.w.org\/{rel}","templated":true}]}}