{"id":168,"date":"2020-06-04T16:43:57","date_gmt":"2020-06-04T14:43:57","guid":{"rendered":"http:\/\/salondulivrejeunesse.fr\/?page_id=168"},"modified":"2025-11-12T10:07:03","modified_gmt":"2025-11-12T09:07:03","slug":"infos-pratiques","status":"publish","type":"page","link":"https:\/\/salondulivrejeunesse.fr\/index.php\/infos-pratiques\/","title":{"rendered":"Infos pratiques"},"content":{"rendered":"\n<h2 class=\"wp-block-heading\">Tarifs<\/h2>\n\n\n\n<p>L&rsquo;entr\u00e9e au Salon est gratuite pour tous.tes.<\/p>\n\n\n\n<p><br>Les spectacles sont gratuits jusqu\u2019\u00e0 18 ans inclus&nbsp;; 5 \u20ac l\u2019entr\u00e9e adulte. Les enfants de moins de 12 ans doivent obligatoirement \u00eatre accompagn\u00e9s par un adulte. Les places pour les spectacles doivent \u00eatre prises au Salon, \u00e0 l\u2019Espace Aumaillerie, le jour-m\u00eame.<\/p>\n\n\n\n<p><\/p>\n\n\n\n<h2 class=\"wp-block-heading\">Horaires <\/h2>\n\n\n\n<ul class=\"wp-block-list\">\n<li><strong>Vendredi : <\/strong>9h30 &#8211; 18h30<br>De 9h30 \u00e0 17h00 : acc\u00e8s r\u00e9serv\u00e9 aux familles et aux professionnel.le.s de la petite enfance.<br>De 17h00 \u00e0 18h30 : D\u00e9dicaces, ouvert \u00e0 tous\u00b7tes<\/li>\n\n\n\n<li><strong>Samedi : <\/strong>9h30 &#8211; 18h00<br>Acc\u00e8s possible jusqu&rsquo;\u00e0 30 minutes avant la fermeture.<\/li>\n\n\n\n<li><strong>Dimanche : <\/strong>9h30 &#8211; 18h00<br>Acc\u00e8s possible jusqu&rsquo;\u00e0 30 minutes avant la fermeture.<\/li>\n<\/ul>\n\n\n\n<h2 class=\"wp-block-heading\">Restauration<\/h2>\n\n\n\n<p class=\"has-text-align-justify\">Petite restauration sur place.<\/p>\n\n\n\n<h2 class=\"wp-block-heading\">Acc\u00e8s<\/h2>\n\n\n\n<p><strong>Espace Aumaillerie, Parc d&rsquo;activit\u00e9s de l&rsquo;Aumaillerie<br>1 rue Louis Lumi\u00e8re &#8211; La Selle-en-Luitr\u00e9<\/strong><\/p>\n\n\n\n<p>Acc\u00e8s par l&rsquo;Autoroute des Estuaires (Rennes 30 min) et rocade. <br>Parking gratuit sans dur\u00e9e limit\u00e9e. <\/p>\n\n\n\n<p>Acc\u00e8s pi\u00e9ton ou v\u00e9lo par la voie verte depuis Foug\u00e8res ou Vitr\u00e9.<br>Parking v\u00e9lo sur place.<\/p>\n\n\n\n<p>Acc\u00e8s Bus SURF (depuis la place Carnot de Foug\u00e8res) : <br>Vendredi : <a href=\"https:\/\/www.lesurf.fr\/wp-content\/uploads\/2020\/07\/LIGNE-4-DEPHORAIRES-09.2025.pdf\">Ligne 4<\/a>, arr\u00eat Espace Aumaillerie<br>Samedi : <a href=\"https:\/\/www.lesurf.fr\/wp-content\/uploads\/2023\/07\/LIGNE-7-WEB2025-VF.pdf\">Ligne 7<\/a>, arr\u00eat Espace Aumaillerie<\/p>\n\n\n<p><iframe src=\"https:\/\/www.google.com\/maps\/embed?pb=!1m18!1m12!1m3!1d2652.2363629288316!2d-1.1765616843440085!3d48.33676197923985!2m3!1f0!2f0!3f0!3m2!1i1024!2i768!4f13.1!3m3!1m2!1s0x480939c3c5ffbddb%3A0x160fcaad46131a98!2sL'Espace%20Aumaillerie!5e0!3m2!1sfr!2sfr!4v1591282504033!5m2!1sfr!2sfr\" style=\"border:0;\" allowfullscreen=\"\" aria-hidden=\"false\" tabindex=\"0\" width=\"600\" height=\"600\" frameborder=\"0\"><\/iframe><\/p>\n\n\n<p><\/p>\n","protected":false},"excerpt":{"rendered":"<p>Tarifs L&rsquo;entr\u00e9e au Salon est gratuite pour tous.tes. Les spectacles sont gratuits jusqu\u2019\u00e0 18 ans inclus&nbsp;; 5 \u20ac l\u2019entr\u00e9e adulte. Les enfants de moins de 12 ans doivent obligatoirement \u00eatre accompagn\u00e9s par un adulte. Les places pour les spectacles doivent \u00eatre prises au Salon, \u00e0 l\u2019Espace Aumaillerie, le jour-m\u00eame. Horaires [&hellip;]<\/p>\n","protected":false},"author":1,"featured_media":0,"parent":0,"menu_order":0,"comment_status":"closed","ping_status":"closed","template":"","meta":{"footnotes":""},"wf_page_folders":[9],"class_list":["post-168","page","type-page","status-publish","hentry"],"yoast_head":"<!-- This site is optimized with the Yoast SEO plugin v26.1.1 - https:\/\/yoast.com\/wordpress\/plugins\/seo\/ -->\n<title>Infos pratiques - Salon du livre jeunesse de Foug\u00e8res Agglom\u00e9ration<\/title>\n<meta name=\"description\" content=\"Vous souhaitez venir au Salon du livre jeunesse de Foug\u00e8res ? Retrouvez ici toutes les infos pratiques : tarifs, horaires et acc\u00e8s.\" \/>\n<meta name=\"robots\" content=\"index, follow, max-snippet:-1, max-image-preview:large, max-video-preview:-1\" \/>\n<link rel=\"canonical\" href=\"https:\/\/salondulivrejeunesse.fr\/index.php\/infos-pratiques\/\" \/>\n<meta property=\"og:locale\" content=\"fr_FR\" \/>\n<meta property=\"og:type\" content=\"article\" \/>\n<meta property=\"og:title\" content=\"Infos pratiques - Salon du livre jeunesse de Foug\u00e8res Agglom\u00e9ration\" \/>\n<meta property=\"og:description\" content=\"Vous souhaitez venir au Salon du livre jeunesse de Foug\u00e8res ? Retrouvez ici toutes les infos pratiques : tarifs, horaires et acc\u00e8s.\" \/>\n<meta property=\"og:url\" content=\"https:\/\/salondulivrejeunesse.fr\/index.php\/infos-pratiques\/\" \/>\n<meta property=\"og:site_name\" content=\"Salon du livre jeunesse de Foug\u00e8res Agglom\u00e9ration\" \/>\n<meta property=\"article:publisher\" content=\"https:\/\/www.facebook.com\/salondulivrefougeresagglo\/?epa=SEARCH_BOX\" \/>\n<meta property=\"article:modified_time\" content=\"2025-11-12T09:07:03+00:00\" \/>\n<meta name=\"twitter:card\" content=\"summary_large_image\" \/>\n<meta name=\"twitter:label1\" content=\"Dur\u00e9e de lecture estim\u00e9e\" \/>\n\t<meta name=\"twitter:data1\" content=\"1 minute\" \/>\n<script type=\"application\/ld+json\" class=\"yoast-schema-graph\">{\"@context\":\"https:\/\/schema.org\",\"@graph\":[{\"@type\":\"WebPage\",\"@id\":\"https:\/\/salondulivrejeunesse.fr\/index.php\/infos-pratiques\/\",\"url\":\"https:\/\/salondulivrejeunesse.fr\/index.php\/infos-pratiques\/\",\"name\":\"Infos pratiques - Salon du livre jeunesse de Foug\u00e8res Agglom\u00e9ration\",\"isPartOf\":{\"@id\":\"https:\/\/salondulivrejeunesse.fr\/#website\"},\"datePublished\":\"2020-06-04T14:43:57+00:00\",\"dateModified\":\"2025-11-12T09:07:03+00:00\",\"description\":\"Vous souhaitez venir au Salon du livre jeunesse de Foug\u00e8res ? Retrouvez ici toutes les infos pratiques : tarifs, horaires et acc\u00e8s.\",\"breadcrumb\":{\"@id\":\"https:\/\/salondulivrejeunesse.fr\/index.php\/infos-pratiques\/#breadcrumb\"},\"inLanguage\":\"fr-FR\",\"potentialAction\":[{\"@type\":\"ReadAction\",\"target\":[\"https:\/\/salondulivrejeunesse.fr\/index.php\/infos-pratiques\/\"]}]},{\"@type\":\"BreadcrumbList\",\"@id\":\"https:\/\/salondulivrejeunesse.fr\/index.php\/infos-pratiques\/#breadcrumb\",\"itemListElement\":[{\"@type\":\"ListItem\",\"position\":1,\"name\":\"Accueil\",\"item\":\"https:\/\/salondulivrejeunesse.fr\/\"},{\"@type\":\"ListItem\",\"position\":2,\"name\":\"Infos pratiques\"}]},{\"@type\":\"WebSite\",\"@id\":\"https:\/\/salondulivrejeunesse.fr\/#website\",\"url\":\"https:\/\/salondulivrejeunesse.fr\/\",\"name\":\"Salon du livre jeunesse de Foug\u00e8res Agglom\u00e9ration\",\"description\":\"\",\"publisher\":{\"@id\":\"https:\/\/salondulivrejeunesse.fr\/#organization\"},\"potentialAction\":[{\"@type\":\"SearchAction\",\"target\":{\"@type\":\"EntryPoint\",\"urlTemplate\":\"https:\/\/salondulivrejeunesse.fr\/?s={search_term_string}\"},\"query-input\":{\"@type\":\"PropertyValueSpecification\",\"valueRequired\":true,\"valueName\":\"search_term_string\"}}],\"inLanguage\":\"fr-FR\"},{\"@type\":\"Organization\",\"@id\":\"https:\/\/salondulivrejeunesse.fr\/#organization\",\"name\":\"Foug\u00e8res Agglom\u00e9ration\",\"url\":\"https:\/\/salondulivrejeunesse.fr\/\",\"logo\":{\"@type\":\"ImageObject\",\"inLanguage\":\"fr-FR\",\"@id\":\"https:\/\/salondulivrejeunesse.fr\/#\/schema\/logo\/image\/\",\"url\":\"https:\/\/salondulivrejeunesse.fr\/wp-content\/uploads\/2020\/06\/20190101_FA_Logo_1_Coul_Bleu-scaled.jpg\",\"contentUrl\":\"https:\/\/salondulivrejeunesse.fr\/wp-content\/uploads\/2020\/06\/20190101_FA_Logo_1_Coul_Bleu-scaled.jpg\",\"width\":2560,\"height\":937,\"caption\":\"Foug\u00e8res Agglom\u00e9ration\"},\"image\":{\"@id\":\"https:\/\/salondulivrejeunesse.fr\/#\/schema\/logo\/image\/\"},\"sameAs\":[\"https:\/\/www.facebook.com\/salondulivrefougeresagglo\/?epa=SEARCH_BOX\"]}]}<\/script>\n<!-- \/ Yoast SEO plugin. -->","yoast_head_json":{"title":"Infos pratiques - Salon du livre jeunesse de Foug\u00e8res Agglom\u00e9ration","description":"Vous souhaitez venir au Salon du livre jeunesse de Foug\u00e8res ? Retrouvez ici toutes les infos pratiques : tarifs, horaires et acc\u00e8s.","robots":{"index":"index","follow":"follow","max-snippet":"max-snippet:-1","max-image-preview":"max-image-preview:large","max-video-preview":"max-video-preview:-1"},"canonical":"https:\/\/salondulivrejeunesse.fr\/index.php\/infos-pratiques\/","og_locale":"fr_FR","og_type":"article","og_title":"Infos pratiques - Salon du livre jeunesse de Foug\u00e8res Agglom\u00e9ration","og_description":"Vous souhaitez venir au Salon du livre jeunesse de Foug\u00e8res ? Retrouvez ici toutes les infos pratiques : tarifs, horaires et acc\u00e8s.","og_url":"https:\/\/salondulivrejeunesse.fr\/index.php\/infos-pratiques\/","og_site_name":"Salon du livre jeunesse de Foug\u00e8res Agglom\u00e9ration","article_publisher":"https:\/\/www.facebook.com\/salondulivrefougeresagglo\/?epa=SEARCH_BOX","article_modified_time":"2025-11-12T09:07:03+00:00","twitter_card":"summary_large_image","twitter_misc":{"Dur\u00e9e de lecture estim\u00e9e":"1 minute"},"schema":{"@context":"https:\/\/schema.org","@graph":[{"@type":"WebPage","@id":"https:\/\/salondulivrejeunesse.fr\/index.php\/infos-pratiques\/","url":"https:\/\/salondulivrejeunesse.fr\/index.php\/infos-pratiques\/","name":"Infos pratiques - Salon du livre jeunesse de Foug\u00e8res Agglom\u00e9ration","isPartOf":{"@id":"https:\/\/salondulivrejeunesse.fr\/#website"},"datePublished":"2020-06-04T14:43:57+00:00","dateModified":"2025-11-12T09:07:03+00:00","description":"Vous souhaitez venir au Salon du livre jeunesse de Foug\u00e8res ? Retrouvez ici toutes les infos pratiques : tarifs, horaires et acc\u00e8s.","breadcrumb":{"@id":"https:\/\/salondulivrejeunesse.fr\/index.php\/infos-pratiques\/#breadcrumb"},"inLanguage":"fr-FR","potentialAction":[{"@type":"ReadAction","target":["https:\/\/salondulivrejeunesse.fr\/index.php\/infos-pratiques\/"]}]},{"@type":"BreadcrumbList","@id":"https:\/\/salondulivrejeunesse.fr\/index.php\/infos-pratiques\/#breadcrumb","itemListElement":[{"@type":"ListItem","position":1,"name":"Accueil","item":"https:\/\/salondulivrejeunesse.fr\/"},{"@type":"ListItem","position":2,"name":"Infos pratiques"}]},{"@type":"WebSite","@id":"https:\/\/salondulivrejeunesse.fr\/#website","url":"https:\/\/salondulivrejeunesse.fr\/","name":"Salon du livre jeunesse de Foug\u00e8res Agglom\u00e9ration","description":"","publisher":{"@id":"https:\/\/salondulivrejeunesse.fr\/#organization"},"potentialAction":[{"@type":"SearchAction","target":{"@type":"EntryPoint","urlTemplate":"https:\/\/salondulivrejeunesse.fr\/?s={search_term_string}"},"query-input":{"@type":"PropertyValueSpecification","valueRequired":true,"valueName":"search_term_string"}}],"inLanguage":"fr-FR"},{"@type":"Organization","@id":"https:\/\/salondulivrejeunesse.fr\/#organization","name":"Foug\u00e8res Agglom\u00e9ration","url":"https:\/\/salondulivrejeunesse.fr\/","logo":{"@type":"ImageObject","inLanguage":"fr-FR","@id":"https:\/\/salondulivrejeunesse.fr\/#\/schema\/logo\/image\/","url":"https:\/\/salondulivrejeunesse.fr\/wp-content\/uploads\/2020\/06\/20190101_FA_Logo_1_Coul_Bleu-scaled.jpg","contentUrl":"https:\/\/salondulivrejeunesse.fr\/wp-content\/uploads\/2020\/06\/20190101_FA_Logo_1_Coul_Bleu-scaled.jpg","width":2560,"height":937,"caption":"Foug\u00e8res Agglom\u00e9ration"},"image":{"@id":"https:\/\/salondulivrejeunesse.fr\/#\/schema\/logo\/image\/"},"sameAs":["https:\/\/www.facebook.com\/salondulivrefougeresagglo\/?epa=SEARCH_BOX"]}]}},"jetpack_sharing_enabled":true,"_links":{"self":[{"href":"https:\/\/salondulivrejeunesse.fr\/index.php\/wp-json\/wp\/v2\/pages\/168","targetHints":{"allow":["GET"]}}],"collection":[{"href":"https:\/\/salondulivrejeunesse.fr\/index.php\/wp-json\/wp\/v2\/pages"}],"about":[{"href":"https:\/\/salondulivrejeunesse.fr\/index.php\/wp-json\/wp\/v2\/types\/page"}],"author":[{"embeddable":true,"href":"https:\/\/salondulivrejeunesse.fr\/index.php\/wp-json\/wp\/v2\/users\/1"}],"replies":[{"embeddable":true,"href":"https:\/\/salondulivrejeunesse.fr\/index.php\/wp-json\/wp\/v2\/comments?post=168"}],"version-history":[{"count":20,"href":"https:\/\/salondulivrejeunesse.fr\/index.php\/wp-json\/wp\/v2\/pages\/168\/revisions"}],"predecessor-version":[{"id":5918,"href":"https:\/\/salondulivrejeunesse.fr\/index.php\/wp-json\/wp\/v2\/pages\/168\/revisions\/5918"}],"wp:attachment":[{"href":"https:\/\/salondulivrejeunesse.fr\/index.php\/wp-json\/wp\/v2\/media?parent=168"}],"wp:term":[{"taxonomy":"wf_page_folders","embeddable":true,"href":"https:\/\/salondulivrejeunesse.fr\/index.php\/wp-json\/wp\/v2\/wf_page_folders?post=168"}],"curies":[{"name":"wp","href":"https:\/\/api.w.org\/{rel}","templated":true}]}}