{"id":138,"date":"2020-06-04T14:23:33","date_gmt":"2020-06-04T12:23:33","guid":{"rendered":"http:\/\/salondulivrejeunesse.fr\/?page_id=138"},"modified":"2021-11-23T15:31:40","modified_gmt":"2021-11-23T14:31:40","slug":"edition-2018","status":"publish","type":"page","link":"https:\/\/salondulivrejeunesse.fr\/index.php\/edition-2018\/","title":{"rendered":"\u00c9dition 2018"},"content":{"rendered":"\n<h2 class=\"wp-block-heading\">Le programme<\/h2>\n\n\n<div style=\"text-align: center; width:480px; margin: 12px auto;\"><div style=\"margin: 4px 0px;\"><a href=\"http:\/\/calameo.com\/books\/006306995717e16c68e74\">View this publication on Calam&eacute;o<\/a><\/div><iframe src=\"\/\/v.calameo.com\/?bkcode=006306995717e16c68e74&amp;language=fr&amp;page=&amp;showsharemenu=true&amp;clickTo=public&amp;clickTarget=_self&amp;clickToUrl=&amp;autoFlip=0&amp;mode=mini&amp;wmode=transparent\" width=\"480\" height=\"300\" style=\"width:480px;height:300px\" frameborder=\"0\" scrolling=\"no\" allowtransparency allowfullscreen><\/iframe><div style=\"margin: 4px 0px; font-size: 90%;\"><a rel=\"nofollow\" href=\"http:\/\/calameo.com\/upload\">Publish<\/a> at <a href=\"http:\/\/calameo.com\">Calam&eacute;o<\/a> or <a href=\"http:\/\/calameo.com\/browse\/weekly\/?o=7&amp;w=DESC\">browse<\/a> the library.<\/div><\/div>\n\n\n\n<h2 class=\"wp-block-heading\">Galerie photos<\/h2>\n\n\n\n<figure class=\"wp-block-gallery aligncenter columns-3 is-cropped wp-block-gallery-1 is-layout-flex wp-block-gallery-is-layout-flex\"><ul class=\"blocks-gallery-grid\"><li class=\"blocks-gallery-item\"><figure><img fetchpriority=\"high\" decoding=\"async\" width=\"300\" height=\"225\" src=\"https:\/\/salondulivrejeunesse.fr\/wp-content\/uploads\/2020\/06\/46331494_2074855372737032_1525650410210066432_n-300x225.jpg\" alt=\"\" data-id=\"662\" data-link=\"https:\/\/salondulivrejeunesse.fr\/index.php\/edition-2018\/46331494_2074855372737032_1525650410210066432_n\/\" class=\"wp-image-662\" srcset=\"https:\/\/salondulivrejeunesse.fr\/wp-content\/uploads\/2020\/06\/46331494_2074855372737032_1525650410210066432_n-300x225.jpg 300w, https:\/\/salondulivrejeunesse.fr\/wp-content\/uploads\/2020\/06\/46331494_2074855372737032_1525650410210066432_n-768x576.jpg 768w, https:\/\/salondulivrejeunesse.fr\/wp-content\/uploads\/2020\/06\/46331494_2074855372737032_1525650410210066432_n.jpg 960w\" sizes=\"(max-width: 300px) 100vw, 300px\" \/><figcaption class=\"blocks-gallery-item__caption\">Exposition \u00ab\u00a0Dans mon jardin\u00a0\u00bb de Corinne Dreyfus<\/figcaption><\/figure><\/li><li class=\"blocks-gallery-item\"><figure><img decoding=\"async\" width=\"300\" height=\"225\" src=\"https:\/\/salondulivrejeunesse.fr\/wp-content\/uploads\/2020\/06\/46302918_2074220462800523_522433761686585344_n-300x225.jpg\" alt=\"\" data-id=\"663\" data-link=\"https:\/\/salondulivrejeunesse.fr\/index.php\/edition-2018\/46302918_2074220462800523_522433761686585344_n\/\" class=\"wp-image-663\" srcset=\"https:\/\/salondulivrejeunesse.fr\/wp-content\/uploads\/2020\/06\/46302918_2074220462800523_522433761686585344_n-300x225.jpg 300w, https:\/\/salondulivrejeunesse.fr\/wp-content\/uploads\/2020\/06\/46302918_2074220462800523_522433761686585344_n-768x576.jpg 768w, https:\/\/salondulivrejeunesse.fr\/wp-content\/uploads\/2020\/06\/46302918_2074220462800523_522433761686585344_n.jpg 960w\" sizes=\"(max-width: 300px) 100vw, 300px\" \/><figcaption class=\"blocks-gallery-item__caption\">La galerie des enfants<\/figcaption><\/figure><\/li><li class=\"blocks-gallery-item\"><figure><img decoding=\"async\" width=\"225\" height=\"300\" src=\"https:\/\/salondulivrejeunesse.fr\/wp-content\/uploads\/2020\/06\/46333652_2075520706003832_7132523103225118720_n-225x300.jpg\" alt=\"\" data-id=\"664\" data-link=\"https:\/\/salondulivrejeunesse.fr\/index.php\/edition-2018\/46333652_2075520706003832_7132523103225118720_n\/\" class=\"wp-image-664\" srcset=\"https:\/\/salondulivrejeunesse.fr\/wp-content\/uploads\/2020\/06\/46333652_2075520706003832_7132523103225118720_n-225x300.jpg 225w, https:\/\/salondulivrejeunesse.fr\/wp-content\/uploads\/2020\/06\/46333652_2075520706003832_7132523103225118720_n.jpg 720w\" sizes=\"(max-width: 225px) 100vw, 225px\" \/><figcaption class=\"blocks-gallery-item__caption\">Who&rsquo;s who<\/figcaption><\/figure><\/li><li class=\"blocks-gallery-item\"><figure><img loading=\"lazy\" decoding=\"async\" width=\"300\" height=\"225\" src=\"https:\/\/salondulivrejeunesse.fr\/wp-content\/uploads\/2020\/06\/46362757_2075623452660224_3652248100401053696_n-300x225.jpg\" alt=\"\" data-id=\"665\" data-link=\"https:\/\/salondulivrejeunesse.fr\/index.php\/edition-2018\/46362757_2075623452660224_3652248100401053696_n\/\" class=\"wp-image-665\" srcset=\"https:\/\/salondulivrejeunesse.fr\/wp-content\/uploads\/2020\/06\/46362757_2075623452660224_3652248100401053696_n-300x225.jpg 300w, https:\/\/salondulivrejeunesse.fr\/wp-content\/uploads\/2020\/06\/46362757_2075623452660224_3652248100401053696_n-768x576.jpg 768w, https:\/\/salondulivrejeunesse.fr\/wp-content\/uploads\/2020\/06\/46362757_2075623452660224_3652248100401053696_n.jpg 960w\" sizes=\"(max-width: 300px) 100vw, 300px\" \/><figcaption class=\"blocks-gallery-item__caption\">La librairie<\/figcaption><\/figure><\/li><li class=\"blocks-gallery-item\"><figure><img loading=\"lazy\" decoding=\"async\" width=\"300\" height=\"225\" src=\"https:\/\/salondulivrejeunesse.fr\/wp-content\/uploads\/2020\/06\/46498315_2075654899323746_7329583555749609472_n-300x225.jpg\" alt=\"\" data-id=\"668\" data-link=\"https:\/\/salondulivrejeunesse.fr\/index.php\/edition-2018\/46498315_2075654899323746_7329583555749609472_n\/\" class=\"wp-image-668\" srcset=\"https:\/\/salondulivrejeunesse.fr\/wp-content\/uploads\/2020\/06\/46498315_2075654899323746_7329583555749609472_n-300x225.jpg 300w, https:\/\/salondulivrejeunesse.fr\/wp-content\/uploads\/2020\/06\/46498315_2075654899323746_7329583555749609472_n-768x576.jpg 768w, https:\/\/salondulivrejeunesse.fr\/wp-content\/uploads\/2020\/06\/46498315_2075654899323746_7329583555749609472_n.jpg 960w\" sizes=\"(max-width: 300px) 100vw, 300px\" \/><figcaption class=\"blocks-gallery-item__caption\">Herv\u00e9 Le Goff<\/figcaption><\/figure><\/li><li class=\"blocks-gallery-item\"><figure><img loading=\"lazy\" decoding=\"async\" width=\"300\" height=\"225\" src=\"https:\/\/salondulivrejeunesse.fr\/wp-content\/uploads\/2020\/06\/46508430_2075654805990422_4189079103564939264_n-300x225.jpg\" alt=\"\" data-id=\"667\" data-link=\"https:\/\/salondulivrejeunesse.fr\/index.php\/edition-2018\/46508430_2075654805990422_4189079103564939264_n\/\" class=\"wp-image-667\" srcset=\"https:\/\/salondulivrejeunesse.fr\/wp-content\/uploads\/2020\/06\/46508430_2075654805990422_4189079103564939264_n-300x225.jpg 300w, https:\/\/salondulivrejeunesse.fr\/wp-content\/uploads\/2020\/06\/46508430_2075654805990422_4189079103564939264_n-768x576.jpg 768w, https:\/\/salondulivrejeunesse.fr\/wp-content\/uploads\/2020\/06\/46508430_2075654805990422_4189079103564939264_n.jpg 960w\" sizes=\"(max-width: 300px) 100vw, 300px\" \/><figcaption class=\"blocks-gallery-item__caption\">Ateliers Carton plume<\/figcaption><\/figure><\/li><li class=\"blocks-gallery-item\"><figure><img loading=\"lazy\" decoding=\"async\" width=\"225\" height=\"300\" src=\"https:\/\/salondulivrejeunesse.fr\/wp-content\/uploads\/2020\/06\/46440191_2075655105990392_3952391126693969920_n-225x300.jpg\" alt=\"\" data-id=\"669\" data-link=\"https:\/\/salondulivrejeunesse.fr\/index.php\/edition-2018\/46440191_2075655105990392_3952391126693969920_n\/\" class=\"wp-image-669\" srcset=\"https:\/\/salondulivrejeunesse.fr\/wp-content\/uploads\/2020\/06\/46440191_2075655105990392_3952391126693969920_n-225x300.jpg 225w, https:\/\/salondulivrejeunesse.fr\/wp-content\/uploads\/2020\/06\/46440191_2075655105990392_3952391126693969920_n.jpg 720w\" sizes=\"(max-width: 225px) 100vw, 225px\" \/><figcaption class=\"blocks-gallery-item__caption\">Les gourmandises de Princesse Boulette<\/figcaption><\/figure><\/li><li class=\"blocks-gallery-item\"><figure><img loading=\"lazy\" decoding=\"async\" width=\"300\" height=\"225\" src=\"https:\/\/salondulivrejeunesse.fr\/wp-content\/uploads\/2020\/06\/46445166_2075655389323697_6308140668044705792_n-300x225.jpg\" alt=\"\" data-id=\"671\" data-link=\"https:\/\/salondulivrejeunesse.fr\/index.php\/edition-2018\/46445166_2075655389323697_6308140668044705792_n\/\" class=\"wp-image-671\" srcset=\"https:\/\/salondulivrejeunesse.fr\/wp-content\/uploads\/2020\/06\/46445166_2075655389323697_6308140668044705792_n-300x225.jpg 300w, https:\/\/salondulivrejeunesse.fr\/wp-content\/uploads\/2020\/06\/46445166_2075655389323697_6308140668044705792_n-768x576.jpg 768w, https:\/\/salondulivrejeunesse.fr\/wp-content\/uploads\/2020\/06\/46445166_2075655389323697_6308140668044705792_n.jpg 960w\" sizes=\"(max-width: 300px) 100vw, 300px\" \/><figcaption class=\"blocks-gallery-item__caption\">\u00c9lodie Coudray<\/figcaption><\/figure><\/li><li class=\"blocks-gallery-item\"><figure><img loading=\"lazy\" decoding=\"async\" width=\"225\" height=\"300\" src=\"https:\/\/salondulivrejeunesse.fr\/wp-content\/uploads\/2020\/06\/46440234_2075655062657063_8690925748623507456_n-225x300.jpg\" alt=\"\" data-id=\"674\" data-link=\"https:\/\/salondulivrejeunesse.fr\/index.php\/edition-2018\/46440234_2075655062657063_8690925748623507456_n\/\" class=\"wp-image-674\" srcset=\"https:\/\/salondulivrejeunesse.fr\/wp-content\/uploads\/2020\/06\/46440234_2075655062657063_8690925748623507456_n-225x300.jpg 225w, https:\/\/salondulivrejeunesse.fr\/wp-content\/uploads\/2020\/06\/46440234_2075655062657063_8690925748623507456_n.jpg 720w\" sizes=\"(max-width: 225px) 100vw, 225px\" \/><figcaption class=\"blocks-gallery-item__caption\">Atelier Drawing gum avec Violaine Leroy<\/figcaption><\/figure><\/li><li class=\"blocks-gallery-item\"><figure><img loading=\"lazy\" decoding=\"async\" width=\"169\" height=\"300\" src=\"https:\/\/salondulivrejeunesse.fr\/wp-content\/uploads\/2020\/06\/46482036_2076203725935530_8742399501441957888_o-169x300.jpg\" alt=\"\" data-id=\"672\" data-link=\"https:\/\/salondulivrejeunesse.fr\/index.php\/edition-2018\/46482036_2076203725935530_8742399501441957888_o\/\" class=\"wp-image-672\" srcset=\"https:\/\/salondulivrejeunesse.fr\/wp-content\/uploads\/2020\/06\/46482036_2076203725935530_8742399501441957888_o-169x300.jpg 169w, https:\/\/salondulivrejeunesse.fr\/wp-content\/uploads\/2020\/06\/46482036_2076203725935530_8742399501441957888_o.jpg 540w\" sizes=\"(max-width: 169px) 100vw, 169px\" \/><figcaption class=\"blocks-gallery-item__caption\">DJ Benco aux platines pour la boum<\/figcaption><\/figure><\/li><li class=\"blocks-gallery-item\"><figure><img loading=\"lazy\" decoding=\"async\" width=\"300\" height=\"225\" src=\"https:\/\/salondulivrejeunesse.fr\/wp-content\/uploads\/2020\/06\/46452234_2075655185990384_3269706762189537280_n-300x225.jpg\" alt=\"\" data-id=\"675\" data-full-url=\"https:\/\/salondulivrejeunesse.fr\/wp-content\/uploads\/2020\/06\/46452234_2075655185990384_3269706762189537280_n.jpg\" data-link=\"https:\/\/salondulivrejeunesse.fr\/index.php\/edition-2018\/46452234_2075655185990384_3269706762189537280_n\/\" class=\"wp-image-675\" srcset=\"https:\/\/salondulivrejeunesse.fr\/wp-content\/uploads\/2020\/06\/46452234_2075655185990384_3269706762189537280_n-300x225.jpg 300w, https:\/\/salondulivrejeunesse.fr\/wp-content\/uploads\/2020\/06\/46452234_2075655185990384_3269706762189537280_n-768x576.jpg 768w, https:\/\/salondulivrejeunesse.fr\/wp-content\/uploads\/2020\/06\/46452234_2075655185990384_3269706762189537280_n.jpg 960w\" sizes=\"(max-width: 300px) 100vw, 300px\" \/><figcaption class=\"blocks-gallery-item__caption\">Amandine Laprun<\/figcaption><\/figure><\/li><li class=\"blocks-gallery-item\"><figure><img loading=\"lazy\" decoding=\"async\" width=\"225\" height=\"300\" src=\"https:\/\/salondulivrejeunesse.fr\/wp-content\/uploads\/2020\/06\/46508384_2075655039323732_6203048732481552384_n-225x300.jpg\" alt=\"\" data-id=\"676\" data-full-url=\"https:\/\/salondulivrejeunesse.fr\/wp-content\/uploads\/2020\/06\/46508384_2075655039323732_6203048732481552384_n.jpg\" data-link=\"https:\/\/salondulivrejeunesse.fr\/index.php\/edition-2018\/46508384_2075655039323732_6203048732481552384_n\/\" class=\"wp-image-676\" srcset=\"https:\/\/salondulivrejeunesse.fr\/wp-content\/uploads\/2020\/06\/46508384_2075655039323732_6203048732481552384_n-225x300.jpg 225w, https:\/\/salondulivrejeunesse.fr\/wp-content\/uploads\/2020\/06\/46508384_2075655039323732_6203048732481552384_n.jpg 720w\" sizes=\"(max-width: 225px) 100vw, 225px\" \/><figcaption class=\"blocks-gallery-item__caption\">Les dessins de Csil<\/figcaption><\/figure><\/li><\/ul><\/figure>\n","protected":false},"excerpt":{"rendered":"<p>Le programme Galerie photos<\/p>\n","protected":false},"author":1,"featured_media":0,"parent":0,"menu_order":0,"comment_status":"closed","ping_status":"closed","template":"","meta":{"footnotes":""},"wf_page_folders":[8],"class_list":["post-138","page","type-page","status-publish","hentry"],"yoast_head":"<!-- This site is optimized with the Yoast SEO plugin v26.1.1 - https:\/\/yoast.com\/wordpress\/plugins\/seo\/ -->\n<title>\u00c9dition 2018 - Salon du livre jeunesse de Foug\u00e8res Agglom\u00e9ration<\/title>\n<meta name=\"description\" content=\"Le Salon du livre jeunesse de Foug\u00e8res Agglom\u00e9ration invite des auteurs et illustrateurs depuis 36 ans. Retrouvez les archives de l&#039;\u00e9dition 2018.\" \/>\n<meta name=\"robots\" content=\"index, follow, max-snippet:-1, max-image-preview:large, max-video-preview:-1\" \/>\n<link rel=\"canonical\" href=\"https:\/\/salondulivrejeunesse.fr\/index.php\/edition-2018\/\" \/>\n<meta property=\"og:locale\" content=\"fr_FR\" \/>\n<meta property=\"og:type\" content=\"article\" \/>\n<meta property=\"og:title\" content=\"\u00c9dition 2018 - Salon du livre jeunesse de Foug\u00e8res Agglom\u00e9ration\" \/>\n<meta property=\"og:description\" content=\"Le Salon du livre jeunesse de Foug\u00e8res Agglom\u00e9ration invite des auteurs et illustrateurs depuis 36 ans. Retrouvez les archives de l&#039;\u00e9dition 2018.\" \/>\n<meta property=\"og:url\" content=\"https:\/\/salondulivrejeunesse.fr\/index.php\/edition-2018\/\" \/>\n<meta property=\"og:site_name\" content=\"Salon du livre jeunesse de Foug\u00e8res Agglom\u00e9ration\" \/>\n<meta property=\"article:publisher\" content=\"https:\/\/www.facebook.com\/salondulivrefougeresagglo\/?epa=SEARCH_BOX\" \/>\n<meta property=\"article:modified_time\" content=\"2021-11-23T14:31:40+00:00\" \/>\n<meta property=\"og:image\" content=\"http:\/\/salondulivrejeunesse.fr\/wp-content\/uploads\/2020\/06\/46331494_2074855372737032_1525650410210066432_n-300x225.jpg\" \/>\n<meta name=\"twitter:card\" content=\"summary_large_image\" \/>\n<meta name=\"twitter:label1\" content=\"Dur\u00e9e de lecture estim\u00e9e\" \/>\n\t<meta name=\"twitter:data1\" content=\"3 minutes\" \/>\n<script type=\"application\/ld+json\" class=\"yoast-schema-graph\">{\"@context\":\"https:\/\/schema.org\",\"@graph\":[{\"@type\":\"WebPage\",\"@id\":\"https:\/\/salondulivrejeunesse.fr\/index.php\/edition-2018\/\",\"url\":\"https:\/\/salondulivrejeunesse.fr\/index.php\/edition-2018\/\",\"name\":\"\u00c9dition 2018 - Salon du livre jeunesse de Foug\u00e8res Agglom\u00e9ration\",\"isPartOf\":{\"@id\":\"https:\/\/salondulivrejeunesse.fr\/#website\"},\"primaryImageOfPage\":{\"@id\":\"https:\/\/salondulivrejeunesse.fr\/index.php\/edition-2018\/#primaryimage\"},\"image\":{\"@id\":\"https:\/\/salondulivrejeunesse.fr\/index.php\/edition-2018\/#primaryimage\"},\"thumbnailUrl\":\"http:\/\/salondulivrejeunesse.fr\/wp-content\/uploads\/2020\/06\/46331494_2074855372737032_1525650410210066432_n-300x225.jpg\",\"datePublished\":\"2020-06-04T12:23:33+00:00\",\"dateModified\":\"2021-11-23T14:31:40+00:00\",\"description\":\"Le Salon du livre jeunesse de Foug\u00e8res Agglom\u00e9ration invite des auteurs et illustrateurs depuis 36 ans. Retrouvez les archives de l'\u00e9dition 2018.\",\"breadcrumb\":{\"@id\":\"https:\/\/salondulivrejeunesse.fr\/index.php\/edition-2018\/#breadcrumb\"},\"inLanguage\":\"fr-FR\",\"potentialAction\":[{\"@type\":\"ReadAction\",\"target\":[\"https:\/\/salondulivrejeunesse.fr\/index.php\/edition-2018\/\"]}]},{\"@type\":\"ImageObject\",\"inLanguage\":\"fr-FR\",\"@id\":\"https:\/\/salondulivrejeunesse.fr\/index.php\/edition-2018\/#primaryimage\",\"url\":\"https:\/\/salondulivrejeunesse.fr\/wp-content\/uploads\/2020\/06\/46331494_2074855372737032_1525650410210066432_n.jpg\",\"contentUrl\":\"https:\/\/salondulivrejeunesse.fr\/wp-content\/uploads\/2020\/06\/46331494_2074855372737032_1525650410210066432_n.jpg\",\"width\":960,\"height\":720,\"caption\":\"Edition 2018\"},{\"@type\":\"BreadcrumbList\",\"@id\":\"https:\/\/salondulivrejeunesse.fr\/index.php\/edition-2018\/#breadcrumb\",\"itemListElement\":[{\"@type\":\"ListItem\",\"position\":1,\"name\":\"Accueil\",\"item\":\"https:\/\/salondulivrejeunesse.fr\/\"},{\"@type\":\"ListItem\",\"position\":2,\"name\":\"\u00c9dition 2018\"}]},{\"@type\":\"WebSite\",\"@id\":\"https:\/\/salondulivrejeunesse.fr\/#website\",\"url\":\"https:\/\/salondulivrejeunesse.fr\/\",\"name\":\"Salon du livre jeunesse de Foug\u00e8res Agglom\u00e9ration\",\"description\":\"\",\"publisher\":{\"@id\":\"https:\/\/salondulivrejeunesse.fr\/#organization\"},\"potentialAction\":[{\"@type\":\"SearchAction\",\"target\":{\"@type\":\"EntryPoint\",\"urlTemplate\":\"https:\/\/salondulivrejeunesse.fr\/?s={search_term_string}\"},\"query-input\":{\"@type\":\"PropertyValueSpecification\",\"valueRequired\":true,\"valueName\":\"search_term_string\"}}],\"inLanguage\":\"fr-FR\"},{\"@type\":\"Organization\",\"@id\":\"https:\/\/salondulivrejeunesse.fr\/#organization\",\"name\":\"Foug\u00e8res Agglom\u00e9ration\",\"url\":\"https:\/\/salondulivrejeunesse.fr\/\",\"logo\":{\"@type\":\"ImageObject\",\"inLanguage\":\"fr-FR\",\"@id\":\"https:\/\/salondulivrejeunesse.fr\/#\/schema\/logo\/image\/\",\"url\":\"https:\/\/salondulivrejeunesse.fr\/wp-content\/uploads\/2020\/06\/20190101_FA_Logo_1_Coul_Bleu-scaled.jpg\",\"contentUrl\":\"https:\/\/salondulivrejeunesse.fr\/wp-content\/uploads\/2020\/06\/20190101_FA_Logo_1_Coul_Bleu-scaled.jpg\",\"width\":2560,\"height\":937,\"caption\":\"Foug\u00e8res Agglom\u00e9ration\"},\"image\":{\"@id\":\"https:\/\/salondulivrejeunesse.fr\/#\/schema\/logo\/image\/\"},\"sameAs\":[\"https:\/\/www.facebook.com\/salondulivrefougeresagglo\/?epa=SEARCH_BOX\"]}]}<\/script>\n<!-- \/ Yoast SEO plugin. -->","yoast_head_json":{"title":"\u00c9dition 2018 - Salon du livre jeunesse de Foug\u00e8res Agglom\u00e9ration","description":"Le Salon du livre jeunesse de Foug\u00e8res Agglom\u00e9ration invite des auteurs et illustrateurs depuis 36 ans. Retrouvez les archives de l'\u00e9dition 2018.","robots":{"index":"index","follow":"follow","max-snippet":"max-snippet:-1","max-image-preview":"max-image-preview:large","max-video-preview":"max-video-preview:-1"},"canonical":"https:\/\/salondulivrejeunesse.fr\/index.php\/edition-2018\/","og_locale":"fr_FR","og_type":"article","og_title":"\u00c9dition 2018 - Salon du livre jeunesse de Foug\u00e8res Agglom\u00e9ration","og_description":"Le Salon du livre jeunesse de Foug\u00e8res Agglom\u00e9ration invite des auteurs et illustrateurs depuis 36 ans. Retrouvez les archives de l'\u00e9dition 2018.","og_url":"https:\/\/salondulivrejeunesse.fr\/index.php\/edition-2018\/","og_site_name":"Salon du livre jeunesse de Foug\u00e8res Agglom\u00e9ration","article_publisher":"https:\/\/www.facebook.com\/salondulivrefougeresagglo\/?epa=SEARCH_BOX","article_modified_time":"2021-11-23T14:31:40+00:00","og_image":[{"url":"http:\/\/salondulivrejeunesse.fr\/wp-content\/uploads\/2020\/06\/46331494_2074855372737032_1525650410210066432_n-300x225.jpg","type":"","width":"","height":""}],"twitter_card":"summary_large_image","twitter_misc":{"Dur\u00e9e de lecture estim\u00e9e":"3 minutes"},"schema":{"@context":"https:\/\/schema.org","@graph":[{"@type":"WebPage","@id":"https:\/\/salondulivrejeunesse.fr\/index.php\/edition-2018\/","url":"https:\/\/salondulivrejeunesse.fr\/index.php\/edition-2018\/","name":"\u00c9dition 2018 - Salon du livre jeunesse de Foug\u00e8res Agglom\u00e9ration","isPartOf":{"@id":"https:\/\/salondulivrejeunesse.fr\/#website"},"primaryImageOfPage":{"@id":"https:\/\/salondulivrejeunesse.fr\/index.php\/edition-2018\/#primaryimage"},"image":{"@id":"https:\/\/salondulivrejeunesse.fr\/index.php\/edition-2018\/#primaryimage"},"thumbnailUrl":"http:\/\/salondulivrejeunesse.fr\/wp-content\/uploads\/2020\/06\/46331494_2074855372737032_1525650410210066432_n-300x225.jpg","datePublished":"2020-06-04T12:23:33+00:00","dateModified":"2021-11-23T14:31:40+00:00","description":"Le Salon du livre jeunesse de Foug\u00e8res Agglom\u00e9ration invite des auteurs et illustrateurs depuis 36 ans. Retrouvez les archives de l'\u00e9dition 2018.","breadcrumb":{"@id":"https:\/\/salondulivrejeunesse.fr\/index.php\/edition-2018\/#breadcrumb"},"inLanguage":"fr-FR","potentialAction":[{"@type":"ReadAction","target":["https:\/\/salondulivrejeunesse.fr\/index.php\/edition-2018\/"]}]},{"@type":"ImageObject","inLanguage":"fr-FR","@id":"https:\/\/salondulivrejeunesse.fr\/index.php\/edition-2018\/#primaryimage","url":"https:\/\/salondulivrejeunesse.fr\/wp-content\/uploads\/2020\/06\/46331494_2074855372737032_1525650410210066432_n.jpg","contentUrl":"https:\/\/salondulivrejeunesse.fr\/wp-content\/uploads\/2020\/06\/46331494_2074855372737032_1525650410210066432_n.jpg","width":960,"height":720,"caption":"Edition 2018"},{"@type":"BreadcrumbList","@id":"https:\/\/salondulivrejeunesse.fr\/index.php\/edition-2018\/#breadcrumb","itemListElement":[{"@type":"ListItem","position":1,"name":"Accueil","item":"https:\/\/salondulivrejeunesse.fr\/"},{"@type":"ListItem","position":2,"name":"\u00c9dition 2018"}]},{"@type":"WebSite","@id":"https:\/\/salondulivrejeunesse.fr\/#website","url":"https:\/\/salondulivrejeunesse.fr\/","name":"Salon du livre jeunesse de Foug\u00e8res Agglom\u00e9ration","description":"","publisher":{"@id":"https:\/\/salondulivrejeunesse.fr\/#organization"},"potentialAction":[{"@type":"SearchAction","target":{"@type":"EntryPoint","urlTemplate":"https:\/\/salondulivrejeunesse.fr\/?s={search_term_string}"},"query-input":{"@type":"PropertyValueSpecification","valueRequired":true,"valueName":"search_term_string"}}],"inLanguage":"fr-FR"},{"@type":"Organization","@id":"https:\/\/salondulivrejeunesse.fr\/#organization","name":"Foug\u00e8res Agglom\u00e9ration","url":"https:\/\/salondulivrejeunesse.fr\/","logo":{"@type":"ImageObject","inLanguage":"fr-FR","@id":"https:\/\/salondulivrejeunesse.fr\/#\/schema\/logo\/image\/","url":"https:\/\/salondulivrejeunesse.fr\/wp-content\/uploads\/2020\/06\/20190101_FA_Logo_1_Coul_Bleu-scaled.jpg","contentUrl":"https:\/\/salondulivrejeunesse.fr\/wp-content\/uploads\/2020\/06\/20190101_FA_Logo_1_Coul_Bleu-scaled.jpg","width":2560,"height":937,"caption":"Foug\u00e8res Agglom\u00e9ration"},"image":{"@id":"https:\/\/salondulivrejeunesse.fr\/#\/schema\/logo\/image\/"},"sameAs":["https:\/\/www.facebook.com\/salondulivrefougeresagglo\/?epa=SEARCH_BOX"]}]}},"jetpack_sharing_enabled":true,"_links":{"self":[{"href":"https:\/\/salondulivrejeunesse.fr\/index.php\/wp-json\/wp\/v2\/pages\/138","targetHints":{"allow":["GET"]}}],"collection":[{"href":"https:\/\/salondulivrejeunesse.fr\/index.php\/wp-json\/wp\/v2\/pages"}],"about":[{"href":"https:\/\/salondulivrejeunesse.fr\/index.php\/wp-json\/wp\/v2\/types\/page"}],"author":[{"embeddable":true,"href":"https:\/\/salondulivrejeunesse.fr\/index.php\/wp-json\/wp\/v2\/users\/1"}],"replies":[{"embeddable":true,"href":"https:\/\/salondulivrejeunesse.fr\/index.php\/wp-json\/wp\/v2\/comments?post=138"}],"version-history":[{"count":5,"href":"https:\/\/salondulivrejeunesse.fr\/index.php\/wp-json\/wp\/v2\/pages\/138\/revisions"}],"predecessor-version":[{"id":2343,"href":"https:\/\/salondulivrejeunesse.fr\/index.php\/wp-json\/wp\/v2\/pages\/138\/revisions\/2343"}],"wp:attachment":[{"href":"https:\/\/salondulivrejeunesse.fr\/index.php\/wp-json\/wp\/v2\/media?parent=138"}],"wp:term":[{"taxonomy":"wf_page_folders","embeddable":true,"href":"https:\/\/salondulivrejeunesse.fr\/index.php\/wp-json\/wp\/v2\/wf_page_folders?post=138"}],"curies":[{"name":"wp","href":"https:\/\/api.w.org\/{rel}","templated":true}]}}