{"id":1081,"date":"2020-09-19T13:36:10","date_gmt":"2020-09-19T11:36:10","guid":{"rendered":"http:\/\/salondulivrejeunesse.fr\/?page_id=1081"},"modified":"2021-11-23T15:31:03","modified_gmt":"2021-11-23T14:31:03","slug":"edition-2020","status":"publish","type":"page","link":"https:\/\/salondulivrejeunesse.fr\/index.php\/edition-2020\/","title":{"rendered":"\u00c9dition 2020"},"content":{"rendered":"\n<p class=\"has-text-align-justify\">En raison de la situation sanitaire et suivant les recommandations du gouvernement, le Salon du livre jeunesse de Foug\u00e8res Agglom\u00e9ration n&rsquo;a pas pu avoir lieu en 2020. Le programme et l&rsquo;affiche ont tout de m\u00eame pu \u00eatre diffus\u00e9s, vous pouvez les d\u00e9couvrir ci-dessous.<\/p>\n\n\n\n<h2 class=\"wp-block-heading\">Le programme<\/h2>\n\n\n<div style=\"text-align: center; width:480px; margin: 12px auto;\"><div style=\"margin: 4px 0px;\"><a href=\"http:\/\/calameo.com\/books\/002669835e109221dee26\">View this publication on Calam&eacute;o<\/a><\/div><iframe src=\"\/\/v.calameo.com\/?bkcode=002669835e109221dee26&amp;language=fr&amp;page=&amp;showsharemenu=true&amp;clickTo=public&amp;clickTarget=_self&amp;clickToUrl=&amp;autoFlip=0&amp;mode=mini&amp;wmode=transparent\" width=\"480\" height=\"300\" style=\"width:480px;height:300px\" frameborder=\"0\" scrolling=\"no\" allowtransparency allowfullscreen><\/iframe><div style=\"margin: 4px 0px; font-size: 90%;\"><a rel=\"nofollow\" href=\"http:\/\/calameo.com\/upload\">Publish<\/a> at <a href=\"http:\/\/calameo.com\">Calam&eacute;o<\/a> or <a href=\"http:\/\/calameo.com\/browse\/weekly\/?o=7&amp;w=DESC\">browse<\/a> the library.<\/div><\/div>\n\n\n\n<h2 class=\"wp-block-heading\">La presse en a parl\u00e9<\/h2>\n\n\n\n<ul class=\"wp-block-list\"><li>\u00ab En novembre, le Salon du livre jeunesse de Foug\u00e8res maintenu en mod\u00e8le r\u00e9duit \u00bb,<em> La Chronique R\u00e9publicaine<\/em>, 14 septembre 2020.<\/li><\/ul>\n\n\n\n<p><a href=\"https:\/\/actu.fr\/bretagne\/fougeres_35115\/en-novembre-le-salon-du-livre-jeunesse-de-fougeres-maintenu-en-modele-reduit_36091544.html\">https:\/\/actu.fr\/bretagne\/fougeres_35115\/en-novembre-le-salon-du-livre-jeunesse-de-fougeres-maintenu-en-modele-reduit_36091544.html<\/a><\/p>\n\n\n\n<ul class=\"wp-block-list\"><li>\u00ab Le Salon du livre jeunesse de Foug\u00e8res aura bien lieu en novembre, dans un format r\u00e9duit&nbsp;\u00bb, <em>Ouest-France<\/em>, 14 septembre 2020.<\/li><\/ul>\n\n\n\n<p><a href=\"https:\/\/www.ouest-france.fr\/bretagne\/fougeres-35300\/le-salon-du-livre-jeunesse-de-fougeres-aura-bien-lieu-en-novembre-dans-un-format-reduit-6972878\">https:\/\/www.ouest-france.fr\/bretagne\/fougeres-35300\/le-salon-du-livre-jeunesse-de-fougeres-aura-bien-lieu-en-novembre-dans-un-format-reduit-6972878<\/a><\/p>\n","protected":false},"excerpt":{"rendered":"<p>En raison de la situation sanitaire et suivant les recommandations du gouvernement, le Salon du livre jeunesse de Foug\u00e8res Agglom\u00e9ration n&rsquo;a pas pu avoir lieu en 2020. Le programme et l&rsquo;affiche ont tout de m\u00eame pu \u00eatre diffus\u00e9s, vous pouvez les d\u00e9couvrir ci-dessous. Le programme La presse en a parl\u00e9 [&hellip;]<\/p>\n","protected":false},"author":1,"featured_media":0,"parent":0,"menu_order":0,"comment_status":"closed","ping_status":"closed","template":"","meta":{"footnotes":""},"wf_page_folders":[8],"class_list":["post-1081","page","type-page","status-publish","hentry"],"yoast_head":"<!-- This site is optimized with the Yoast SEO plugin v26.1.1 - https:\/\/yoast.com\/wordpress\/plugins\/seo\/ -->\n<title>\u00c9dition 2020 - Salon du livre jeunesse de Foug\u00e8res Agglom\u00e9ration<\/title>\n<meta name=\"description\" content=\"Le Salon du livre jeunesse de Foug\u00e8res Agglom\u00e9ration invite des auteurs et illustrateurs depuis 36 ans. Retrouvez les archives de l&#039;\u00e9dition 2020.\" \/>\n<meta name=\"robots\" content=\"index, follow, max-snippet:-1, max-image-preview:large, max-video-preview:-1\" \/>\n<link rel=\"canonical\" href=\"https:\/\/salondulivrejeunesse.fr\/index.php\/edition-2020\/\" \/>\n<meta property=\"og:locale\" content=\"fr_FR\" \/>\n<meta property=\"og:type\" content=\"article\" \/>\n<meta property=\"og:title\" content=\"\u00c9dition 2020 - Salon du livre jeunesse de Foug\u00e8res Agglom\u00e9ration\" \/>\n<meta property=\"og:description\" content=\"Le Salon du livre jeunesse de Foug\u00e8res Agglom\u00e9ration invite des auteurs et illustrateurs depuis 36 ans. Retrouvez les archives de l&#039;\u00e9dition 2020.\" \/>\n<meta property=\"og:url\" content=\"https:\/\/salondulivrejeunesse.fr\/index.php\/edition-2020\/\" \/>\n<meta property=\"og:site_name\" content=\"Salon du livre jeunesse de Foug\u00e8res Agglom\u00e9ration\" \/>\n<meta property=\"article:publisher\" content=\"https:\/\/www.facebook.com\/salondulivrefougeresagglo\/?epa=SEARCH_BOX\" \/>\n<meta property=\"article:modified_time\" content=\"2021-11-23T14:31:03+00:00\" \/>\n<meta name=\"twitter:card\" content=\"summary_large_image\" \/>\n<meta name=\"twitter:label1\" content=\"Dur\u00e9e de lecture estim\u00e9e\" \/>\n\t<meta name=\"twitter:data1\" content=\"1 minute\" \/>\n<script type=\"application\/ld+json\" class=\"yoast-schema-graph\">{\"@context\":\"https:\/\/schema.org\",\"@graph\":[{\"@type\":\"WebPage\",\"@id\":\"https:\/\/salondulivrejeunesse.fr\/index.php\/edition-2020\/\",\"url\":\"https:\/\/salondulivrejeunesse.fr\/index.php\/edition-2020\/\",\"name\":\"\u00c9dition 2020 - Salon du livre jeunesse de Foug\u00e8res Agglom\u00e9ration\",\"isPartOf\":{\"@id\":\"https:\/\/salondulivrejeunesse.fr\/#website\"},\"datePublished\":\"2020-09-19T11:36:10+00:00\",\"dateModified\":\"2021-11-23T14:31:03+00:00\",\"description\":\"Le Salon du livre jeunesse de Foug\u00e8res Agglom\u00e9ration invite des auteurs et illustrateurs depuis 36 ans. Retrouvez les archives de l'\u00e9dition 2020.\",\"breadcrumb\":{\"@id\":\"https:\/\/salondulivrejeunesse.fr\/index.php\/edition-2020\/#breadcrumb\"},\"inLanguage\":\"fr-FR\",\"potentialAction\":[{\"@type\":\"ReadAction\",\"target\":[\"https:\/\/salondulivrejeunesse.fr\/index.php\/edition-2020\/\"]}]},{\"@type\":\"BreadcrumbList\",\"@id\":\"https:\/\/salondulivrejeunesse.fr\/index.php\/edition-2020\/#breadcrumb\",\"itemListElement\":[{\"@type\":\"ListItem\",\"position\":1,\"name\":\"Accueil\",\"item\":\"https:\/\/salondulivrejeunesse.fr\/\"},{\"@type\":\"ListItem\",\"position\":2,\"name\":\"\u00c9dition 2020\"}]},{\"@type\":\"WebSite\",\"@id\":\"https:\/\/salondulivrejeunesse.fr\/#website\",\"url\":\"https:\/\/salondulivrejeunesse.fr\/\",\"name\":\"Salon du livre jeunesse de Foug\u00e8res Agglom\u00e9ration\",\"description\":\"\",\"publisher\":{\"@id\":\"https:\/\/salondulivrejeunesse.fr\/#organization\"},\"potentialAction\":[{\"@type\":\"SearchAction\",\"target\":{\"@type\":\"EntryPoint\",\"urlTemplate\":\"https:\/\/salondulivrejeunesse.fr\/?s={search_term_string}\"},\"query-input\":{\"@type\":\"PropertyValueSpecification\",\"valueRequired\":true,\"valueName\":\"search_term_string\"}}],\"inLanguage\":\"fr-FR\"},{\"@type\":\"Organization\",\"@id\":\"https:\/\/salondulivrejeunesse.fr\/#organization\",\"name\":\"Foug\u00e8res Agglom\u00e9ration\",\"url\":\"https:\/\/salondulivrejeunesse.fr\/\",\"logo\":{\"@type\":\"ImageObject\",\"inLanguage\":\"fr-FR\",\"@id\":\"https:\/\/salondulivrejeunesse.fr\/#\/schema\/logo\/image\/\",\"url\":\"https:\/\/salondulivrejeunesse.fr\/wp-content\/uploads\/2020\/06\/20190101_FA_Logo_1_Coul_Bleu-scaled.jpg\",\"contentUrl\":\"https:\/\/salondulivrejeunesse.fr\/wp-content\/uploads\/2020\/06\/20190101_FA_Logo_1_Coul_Bleu-scaled.jpg\",\"width\":2560,\"height\":937,\"caption\":\"Foug\u00e8res Agglom\u00e9ration\"},\"image\":{\"@id\":\"https:\/\/salondulivrejeunesse.fr\/#\/schema\/logo\/image\/\"},\"sameAs\":[\"https:\/\/www.facebook.com\/salondulivrefougeresagglo\/?epa=SEARCH_BOX\"]}]}<\/script>\n<!-- \/ Yoast SEO plugin. -->","yoast_head_json":{"title":"\u00c9dition 2020 - Salon du livre jeunesse de Foug\u00e8res Agglom\u00e9ration","description":"Le Salon du livre jeunesse de Foug\u00e8res Agglom\u00e9ration invite des auteurs et illustrateurs depuis 36 ans. Retrouvez les archives de l'\u00e9dition 2020.","robots":{"index":"index","follow":"follow","max-snippet":"max-snippet:-1","max-image-preview":"max-image-preview:large","max-video-preview":"max-video-preview:-1"},"canonical":"https:\/\/salondulivrejeunesse.fr\/index.php\/edition-2020\/","og_locale":"fr_FR","og_type":"article","og_title":"\u00c9dition 2020 - Salon du livre jeunesse de Foug\u00e8res Agglom\u00e9ration","og_description":"Le Salon du livre jeunesse de Foug\u00e8res Agglom\u00e9ration invite des auteurs et illustrateurs depuis 36 ans. Retrouvez les archives de l'\u00e9dition 2020.","og_url":"https:\/\/salondulivrejeunesse.fr\/index.php\/edition-2020\/","og_site_name":"Salon du livre jeunesse de Foug\u00e8res Agglom\u00e9ration","article_publisher":"https:\/\/www.facebook.com\/salondulivrefougeresagglo\/?epa=SEARCH_BOX","article_modified_time":"2021-11-23T14:31:03+00:00","twitter_card":"summary_large_image","twitter_misc":{"Dur\u00e9e de lecture estim\u00e9e":"1 minute"},"schema":{"@context":"https:\/\/schema.org","@graph":[{"@type":"WebPage","@id":"https:\/\/salondulivrejeunesse.fr\/index.php\/edition-2020\/","url":"https:\/\/salondulivrejeunesse.fr\/index.php\/edition-2020\/","name":"\u00c9dition 2020 - Salon du livre jeunesse de Foug\u00e8res Agglom\u00e9ration","isPartOf":{"@id":"https:\/\/salondulivrejeunesse.fr\/#website"},"datePublished":"2020-09-19T11:36:10+00:00","dateModified":"2021-11-23T14:31:03+00:00","description":"Le Salon du livre jeunesse de Foug\u00e8res Agglom\u00e9ration invite des auteurs et illustrateurs depuis 36 ans. Retrouvez les archives de l'\u00e9dition 2020.","breadcrumb":{"@id":"https:\/\/salondulivrejeunesse.fr\/index.php\/edition-2020\/#breadcrumb"},"inLanguage":"fr-FR","potentialAction":[{"@type":"ReadAction","target":["https:\/\/salondulivrejeunesse.fr\/index.php\/edition-2020\/"]}]},{"@type":"BreadcrumbList","@id":"https:\/\/salondulivrejeunesse.fr\/index.php\/edition-2020\/#breadcrumb","itemListElement":[{"@type":"ListItem","position":1,"name":"Accueil","item":"https:\/\/salondulivrejeunesse.fr\/"},{"@type":"ListItem","position":2,"name":"\u00c9dition 2020"}]},{"@type":"WebSite","@id":"https:\/\/salondulivrejeunesse.fr\/#website","url":"https:\/\/salondulivrejeunesse.fr\/","name":"Salon du livre jeunesse de Foug\u00e8res Agglom\u00e9ration","description":"","publisher":{"@id":"https:\/\/salondulivrejeunesse.fr\/#organization"},"potentialAction":[{"@type":"SearchAction","target":{"@type":"EntryPoint","urlTemplate":"https:\/\/salondulivrejeunesse.fr\/?s={search_term_string}"},"query-input":{"@type":"PropertyValueSpecification","valueRequired":true,"valueName":"search_term_string"}}],"inLanguage":"fr-FR"},{"@type":"Organization","@id":"https:\/\/salondulivrejeunesse.fr\/#organization","name":"Foug\u00e8res Agglom\u00e9ration","url":"https:\/\/salondulivrejeunesse.fr\/","logo":{"@type":"ImageObject","inLanguage":"fr-FR","@id":"https:\/\/salondulivrejeunesse.fr\/#\/schema\/logo\/image\/","url":"https:\/\/salondulivrejeunesse.fr\/wp-content\/uploads\/2020\/06\/20190101_FA_Logo_1_Coul_Bleu-scaled.jpg","contentUrl":"https:\/\/salondulivrejeunesse.fr\/wp-content\/uploads\/2020\/06\/20190101_FA_Logo_1_Coul_Bleu-scaled.jpg","width":2560,"height":937,"caption":"Foug\u00e8res Agglom\u00e9ration"},"image":{"@id":"https:\/\/salondulivrejeunesse.fr\/#\/schema\/logo\/image\/"},"sameAs":["https:\/\/www.facebook.com\/salondulivrefougeresagglo\/?epa=SEARCH_BOX"]}]}},"jetpack_sharing_enabled":true,"_links":{"self":[{"href":"https:\/\/salondulivrejeunesse.fr\/index.php\/wp-json\/wp\/v2\/pages\/1081","targetHints":{"allow":["GET"]}}],"collection":[{"href":"https:\/\/salondulivrejeunesse.fr\/index.php\/wp-json\/wp\/v2\/pages"}],"about":[{"href":"https:\/\/salondulivrejeunesse.fr\/index.php\/wp-json\/wp\/v2\/types\/page"}],"author":[{"embeddable":true,"href":"https:\/\/salondulivrejeunesse.fr\/index.php\/wp-json\/wp\/v2\/users\/1"}],"replies":[{"embeddable":true,"href":"https:\/\/salondulivrejeunesse.fr\/index.php\/wp-json\/wp\/v2\/comments?post=1081"}],"version-history":[{"count":4,"href":"https:\/\/salondulivrejeunesse.fr\/index.php\/wp-json\/wp\/v2\/pages\/1081\/revisions"}],"predecessor-version":[{"id":1331,"href":"https:\/\/salondulivrejeunesse.fr\/index.php\/wp-json\/wp\/v2\/pages\/1081\/revisions\/1331"}],"wp:attachment":[{"href":"https:\/\/salondulivrejeunesse.fr\/index.php\/wp-json\/wp\/v2\/media?parent=1081"}],"wp:term":[{"taxonomy":"wf_page_folders","embeddable":true,"href":"https:\/\/salondulivrejeunesse.fr\/index.php\/wp-json\/wp\/v2\/wf_page_folders?post=1081"}],"curies":[{"name":"wp","href":"https:\/\/api.w.org\/{rel}","templated":true}]}}